{"id":3329,"date":"2025-04-03T15:57:48","date_gmt":"2025-04-03T15:57:48","guid":{"rendered":"https:\/\/babypillowwholesale.com\/?post_type=product&#038;p=3329"},"modified":"2025-06-08T14:55:14","modified_gmt":"2025-06-08T14:55:14","slug":"cute-pig-infant-pillow","status":"publish","type":"product","link":"https:\/\/babypillowwholesale.com\/sk\/product\/cute-pig-infant-pillow\/","title":{"rendered":"Roztomil\u00fd detsk\u00fd vank\u00fa\u0161 s prasiatkom"},"content":{"rendered":"<div class=\"auto-hide-last-sibling-br paragraph-qzbcQC paragraph-element br-paragraph-space\" data-immersive-translate-walked=\"8e61f2e7-6af2-46e5-9672-3b9e4f4033d9\" data-immersive-translate-paragraph=\"1\">\n<div class=\"auto-hide-last-sibling-br paragraph-qzbcQC paragraph-element br-paragraph-space\">\n<div class=\"auto-hide-last-sibling-br paragraph-qzbcQC paragraph-element br-paragraph-space\">\n<div class=\"auto-hide-last-sibling-br paragraph-qzbcQC paragraph-element br-paragraph-space\">\n<div class=\"auto-hide-last-sibling-br paragraph-qzbcQC paragraph-element br-paragraph-space\">\n<div class=\"auto-hide-last-sibling-br paragraph-qzbcQC paragraph-element br-paragraph-space\">\n<div class=\"auto-hide-last-sibling-br paragraph-qzbcQC paragraph-element br-paragraph-space\">\n<div class=\"auto-hide-last-sibling-br paragraph-qzbcQC paragraph-element br-paragraph-space\">\n<div class=\"auto-hide-last-sibling-br paragraph-qzbcQC paragraph-element br-paragraph-space\">\n<div class=\"auto-hide-last-sibling-br paragraph-qzbcQC paragraph-element br-paragraph-space\">Predstavujeme detsk\u00fd vank\u00fa\u0161 Cute Pig, p\u00f4vabn\u00fd a nevyhnutn\u00fd spolo\u010dn\u00edk na spanie pre deti vo veku 1 - 3 roky. Jeho dizajn je rozko\u0161nou \u00f3dou na mil\u00e9 prasiatko s pokojn\u00fdm v\u00fdrazom zatvoren\u00fdch o\u010d\u00ed, dokonale okr\u00fahlym nosom a jemne m\u00e4kk\u00fdmi u\u0161ami, ktor\u00e9 spolu vytv\u00e1raj\u00fa neodolate\u013ene rozko\u0161n\u00fa viz\u00e1\u017e.<\/div>\n<p>&nbsp;<\/p>\n<div class=\"auto-hide-last-sibling-br paragraph-qzbcQC paragraph-element br-paragraph-space\">Meranie 40*<em>24*<\/em>Tento vank\u00fa\u0161 s ve\u013ekos\u0165ou 3 cm je optim\u00e1lne prisp\u00f4soben\u00fd na podporu hlavy a krku v\u00e1\u0161ho die\u0165atka. Jemne podporuje zdrav\u00e9 dr\u017eanie tela po\u010das sp\u00e1nku a zabezpe\u010duje, aby bol ka\u017ed\u00fd sp\u00e1nok rovnako pokojn\u00fd ako sladk\u00fd. Je vyroben\u00fd z luxusne m\u00e4kk\u00fdch materi\u00e1lov a pon\u00faka pohladenie, ktor\u00e9 sa podob\u00e1 dotyku, a tak va\u0161e die\u0165a zahal\u00ed do pohodlia. Je k dispoz\u00edcii v jemn\u00fdch odtie\u0148och ru\u017eovej a modrej farby a bez n\u00e1mahy dopln\u00ed ak\u00fdko\u013evek interi\u00e9r detskej izby, pri\u010dom sa \u013eahko prisp\u00f4sob\u00ed individu\u00e1lnemu vkusu.<\/div>\n<p>&nbsp;<\/p>\n<div class=\"auto-hide-last-sibling-br paragraph-qzbcQC paragraph-element br-paragraph-space\">Predstavte si pokojn\u00e9 ve\u010dery, ke\u010f va\u0161e die\u0165a, ulo\u017een\u00e9 vo svojej postie\u013eke, obj\u00edma detsk\u00fd vank\u00fa\u0161 Cute Pig. Stane sa zdrojom \u00fatechy, tich\u00fdm priate\u013eom, ktor\u00fd ich upokojuje v pokojn\u00fdch snoch. Po\u010das d\u0148a m\u00f4\u017ee sl\u00fa\u017ei\u0165 ako hrav\u00e1 opora pri ich n\u00e1padit\u00fdch hr\u00e1ch, m\u00e4kk\u00e9 miesto na improvizovan\u00e9 zdriemnutie na podlahe v ob\u00fdva\u010dke alebo upokojuj\u00faci kamar\u00e1t na maznanie vo chv\u00ed\u013each \u00fanavy.<\/div>\n<p>&nbsp;<\/p>\n<div class=\"auto-hide-last-sibling-br paragraph-qzbcQC paragraph-element br-paragraph-space\">Rodi\u010dia si tento n\u00e1dhern\u00fd vank\u00fa\u0161 pochva\u013euj\u00fa. \"Moje bato\u013ea \u00faplne zbo\u017e\u0148uje vank\u00fa\u0161 Cute Pig! Stal sa ich ob\u013e\u00faben\u00fdm vank\u00fa\u0161om na spanie. Je \u00fa\u017easne m\u00e4kk\u00fd a v\u010faka roztomil\u00e9mu dizajnu je ob\u013e\u00fabenou s\u00fa\u010das\u0165ou ich izby,\" podelila sa s nami jedna z nad\u0161en\u00fdch mami\u010diek. Otec sa pridal: \"P\u00e1\u010di sa n\u00e1m, ako dod\u00e1va n\u00e1\u0161mu die\u0165a\u0165u n\u00e1dych rozmarnosti do priestoru na spanie. Je aj odoln\u00e1, vydr\u017e\u00ed v\u0161etky objatia a stl\u00e1\u010dania. Ur\u010dite skvel\u00fd n\u00e1lez!\"<\/div>\n<p>&nbsp;<\/p>\n<div class=\"auto-hide-last-sibling-br paragraph-qzbcQC paragraph-element br-paragraph-space\">Detsk\u00fd vank\u00fa\u0161 Cute Pig je v podstate viac ne\u017e len vank\u00fa\u0161; je to zv\u00e4zok pohodlia, roztomilosti a spomienok na detstvo, ktor\u00fd umoc\u0148uje ka\u017ed\u00fd vz\u00e1cny okamih 1 - 3 - ro\u010dn\u00e9ho obdobia v\u00e1\u0161ho die\u0165a\u0165a.<\/div>\n<\/div>\n<\/div>\n<\/div>\n<\/div>\n<\/div>\n<\/div>\n<\/div>\n<\/div>\n<\/div>","protected":false},"excerpt":{"rendered":"<div class=\"container-QE4ayg\">\n<div class=\"item-jU10IN\">\n<div class=\"container-jODEnh chrome70-container\">\n<div class=\"inner-eE95c9 inner-item-aL3Ui_\" data-target-id=\"message-box-target-id\" data-testid=\"union_message\">\n<div class=\"message-block-container-liuetz\" data-testid=\"message-block-container\">\n<div class=\"message-box-ZWbBdF\" data-testid=\"receive_message\">\n<div class=\"message-box-content-wrapper-srHdUj\">\n<div class=\"message-content message-box-content-otxGGw receive-message-box-content-_lREFj samantha-message-box-content-Qjmpja\" data-testid=\"message_content\">\n<div class=\"container-hfX5E8 flow-markdown-body theme-samantha-yJEgBp\" dir=\"ltr\" data-testid=\"message_text_content\" data-show-indicator=\"false\">\n<div class=\"auto-hide-last-sibling-br paragraph-qzbcQC paragraph-element br-paragraph-space\">Detsk\u00fd vank\u00fa\u0161 Cute Pig je roztomil\u00fd doplnok na spanie ur\u010den\u00fd pre deti vo veku 1 - 3 roky. Jeho dizajn je in\u0161pirovan\u00fd roztomil\u00fdm prasiatkom s o\u010daruj\u00facimi prvkami, ako s\u00fa zatvoren\u00e9 o\u010di, okr\u00fahly nos a m\u00e4kk\u00e9 u\u0161i, ktor\u00e9 vytv\u00e1raj\u00fa neodolate\u013ene rozko\u0161n\u00fd vzh\u013ead. Rozmery 40*<em>24*<\/em>3 cm, poskytuje spr\u00e1vnu oporu pre hlavu a krk die\u0165a\u0165a, \u010d\u00edm podporuje pohodln\u00e9 a zdrav\u00e9 dr\u017eanie tela po\u010das sp\u00e1nku. Je vyroben\u00e1 z m\u00e4kk\u00fdch materi\u00e1lov a poskytuje jemn\u00fd a pr\u00edjemn\u00fd dotyk. K dispoz\u00edcii je v ru\u017eovej a modrej farbe, tak\u017ee sa hod\u00ed k r\u00f4znym dekor\u00e1ci\u00e1m detsk\u00fdch izieb a osobn\u00fdm preferenci\u00e1m. Tento vank\u00fa\u0161 nielen\u017ee pom\u00e1ha zabezpe\u010di\u0165 dobr\u00fd sp\u00e1nok, ale tie\u017e dod\u00e1va die\u0165a\u0165u pred span\u00edm n\u00e1dych roztomilosti a tepla.<\/div>\n<\/div>\n<\/div>\n<\/div>\n<\/div>\n<\/div>\n<\/div>\n<\/div>\n<\/div>\n<\/div>","protected":false},"featured_media":3331,"comment_status":"open","ping_status":"closed","template":"","meta":{"_uag_custom_page_level_css":"","site-sidebar-layout":"default","site-content-layout":"","ast-site-content-layout":"default","site-content-style":"default","site-sidebar-style":"default","ast-global-header-display":"","ast-banner-title-visibility":"","ast-main-header-display":"","ast-hfb-above-header-display":"","ast-hfb-below-header-display":"","ast-hfb-mobile-header-display":"","site-post-title":"","ast-breadcrumbs-content":"","ast-featured-img":"","footer-sml-layout":"","ast-disable-related-posts":"","theme-transparent-header-meta":"default","adv-header-id-meta":"","stick-header-meta":"","header-above-stick-meta":"","header-main-stick-meta":"","header-below-stick-meta":"","astra-migrate-meta-layouts":"set","ast-page-background-enabled":"default","ast-page-background-meta":{"desktop":{"background-color":"","background-image":"","background-repeat":"repeat","background-position":"center center","background-size":"auto","background-attachment":"scroll","background-type":"","background-media":"","overlay-type":"","overlay-color":"","overlay-opacity":"","overlay-gradient":""},"tablet":{"background-color":"","background-image":"","background-repeat":"repeat","background-position":"center center","background-size":"auto","background-attachment":"scroll","background-type":"","background-media":"","overlay-type":"","overlay-color":"","overlay-opacity":"","overlay-gradient":""},"mobile":{"background-color":"","background-image":"","background-repeat":"repeat","background-position":"center center","background-size":"auto","background-attachment":"scroll","background-type":"","background-media":"","overlay-type":"","overlay-color":"","overlay-opacity":"","overlay-gradient":""}},"ast-content-background-meta":{"desktop":{"background-color":"var(--ast-global-color-5)","background-image":"","background-repeat":"repeat","background-position":"center center","background-size":"auto","background-attachment":"scroll","background-type":"","background-media":"","overlay-type":"","overlay-color":"","overlay-opacity":"","overlay-gradient":""},"tablet":{"background-color":"var(--ast-global-color-5)","background-image":"","background-repeat":"repeat","background-position":"center center","background-size":"auto","background-attachment":"scroll","background-type":"","background-media":"","overlay-type":"","overlay-color":"","overlay-opacity":"","overlay-gradient":""},"mobile":{"background-color":"var(--ast-global-color-5)","background-image":"","background-repeat":"repeat","background-position":"center center","background-size":"auto","background-attachment":"scroll","background-type":"","background-media":"","overlay-type":"","overlay-color":"","overlay-opacity":"","overlay-gradient":""}}},"product_brand":[],"product_cat":[56,42],"product_tag":[70,68,71,69],"class_list":{"0":"post-3329","1":"product","2":"type-product","3":"status-publish","4":"has-post-thumbnail","6":"product_cat-1-to-3-years","7":"product_cat-merchandise","8":"product_tag-babypillow","9":"product_tag-cuteanimalpillow","10":"product_tag-headshapesupport","11":"product_tag-kouniushapingpillow","12":"desktop-align-left","13":"tablet-align-left","14":"mobile-align-left","16":"first","17":"instock","18":"shipping-taxable","19":"product-type-simple"},"aioseo_notices":[],"uagb_featured_image_src":{"full":["https:\/\/babypillowwholesale.com\/wp-content\/uploads\/2025\/04\/1096-1.jpg",1000,1000,false],"thumbnail":["https:\/\/babypillowwholesale.com\/wp-content\/uploads\/2025\/04\/1096-1-150x150.jpg",150,150,true],"medium":["https:\/\/babypillowwholesale.com\/wp-content\/uploads\/2025\/04\/1096-1-300x300.jpg",300,300,true],"medium_large":["https:\/\/babypillowwholesale.com\/wp-content\/uploads\/2025\/04\/1096-1-768x768.jpg",768,768,true],"large":["https:\/\/babypillowwholesale.com\/wp-content\/uploads\/2025\/04\/1096-1.jpg",1000,1000,false],"1536x1536":["https:\/\/babypillowwholesale.com\/wp-content\/uploads\/2025\/04\/1096-1.jpg",1000,1000,false],"2048x2048":["https:\/\/babypillowwholesale.com\/wp-content\/uploads\/2025\/04\/1096-1.jpg",1000,1000,false],"trp-custom-language-flag":["https:\/\/babypillowwholesale.com\/wp-content\/uploads\/2025\/04\/1096-1.jpg",12,12,false],"woocommerce_thumbnail":["https:\/\/babypillowwholesale.com\/wp-content\/uploads\/2025\/04\/1096-1-300x300.jpg",300,300,true],"woocommerce_single":["https:\/\/babypillowwholesale.com\/wp-content\/uploads\/2025\/04\/1096-1-600x600.jpg",600,600,true],"woocommerce_gallery_thumbnail":["https:\/\/babypillowwholesale.com\/wp-content\/uploads\/2025\/04\/1096-1-100x100.jpg",100,100,true]},"uagb_author_info":{"display_name":"Etnen zhong","author_link":"https:\/\/babypillowwholesale.com\/sk\/author\/"},"uagb_comment_info":0,"uagb_excerpt":"The Cute Pig Infant Pillow is an endearing sleep accessory designed for children aged 1 - 3 years. Its design is inspired by a cute pig, with charming features like closed - eye expressions, a round nose, and soft ears, creating an irresistibly adorable look. Measuring 40*24*3CM, it offers proper support for a child's head&hellip;","jetpack_sharing_enabled":true,"_links":{"self":[{"href":"https:\/\/babypillowwholesale.com\/sk\/wp-json\/wp\/v2\/product\/3329","targetHints":{"allow":["GET"]}}],"collection":[{"href":"https:\/\/babypillowwholesale.com\/sk\/wp-json\/wp\/v2\/product"}],"about":[{"href":"https:\/\/babypillowwholesale.com\/sk\/wp-json\/wp\/v2\/types\/product"}],"replies":[{"embeddable":true,"href":"https:\/\/babypillowwholesale.com\/sk\/wp-json\/wp\/v2\/comments?post=3329"}],"wp:featuredmedia":[{"embeddable":true,"href":"https:\/\/babypillowwholesale.com\/sk\/wp-json\/wp\/v2\/media\/3331"}],"wp:attachment":[{"href":"https:\/\/babypillowwholesale.com\/sk\/wp-json\/wp\/v2\/media?parent=3329"}],"wp:term":[{"taxonomy":"product_brand","embeddable":true,"href":"https:\/\/babypillowwholesale.com\/sk\/wp-json\/wp\/v2\/product_brand?post=3329"},{"taxonomy":"product_cat","embeddable":true,"href":"https:\/\/babypillowwholesale.com\/sk\/wp-json\/wp\/v2\/product_cat?post=3329"},{"taxonomy":"product_tag","embeddable":true,"href":"https:\/\/babypillowwholesale.com\/sk\/wp-json\/wp\/v2\/product_tag?post=3329"}],"curies":[{"name":"wp","href":"https:\/\/api.w.org\/{rel}","templated":true}]}}