{"id":3323,"date":"2025-04-02T16:47:01","date_gmt":"2025-04-02T16:47:01","guid":{"rendered":"https:\/\/babypillowwholesale.com\/?post_type=product&#038;p=3323"},"modified":"2025-06-08T15:14:33","modified_gmt":"2025-06-08T15:14:33","slug":"hydrophilic-sponge-soothing-cloud-shaped-pillow","status":"publish","type":"product","link":"https:\/\/babypillowwholesale.com\/sk\/product\/hydrophilic-sponge-soothing-cloud-shaped-pillow\/","title":{"rendered":"Hydrofiln\u00e1 \u0161pongia Upokojuj\u00faci vank\u00fa\u0161 v tvare oblaku"},"content":{"rendered":"<div class=\"auto-hide-last-sibling-br paragraph-qzbcQC paragraph-element br-paragraph-space\" data-immersive-translate-walked=\"8e61f2e7-6af2-46e5-9672-3b9e4f4033d9\" data-immersive-translate-paragraph=\"1\">\n<div class=\"auto-hide-last-sibling-br paragraph-qzbcQC paragraph-element br-paragraph-space\">\n<div class=\"auto-hide-last-sibling-br paragraph-qzbcQC paragraph-element br-paragraph-space\">\n<div class=\"auto-hide-last-sibling-br paragraph-qzbcQC paragraph-element br-paragraph-space\">\n<div class=\"auto-hide-last-sibling-br paragraph-qzbcQC paragraph-element br-paragraph-space\">\n<div class=\"auto-hide-last-sibling-br paragraph-qzbcQC paragraph-element br-paragraph-space\">\n<div class=\"auto-hide-last-sibling-br paragraph-qzbcQC paragraph-element br-paragraph-space\">\n<div class=\"auto-hide-last-sibling-br paragraph-qzbcQC paragraph-element br-paragraph-space\">Predstavujeme hydrofiln\u00fa hubku Upokojuj\u00faci vank\u00fa\u0161 v tvare obl\u00e1\u010dika, ktor\u00fd je ne\u017enou n\u00e1ru\u010dou pre deti v prvom roku \u017eivota. Vyroben\u00fd tak, aby napodob\u0148oval m\u00e4kk\u00fd, upokojuj\u00faci tvar obl\u00e1\u010dika, okam\u017eite zabal\u00ed va\u0161e die\u0165atko do pocitu bezpe\u010dia a tepla. Vank\u00fa\u0161 je vyroben\u00fd z prvotriednej hydrofilnej \u0161pongie, ktor\u00e1 pon\u00faka zamatovo hladk\u00fd dotyk, ktor\u00fd je n\u00e1dherne jemn\u00fd k jemnej detskej poko\u017eke.<\/div>\n<p>&nbsp;<\/p>\n<div class=\"auto-hide-last-sibling-br paragraph-qzbcQC paragraph-element br-paragraph-space\">Tento vank\u00fa\u0161 zdob\u00ed mno\u017estvo rozko\u0161n\u00fdch potla\u010d\u00ed zvieratiek, ktor\u00e9 s\u00fa n\u00e1hodne rozmiestnen\u00e9 po jeho povrchu, a predstavuje vizu\u00e1lne pote\u0161enie, ktor\u00e9 vzbud\u00ed zvedavos\u0165 a rados\u0165 vo svete v\u00e1\u0161ho die\u0165a\u0165a. Rozmery 45<em>28<\/em>1,5 cm, poskytuje ve\u013ekorys\u00fd priestor a pohodlne dr\u017e\u00ed hlavu a telo v\u00e1\u0161ho die\u0165a\u0165a po\u010das sp\u00e1nku aj po\u010das hry.<\/div>\n<p>&nbsp;<\/p>\n<div class=\"auto-hide-last-sibling-br paragraph-qzbcQC paragraph-element br-paragraph-space\">Predstavte si pokojn\u00e9 chv\u00edle sp\u00e1nku, ke\u010f sa va\u0161e die\u0165a uveleb\u00ed do vank\u00fa\u0161a a odch\u00e1dza do r\u00ed\u0161e snov, akoby ho obj\u00edmal jemn\u00fd obl\u00e1\u010dik. Alebo si predstavte hrav\u00e9 chv\u00edle, ke\u010f sa va\u0161e die\u0165a na\u0165ahuje, fascinovan\u00e9 roztomil\u00fdmi potla\u010dami zvieratiek. Je to tie\u017e dokonal\u00fd cuml\u00edk po\u010das nerv\u00f3znych obdob\u00ed, ktor\u00fd pon\u00faka zn\u00e1my a upokojuj\u00faci dotyk.<\/div>\n<p>&nbsp;<\/p>\n<div class=\"auto-hide-last-sibling-br paragraph-qzbcQC paragraph-element br-paragraph-space\">Rodi\u010dia ho ve\u013emi chv\u00e1lia. \"Tento vank\u00fa\u0161 v tvare mraku je z\u00e1chranca! Moje die\u0165a sa po polo\u017een\u00ed na\u0148 takmer okam\u017eite upokoj\u00ed. M\u00e4kkos\u0165 hydrofilnej \u0161pongie a roztomil\u00e9 potla\u010de s\u00fa jednoducho \u00fa\u017easn\u00e9,\" povedala jedna z mami\u010diek s \u00fa\u013eavou. Jeden otecko dodal: \"Stal sa z\u00e1kladn\u00fdm prvkom v ka\u017edodennom \u017eivote n\u00e1\u0161ho die\u0165a\u0165a. \u010ci u\u017e ide o r\u00fdchle zdriemnutie, alebo len o chv\u00ed\u013eku ticha, tento vank\u00fa\u0161ik je v\u017edy poruke a poskytuje pohodlie a trochu z\u00e1bavy.\"<\/div>\n<p>&nbsp;<\/p>\n<div class=\"auto-hide-last-sibling-br paragraph-qzbcQC paragraph-element br-paragraph-space\">Hydrofiln\u00fd hubov\u00fd vank\u00fa\u0161 v tvare oblaku je v podstate viac ako len poste\u013en\u00e1 bielize\u0148. Je to zmes funk\u010dnosti, pohodlia a roztomilosti, nevyhnutn\u00fd spolo\u010dn\u00edk, ktor\u00fd spr\u00edjemn\u00ed ka\u017ed\u00fd vz\u00e1cny okamih prv\u00fdch dn\u00ed v\u00e1\u0161ho b\u00e1b\u00e4tka.<\/div>\n<\/div>\n<\/div>\n<\/div>\n<\/div>\n<\/div>\n<\/div>\n<\/div>","protected":false},"excerpt":{"rendered":"<p>Hydrofiln\u00e1 \u0161pongia Upokojuj\u00faci vank\u00fa\u0161 v tvare obl\u00e1\u010dika je skvel\u00fdm spolo\u010dn\u00edkom pre deti vo veku 0 - 1 rok. Jeho dizajn m\u00e1 podobu m\u00e4kk\u00e9ho obl\u00e1\u010dika, ktor\u00fd vytv\u00e1ra pocit bezpe\u010dia a pohodlia. Je vyroben\u00fd z hydrofilnej \u0161pongie a pon\u00faka jemn\u00fd a pr\u00edjemn\u00fd dotyk, ide\u00e1lny pre citliv\u00fa detsk\u00fa poko\u017eku. Vank\u00fa\u0161 zdobia roztomil\u00e9 potla\u010de zvieratiek, ktor\u00e9 s\u00fa n\u00e1hodne rozmiestnen\u00e9 a dod\u00e1vaj\u00fa mu hrav\u00fd a o\u010daruj\u00faci prvok. \u0160pecifik\u00e1cia 45*<em>28*<\/em>1,5 cm, poskytuje dostatok priestoru pre hlavu a telo die\u0165a\u0165a. Tento vank\u00fa\u0161 je skvel\u00fd nielen na spanie, ale sl\u00fa\u017ei aj ako upokojuj\u00faci predmet po\u010das hry alebo ke\u010f die\u0165a potrebuje upokojenie. Sp\u00e1ja v sebe funk\u010dnos\u0165, m\u00e4kkos\u0165 a roztomil\u00fd estetick\u00fd vzh\u013ead, v\u010faka \u010domu je nevyhnutn\u00fdm prvkom pre prv\u00e9 dni \u017eivota die\u0165a\u0165a.<\/p>","protected":false},"featured_media":3324,"comment_status":"open","ping_status":"closed","template":"","meta":{"_uag_custom_page_level_css":"","site-sidebar-layout":"default","site-content-layout":"","ast-site-content-layout":"default","site-content-style":"default","site-sidebar-style":"default","ast-global-header-display":"","ast-banner-title-visibility":"","ast-main-header-display":"","ast-hfb-above-header-display":"","ast-hfb-below-header-display":"","ast-hfb-mobile-header-display":"","site-post-title":"","ast-breadcrumbs-content":"","ast-featured-img":"","footer-sml-layout":"","ast-disable-related-posts":"","theme-transparent-header-meta":"default","adv-header-id-meta":"","stick-header-meta":"","header-above-stick-meta":"","header-main-stick-meta":"","header-below-stick-meta":"","astra-migrate-meta-layouts":"set","ast-page-background-enabled":"default","ast-page-background-meta":{"desktop":{"background-color":"","background-image":"","background-repeat":"repeat","background-position":"center center","background-size":"auto","background-attachment":"scroll","background-type":"","background-media":"","overlay-type":"","overlay-color":"","overlay-opacity":"","overlay-gradient":""},"tablet":{"background-color":"","background-image":"","background-repeat":"repeat","background-position":"center center","background-size":"auto","background-attachment":"scroll","background-type":"","background-media":"","overlay-type":"","overlay-color":"","overlay-opacity":"","overlay-gradient":""},"mobile":{"background-color":"","background-image":"","background-repeat":"repeat","background-position":"center center","background-size":"auto","background-attachment":"scroll","background-type":"","background-media":"","overlay-type":"","overlay-color":"","overlay-opacity":"","overlay-gradient":""}},"ast-content-background-meta":{"desktop":{"background-color":"var(--ast-global-color-5)","background-image":"","background-repeat":"repeat","background-position":"center center","background-size":"auto","background-attachment":"scroll","background-type":"","background-media":"","overlay-type":"","overlay-color":"","overlay-opacity":"","overlay-gradient":""},"tablet":{"background-color":"var(--ast-global-color-5)","background-image":"","background-repeat":"repeat","background-position":"center center","background-size":"auto","background-attachment":"scroll","background-type":"","background-media":"","overlay-type":"","overlay-color":"","overlay-opacity":"","overlay-gradient":""},"mobile":{"background-color":"var(--ast-global-color-5)","background-image":"","background-repeat":"repeat","background-position":"center center","background-size":"auto","background-attachment":"scroll","background-type":"","background-media":"","overlay-type":"","overlay-color":"","overlay-opacity":"","overlay-gradient":""}}},"product_brand":[],"product_cat":[55,42],"product_tag":[70,68,71,69],"class_list":{"0":"post-3323","1":"product","2":"type-product","3":"status-publish","4":"has-post-thumbnail","6":"product_cat-0-to-1-year","7":"product_cat-merchandise","8":"product_tag-babypillow","9":"product_tag-cuteanimalpillow","10":"product_tag-headshapesupport","11":"product_tag-kouniushapingpillow","12":"desktop-align-left","13":"tablet-align-left","14":"mobile-align-left","16":"first","17":"instock","18":"shipping-taxable","19":"product-type-simple"},"aioseo_notices":[],"uagb_featured_image_src":{"full":["https:\/\/babypillowwholesale.com\/wp-content\/uploads\/2025\/04\/1026.jpg",1000,1000,false],"thumbnail":["https:\/\/babypillowwholesale.com\/wp-content\/uploads\/2025\/04\/1026-150x150.jpg",150,150,true],"medium":["https:\/\/babypillowwholesale.com\/wp-content\/uploads\/2025\/04\/1026-300x300.jpg",300,300,true],"medium_large":["https:\/\/babypillowwholesale.com\/wp-content\/uploads\/2025\/04\/1026-768x768.jpg",768,768,true],"large":["https:\/\/babypillowwholesale.com\/wp-content\/uploads\/2025\/04\/1026.jpg",1000,1000,false],"1536x1536":["https:\/\/babypillowwholesale.com\/wp-content\/uploads\/2025\/04\/1026.jpg",1000,1000,false],"2048x2048":["https:\/\/babypillowwholesale.com\/wp-content\/uploads\/2025\/04\/1026.jpg",1000,1000,false],"trp-custom-language-flag":["https:\/\/babypillowwholesale.com\/wp-content\/uploads\/2025\/04\/1026.jpg",12,12,false],"woocommerce_thumbnail":["https:\/\/babypillowwholesale.com\/wp-content\/uploads\/2025\/04\/1026-300x300.jpg",300,300,true],"woocommerce_single":["https:\/\/babypillowwholesale.com\/wp-content\/uploads\/2025\/04\/1026-600x600.jpg",600,600,true],"woocommerce_gallery_thumbnail":["https:\/\/babypillowwholesale.com\/wp-content\/uploads\/2025\/04\/1026-100x100.jpg",100,100,true]},"uagb_author_info":{"display_name":"Etnen zhong","author_link":"https:\/\/babypillowwholesale.com\/sk\/author\/"},"uagb_comment_info":0,"uagb_excerpt":"The Hydrophilic Sponge Soothing Cloud - Shaped Pillow is a wonderful companion for babies aged 0 - 1 year. Its design takes the form of a soft cloud, creating a sense of security and comfort. Made from hydrophilic sponge, it offers a gentle and pleasant touch, perfect for a baby's sensitive skin. The pillow is&hellip;","jetpack_sharing_enabled":true,"_links":{"self":[{"href":"https:\/\/babypillowwholesale.com\/sk\/wp-json\/wp\/v2\/product\/3323","targetHints":{"allow":["GET"]}}],"collection":[{"href":"https:\/\/babypillowwholesale.com\/sk\/wp-json\/wp\/v2\/product"}],"about":[{"href":"https:\/\/babypillowwholesale.com\/sk\/wp-json\/wp\/v2\/types\/product"}],"replies":[{"embeddable":true,"href":"https:\/\/babypillowwholesale.com\/sk\/wp-json\/wp\/v2\/comments?post=3323"}],"wp:featuredmedia":[{"embeddable":true,"href":"https:\/\/babypillowwholesale.com\/sk\/wp-json\/wp\/v2\/media\/3324"}],"wp:attachment":[{"href":"https:\/\/babypillowwholesale.com\/sk\/wp-json\/wp\/v2\/media?parent=3323"}],"wp:term":[{"taxonomy":"product_brand","embeddable":true,"href":"https:\/\/babypillowwholesale.com\/sk\/wp-json\/wp\/v2\/product_brand?post=3323"},{"taxonomy":"product_cat","embeddable":true,"href":"https:\/\/babypillowwholesale.com\/sk\/wp-json\/wp\/v2\/product_cat?post=3323"},{"taxonomy":"product_tag","embeddable":true,"href":"https:\/\/babypillowwholesale.com\/sk\/wp-json\/wp\/v2\/product_tag?post=3323"}],"curies":[{"name":"wp","href":"https:\/\/api.w.org\/{rel}","templated":true}]}}