{"id":3320,"date":"2025-04-02T16:39:31","date_gmt":"2025-04-02T16:39:31","guid":{"rendered":"https:\/\/babypillowwholesale.com\/?post_type=product&#038;p=3320"},"modified":"2025-06-07T07:26:29","modified_gmt":"2025-06-07T07:26:29","slug":"hydrophilic-sponge-contour-pillow","status":"publish","type":"product","link":"https:\/\/babypillowwholesale.com\/sk\/product\/hydrophilic-sponge-contour-pillow\/","title":{"rendered":"Hydrofiln\u00fd hubov\u00fd vank\u00fa\u0161"},"content":{"rendered":"<div class=\"auto-hide-last-sibling-br paragraph-qzbcQC paragraph-element br-paragraph-space\" data-immersive-translate-walked=\"8e61f2e7-6af2-46e5-9672-3b9e4f4033d9\" data-immersive-translate-paragraph=\"1\">\n<div class=\"auto-hide-last-sibling-br paragraph-qzbcQC paragraph-element br-paragraph-space\">\n<div class=\"auto-hide-last-sibling-br paragraph-qzbcQC paragraph-element br-paragraph-space\">\n<div class=\"auto-hide-last-sibling-br paragraph-qzbcQC paragraph-element br-paragraph-space\">\n<div class=\"auto-hide-last-sibling-br paragraph-qzbcQC paragraph-element br-paragraph-space\">\n<div class=\"auto-hide-last-sibling-br paragraph-qzbcQC paragraph-element br-paragraph-space\">\n<div class=\"auto-hide-last-sibling-br paragraph-qzbcQC paragraph-element br-paragraph-space\">Objavte hydrofiln\u00fd hubov\u00fd vank\u00fa\u0161, skuto\u010dn\u00fd skvost prisp\u00f4soben\u00fd pre doj\u010dat\u00e1 vo veku 0 - 12 mesiacov. Jeho o\u010daruj\u00faci dizajn in\u0161pirovan\u00fd rozko\u0161n\u00fdmi stvoreniami, ako je rozko\u0161n\u00fd tu\u010dniak, m\u00e1 mil\u00fd v\u00fdraz tv\u00e1re, jemn\u00fa ma\u0161\u013eu a pestrofarebn\u00e9 no\u017ei\u010dky, ktor\u00e9 zaujm\u00fa na prv\u00fd poh\u013ead. Je vyroben\u00e1 z prvotriednej hydrofilnej \u0161pongie a pon\u00faka zamatovo hebk\u00fd dotyk, ktor\u00fd je jemn\u00fd k jemnej poko\u017eke v\u00e1\u0161ho die\u0165a\u0165a.<\/div>\n<p>&nbsp;<\/p>\n<div class=\"auto-hide-last-sibling-br paragraph-qzbcQC paragraph-element br-paragraph-space\">Obrysov\u00fd dizajn vank\u00fa\u0161a je z\u00e1zrakom ergonomick\u00e9ho in\u017einierstva. Elegantne sa prisp\u00f4sob\u00ed jedine\u010dn\u00e9mu tvaru hlavy v\u00e1\u0161ho die\u0165a\u0165a a poskytuje jemn\u00fa, ale \u00fa\u010dinn\u00fa podporu, ktor\u00e1 je nevyhnutn\u00e1 na udr\u017eanie zdrav\u00e9ho tvaru hlavy po\u010das ran\u00e9ho v\u00fdvoja die\u0165a\u0165a. Rozmery: 29<em>21<\/em>1,5 cm, je to univerz\u00e1lny doplnok k potreb\u00e1m v\u00e1\u0161ho die\u0165a\u0165a. Tento vank\u00fa\u0161 je v\u017edy na dosah, \u010di u\u017e je umiestnen\u00fd v postie\u013eke a vytv\u00e1ra \u00fatuln\u00e9 \u00fato\u010disko pre pokojn\u00fd sp\u00e1nok, sprev\u00e1dza va\u0161e die\u0165atko v ko\u010d\u00edku po\u010das bezstarostn\u00e9ho dobrodru\u017estva v parku alebo je umiestnen\u00fd na hracej podlo\u017eke pre z\u00e1bavu pln\u00fa \u010dasu str\u00e1ven\u00e9ho na bru\u0161ku.<\/div>\n<p>&nbsp;<\/p>\n<div class=\"auto-hide-last-sibling-br paragraph-qzbcQC paragraph-element br-paragraph-space\">Rodi\u010dia na \u0148u chv\u00e1lia. \"Tento vank\u00fa\u0161 men\u00ed pravidl\u00e1 hry! Moje die\u0165a na \u0148om sp\u00ed tak spokojne a m\u00e4kkos\u0165 hydrofilnej huby je \u00fa\u017easn\u00e1. Navy\u0161e, dizajn tu\u010dniaka je u n\u00e1s doma hitom,\" rozpl\u00fdvala sa jedna nad\u0161en\u00e1 mami\u010dka. Otec sa pridal: \"Milujeme, ako obrysov\u00fd dizajn podporuje hlavi\u010dku n\u00e1\u0161ho die\u0165a\u0165a. A v\u010faka to\u013ek\u00fdm roztomil\u00fdm farebn\u00fdm variantom ju m\u00f4\u017eeme meni\u0165, aby sa hodila k r\u00f4znym oble\u010deniam alebo n\u00e1lad\u00e1m. Stala sa nepostr\u00e1date\u013enou s\u00fa\u010das\u0165ou rutiny n\u00e1\u0161ho die\u0165a\u0165a.\"<\/div>\n<p>&nbsp;<\/p>\n<div class=\"auto-hide-last-sibling-br paragraph-qzbcQC paragraph-element br-paragraph-space\">Hydrofiln\u00fd hubov\u00fd vank\u00fa\u0161 s rozko\u0161nou \u0161k\u00e1lou farebn\u00fdch mo\u017enost\u00ed vr\u00e1tane modr\u00e9ho slona, bieleho m\u00fdvala, svetlo\u017elt\u00e9ho tu\u010dniaka a modr\u00e9ho tu\u010dniaka v sebe dokonale sp\u00e1ja pohodlie, funk\u010dnos\u0165 a neodolate\u013en\u00fd p\u00f4vab. Nie je to len vank\u00fa\u0161, je to milovan\u00fd spolo\u010dn\u00edk, ktor\u00fd va\u0161e die\u0165atko zahal\u00ed do starostlivosti a roztomilosti po\u010das ka\u017ed\u00e9ho vz\u00e1cneho okamihu jeho prv\u00fdch dn\u00ed.<\/div>\n<\/div>\n<\/div>\n<\/div>\n<\/div>\n<\/div>\n<\/div>","protected":false},"excerpt":{"rendered":"<p>Hydrofiln\u00fd hubov\u00fd vank\u00fa\u0161 je pozoruhodn\u00fd v\u00fdrobok ur\u010den\u00fd pre doj\u010dat\u00e1 vo veku 0 - 12 mesiacov. Jeho dizajn je in\u0161pirovan\u00fd roztomil\u00fdmi zvierac\u00edmi mot\u00edvmi, ako je tu\u010dniak na obr\u00e1zku, so sladkou tv\u00e1ri\u010dkou, p\u00f4vabnou ma\u0161\u013eou a \u017eiv\u00fdmi - farebn\u00fdmi no\u017ei\u010dkami, v\u010faka \u010domu je vizu\u00e1lne pr\u00ed\u0165a\u017eliv\u00fd. Vyroben\u00e1 z hydrofilnej \u0161pongie pon\u00faka m\u00e4kkos\u0165 a pr\u00edjemn\u00fd dotyk. Obrysov\u00fd dizajn vank\u00fa\u0161a sa ergonomicky prisp\u00f4sobuje hlave die\u0165a\u0165a a poskytuje optim\u00e1lnu oporu, ktor\u00e1 pom\u00e1ha udr\u017eiava\u0165 zdrav\u00fd tvar hlavy. \u0160pecifik\u00e1cia 29*<em>21*<\/em>1,5 cm, dobre sa hod\u00ed do postie\u013eok, ko\u010d\u00edkov at\u010f. R\u00f4zne farebn\u00e9 varianty vr\u00e1tane modr\u00e9ho slona, bieleho m\u00fdvala, svetlo\u017elt\u00e9ho tu\u010dniaka a modr\u00e9ho tu\u010dniaka umo\u017e\u0148uj\u00fa rodi\u010dom vybra\u0165 si pod\u013ea svojich preferenci\u00ed. Tento vank\u00fa\u0161 kombinuje pohodlie, funk\u010dnos\u0165 a rozko\u0161n\u00fa estetiku, \u010d\u00edm sa st\u00e1va skvel\u00fdm spolo\u010dn\u00edkom pre ran\u00fd rast b\u00e1b\u00e4tiek.<\/p>","protected":false},"featured_media":3321,"comment_status":"open","ping_status":"closed","template":"","meta":{"_uag_custom_page_level_css":"","site-sidebar-layout":"default","site-content-layout":"","ast-site-content-layout":"default","site-content-style":"default","site-sidebar-style":"default","ast-global-header-display":"","ast-banner-title-visibility":"","ast-main-header-display":"","ast-hfb-above-header-display":"","ast-hfb-below-header-display":"","ast-hfb-mobile-header-display":"","site-post-title":"","ast-breadcrumbs-content":"","ast-featured-img":"","footer-sml-layout":"","ast-disable-related-posts":"","theme-transparent-header-meta":"default","adv-header-id-meta":"","stick-header-meta":"","header-above-stick-meta":"","header-main-stick-meta":"","header-below-stick-meta":"","astra-migrate-meta-layouts":"set","ast-page-background-enabled":"default","ast-page-background-meta":{"desktop":{"background-color":"","background-image":"","background-repeat":"repeat","background-position":"center center","background-size":"auto","background-attachment":"scroll","background-type":"","background-media":"","overlay-type":"","overlay-color":"","overlay-opacity":"","overlay-gradient":""},"tablet":{"background-color":"","background-image":"","background-repeat":"repeat","background-position":"center center","background-size":"auto","background-attachment":"scroll","background-type":"","background-media":"","overlay-type":"","overlay-color":"","overlay-opacity":"","overlay-gradient":""},"mobile":{"background-color":"","background-image":"","background-repeat":"repeat","background-position":"center center","background-size":"auto","background-attachment":"scroll","background-type":"","background-media":"","overlay-type":"","overlay-color":"","overlay-opacity":"","overlay-gradient":""}},"ast-content-background-meta":{"desktop":{"background-color":"var(--ast-global-color-5)","background-image":"","background-repeat":"repeat","background-position":"center center","background-size":"auto","background-attachment":"scroll","background-type":"","background-media":"","overlay-type":"","overlay-color":"","overlay-opacity":"","overlay-gradient":""},"tablet":{"background-color":"var(--ast-global-color-5)","background-image":"","background-repeat":"repeat","background-position":"center center","background-size":"auto","background-attachment":"scroll","background-type":"","background-media":"","overlay-type":"","overlay-color":"","overlay-opacity":"","overlay-gradient":""},"mobile":{"background-color":"var(--ast-global-color-5)","background-image":"","background-repeat":"repeat","background-position":"center center","background-size":"auto","background-attachment":"scroll","background-type":"","background-media":"","overlay-type":"","overlay-color":"","overlay-opacity":"","overlay-gradient":""}}},"product_brand":[],"product_cat":[55,42],"product_tag":[70,68,71,69],"class_list":{"0":"post-3320","1":"product","2":"type-product","3":"status-publish","4":"has-post-thumbnail","6":"product_cat-0-to-1-year","7":"product_cat-merchandise","8":"product_tag-babypillow","9":"product_tag-cuteanimalpillow","10":"product_tag-headshapesupport","11":"product_tag-kouniushapingpillow","12":"desktop-align-left","13":"tablet-align-left","14":"mobile-align-left","16":"first","17":"instock","18":"shipping-taxable","19":"product-type-simple"},"aioseo_notices":[],"uagb_featured_image_src":{"full":["https:\/\/babypillowwholesale.com\/wp-content\/uploads\/2025\/04\/1168.jpg",1000,1000,false],"thumbnail":["https:\/\/babypillowwholesale.com\/wp-content\/uploads\/2025\/04\/1168-150x150.jpg",150,150,true],"medium":["https:\/\/babypillowwholesale.com\/wp-content\/uploads\/2025\/04\/1168-300x300.jpg",300,300,true],"medium_large":["https:\/\/babypillowwholesale.com\/wp-content\/uploads\/2025\/04\/1168-768x768.jpg",768,768,true],"large":["https:\/\/babypillowwholesale.com\/wp-content\/uploads\/2025\/04\/1168.jpg",1000,1000,false],"1536x1536":["https:\/\/babypillowwholesale.com\/wp-content\/uploads\/2025\/04\/1168.jpg",1000,1000,false],"2048x2048":["https:\/\/babypillowwholesale.com\/wp-content\/uploads\/2025\/04\/1168.jpg",1000,1000,false],"trp-custom-language-flag":["https:\/\/babypillowwholesale.com\/wp-content\/uploads\/2025\/04\/1168.jpg",12,12,false],"woocommerce_thumbnail":["https:\/\/babypillowwholesale.com\/wp-content\/uploads\/2025\/04\/1168-300x300.jpg",300,300,true],"woocommerce_single":["https:\/\/babypillowwholesale.com\/wp-content\/uploads\/2025\/04\/1168-600x600.jpg",600,600,true],"woocommerce_gallery_thumbnail":["https:\/\/babypillowwholesale.com\/wp-content\/uploads\/2025\/04\/1168-100x100.jpg",100,100,true]},"uagb_author_info":{"display_name":"Etnen zhong","author_link":"https:\/\/babypillowwholesale.com\/sk\/author\/"},"uagb_comment_info":0,"uagb_excerpt":"The Hydrophilic Sponge Contour Pillow is a remarkable product designed for infants aged 0 - 12 months. Its design is inspired by cute animal motifs, such as the penguin shown, with a sweet face, a charming bow, and vivid - colored feet, making it visually appealing. Crafted from hydrophilic sponge, it offers a soft and&hellip;","jetpack_sharing_enabled":true,"_links":{"self":[{"href":"https:\/\/babypillowwholesale.com\/sk\/wp-json\/wp\/v2\/product\/3320","targetHints":{"allow":["GET"]}}],"collection":[{"href":"https:\/\/babypillowwholesale.com\/sk\/wp-json\/wp\/v2\/product"}],"about":[{"href":"https:\/\/babypillowwholesale.com\/sk\/wp-json\/wp\/v2\/types\/product"}],"replies":[{"embeddable":true,"href":"https:\/\/babypillowwholesale.com\/sk\/wp-json\/wp\/v2\/comments?post=3320"}],"wp:featuredmedia":[{"embeddable":true,"href":"https:\/\/babypillowwholesale.com\/sk\/wp-json\/wp\/v2\/media\/3321"}],"wp:attachment":[{"href":"https:\/\/babypillowwholesale.com\/sk\/wp-json\/wp\/v2\/media?parent=3320"}],"wp:term":[{"taxonomy":"product_brand","embeddable":true,"href":"https:\/\/babypillowwholesale.com\/sk\/wp-json\/wp\/v2\/product_brand?post=3320"},{"taxonomy":"product_cat","embeddable":true,"href":"https:\/\/babypillowwholesale.com\/sk\/wp-json\/wp\/v2\/product_cat?post=3320"},{"taxonomy":"product_tag","embeddable":true,"href":"https:\/\/babypillowwholesale.com\/sk\/wp-json\/wp\/v2\/product_tag?post=3320"}],"curies":[{"name":"wp","href":"https:\/\/api.w.org\/{rel}","templated":true}]}}