{"id":3317,"date":"2025-03-31T02:51:30","date_gmt":"2025-03-31T02:51:30","guid":{"rendered":"https:\/\/babypillowwholesale.com\/?post_type=product&#038;p=3317"},"modified":"2025-06-08T15:19:36","modified_gmt":"2025-06-08T15:19:36","slug":"obedient-bear-contour-pillow","status":"publish","type":"product","link":"https:\/\/babypillowwholesale.com\/sk\/product\/obedient-bear-contour-pillow\/","title":{"rendered":"Poslu\u0161n\u00fd vank\u00fa\u0161 s kont\u00farou medve\u010fa"},"content":{"rendered":"<div class=\"auto-hide-last-sibling-br paragraph-qzbcQC paragraph-element br-paragraph-space\" data-immersive-translate-walked=\"8e61f2e7-6af2-46e5-9672-3b9e4f4033d9\" data-immersive-translate-paragraph=\"1\">\n<div class=\"auto-hide-last-sibling-br paragraph-qzbcQC paragraph-element br-paragraph-space\">\n<div class=\"auto-hide-last-sibling-br paragraph-qzbcQC paragraph-element br-paragraph-space\">\n<div class=\"auto-hide-last-sibling-br paragraph-qzbcQC paragraph-element br-paragraph-space\">\n<div class=\"auto-hide-last-sibling-br paragraph-qzbcQC paragraph-element br-paragraph-space\">\n<div class=\"auto-hide-last-sibling-br paragraph-qzbcQC paragraph-element br-paragraph-space\">Predstavujeme vank\u00fa\u0161ik Obedient Bear Contour Pillow, dokonal\u00e9 spojenie roztomilosti a funk\u010dnosti, navrhnut\u00fd \u0161peci\u00e1lne pre milovan\u00e9 deti vo veku 0 - 12 mesiacov. Tento vank\u00fa\u0161 predstavuje neodolate\u013ene p\u00f4vabn\u00fd dizajn medved\u00edka s hu\u0148at\u00fdmi u\u0161ami, ve\u013ek\u00fdmi odu\u0161evnen\u00fdmi o\u010dami a rozko\u0161ne \u010dervenaj\u00facimi sa tv\u00e1ri\u010dkami, ktor\u00e9 ur\u010dite roztopia va\u0161e srdce na prv\u00fd poh\u013ead.<\/div>\n<p>&nbsp;<\/p>\n<div class=\"auto-hide-last-sibling-br paragraph-qzbcQC paragraph-element br-paragraph-space\">Obrysov\u00fd dizajn vank\u00fa\u0161a je majstrovsk\u00fdm dielom ergonomick\u00e9ho in\u017einierstva. Jemne sa prisp\u00f4sobuje tvaru hlavy v\u00e1\u0161ho die\u0165a\u0165a a poskytuje mu jemn\u00fa a presn\u00fa oporu, ktor\u00e1 je ve\u013emi d\u00f4le\u017eit\u00e1 pre zdrav\u00fd tvar hlavy v prv\u00fdch mesiacoch \u017eivota. Rozmery 29*<em>21*<\/em>1,5 cm, bez probl\u00e9mov sa hod\u00ed do r\u00f4znych prostred\u00ed. \u010ci u\u017e je ulo\u017een\u00fd v \u00fatulnej postie\u013eke na pokojn\u00e9 zdriemnutie, sprev\u00e1dza va\u0161e die\u0165atko v ko\u010d\u00edku po\u010das pokojnej prech\u00e1dzky parkom alebo je polo\u017een\u00fd na m\u00e4kkej podlo\u017eke na hranie doma, je tento vank\u00fa\u0161 neust\u00e1lym zdrojom pohodlia.<\/div>\n<p>&nbsp;<\/p>\n<div class=\"auto-hide-last-sibling-br paragraph-qzbcQC paragraph-element br-paragraph-space\">Rodi\u010dia s\u00fa z vank\u00fa\u0161a Obedient Bear Contour Pillow nad\u0161en\u00ed. \"Moje die\u0165a tento vank\u00fa\u0161 \u00faplne miluje! Je tak\u00fd m\u00e4kk\u00fd a dizajn medved\u00edka je jednoducho pr\u00edli\u0161 roztomil\u00fd. V\u0161imla som si, \u017ee jej naozaj pom\u00e1ha udr\u017ea\u0165 hlavi\u010dku v dobrej polohe,\" povedala jedna z nad\u0161en\u00fdch mami\u010diek. Jeden otec sa podelil: \"Tento vank\u00fa\u0161 si berieme v\u0161ade, kam ideme. Je odoln\u00fd, \u013eahko sa \u010dist\u00ed a farebn\u00e9 mo\u017enosti s\u00fa skvel\u00e9. Stal sa nevyhnutnou s\u00fa\u010das\u0165ou ka\u017edodenn\u00e9ho \u017eivota n\u00e1\u0161ho die\u0165a\u0165a.\"<\/div>\n<p>&nbsp;<\/p>\n<div class=\"auto-hide-last-sibling-br paragraph-qzbcQC paragraph-element br-paragraph-space\">Vank\u00fa\u0161ik Obedient Bear Contour, ktor\u00fd je k dispoz\u00edcii v o\u010daruj\u00facich odtie\u0148och ru\u017eovej a modrej farby, nie je len doplnkom pre b\u00e1b\u00e4tk\u00e1; je to cenen\u00fd spolo\u010dn\u00edk, ktor\u00fd sp\u00e1ja p\u00f4vabn\u00fd dizajn s mot\u00edvom medved\u00edka s profesion\u00e1lnou podporou hlavy, v\u010faka \u010domu si va\u0161e die\u0165atko u\u017eije ka\u017ed\u00fd vz\u00e1cny okamih svojich prv\u00fdch dn\u00ed s maxim\u00e1lnym pohodl\u00edm a starostlivos\u0165ou.<\/div>\n<\/div>\n<\/div>\n<\/div>\n<\/div>\n<\/div>","protected":false},"excerpt":{"rendered":"<p>Vank\u00fa\u0161 Obedient Bear Contour je ide\u00e1lnou vo\u013ebou pre deti vo veku 0 - 12 mesiacov. Jeho dizajn je in\u0161pirovan\u00fd rozko\u0161n\u00fdm medved\u00edkom s roztomil\u00fdmi u\u0161ami, ve\u013ek\u00fdmi o\u010dami a \u010dervenaj\u00facimi sa tv\u00e1ri\u010dkami, v\u010faka \u010domu je neodolate\u013ene o\u010daruj\u00faci. Obrysov\u00fd dizajn vank\u00fa\u0161a je nielen vizu\u00e1lne pr\u00ed\u0165a\u017eliv\u00fd, ale sl\u00fa\u017ei aj na praktick\u00e9 \u00fa\u010dely. Poskytuje ergonomick\u00fa oporu, jemne sa prisp\u00f4sobuje tvaru hlavy die\u0165a\u0165a a pom\u00e1ha udr\u017eiava\u0165 zdrav\u00fd tvar hlavy. Rozmery 29*<em>21*<\/em>1,5 cm, dobre sa hod\u00ed do postie\u013eok, ko\u010d\u00edkov alebo in\u00fdch miest na odpo\u010dinok die\u0165a\u0165a. K dispoz\u00edcii je v ru\u017eovej a modrej farbe, m\u00f4\u017ee sa hodi\u0165 k r\u00f4znym dekor\u00e1ci\u00e1m detsk\u00fdch izieb. Tento vank\u00fa\u0161 kombinuje p\u00f4vabn\u00fd dizajn s mot\u00edvom medved\u00edka s profesion\u00e1lnou podporou na tvarovanie hlavy, \u010d\u00edm prin\u00e1\u0161a pohodlie a starostlivos\u0165 pre prv\u00e9 dni v\u00e1\u0161ho die\u0165atka.<\/p>","protected":false},"featured_media":3318,"comment_status":"open","ping_status":"closed","template":"","meta":{"_uag_custom_page_level_css":"","site-sidebar-layout":"default","site-content-layout":"","ast-site-content-layout":"default","site-content-style":"default","site-sidebar-style":"default","ast-global-header-display":"","ast-banner-title-visibility":"","ast-main-header-display":"","ast-hfb-above-header-display":"","ast-hfb-below-header-display":"","ast-hfb-mobile-header-display":"","site-post-title":"","ast-breadcrumbs-content":"","ast-featured-img":"","footer-sml-layout":"","ast-disable-related-posts":"","theme-transparent-header-meta":"default","adv-header-id-meta":"","stick-header-meta":"","header-above-stick-meta":"","header-main-stick-meta":"","header-below-stick-meta":"","astra-migrate-meta-layouts":"set","ast-page-background-enabled":"default","ast-page-background-meta":{"desktop":{"background-color":"","background-image":"","background-repeat":"repeat","background-position":"center center","background-size":"auto","background-attachment":"scroll","background-type":"","background-media":"","overlay-type":"","overlay-color":"","overlay-opacity":"","overlay-gradient":""},"tablet":{"background-color":"","background-image":"","background-repeat":"repeat","background-position":"center center","background-size":"auto","background-attachment":"scroll","background-type":"","background-media":"","overlay-type":"","overlay-color":"","overlay-opacity":"","overlay-gradient":""},"mobile":{"background-color":"","background-image":"","background-repeat":"repeat","background-position":"center center","background-size":"auto","background-attachment":"scroll","background-type":"","background-media":"","overlay-type":"","overlay-color":"","overlay-opacity":"","overlay-gradient":""}},"ast-content-background-meta":{"desktop":{"background-color":"var(--ast-global-color-5)","background-image":"","background-repeat":"repeat","background-position":"center center","background-size":"auto","background-attachment":"scroll","background-type":"","background-media":"","overlay-type":"","overlay-color":"","overlay-opacity":"","overlay-gradient":""},"tablet":{"background-color":"var(--ast-global-color-5)","background-image":"","background-repeat":"repeat","background-position":"center center","background-size":"auto","background-attachment":"scroll","background-type":"","background-media":"","overlay-type":"","overlay-color":"","overlay-opacity":"","overlay-gradient":""},"mobile":{"background-color":"var(--ast-global-color-5)","background-image":"","background-repeat":"repeat","background-position":"center center","background-size":"auto","background-attachment":"scroll","background-type":"","background-media":"","overlay-type":"","overlay-color":"","overlay-opacity":"","overlay-gradient":""}}},"product_brand":[],"product_cat":[55,42],"product_tag":[70,68,71,69],"class_list":{"0":"post-3317","1":"product","2":"type-product","3":"status-publish","4":"has-post-thumbnail","6":"product_cat-0-to-1-year","7":"product_cat-merchandise","8":"product_tag-babypillow","9":"product_tag-cuteanimalpillow","10":"product_tag-headshapesupport","11":"product_tag-kouniushapingpillow","12":"desktop-align-left","13":"tablet-align-left","14":"mobile-align-left","16":"first","17":"instock","18":"shipping-taxable","19":"product-type-simple"},"aioseo_notices":[],"uagb_featured_image_src":{"full":["https:\/\/babypillowwholesale.com\/wp-content\/uploads\/2025\/03\/1066.jpg",1000,1000,false],"thumbnail":["https:\/\/babypillowwholesale.com\/wp-content\/uploads\/2025\/03\/1066-150x150.jpg",150,150,true],"medium":["https:\/\/babypillowwholesale.com\/wp-content\/uploads\/2025\/03\/1066-300x300.jpg",300,300,true],"medium_large":["https:\/\/babypillowwholesale.com\/wp-content\/uploads\/2025\/03\/1066-768x768.jpg",768,768,true],"large":["https:\/\/babypillowwholesale.com\/wp-content\/uploads\/2025\/03\/1066.jpg",1000,1000,false],"1536x1536":["https:\/\/babypillowwholesale.com\/wp-content\/uploads\/2025\/03\/1066.jpg",1000,1000,false],"2048x2048":["https:\/\/babypillowwholesale.com\/wp-content\/uploads\/2025\/03\/1066.jpg",1000,1000,false],"trp-custom-language-flag":["https:\/\/babypillowwholesale.com\/wp-content\/uploads\/2025\/03\/1066.jpg",12,12,false],"woocommerce_thumbnail":["https:\/\/babypillowwholesale.com\/wp-content\/uploads\/2025\/03\/1066-300x300.jpg",300,300,true],"woocommerce_single":["https:\/\/babypillowwholesale.com\/wp-content\/uploads\/2025\/03\/1066-600x600.jpg",600,600,true],"woocommerce_gallery_thumbnail":["https:\/\/babypillowwholesale.com\/wp-content\/uploads\/2025\/03\/1066-100x100.jpg",100,100,true]},"uagb_author_info":{"display_name":"Etnen zhong","author_link":"https:\/\/babypillowwholesale.com\/sk\/author\/"},"uagb_comment_info":0,"uagb_excerpt":"The Obedient Bear Contour Pillow is an ideal choice for infants aged 0 - 12 months. Its design is inspired by an adorable bear, with cute ears, big eyes, and blushing cheeks, which makes it irresistibly charming. The pillow's contour design is not only visually appealing but also serves a practical purpose. It provides ergonomic&hellip;","jetpack_sharing_enabled":true,"_links":{"self":[{"href":"https:\/\/babypillowwholesale.com\/sk\/wp-json\/wp\/v2\/product\/3317","targetHints":{"allow":["GET"]}}],"collection":[{"href":"https:\/\/babypillowwholesale.com\/sk\/wp-json\/wp\/v2\/product"}],"about":[{"href":"https:\/\/babypillowwholesale.com\/sk\/wp-json\/wp\/v2\/types\/product"}],"replies":[{"embeddable":true,"href":"https:\/\/babypillowwholesale.com\/sk\/wp-json\/wp\/v2\/comments?post=3317"}],"wp:featuredmedia":[{"embeddable":true,"href":"https:\/\/babypillowwholesale.com\/sk\/wp-json\/wp\/v2\/media\/3318"}],"wp:attachment":[{"href":"https:\/\/babypillowwholesale.com\/sk\/wp-json\/wp\/v2\/media?parent=3317"}],"wp:term":[{"taxonomy":"product_brand","embeddable":true,"href":"https:\/\/babypillowwholesale.com\/sk\/wp-json\/wp\/v2\/product_brand?post=3317"},{"taxonomy":"product_cat","embeddable":true,"href":"https:\/\/babypillowwholesale.com\/sk\/wp-json\/wp\/v2\/product_cat?post=3317"},{"taxonomy":"product_tag","embeddable":true,"href":"https:\/\/babypillowwholesale.com\/sk\/wp-json\/wp\/v2\/product_tag?post=3317"}],"curies":[{"name":"wp","href":"https:\/\/api.w.org\/{rel}","templated":true}]}}