{"id":3313,"date":"2025-03-26T08:34:46","date_gmt":"2025-03-26T08:34:46","guid":{"rendered":"https:\/\/babypillowwholesale.com\/?post_type=product&#038;p=3313"},"modified":"2025-06-08T15:21:39","modified_gmt":"2025-06-08T15:21:39","slug":"little-raccoon-contour-pillow","status":"publish","type":"product","link":"https:\/\/babypillowwholesale.com\/sk\/product\/little-raccoon-contour-pillow\/","title":{"rendered":"Vank\u00fa\u0161 Little Raccoon Contour Pillow"},"content":{"rendered":"<div class=\"auto-hide-last-sibling-br paragraph-qzbcQC paragraph-element br-paragraph-space\" data-immersive-translate-walked=\"8e61f2e7-6af2-46e5-9672-3b9e4f4033d9\" data-immersive-translate-paragraph=\"1\">\n<div class=\"auto-hide-last-sibling-br paragraph-qzbcQC paragraph-element br-paragraph-space\">\n<div class=\"auto-hide-last-sibling-br paragraph-qzbcQC paragraph-element br-paragraph-space\">\n<div class=\"auto-hide-last-sibling-br paragraph-qzbcQC paragraph-element br-paragraph-space\">\n<div class=\"auto-hide-last-sibling-br paragraph-qzbcQC paragraph-element br-paragraph-space\">Predstavujeme vank\u00fa\u0161ik Little Raccoon Contour, rozko\u0161n\u00fa kombin\u00e1ciu rozko\u0161n\u00e9ho dizajnu a profesion\u00e1lnej starostlivosti, starostlivo vytvoren\u00fa pre deti vo veku 0-12 mesiacov. Jeho o\u010daruj\u00faci dizajn - s ply\u0161ov\u00fdm m\u00fdvalom s okr\u00fahlymi u\u0161ami a pokojn\u00fdm v\u00fdrazom - dod\u00e1va teplo potreb\u00e1m pre b\u00e1b\u00e4tko. Okrem roztomilosti pon\u00faka vank\u00fa\u0161 vedeck\u00fa, ergonomick\u00fa podporu, ktor\u00e1 jemne kol\u00ed\u0161e hlavu v\u00e1\u0161ho die\u0165a\u0165a a podporuje zdrav\u00fd v\u00fdvoj hlavy a tvaru.<\/div>\n<p>&nbsp;<\/p>\n<div class=\"auto-hide-last-sibling-br paragraph-qzbcQC paragraph-element br-paragraph-space\">V ka\u017edodennom \u017eivote sa bez probl\u00e9mov za\u010dle\u0148uje do r\u00f4znych sc\u00e9n. Doma ho umiestnite do postie\u013eky: ke\u010f sa va\u0161e die\u0165a ponor\u00ed do sp\u00e1nku, m\u00e4kk\u00e9 kont\u00fary vank\u00fa\u0161a vytvoria pokojn\u00e9 \u00fato\u010disko. Po\u010das v\u00fdletov vonku - \u010di u\u017e na prech\u00e1dzke v parku, alebo na n\u00e1v\u0161teve u rodiny - sa dokonale usad\u00ed v ko\u010d\u00edku a poskytuje trval\u00e9 pohodlie. Dokonca aj po\u010das hrav\u00fdch chv\u00ed\u013e na m\u00e4kkej podlo\u017eke vank\u00fa\u0161 podopiera hlavi\u010dku v\u00e1\u0161ho die\u0165a\u0165a a zabezpe\u010duje pohodlie pri ka\u017edej \u010dinnosti.<\/div>\n<p>&nbsp;<\/p>\n<div class=\"auto-hide-last-sibling-br paragraph-qzbcQC paragraph-element br-paragraph-space\">Rodi\u010dia si tento vank\u00fa\u0161 pochva\u013euj\u00fa. \"Moje die\u0165a vyzer\u00e1 na vank\u00fa\u0161i Little Raccoon Contour tak \u00fatulne! Je neuverite\u013ene m\u00e4kk\u00fd a p\u00e1\u010di sa mi, ako obrysov\u00fd dizajn jemne podopiera ich hlavu. Ru\u017eov\u00e1 farba navy\u0161e roz\u017eiari detsk\u00fa izbu,\" podelila sa s nami jedna nad\u0161en\u00e1 mami\u010dka. Otec dodal: \"Tento vank\u00fa\u0161 berieme v\u0161ade so sebou. Je odoln\u00fd, \u013eahko sa \u010dist\u00ed a modr\u00fd variant dokonale lad\u00ed s vecami n\u00e1\u0161ho b\u00e1b\u00e4tka. Must - have pre pohodlie aj v\u00fdhody pri tvarovan\u00ed hlavy!\"<\/div>\n<p>&nbsp;<\/p>\n<div class=\"auto-hide-last-sibling-br paragraph-qzbcQC paragraph-element br-paragraph-space\">Vank\u00fa\u0161ik Little Raccoon Contour Pillow, ktor\u00fd je k dispoz\u00edcii v jemnej ru\u017eovej alebo upokojuj\u00facej modrej farbe, nie je len detsk\u00fdm doplnkom. Je to oddan\u00fd spolo\u010dn\u00edk, ktor\u00fd v sebe sp\u00e1ja o\u010daruj\u00facu estetiku s profesion\u00e1lnou podporou hlavy, v\u010faka \u010domu si va\u0161e die\u0165atko u\u017eije pohodlie a starostlivos\u0165 v ka\u017edom vz\u00e1cnom okamihu svojho ran\u00e9ho rastu.<\/div>\n<\/div>\n<\/div>\n<\/div>\n<\/div>","protected":false},"excerpt":{"rendered":"<p>Vank\u00fa\u0161 Little Raccoon Contour Pillow, ktor\u00fd je prisp\u00f4soben\u00fd pre deti vo veku 0-12 mesiacov, sp\u00e1ja roztomilos\u0165 s profesion\u00e1lnou starostlivos\u0165ou. Jeho dizajn in\u0161pirovan\u00fd ply\u0161ov\u00fdm m\u00fdvalom s okr\u00fahlymi u\u0161ami a pokojn\u00fdm v\u00fdrazom dod\u00e1va detsk\u00fdm potreb\u00e1m roztomil\u00fd n\u00e1dych. Obrysov\u00e1 \u0161trukt\u00fara vank\u00fa\u0161a pon\u00faka vedeck\u00fa, ergonomick\u00fa podporu, jemne obj\u00edma hlavi\u010dku die\u0165a\u0165a a star\u00e1 sa o zdrav\u00fd v\u00fdvoj tvaru hlavy. Ve\u013ekos\u0165 29*<em>21*<\/em>V\u010faka ve\u013ekosti 1,5 cm sa bez probl\u00e9mov zmest\u00ed do postie\u013eky na pokojn\u00fd sp\u00e1nok, do ko\u010d\u00edka po\u010das v\u00fdletov alebo na dom\u00e1ce hranie. Tento vank\u00fa\u0161, ktor\u00fd je k dispoz\u00edcii v jemnej ru\u017eovej alebo upokojuj\u00facej modrej farbe, nie je len funk\u010dn\u00fdm prvkom na podporu hlavy - je to hrejiv\u00fd spolo\u010dn\u00edk, ktor\u00fd zaru\u010duje pohodlie a p\u00f4vab po\u010das vz\u00e1cnych ran\u00fdch f\u00e1z rastu v\u00e1\u0161ho die\u0165a\u0165a.<\/p>","protected":false},"featured_media":3314,"comment_status":"open","ping_status":"closed","template":"","meta":{"_uag_custom_page_level_css":"","site-sidebar-layout":"default","site-content-layout":"","ast-site-content-layout":"default","site-content-style":"default","site-sidebar-style":"default","ast-global-header-display":"","ast-banner-title-visibility":"","ast-main-header-display":"","ast-hfb-above-header-display":"","ast-hfb-below-header-display":"","ast-hfb-mobile-header-display":"","site-post-title":"","ast-breadcrumbs-content":"","ast-featured-img":"","footer-sml-layout":"","ast-disable-related-posts":"","theme-transparent-header-meta":"default","adv-header-id-meta":"","stick-header-meta":"","header-above-stick-meta":"","header-main-stick-meta":"","header-below-stick-meta":"","astra-migrate-meta-layouts":"set","ast-page-background-enabled":"default","ast-page-background-meta":{"desktop":{"background-color":"","background-image":"","background-repeat":"repeat","background-position":"center center","background-size":"auto","background-attachment":"scroll","background-type":"","background-media":"","overlay-type":"","overlay-color":"","overlay-opacity":"","overlay-gradient":""},"tablet":{"background-color":"","background-image":"","background-repeat":"repeat","background-position":"center center","background-size":"auto","background-attachment":"scroll","background-type":"","background-media":"","overlay-type":"","overlay-color":"","overlay-opacity":"","overlay-gradient":""},"mobile":{"background-color":"","background-image":"","background-repeat":"repeat","background-position":"center center","background-size":"auto","background-attachment":"scroll","background-type":"","background-media":"","overlay-type":"","overlay-color":"","overlay-opacity":"","overlay-gradient":""}},"ast-content-background-meta":{"desktop":{"background-color":"var(--ast-global-color-5)","background-image":"","background-repeat":"repeat","background-position":"center center","background-size":"auto","background-attachment":"scroll","background-type":"","background-media":"","overlay-type":"","overlay-color":"","overlay-opacity":"","overlay-gradient":""},"tablet":{"background-color":"var(--ast-global-color-5)","background-image":"","background-repeat":"repeat","background-position":"center center","background-size":"auto","background-attachment":"scroll","background-type":"","background-media":"","overlay-type":"","overlay-color":"","overlay-opacity":"","overlay-gradient":""},"mobile":{"background-color":"var(--ast-global-color-5)","background-image":"","background-repeat":"repeat","background-position":"center center","background-size":"auto","background-attachment":"scroll","background-type":"","background-media":"","overlay-type":"","overlay-color":"","overlay-opacity":"","overlay-gradient":""}}},"product_brand":[],"product_cat":[55,42],"product_tag":[70,68,71,69],"class_list":{"0":"post-3313","1":"product","2":"type-product","3":"status-publish","4":"has-post-thumbnail","6":"product_cat-0-to-1-year","7":"product_cat-merchandise","8":"product_tag-babypillow","9":"product_tag-cuteanimalpillow","10":"product_tag-headshapesupport","11":"product_tag-kouniushapingpillow","12":"desktop-align-left","13":"tablet-align-left","14":"mobile-align-left","16":"first","17":"instock","18":"featured","19":"shipping-taxable","20":"product-type-simple"},"aioseo_notices":[],"uagb_featured_image_src":{"full":["https:\/\/babypillowwholesale.com\/wp-content\/uploads\/2025\/03\/1520.jpg",1000,1000,false],"thumbnail":["https:\/\/babypillowwholesale.com\/wp-content\/uploads\/2025\/03\/1520-150x150.jpg",150,150,true],"medium":["https:\/\/babypillowwholesale.com\/wp-content\/uploads\/2025\/03\/1520-300x300.jpg",300,300,true],"medium_large":["https:\/\/babypillowwholesale.com\/wp-content\/uploads\/2025\/03\/1520-768x768.jpg",768,768,true],"large":["https:\/\/babypillowwholesale.com\/wp-content\/uploads\/2025\/03\/1520.jpg",1000,1000,false],"1536x1536":["https:\/\/babypillowwholesale.com\/wp-content\/uploads\/2025\/03\/1520.jpg",1000,1000,false],"2048x2048":["https:\/\/babypillowwholesale.com\/wp-content\/uploads\/2025\/03\/1520.jpg",1000,1000,false],"trp-custom-language-flag":["https:\/\/babypillowwholesale.com\/wp-content\/uploads\/2025\/03\/1520.jpg",12,12,false],"woocommerce_thumbnail":["https:\/\/babypillowwholesale.com\/wp-content\/uploads\/2025\/03\/1520-300x300.jpg",300,300,true],"woocommerce_single":["https:\/\/babypillowwholesale.com\/wp-content\/uploads\/2025\/03\/1520-600x600.jpg",600,600,true],"woocommerce_gallery_thumbnail":["https:\/\/babypillowwholesale.com\/wp-content\/uploads\/2025\/03\/1520-100x100.jpg",100,100,true]},"uagb_author_info":{"display_name":"Etnen zhong","author_link":"https:\/\/babypillowwholesale.com\/sk\/author\/"},"uagb_comment_info":0,"uagb_excerpt":"The Little Raccoon Contour Pillow, tailored for infants aged 0\u201312 months, harmonizes cuteness with professional care. Its design, inspired by a cuddly little raccoon with round ears and a serene expression, adds an endearing touch to baby essentials. The pillow\u2019s contour structure offers scientific, ergonomic support, gently embracing the baby\u2019s head to nurture healthy head&hellip;","jetpack_sharing_enabled":true,"_links":{"self":[{"href":"https:\/\/babypillowwholesale.com\/sk\/wp-json\/wp\/v2\/product\/3313","targetHints":{"allow":["GET"]}}],"collection":[{"href":"https:\/\/babypillowwholesale.com\/sk\/wp-json\/wp\/v2\/product"}],"about":[{"href":"https:\/\/babypillowwholesale.com\/sk\/wp-json\/wp\/v2\/types\/product"}],"replies":[{"embeddable":true,"href":"https:\/\/babypillowwholesale.com\/sk\/wp-json\/wp\/v2\/comments?post=3313"}],"wp:featuredmedia":[{"embeddable":true,"href":"https:\/\/babypillowwholesale.com\/sk\/wp-json\/wp\/v2\/media\/3314"}],"wp:attachment":[{"href":"https:\/\/babypillowwholesale.com\/sk\/wp-json\/wp\/v2\/media?parent=3313"}],"wp:term":[{"taxonomy":"product_brand","embeddable":true,"href":"https:\/\/babypillowwholesale.com\/sk\/wp-json\/wp\/v2\/product_brand?post=3313"},{"taxonomy":"product_cat","embeddable":true,"href":"https:\/\/babypillowwholesale.com\/sk\/wp-json\/wp\/v2\/product_cat?post=3313"},{"taxonomy":"product_tag","embeddable":true,"href":"https:\/\/babypillowwholesale.com\/sk\/wp-json\/wp\/v2\/product_tag?post=3313"}],"curies":[{"name":"wp","href":"https:\/\/api.w.org\/{rel}","templated":true}]}}