{"id":3297,"date":"2025-03-22T02:36:47","date_gmt":"2025-03-22T02:36:47","guid":{"rendered":"https:\/\/babypillowwholesale.com\/?post_type=product&#038;p=3297"},"modified":"2025-06-08T16:05:37","modified_gmt":"2025-06-08T16:05:37","slug":"snotty-elephant-shaping-pillow","status":"publish","type":"product","link":"https:\/\/babypillowwholesale.com\/sk\/product\/snotty-elephant-shaping-pillow\/","title":{"rendered":"Tvarovac\u00ed vank\u00fa\u0161 Snotty Elephant"},"content":{"rendered":"<div class=\"auto-hide-last-sibling-br paragraph-qzbcQC paragraph-element br-paragraph-space\" data-immersive-translate-walked=\"8e61f2e7-6af2-46e5-9672-3b9e4f4033d9\" data-immersive-translate-paragraph=\"1\">\n<div class=\"auto-hide-last-sibling-br paragraph-qzbcQC paragraph-element br-paragraph-space\">Ponorte sa do sveta pohodlia a roztomilosti s na\u0161\u00edm tvarovac\u00edm vank\u00fa\u0161om Snotty Elephant, ktor\u00fd bol navrhnut\u00fd \u0161peci\u00e1lne pre najmen\u0161ie poklady vo veku od 0 do 6 mesiacov. Jeho o\u010daruj\u00faci dizajn in\u0161pirovan\u00fd ne\u017en\u00fdm slon\u00edkom Snotty m\u00e1 ve\u013ek\u00e9, rozochven\u00e9 u\u0161i a sladk\u00fa, minimalistick\u00fa tv\u00e1ri\u010dku a okam\u017eite dod\u00e1 detskej izbe v\u00e1\u0161ho b\u00e1b\u00e4tka kvapku oce\u00e1nskeho \u0161armu. Tento vank\u00fa\u0161 nie je len o jeho rozko\u0161nom vzh\u013eade; je to siln\u00e1 opora. Presne tvarovan\u00fd stredov\u00fd v\u00fdrez pon\u00faka jemn\u00fa, upokojuj\u00facu n\u00e1ru\u010d pre jemn\u00fa hlavi\u010dku v\u00e1\u0161ho die\u0165a\u0165a, ktor\u00fa elegantne vedie k dokonal\u00e9mu tvaru, ke\u010f objavuje z\u00e1zraky svojich prv\u00fdch dn\u00ed. S rozmermi 26,5*25*1,5 cm je neuverite\u013ene v\u0161estrann\u00e1. Po\u010das pokojn\u00fdch popoludn\u00ed doma ju umiestnite do detskej postie\u013eky a sledujte, ako men\u00ed \u010das sp\u00e1nku na pokojn\u00e9 oce\u00e1nske dobrodru\u017estvo. Ke\u010f ste na rodinnom v\u00fdlete, \u010di u\u017e je to v\u00fdlet na pl\u00e1\u017e alebo n\u00e1v\u0161teva akv\u00e1ria, vank\u00fa\u0161ik sa pohodlne zmest\u00ed do ko\u010d\u00edka a zabezpe\u010d\u00ed, aby si va\u0161e die\u0165atko u\u017eilo pohodln\u00fa cestu obklopen\u00e9 zn\u00e1mym \u0161armom slona Smrk\u00e1\u010da. Rodi\u010dia s\u00fa z tohto vank\u00fa\u0161a unesen\u00ed! \"Moje die\u0165a miluje, ke\u010f sa m\u00f4\u017ee prit\u00fali\u0165 k tomuto vank\u00fa\u0161u so slon\u00edkom Snotty. Je tak\u00fd m\u00e4kk\u00fd a jeho dizajn je jedine\u010dn\u00fd. Tie\u017e som si v\u0161imla, \u017ee je skvel\u00fd na udr\u017eiavanie dobr\u00e9ho tvaru hlavy,\" povedala jedna nad\u0161en\u00e1 mami\u010dka. Ist\u00fd otecko sa podelil: \"Stal sa pre n\u00e1s must - have. \u013dahko sa pren\u00e1\u0161a a farebn\u00e9 mo\u017enosti s\u00fa naozaj pekn\u00e9. Na\u0161e die\u0165a sa pri jej pou\u017e\u00edvan\u00ed v\u017edy zd\u00e1 by\u0165 tak\u00e9 spokojn\u00e9.\" Tvarovac\u00ed vank\u00fa\u0161 Ocean Elephant, ktor\u00fd je k dispoz\u00edcii v o\u010daruj\u00facich odtie\u0148och ru\u017eovej a modrej, je viac ne\u017e len doplnok pre b\u00e1b\u00e4tko; je to milovan\u00fd spolo\u010dn\u00edk, ktor\u00fd s\u013eubuje pohodlie, podporu a ve\u013ea oce\u00e1nskeho \u0161armu pre vz\u00e1cne prv\u00e9 mesiace v\u00e1\u0161ho die\u0165a\u0165a.<\/div>\n<\/div>","protected":false},"excerpt":{"rendered":"<p>Tvarovac\u00ed vank\u00fa\u0161ik Snotty Elephant je atrakt\u00edvnou a praktickou vo\u013ebou pre deti vo veku od 0 do 6 mesiacov. Jeho dizajn s mot\u00edvom slona s ve\u013ek\u00fdmi u\u0161ami a jednoduchou, roztomilou tv\u00e1ri\u010dkou up\u00fata pozornos\u0165. Centr\u00e1lny v\u00fdrez vank\u00fa\u0161a je starostlivo tvarovan\u00fd tak, aby poskytoval jemn\u00fa oporu hlavi\u010dke die\u0165a\u0165a a pom\u00e1hal mu udr\u017ea\u0165 spr\u00e1vny tvar hlavy po\u010das jeho ran\u00e9ho v\u00fdvoja. Rozmery 26,5*<em>25*<\/em>1,5 cm, dobre sa hod\u00ed do postie\u013eky, ko\u010d\u00edka alebo ke\u010f die\u0165a odpo\u010d\u00edva na hracej podlo\u017eke. K dispoz\u00edcii je v ru\u017eovej a modrej farbe, tak\u017ee rodi\u010dom d\u00e1va mo\u017enos\u0165 vybra\u0165 si farbu, ktor\u00e1 vyhovuje ich vkusu alebo v\u00fdzdobe detskej izby, a sp\u00e1ja v sebe p\u00f4vab aj funk\u010dnos\u0165 pri starostlivosti o die\u0165a.<\/p>","protected":false},"featured_media":3298,"comment_status":"open","ping_status":"closed","template":"","meta":{"_uag_custom_page_level_css":"","site-sidebar-layout":"default","site-content-layout":"","ast-site-content-layout":"default","site-content-style":"default","site-sidebar-style":"default","ast-global-header-display":"","ast-banner-title-visibility":"","ast-main-header-display":"","ast-hfb-above-header-display":"","ast-hfb-below-header-display":"","ast-hfb-mobile-header-display":"","site-post-title":"","ast-breadcrumbs-content":"","ast-featured-img":"","footer-sml-layout":"","ast-disable-related-posts":"","theme-transparent-header-meta":"default","adv-header-id-meta":"","stick-header-meta":"","header-above-stick-meta":"","header-main-stick-meta":"","header-below-stick-meta":"","astra-migrate-meta-layouts":"set","ast-page-background-enabled":"default","ast-page-background-meta":{"desktop":{"background-color":"","background-image":"","background-repeat":"repeat","background-position":"center center","background-size":"auto","background-attachment":"scroll","background-type":"","background-media":"","overlay-type":"","overlay-color":"","overlay-opacity":"","overlay-gradient":""},"tablet":{"background-color":"","background-image":"","background-repeat":"repeat","background-position":"center center","background-size":"auto","background-attachment":"scroll","background-type":"","background-media":"","overlay-type":"","overlay-color":"","overlay-opacity":"","overlay-gradient":""},"mobile":{"background-color":"","background-image":"","background-repeat":"repeat","background-position":"center center","background-size":"auto","background-attachment":"scroll","background-type":"","background-media":"","overlay-type":"","overlay-color":"","overlay-opacity":"","overlay-gradient":""}},"ast-content-background-meta":{"desktop":{"background-color":"var(--ast-global-color-5)","background-image":"","background-repeat":"repeat","background-position":"center center","background-size":"auto","background-attachment":"scroll","background-type":"","background-media":"","overlay-type":"","overlay-color":"","overlay-opacity":"","overlay-gradient":""},"tablet":{"background-color":"var(--ast-global-color-5)","background-image":"","background-repeat":"repeat","background-position":"center center","background-size":"auto","background-attachment":"scroll","background-type":"","background-media":"","overlay-type":"","overlay-color":"","overlay-opacity":"","overlay-gradient":""},"mobile":{"background-color":"var(--ast-global-color-5)","background-image":"","background-repeat":"repeat","background-position":"center center","background-size":"auto","background-attachment":"scroll","background-type":"","background-media":"","overlay-type":"","overlay-color":"","overlay-opacity":"","overlay-gradient":""}}},"product_brand":[],"product_cat":[54,42],"product_tag":[70,68,71,69],"class_list":{"0":"post-3297","1":"product","2":"type-product","3":"status-publish","4":"has-post-thumbnail","6":"product_cat-0-to-6months","7":"product_cat-merchandise","8":"product_tag-babypillow","9":"product_tag-cuteanimalpillow","10":"product_tag-headshapesupport","11":"product_tag-kouniushapingpillow","12":"desktop-align-left","13":"tablet-align-left","14":"mobile-align-left","16":"first","17":"instock","18":"shipping-taxable","19":"product-type-simple"},"aioseo_notices":[],"uagb_featured_image_src":{"full":["https:\/\/babypillowwholesale.com\/wp-content\/uploads\/2025\/03\/1510.jpg",1000,1000,false],"thumbnail":["https:\/\/babypillowwholesale.com\/wp-content\/uploads\/2025\/03\/1510-150x150.jpg",150,150,true],"medium":["https:\/\/babypillowwholesale.com\/wp-content\/uploads\/2025\/03\/1510-300x300.jpg",300,300,true],"medium_large":["https:\/\/babypillowwholesale.com\/wp-content\/uploads\/2025\/03\/1510-768x768.jpg",768,768,true],"large":["https:\/\/babypillowwholesale.com\/wp-content\/uploads\/2025\/03\/1510.jpg",1000,1000,false],"1536x1536":["https:\/\/babypillowwholesale.com\/wp-content\/uploads\/2025\/03\/1510.jpg",1000,1000,false],"2048x2048":["https:\/\/babypillowwholesale.com\/wp-content\/uploads\/2025\/03\/1510.jpg",1000,1000,false],"trp-custom-language-flag":["https:\/\/babypillowwholesale.com\/wp-content\/uploads\/2025\/03\/1510.jpg",12,12,false],"woocommerce_thumbnail":["https:\/\/babypillowwholesale.com\/wp-content\/uploads\/2025\/03\/1510-300x300.jpg",300,300,true],"woocommerce_single":["https:\/\/babypillowwholesale.com\/wp-content\/uploads\/2025\/03\/1510-600x600.jpg",600,600,true],"woocommerce_gallery_thumbnail":["https:\/\/babypillowwholesale.com\/wp-content\/uploads\/2025\/03\/1510-100x100.jpg",100,100,true]},"uagb_author_info":{"display_name":"Etnen zhong","author_link":"https:\/\/babypillowwholesale.com\/sk\/author\/"},"uagb_comment_info":1,"uagb_excerpt":"The Snotty Elephant Shaping Pillow is an appealing and practical choice for infants aged 0 to 6 months. Its design, modeled after an ocean - themed elephant with large ears and a simple, cute face, is eye - catching. The central cut - out of the pillow is carefully shaped to provide gentle support for&hellip;","jetpack_sharing_enabled":true,"_links":{"self":[{"href":"https:\/\/babypillowwholesale.com\/sk\/wp-json\/wp\/v2\/product\/3297","targetHints":{"allow":["GET"]}}],"collection":[{"href":"https:\/\/babypillowwholesale.com\/sk\/wp-json\/wp\/v2\/product"}],"about":[{"href":"https:\/\/babypillowwholesale.com\/sk\/wp-json\/wp\/v2\/types\/product"}],"replies":[{"embeddable":true,"href":"https:\/\/babypillowwholesale.com\/sk\/wp-json\/wp\/v2\/comments?post=3297"}],"wp:featuredmedia":[{"embeddable":true,"href":"https:\/\/babypillowwholesale.com\/sk\/wp-json\/wp\/v2\/media\/3298"}],"wp:attachment":[{"href":"https:\/\/babypillowwholesale.com\/sk\/wp-json\/wp\/v2\/media?parent=3297"}],"wp:term":[{"taxonomy":"product_brand","embeddable":true,"href":"https:\/\/babypillowwholesale.com\/sk\/wp-json\/wp\/v2\/product_brand?post=3297"},{"taxonomy":"product_cat","embeddable":true,"href":"https:\/\/babypillowwholesale.com\/sk\/wp-json\/wp\/v2\/product_cat?post=3297"},{"taxonomy":"product_tag","embeddable":true,"href":"https:\/\/babypillowwholesale.com\/sk\/wp-json\/wp\/v2\/product_tag?post=3297"}],"curies":[{"name":"wp","href":"https:\/\/api.w.org\/{rel}","templated":true}]}}