{"id":3291,"date":"2025-03-22T01:54:48","date_gmt":"2025-03-22T01:54:48","guid":{"rendered":"https:\/\/babypillowwholesale.com\/?post_type=product&#038;p=3291"},"modified":"2025-06-08T16:08:25","modified_gmt":"2025-06-08T16:08:25","slug":"kitten-shaping-pillow","status":"publish","type":"product","link":"https:\/\/babypillowwholesale.com\/sk\/product\/kitten-shaping-pillow\/","title":{"rendered":"Tvarovac\u00ed vank\u00fa\u0161 pre ma\u010diatka"},"content":{"rendered":"<div class=\"auto-hide-last-sibling-br paragraph-qzbcQC paragraph-element br-paragraph-space\" data-immersive-translate-walked=\"8e61f2e7-6af2-46e5-9672-3b9e4f4033d9\" data-immersive-translate-paragraph=\"1\">\n<div class=\"auto-hide-last-sibling-br paragraph-qzbcQC paragraph-element br-paragraph-space\">Priv\u00edtajte \u00faplne o\u010daruj\u00faci vank\u00fa\u0161 na tvarovanie ma\u010diatok, ktor\u00fd je ako stvoren\u00fd pre tie najmen\u0161ie uzl\u00ed\u010dky radosti vo veku od 0 do 6 mesiacov. Jeho dizajn in\u0161pirovan\u00fd rozko\u0161n\u00fdm ma\u010diatkom so \u0161t\u00edhlymi u\u0161kami a sladk\u00fdm, roztomil\u00fdm v\u00fdrazom je vizu\u00e1lnym pote\u0161en\u00edm, ktor\u00e9 dod\u00e1 svetu v\u00e1\u0161ho die\u0165a\u0165a n\u00e1dych ma\u010dacieho \u0161armu. Tento vank\u00fa\u0161 nie je len pastvou pre o\u010di; je to majstrovsk\u00e9 dielo funk\u010dnosti. Strategicky umiestnen\u00fd centr\u00e1lny v\u00fdrez pon\u00faka jemn\u00e9, ergonomick\u00e9 objatie jemnej hlavi\u010dky v\u00e1\u0161ho b\u00e1b\u00e4tka a elegantne ju vedie k dokonal\u00e9mu tvaru, ke\u010f za\u017e\u00edva \u010daro svojich prv\u00fdch dn\u00ed. S rozmermi 26,5*25*1,5 cm je v\u0161estrann\u00fdm spolo\u010dn\u00edkom pre r\u00f4zne nastavenia. Po\u010das leniv\u00fdch r\u00e1n doma ju umiestnite do detskej postie\u013eky a sledujte, ako premen\u00ed priestor na \u00fatuln\u00e9 ma\u010dacie - tematick\u00e9 \u00fato\u010disko a ukol\u00ed\u0161e va\u0161e die\u0165atko do pokojn\u00e9ho sp\u00e1nku. Ke\u010f sa vyberiete za rodinn\u00fdm dobrodru\u017estvom, \u010di u\u017e na v\u00fdlet do akv\u00e1ria alebo na n\u00e1v\u0161tevu k star\u00fdm rodi\u010dom, vank\u00fa\u0161ik sa pohodlne zmest\u00ed do ko\u010d\u00edka a zaist\u00ed v\u00e1\u0161mu die\u0165a\u0165u pohodlie po\u010das celej cesty. Rodi\u010dia s\u00fa z tohto vank\u00fa\u0161a nad\u0161en\u00ed! Jedna mami\u010dka sa podelila: \"Moje die\u0165a sa roz\u017eiari v\u017edy, ke\u010f uvid\u00ed tento vank\u00fa\u0161 s ma\u010di\u010dkami. Je super m\u00e4kk\u00fd a dizajn je jednoducho pr\u00edli\u0161 roztomil\u00fd. Okrem toho im skvele udr\u017eiava hlavi\u010dku v dobrej polohe.\" Jeden otec dodal: \"P\u00e1\u010di sa mi, ako \u013eahko sa pren\u00e1\u0161a. R\u00f4zne farebn\u00e9 varianty s\u00fa ve\u013ek\u00fdm plusom. Stala sa neodmyslite\u013enou s\u00fa\u010das\u0165ou ka\u017edodennej rutiny n\u00e1\u0161ho die\u0165a\u0165a.\" Tvarovac\u00ed vank\u00fa\u0161 pre ma\u010diatka, ktor\u00fd je k dispoz\u00edcii v o\u010daruj\u00facich odtie\u0148och ru\u017eovej, modrej a tmavozelenej, je viac ako len doplnok pre b\u00e1b\u00e4tko; je to milovan\u00fd spolo\u010dn\u00edk, ktor\u00fd s\u013eubuje pohodlie, podporu a ve\u013ea roztomilosti pre prv\u00e9 vz\u00e1cne mesiace v\u00e1\u0161ho die\u0165a\u0165a.<\/div>\n<\/div>","protected":false},"excerpt":{"rendered":"<p>Tvarovac\u00ed vank\u00fa\u0161 Ma\u010di\u010dka je p\u00f4vabn\u00fd a funk\u010dn\u00fd v\u00fdrobok ur\u010den\u00fd pre deti od 0 do 6 mesiacov. Jeho roztomil\u00fd dizajn in\u0161pirovan\u00fd ma\u010di\u010dkami, so \u0161tekliv\u00fdmi u\u0161kami a mil\u00fdm v\u00fdrazom tv\u00e1re, je vizu\u00e1lne pr\u00ed\u0165a\u017eliv\u00fd a ur\u010dite si z\u00edska srdcia rodi\u010dov aj b\u00e1b\u00e4tiek. Centr\u00e1lny v\u00fdrez vank\u00fa\u0161a poskytuje jemn\u00fa a ergonomick\u00fa oporu hlavi\u010dke die\u0165a\u0165a, \u010d\u00edm pom\u00e1ha udr\u017eiava\u0165 spr\u00e1vny tvar hlavi\u010dky v rozhoduj\u00facom obdob\u00ed ran\u00e9ho v\u00fdvoja. Rozmery 26,5*<em>25*<\/em>1,5 cm, pohodlne sa zmest\u00ed do postie\u013eok, ko\u010d\u00edkov alebo detsk\u00fdch autoseda\u010diek a pon\u00faka \u00fatuln\u00e9 miesto na odpo\u010dinok pre va\u0161e die\u0165atko, nech je kdeko\u013evek. K dispoz\u00edcii je v ru\u017eovej, modrej a tmavozelenej farbe, tak\u017ee d\u00e1va rodi\u010dom mo\u017enos\u0165 vybra\u0165 si farbu, ktor\u00e1 zodpoved\u00e1 ich preferenci\u00e1m alebo v\u00fdzdobe detskej izby, a sp\u00e1ja roztomilos\u0165 a praktickos\u0165 na zlep\u0161enie starostlivosti o die\u0165a.<\/p>","protected":false},"featured_media":3292,"comment_status":"open","ping_status":"closed","template":"","meta":{"_uag_custom_page_level_css":"","site-sidebar-layout":"default","site-content-layout":"","ast-site-content-layout":"default","site-content-style":"default","site-sidebar-style":"default","ast-global-header-display":"","ast-banner-title-visibility":"","ast-main-header-display":"","ast-hfb-above-header-display":"","ast-hfb-below-header-display":"","ast-hfb-mobile-header-display":"","site-post-title":"","ast-breadcrumbs-content":"","ast-featured-img":"","footer-sml-layout":"","ast-disable-related-posts":"","theme-transparent-header-meta":"default","adv-header-id-meta":"","stick-header-meta":"","header-above-stick-meta":"","header-main-stick-meta":"","header-below-stick-meta":"","astra-migrate-meta-layouts":"set","ast-page-background-enabled":"default","ast-page-background-meta":{"desktop":{"background-color":"","background-image":"","background-repeat":"repeat","background-position":"center center","background-size":"auto","background-attachment":"scroll","background-type":"","background-media":"","overlay-type":"","overlay-color":"","overlay-opacity":"","overlay-gradient":""},"tablet":{"background-color":"","background-image":"","background-repeat":"repeat","background-position":"center center","background-size":"auto","background-attachment":"scroll","background-type":"","background-media":"","overlay-type":"","overlay-color":"","overlay-opacity":"","overlay-gradient":""},"mobile":{"background-color":"","background-image":"","background-repeat":"repeat","background-position":"center center","background-size":"auto","background-attachment":"scroll","background-type":"","background-media":"","overlay-type":"","overlay-color":"","overlay-opacity":"","overlay-gradient":""}},"ast-content-background-meta":{"desktop":{"background-color":"var(--ast-global-color-5)","background-image":"","background-repeat":"repeat","background-position":"center center","background-size":"auto","background-attachment":"scroll","background-type":"","background-media":"","overlay-type":"","overlay-color":"","overlay-opacity":"","overlay-gradient":""},"tablet":{"background-color":"var(--ast-global-color-5)","background-image":"","background-repeat":"repeat","background-position":"center center","background-size":"auto","background-attachment":"scroll","background-type":"","background-media":"","overlay-type":"","overlay-color":"","overlay-opacity":"","overlay-gradient":""},"mobile":{"background-color":"var(--ast-global-color-5)","background-image":"","background-repeat":"repeat","background-position":"center center","background-size":"auto","background-attachment":"scroll","background-type":"","background-media":"","overlay-type":"","overlay-color":"","overlay-opacity":"","overlay-gradient":""}}},"product_brand":[],"product_cat":[54,42],"product_tag":[70,68,71,69],"class_list":{"0":"post-3291","1":"product","2":"type-product","3":"status-publish","4":"has-post-thumbnail","6":"product_cat-0-to-6months","7":"product_cat-merchandise","8":"product_tag-babypillow","9":"product_tag-cuteanimalpillow","10":"product_tag-headshapesupport","11":"product_tag-kouniushapingpillow","12":"desktop-align-left","13":"tablet-align-left","14":"mobile-align-left","16":"first","17":"instock","18":"shipping-taxable","19":"product-type-simple"},"aioseo_notices":[],"uagb_featured_image_src":{"full":["https:\/\/babypillowwholesale.com\/wp-content\/uploads\/2025\/03\/1509.jpg",1000,1000,false],"thumbnail":["https:\/\/babypillowwholesale.com\/wp-content\/uploads\/2025\/03\/1509-150x150.jpg",150,150,true],"medium":["https:\/\/babypillowwholesale.com\/wp-content\/uploads\/2025\/03\/1509-300x300.jpg",300,300,true],"medium_large":["https:\/\/babypillowwholesale.com\/wp-content\/uploads\/2025\/03\/1509-768x768.jpg",768,768,true],"large":["https:\/\/babypillowwholesale.com\/wp-content\/uploads\/2025\/03\/1509.jpg",1000,1000,false],"1536x1536":["https:\/\/babypillowwholesale.com\/wp-content\/uploads\/2025\/03\/1509.jpg",1000,1000,false],"2048x2048":["https:\/\/babypillowwholesale.com\/wp-content\/uploads\/2025\/03\/1509.jpg",1000,1000,false],"trp-custom-language-flag":["https:\/\/babypillowwholesale.com\/wp-content\/uploads\/2025\/03\/1509.jpg",12,12,false],"woocommerce_thumbnail":["https:\/\/babypillowwholesale.com\/wp-content\/uploads\/2025\/03\/1509-300x300.jpg",300,300,true],"woocommerce_single":["https:\/\/babypillowwholesale.com\/wp-content\/uploads\/2025\/03\/1509-600x600.jpg",600,600,true],"woocommerce_gallery_thumbnail":["https:\/\/babypillowwholesale.com\/wp-content\/uploads\/2025\/03\/1509-100x100.jpg",100,100,true]},"uagb_author_info":{"display_name":"Etnen zhong","author_link":"https:\/\/babypillowwholesale.com\/sk\/author\/"},"uagb_comment_info":0,"uagb_excerpt":"The Kitten Shaping Pillow is a charming and functional product designed for infants aged 0 to 6 months. Its cute kitten - inspired design, with perky ears and a sweet - faced expression, is visually appealing and sure to capture the hearts of both parents and babies. The central cut - out of the pillow&hellip;","jetpack_sharing_enabled":true,"_links":{"self":[{"href":"https:\/\/babypillowwholesale.com\/sk\/wp-json\/wp\/v2\/product\/3291","targetHints":{"allow":["GET"]}}],"collection":[{"href":"https:\/\/babypillowwholesale.com\/sk\/wp-json\/wp\/v2\/product"}],"about":[{"href":"https:\/\/babypillowwholesale.com\/sk\/wp-json\/wp\/v2\/types\/product"}],"replies":[{"embeddable":true,"href":"https:\/\/babypillowwholesale.com\/sk\/wp-json\/wp\/v2\/comments?post=3291"}],"wp:featuredmedia":[{"embeddable":true,"href":"https:\/\/babypillowwholesale.com\/sk\/wp-json\/wp\/v2\/media\/3292"}],"wp:attachment":[{"href":"https:\/\/babypillowwholesale.com\/sk\/wp-json\/wp\/v2\/media?parent=3291"}],"wp:term":[{"taxonomy":"product_brand","embeddable":true,"href":"https:\/\/babypillowwholesale.com\/sk\/wp-json\/wp\/v2\/product_brand?post=3291"},{"taxonomy":"product_cat","embeddable":true,"href":"https:\/\/babypillowwholesale.com\/sk\/wp-json\/wp\/v2\/product_cat?post=3291"},{"taxonomy":"product_tag","embeddable":true,"href":"https:\/\/babypillowwholesale.com\/sk\/wp-json\/wp\/v2\/product_tag?post=3291"}],"curies":[{"name":"wp","href":"https:\/\/api.w.org\/{rel}","templated":true}]}}