{"id":3289,"date":"2025-03-20T08:23:07","date_gmt":"2025-03-20T08:23:07","guid":{"rendered":"https:\/\/babypillowwholesale.com\/?post_type=product&#038;p=3289"},"modified":"2025-06-08T16:10:06","modified_gmt":"2025-06-08T16:10:06","slug":"crown-shaping-pillow","status":"publish","type":"product","link":"https:\/\/babypillowwholesale.com\/sk\/product\/crown-shaping-pillow\/","title":{"rendered":"Vank\u00fa\u0161 na tvarovanie koruny"},"content":{"rendered":"<div class=\"auto-hide-last-sibling-br paragraph-qzbcQC paragraph-element br-paragraph-space\" data-immersive-translate-walked=\"8e61f2e7-6af2-46e5-9672-3b9e4f4033d9\" data-immersive-translate-paragraph=\"1\">\n<div class=\"auto-hide-last-sibling-br paragraph-qzbcQC paragraph-element br-paragraph-space\">Predstavujeme vank\u00fa\u0161 na tvarovanie korunky, dokonal\u00fa kombin\u00e1ciu elegancie a funk\u010dnosti, starostlivo vytvoren\u00fa pre najmen\u0161ie kr\u00e1\u013eovsk\u00e9 deti vo veku od 0 do 6 mesiacov. Jeho v\u00fdrazn\u00fd dizajn zdoben\u00fd jemnou korunkou na vrchole mu dod\u00e1va n\u00e1dych kr\u00e1\u013eovsk\u00e9ho \u0161armu, v\u010faka \u010domu nie je len vank\u00fa\u0161om, ale aj v\u00fdrazn\u00fdm k\u00faskom v ka\u017edej detskej izbe. Tento vank\u00fa\u0161 je \u00fato\u010diskom pohodlia a podpory. Presne tvarovan\u00fd stredov\u00fd v\u00fdrez jemne obj\u00edma jemn\u00fa hlavi\u010dku v\u00e1\u0161ho die\u0165a\u0165a a elegantne ju vedie k dokonal\u00e9mu tvaru, ke\u010f prech\u00e1dza svojimi vz\u00e1cnymi prv\u00fdmi d\u0148ami. S rozmermi 26,5*25*1,5 cm sa ide\u00e1lne hod\u00ed do r\u00f4znych prostred\u00ed. \u010ci u\u017e je ulo\u017een\u00fd v luxusnej m\u00e4kkosti postie\u013eky v\u00e1\u0161ho die\u0165a\u0165a, vytv\u00e1ra \u00fatuln\u00fd tr\u00f3n pre jeho pokojn\u00fd sp\u00e1nok, alebo ho sprev\u00e1dza v ko\u010d\u00edku po\u010das slne\u010dnej prech\u00e1dzky v okol\u00ed, tento vank\u00fa\u0161 zaru\u010duje neochvejn\u00e9 pohodlie. V\u00fdborne sa hod\u00ed aj do detsk\u00fdch nosi\u010dov, tak\u017ee v\u00fdlety bud\u00fa hra\u010dkou a va\u0161e die\u0165atko bude ma\u0165 pohodln\u00fa oporu. Rodi\u010dia s\u00fa t\u00fdmto vank\u00fa\u0161om o\u010daren\u00ed! Jedna nad\u0161en\u00e1 mami\u010dka sa podelila: \"Moje die\u0165a vyzer\u00e1 ako mal\u00fd princ\/princezn\u00e1, ke\u010f odpo\u010d\u00edva na tomto vank\u00fa\u0161i s korunkou. Je neuverite\u013ene m\u00e4kk\u00fd a v\u0161imla som si ve\u013ek\u00e9 zlep\u0161enie tvaru ich hlavi\u010dky. Modr\u00e1 farba, ktor\u00fa sme vybrali, je v detskej izbe jednoducho \u00fa\u017easn\u00e1.\" Otec dodal: \"Je to tak\u00e9 pohodln\u00e9, \u017ee si ho m\u00f4\u017eeme vzia\u0165 v\u0161ade so sebou. Dizajn je jedine\u010dn\u00fd a zd\u00e1 sa, \u017ee moje die\u0165a ho miluje. Je to skvel\u00fd doplnok k na\u0161im potreb\u00e1m pre b\u00e1b\u00e4tko.\" Vank\u00fa\u0161 na tvarovanie korunky, ktor\u00fd je k dispoz\u00edcii v o\u010daruj\u00facich odtie\u0148och ru\u017eovej a modrej, je viac ako len doplnok pre b\u00e1b\u00e4tko; je to cenen\u00fd spolo\u010dn\u00edk, ktor\u00fd s\u013eubuje pohodlie, podporu a kvapku kr\u00e1\u013eovsk\u00e9ho p\u00f4vabu pre vz\u00e1cne prv\u00e9 mesiace v\u00e1\u0161ho b\u00e1b\u00e4tka.<\/div>\n<\/div>","protected":false},"excerpt":{"rendered":"<p>Vank\u00fa\u0161 na tvarovanie korunky je p\u00f4vabn\u00fd a praktick\u00fd v\u00fdrobok ur\u010den\u00fd pre deti vo veku od 0 do 6 mesiacov. Jeho jedine\u010dn\u00fd dizajn s roztomilou korunkou na vrchu mu dod\u00e1va kr\u00e1\u013eovsk\u00fd a rozko\u0161n\u00fd vzh\u013ead. Centr\u00e1lny v\u00fdrez vank\u00fa\u0161a je starostlivo vytvoren\u00fd tak, aby poskytoval jemn\u00fa oporu hlavi\u010dke die\u0165a\u0165a a pom\u00e1hal udr\u017eiava\u0165 spr\u00e1vny tvar hlavi\u010dky v rozhoduj\u00facom ranom \u0161t\u00e1diu v\u00fdvoja. Rozmery 26,5<em>25<\/em>1,5 cm, pohodlne sa zmest\u00ed do postie\u013eky, ko\u010d\u00edka alebo ke\u010f die\u0165a odpo\u010d\u00edva na deke. K dispoz\u00edcii je v ru\u017eovej a modrej farbe, tak\u017ee rodi\u010dom umo\u017e\u0148uje vybra\u0165 si farbu, ktor\u00e1 vyhovuje ich vkusu alebo v\u00fdzdobe detskej izby, a sp\u00e1ja \u0161t\u00fdl aj funk\u010dnos\u0165 pre optim\u00e1lnu starostlivos\u0165 o die\u0165a.<\/p>","protected":false},"featured_media":3290,"comment_status":"open","ping_status":"closed","template":"","meta":{"_uag_custom_page_level_css":"","site-sidebar-layout":"default","site-content-layout":"","ast-site-content-layout":"default","site-content-style":"default","site-sidebar-style":"default","ast-global-header-display":"","ast-banner-title-visibility":"","ast-main-header-display":"","ast-hfb-above-header-display":"","ast-hfb-below-header-display":"","ast-hfb-mobile-header-display":"","site-post-title":"","ast-breadcrumbs-content":"","ast-featured-img":"","footer-sml-layout":"","ast-disable-related-posts":"","theme-transparent-header-meta":"default","adv-header-id-meta":"","stick-header-meta":"","header-above-stick-meta":"","header-main-stick-meta":"","header-below-stick-meta":"","astra-migrate-meta-layouts":"set","ast-page-background-enabled":"default","ast-page-background-meta":{"desktop":{"background-color":"","background-image":"","background-repeat":"repeat","background-position":"center center","background-size":"auto","background-attachment":"scroll","background-type":"","background-media":"","overlay-type":"","overlay-color":"","overlay-opacity":"","overlay-gradient":""},"tablet":{"background-color":"","background-image":"","background-repeat":"repeat","background-position":"center center","background-size":"auto","background-attachment":"scroll","background-type":"","background-media":"","overlay-type":"","overlay-color":"","overlay-opacity":"","overlay-gradient":""},"mobile":{"background-color":"","background-image":"","background-repeat":"repeat","background-position":"center center","background-size":"auto","background-attachment":"scroll","background-type":"","background-media":"","overlay-type":"","overlay-color":"","overlay-opacity":"","overlay-gradient":""}},"ast-content-background-meta":{"desktop":{"background-color":"var(--ast-global-color-5)","background-image":"","background-repeat":"repeat","background-position":"center center","background-size":"auto","background-attachment":"scroll","background-type":"","background-media":"","overlay-type":"","overlay-color":"","overlay-opacity":"","overlay-gradient":""},"tablet":{"background-color":"var(--ast-global-color-5)","background-image":"","background-repeat":"repeat","background-position":"center center","background-size":"auto","background-attachment":"scroll","background-type":"","background-media":"","overlay-type":"","overlay-color":"","overlay-opacity":"","overlay-gradient":""},"mobile":{"background-color":"var(--ast-global-color-5)","background-image":"","background-repeat":"repeat","background-position":"center center","background-size":"auto","background-attachment":"scroll","background-type":"","background-media":"","overlay-type":"","overlay-color":"","overlay-opacity":"","overlay-gradient":""}}},"product_brand":[],"product_cat":[54,42],"product_tag":[70,68,71,69],"class_list":{"0":"post-3289","1":"product","2":"type-product","3":"status-publish","4":"has-post-thumbnail","6":"product_cat-0-to-6months","7":"product_cat-merchandise","8":"product_tag-babypillow","9":"product_tag-cuteanimalpillow","10":"product_tag-headshapesupport","11":"product_tag-kouniushapingpillow","12":"desktop-align-left","13":"tablet-align-left","14":"mobile-align-left","16":"first","17":"instock","18":"shipping-taxable","19":"product-type-simple"},"aioseo_notices":[],"uagb_featured_image_src":{"full":["https:\/\/babypillowwholesale.com\/wp-content\/uploads\/2025\/03\/1508.jpg",1000,1000,false],"thumbnail":["https:\/\/babypillowwholesale.com\/wp-content\/uploads\/2025\/03\/1508-150x150.jpg",150,150,true],"medium":["https:\/\/babypillowwholesale.com\/wp-content\/uploads\/2025\/03\/1508-300x300.jpg",300,300,true],"medium_large":["https:\/\/babypillowwholesale.com\/wp-content\/uploads\/2025\/03\/1508-768x768.jpg",768,768,true],"large":["https:\/\/babypillowwholesale.com\/wp-content\/uploads\/2025\/03\/1508.jpg",1000,1000,false],"1536x1536":["https:\/\/babypillowwholesale.com\/wp-content\/uploads\/2025\/03\/1508.jpg",1000,1000,false],"2048x2048":["https:\/\/babypillowwholesale.com\/wp-content\/uploads\/2025\/03\/1508.jpg",1000,1000,false],"trp-custom-language-flag":["https:\/\/babypillowwholesale.com\/wp-content\/uploads\/2025\/03\/1508.jpg",12,12,false],"woocommerce_thumbnail":["https:\/\/babypillowwholesale.com\/wp-content\/uploads\/2025\/03\/1508-300x300.jpg",300,300,true],"woocommerce_single":["https:\/\/babypillowwholesale.com\/wp-content\/uploads\/2025\/03\/1508-600x600.jpg",600,600,true],"woocommerce_gallery_thumbnail":["https:\/\/babypillowwholesale.com\/wp-content\/uploads\/2025\/03\/1508-100x100.jpg",100,100,true]},"uagb_author_info":{"display_name":"yangli","author_link":"https:\/\/babypillowwholesale.com\/sk\/author\/"},"uagb_comment_info":0,"uagb_excerpt":"The Crown Shaping Pillow is a charming and practical product designed for infants aged 0 to 6 months. Its unique design, featuring a cute crown on top, gives it a regal and adorable look. The central cut - out of the pillow is carefully crafted to provide gentle support for a baby's head, helping to&hellip;","jetpack_sharing_enabled":true,"_links":{"self":[{"href":"https:\/\/babypillowwholesale.com\/sk\/wp-json\/wp\/v2\/product\/3289","targetHints":{"allow":["GET"]}}],"collection":[{"href":"https:\/\/babypillowwholesale.com\/sk\/wp-json\/wp\/v2\/product"}],"about":[{"href":"https:\/\/babypillowwholesale.com\/sk\/wp-json\/wp\/v2\/types\/product"}],"replies":[{"embeddable":true,"href":"https:\/\/babypillowwholesale.com\/sk\/wp-json\/wp\/v2\/comments?post=3289"}],"wp:featuredmedia":[{"embeddable":true,"href":"https:\/\/babypillowwholesale.com\/sk\/wp-json\/wp\/v2\/media\/3290"}],"wp:attachment":[{"href":"https:\/\/babypillowwholesale.com\/sk\/wp-json\/wp\/v2\/media?parent=3289"}],"wp:term":[{"taxonomy":"product_brand","embeddable":true,"href":"https:\/\/babypillowwholesale.com\/sk\/wp-json\/wp\/v2\/product_brand?post=3289"},{"taxonomy":"product_cat","embeddable":true,"href":"https:\/\/babypillowwholesale.com\/sk\/wp-json\/wp\/v2\/product_cat?post=3289"},{"taxonomy":"product_tag","embeddable":true,"href":"https:\/\/babypillowwholesale.com\/sk\/wp-json\/wp\/v2\/product_tag?post=3289"}],"curies":[{"name":"wp","href":"https:\/\/api.w.org\/{rel}","templated":true}]}}