{"id":3286,"date":"2025-03-18T15:34:57","date_gmt":"2025-03-18T15:34:57","guid":{"rendered":"https:\/\/babypillowwholesale.com\/?post_type=product&#038;p=3286"},"modified":"2025-06-08T16:11:21","modified_gmt":"2025-06-08T16:11:21","slug":"monster-shaping-pillow","status":"publish","type":"product","link":"https:\/\/babypillowwholesale.com\/sk\/product\/monster-shaping-pillow\/","title":{"rendered":"Vank\u00fa\u0161 na tvarovanie pr\u00ed\u0161er"},"content":{"rendered":"<div class=\"auto-hide-last-sibling-br paragraph-qzbcQC paragraph-element br-paragraph-space\" data-immersive-translate-walked=\"8e61f2e7-6af2-46e5-9672-3b9e4f4033d9\" data-immersive-translate-paragraph=\"1\">\n<div class=\"auto-hide-last-sibling-br paragraph-qzbcQC paragraph-element br-paragraph-space\">Vst\u00fapte do sveta rozmarnosti a pohodlia s na\u0161\u00edm vank\u00fa\u0161om Monster Shaping Pillow, ktor\u00fd je absol\u00fatne nevyhnutn\u00fd pre najmen\u0161\u00edch dobrodruhov vo veku od 0 do 6 mesiacov. Rozko\u0161n\u00fd dizajn in\u0161pirovan\u00fd pr\u00ed\u0161erkami s ve\u013ek\u00fdmi zvedav\u00fdmi okr\u00fahlymi o\u010dami, roztomil\u00fdm nosom a u\u0161kami je hrav\u00fdm doplnkom, ktor\u00fd okam\u017eite roz\u017eiari ka\u017ed\u00fa detsk\u00fa izbu. Tento vank\u00fa\u0161 nie je len o jeho podmanivom vzh\u013eade; je to o\u00e1za podpory. Starostlivo tvarovan\u00fd stredov\u00fd v\u00fdrez pon\u00faka jemn\u00e9, upokojuj\u00face objatie jemnej hlavi\u010dky v\u00e1\u0161ho b\u00e1b\u00e4tka a elegantne ju vedie k dokonal\u00e9mu tvaru po\u010das objavovania prv\u00fdch dn\u00ed jeho \u017eivota. S rozmermi 26,5*25*1,5 cm je neuverite\u013ene univerz\u00e1lna. Po\u010das leniv\u00fdch nede\u013en\u00fdch popoludn\u00ed doma ju umiestnite do detskej postie\u013eky a sledujte, ako men\u00ed \u010das sp\u00e1nku na \u00fatuln\u00fd z\u00e1\u017eitok pln\u00fd snov. Ke\u010f ste na rodinnom v\u00fdlete, \u010di u\u017e ide o v\u00fdlet do zoologickej z\u00e1hrady alebo piknik v parku, vank\u00fa\u0161ik sa pohodlne zmest\u00ed do ko\u010d\u00edka a zabezpe\u010d\u00ed, aby si va\u0161e die\u0165atko u\u017eilo pohodln\u00fa cestu. Rodi\u010dia s\u00fa z tohto rozko\u0161n\u00e9ho vank\u00fa\u0161a nad\u0161en\u00ed! Jedna mami\u010dka sa rozpl\u00fdvala: \"Moje die\u0165a je posadnut\u00e9 t\u00fdmto vank\u00fa\u0161om s pr\u00ed\u0161erkou. Je tak\u00fd m\u00e4kk\u00fd a jeho dizajn ich v\u017edy rozochveje. Okrem toho im skvele udr\u017eiava hlavu v dobrej polohe.\" Ist\u00fd otecko sa podelil: \"P\u00e1\u010di sa mi, ako \u013eahko sa pren\u00e1\u0161a. Stal sa z\u00e1kladom na na\u0161ich cest\u00e1ch a farebn\u00e9 mo\u017enosti s\u00fa naozaj pekn\u00e9. Vrelo ho odpor\u00fa\u010dam ostatn\u00fdm rodi\u010dom.\" Vank\u00fa\u0161 Monster Shaping Pillow, ktor\u00fd je k dispoz\u00edcii v o\u010daruj\u00facich odtie\u0148och ru\u017eovej a modrej farby, je viac ako len doplnok pre b\u00e1b\u00e4tk\u00e1; je to milovan\u00fd spolo\u010dn\u00edk, ktor\u00fd s\u013eubuje pohodlie, podporu a ve\u013ea z\u00e1bavy pre vz\u00e1cne prv\u00e9 dni v\u00e1\u0161ho b\u00e1b\u00e4tka.<\/div>\n<\/div>","protected":false},"excerpt":{"rendered":"<p>Vank\u00fa\u0161 na tvarovanie pr\u00ed\u0161eriek je p\u00fatav\u00fd a praktick\u00fd v\u00fdrobok ur\u010den\u00fd pre deti od 0 do 6 mesiacov. Jeho roztomil\u00fd vzh\u013ead s mot\u00edvom pr\u00ed\u0161erky, s okr\u00fahlymi o\u010dami, mal\u00fdm nosom a mal\u00fdmi u\u0161ami, ho rob\u00ed vizu\u00e1lne zauj\u00edmav\u00fdm. Jedine\u010dn\u00fd stredov\u00fd v\u00fdrez vank\u00fa\u0161a poskytuje jemn\u00fa oporu hlavi\u010dke die\u0165a\u0165a, \u010d\u00edm pom\u00e1ha udr\u017eiava\u0165 spr\u00e1vny tvar hlavi\u010dky po\u010das jeho ran\u00e9ho rastu. Rozmery 26,5<em>25<\/em>1,5 cm, je vhodn\u00fd na pou\u017eitie v postie\u013ekach, ko\u010d\u00edkoch alebo ke\u010f die\u0165a le\u017e\u00ed na podlo\u017eke. K dispoz\u00edcii je v ru\u017eovej a modrej farbe, tak\u017ee rodi\u010dom d\u00e1va mo\u017enos\u0165 vybra\u0165 si farbu, ktor\u00e1 zodpoved\u00e1 ich preferenci\u00e1m alebo v\u00fdzdobe detskej izby, a sp\u00e1ja z\u00e1bavu aj funk\u010dnos\u0165 pri starostlivosti o die\u0165a.<\/p>","protected":false},"featured_media":3287,"comment_status":"open","ping_status":"closed","template":"","meta":{"_uag_custom_page_level_css":"","site-sidebar-layout":"default","site-content-layout":"","ast-site-content-layout":"default","site-content-style":"default","site-sidebar-style":"default","ast-global-header-display":"","ast-banner-title-visibility":"","ast-main-header-display":"","ast-hfb-above-header-display":"","ast-hfb-below-header-display":"","ast-hfb-mobile-header-display":"","site-post-title":"","ast-breadcrumbs-content":"","ast-featured-img":"","footer-sml-layout":"","ast-disable-related-posts":"","theme-transparent-header-meta":"default","adv-header-id-meta":"","stick-header-meta":"","header-above-stick-meta":"","header-main-stick-meta":"","header-below-stick-meta":"","astra-migrate-meta-layouts":"set","ast-page-background-enabled":"default","ast-page-background-meta":{"desktop":{"background-color":"","background-image":"","background-repeat":"repeat","background-position":"center center","background-size":"auto","background-attachment":"scroll","background-type":"","background-media":"","overlay-type":"","overlay-color":"","overlay-opacity":"","overlay-gradient":""},"tablet":{"background-color":"","background-image":"","background-repeat":"repeat","background-position":"center center","background-size":"auto","background-attachment":"scroll","background-type":"","background-media":"","overlay-type":"","overlay-color":"","overlay-opacity":"","overlay-gradient":""},"mobile":{"background-color":"","background-image":"","background-repeat":"repeat","background-position":"center center","background-size":"auto","background-attachment":"scroll","background-type":"","background-media":"","overlay-type":"","overlay-color":"","overlay-opacity":"","overlay-gradient":""}},"ast-content-background-meta":{"desktop":{"background-color":"var(--ast-global-color-5)","background-image":"","background-repeat":"repeat","background-position":"center center","background-size":"auto","background-attachment":"scroll","background-type":"","background-media":"","overlay-type":"","overlay-color":"","overlay-opacity":"","overlay-gradient":""},"tablet":{"background-color":"var(--ast-global-color-5)","background-image":"","background-repeat":"repeat","background-position":"center center","background-size":"auto","background-attachment":"scroll","background-type":"","background-media":"","overlay-type":"","overlay-color":"","overlay-opacity":"","overlay-gradient":""},"mobile":{"background-color":"var(--ast-global-color-5)","background-image":"","background-repeat":"repeat","background-position":"center center","background-size":"auto","background-attachment":"scroll","background-type":"","background-media":"","overlay-type":"","overlay-color":"","overlay-opacity":"","overlay-gradient":""}}},"product_brand":[],"product_cat":[54,42],"product_tag":[70,68,71,69],"class_list":{"0":"post-3286","1":"product","2":"type-product","3":"status-publish","4":"has-post-thumbnail","6":"product_cat-0-to-6months","7":"product_cat-merchandise","8":"product_tag-babypillow","9":"product_tag-cuteanimalpillow","10":"product_tag-headshapesupport","11":"product_tag-kouniushapingpillow","12":"desktop-align-left","13":"tablet-align-left","14":"mobile-align-left","16":"first","17":"instock","18":"shipping-taxable","19":"product-type-simple"},"aioseo_notices":[],"uagb_featured_image_src":{"full":["https:\/\/babypillowwholesale.com\/wp-content\/uploads\/2025\/03\/1507.jpg",1000,1000,false],"thumbnail":["https:\/\/babypillowwholesale.com\/wp-content\/uploads\/2025\/03\/1507-150x150.jpg",150,150,true],"medium":["https:\/\/babypillowwholesale.com\/wp-content\/uploads\/2025\/03\/1507-300x300.jpg",300,300,true],"medium_large":["https:\/\/babypillowwholesale.com\/wp-content\/uploads\/2025\/03\/1507-768x768.jpg",768,768,true],"large":["https:\/\/babypillowwholesale.com\/wp-content\/uploads\/2025\/03\/1507.jpg",1000,1000,false],"1536x1536":["https:\/\/babypillowwholesale.com\/wp-content\/uploads\/2025\/03\/1507.jpg",1000,1000,false],"2048x2048":["https:\/\/babypillowwholesale.com\/wp-content\/uploads\/2025\/03\/1507.jpg",1000,1000,false],"trp-custom-language-flag":["https:\/\/babypillowwholesale.com\/wp-content\/uploads\/2025\/03\/1507.jpg",12,12,false],"woocommerce_thumbnail":["https:\/\/babypillowwholesale.com\/wp-content\/uploads\/2025\/03\/1507-300x300.jpg",300,300,true],"woocommerce_single":["https:\/\/babypillowwholesale.com\/wp-content\/uploads\/2025\/03\/1507-600x600.jpg",600,600,true],"woocommerce_gallery_thumbnail":["https:\/\/babypillowwholesale.com\/wp-content\/uploads\/2025\/03\/1507-100x100.jpg",100,100,true]},"uagb_author_info":{"display_name":"Etnen zhong","author_link":"https:\/\/babypillowwholesale.com\/sk\/author\/"},"uagb_comment_info":0,"uagb_excerpt":"The Monster Shaping Pillow is an engaging and practical product designed for infants aged 0 to 6 months. Its cute monster - themed appearance, with round eyes, a small nose, and little ears, makes it visually interesting. The unique central cut - out of the pillow provides gentle support for a baby's head, helping to&hellip;","jetpack_sharing_enabled":true,"_links":{"self":[{"href":"https:\/\/babypillowwholesale.com\/sk\/wp-json\/wp\/v2\/product\/3286","targetHints":{"allow":["GET"]}}],"collection":[{"href":"https:\/\/babypillowwholesale.com\/sk\/wp-json\/wp\/v2\/product"}],"about":[{"href":"https:\/\/babypillowwholesale.com\/sk\/wp-json\/wp\/v2\/types\/product"}],"replies":[{"embeddable":true,"href":"https:\/\/babypillowwholesale.com\/sk\/wp-json\/wp\/v2\/comments?post=3286"}],"wp:featuredmedia":[{"embeddable":true,"href":"https:\/\/babypillowwholesale.com\/sk\/wp-json\/wp\/v2\/media\/3287"}],"wp:attachment":[{"href":"https:\/\/babypillowwholesale.com\/sk\/wp-json\/wp\/v2\/media?parent=3286"}],"wp:term":[{"taxonomy":"product_brand","embeddable":true,"href":"https:\/\/babypillowwholesale.com\/sk\/wp-json\/wp\/v2\/product_brand?post=3286"},{"taxonomy":"product_cat","embeddable":true,"href":"https:\/\/babypillowwholesale.com\/sk\/wp-json\/wp\/v2\/product_cat?post=3286"},{"taxonomy":"product_tag","embeddable":true,"href":"https:\/\/babypillowwholesale.com\/sk\/wp-json\/wp\/v2\/product_tag?post=3286"}],"curies":[{"name":"wp","href":"https:\/\/api.w.org\/{rel}","templated":true}]}}