{"id":3271,"date":"2025-03-18T06:30:20","date_gmt":"2025-03-18T06:30:20","guid":{"rendered":"https:\/\/babypillowwholesale.com\/?post_type=product&#038;p=3271"},"modified":"2025-06-08T16:13:28","modified_gmt":"2025-06-08T16:13:28","slug":"cute-one-shaping-pillow","status":"publish","type":"product","link":"https:\/\/babypillowwholesale.com\/sk\/product\/cute-one-shaping-pillow\/","title":{"rendered":"Roztomil\u00fd vank\u00fa\u0161 na tvarovanie"},"content":{"rendered":"<div class=\"auto-hide-last-sibling-br paragraph-qzbcQC paragraph-element br-paragraph-space\" data-immersive-translate-walked=\"8e61f2e7-6af2-46e5-9672-3b9e4f4033d9\" data-immersive-translate-paragraph=\"1\">\n<div class=\"auto-hide-last-sibling-br paragraph-qzbcQC paragraph-element br-paragraph-space\">\u00daplne o\u010daruj\u00faci tvarovac\u00ed vank\u00fa\u0161 Cute One, zasnen\u00fd z\u00e1kladn\u00fd vank\u00fa\u0161 starostlivo vytvoren\u00fd pre najmen\u0161\u00edch mil\u00e1\u010dikov vo veku od 0 do 6 mesiacov. Tento vank\u00fa\u0161 s o\u010daruj\u00facou viz\u00e1\u017eou, ktor\u00fa zdobia rozko\u0161n\u00e9 u\u0161i in\u0161pirovan\u00e9 zvieratkami a sladk\u00e1, roztomil\u00e1 tv\u00e1ri\u010dka, si nemo\u017eno na prv\u00fd poh\u013ead nezamilova\u0165.<\/div>\n<div class=\"auto-hide-last-sibling-br paragraph-qzbcQC paragraph-element br-paragraph-space\">Okrem podmaniv\u00e9ho zov\u0148aj\u0161ku je tento vank\u00fa\u0161 vzorom funk\u010dnosti. D\u00f4myselne navrhnut\u00fd centr\u00e1lny v\u00fdrez pon\u00faka jemn\u00fa a podporn\u00fa n\u00e1ru\u010d pre jemn\u00fa hlavi\u010dku v\u00e1\u0161ho die\u0165a\u0165a, ktor\u00e1 ju jemne vedie k dokonal\u00e9mu tvaru po\u010das jeho cesty vz\u00e1cnymi prv\u00fdmi d\u0148ami. Rozmery 26,5*<em>25*<\/em>1,5 cm, m\u00e1 perfektn\u00fa ve\u013ekos\u0165, aby sa bez probl\u00e9mov hodil do r\u00f4znych prostred\u00ed.<\/div>\n<div class=\"auto-hide-last-sibling-br paragraph-qzbcQC paragraph-element br-paragraph-space\">Tento vank\u00fa\u0161 sa postar\u00e1 o neochvejn\u00e9 pohodlie, \u010di u\u017e je ulo\u017een\u00fd v ply\u0161ovej postie\u013eke v\u00e1\u0161ho die\u0165a\u0165a, vytv\u00e1ra o\u00e1zu pokoja pri dlhom, regenera\u010dnom sp\u00e1nku, alebo sprev\u00e1dza va\u0161e die\u0165atko v ko\u010d\u00edku po\u010das pokojnej prech\u00e1dzky v parku. Je tie\u017e ide\u00e1lnym spolo\u010dn\u00edkom na \u00fatuln\u00e9 popoludnia doma, ke\u010f va\u0161e b\u00e1b\u00e4tko odpo\u010d\u00edva na m\u00e4kkej deke a poskytuje mu zn\u00e1me a upokojuj\u00face miesto.<\/div>\n<div class=\"auto-hide-last-sibling-br paragraph-qzbcQC paragraph-element br-paragraph-space\">Rodi\u010dia s\u00fa z vank\u00fa\u0161a Cute One Shaping Pillow \u00faplne unesen\u00ed! Jedna z nad\u0161en\u00fdch mami\u010diek sa podelila: \"Tento vank\u00fa\u0161 je nielen neuverite\u013ene roztomil\u00fd, ale aj z\u00e1zra\u010dne prisp\u00f4sobuje tvar hlavy m\u00f4jho die\u0165a\u0165a. Je tak\u00fd m\u00e4kk\u00fd a zd\u00e1 sa, \u017ee m\u00f4j mal\u00fd na \u0148om r\u00e1d odpo\u010d\u00edva. Navy\u0161e, farebn\u00e9 mo\u017enosti s\u00fa skvel\u00e9 - vybrali sme si modr\u00fa a v detskej izbe vyzer\u00e1 \u00fa\u017easne.\" \u010eal\u0161\u00ed otecko dodal: \"Stala sa z\u00e1kladom na\u0161ej ka\u017edodennej rutiny. \u013dahko sa pren\u00e1\u0161a a v\u017edy vy\u010dar\u00ed \u00fasmev na tv\u00e1ri m\u00f4jho die\u0165a\u0165a. Vrelo odpor\u00fa\u010dam!\"<\/div>\n<div class=\"auto-hide-last-sibling-br paragraph-qzbcQC paragraph-element br-paragraph-space\">Tvarovac\u00ed vank\u00fa\u0161 Cute One, ktor\u00fd je k dispoz\u00edcii v o\u010daruj\u00facich odtie\u0148och ru\u017eovej, modrej a tmavozelenej farby, je viac ne\u017e len doplnok pre b\u00e1b\u00e4tko; je to milovan\u00fd spolo\u010dn\u00edk, v ktorom sa dokonale sp\u00e1ja roztomilos\u0165, pohodlie a praktickos\u0165 pre prv\u00e9 mesiace \u017eivota v\u00e1\u0161ho b\u00e1b\u00e4tka.<\/div>\n<\/div>","protected":false},"excerpt":{"rendered":"<p>Tvarovac\u00ed vank\u00fa\u0161 Cute One je rozko\u0161n\u00fd a funk\u010dn\u00fd v\u00fdrobok ur\u010den\u00fd pre deti vo veku od 0 do 6 mesiacov. Jeho o\u010daruj\u00faci vzh\u013ead s roztomil\u00fdmi u\u0161kami pripom\u00ednaj\u00facimi zvieratk\u00e1 a sladk\u00fdm dizajnom si ur\u010dite z\u00edska srdcia. Jedine\u010dn\u00fd v\u00fdrez uprostred vank\u00fa\u0161a poskytuje jemn\u00fa oporu hlavi\u010dke die\u0165a\u0165a a pom\u00e1ha udr\u017eiava\u0165 zdrav\u00fd tvar hlavi\u010dky v rozhoduj\u00facom obdob\u00ed ran\u00e9ho v\u00fdvoja. S ve\u013ekos\u0165ou 26,5*<em>25*<\/em>1,5 cm, pohodlne sa zmest\u00ed do postie\u013eky, ko\u010d\u00edka alebo ke\u010f die\u0165a odpo\u010d\u00edva na deke. K dispoz\u00edcii je v ru\u017eovej, modrej a tmavozelenej farbe, tak\u017ee pon\u00faka rodi\u010dom mo\u017enos\u0165 v\u00fdberu pod\u013ea ich preferenci\u00ed alebo v\u00fdzdoby detskej izby a sp\u00e1ja roztomilos\u0165 aj praktickos\u0165 pri starostlivosti o die\u0165a.<\/p>","protected":false},"featured_media":3284,"comment_status":"open","ping_status":"closed","template":"","meta":{"_uag_custom_page_level_css":"","site-sidebar-layout":"default","site-content-layout":"","ast-site-content-layout":"default","site-content-style":"default","site-sidebar-style":"default","ast-global-header-display":"","ast-banner-title-visibility":"","ast-main-header-display":"","ast-hfb-above-header-display":"","ast-hfb-below-header-display":"","ast-hfb-mobile-header-display":"","site-post-title":"","ast-breadcrumbs-content":"","ast-featured-img":"","footer-sml-layout":"","ast-disable-related-posts":"","theme-transparent-header-meta":"default","adv-header-id-meta":"","stick-header-meta":"","header-above-stick-meta":"","header-main-stick-meta":"","header-below-stick-meta":"","astra-migrate-meta-layouts":"set","ast-page-background-enabled":"default","ast-page-background-meta":{"desktop":{"background-color":"","background-image":"","background-repeat":"repeat","background-position":"center center","background-size":"auto","background-attachment":"scroll","background-type":"","background-media":"","overlay-type":"","overlay-color":"","overlay-opacity":"","overlay-gradient":""},"tablet":{"background-color":"","background-image":"","background-repeat":"repeat","background-position":"center center","background-size":"auto","background-attachment":"scroll","background-type":"","background-media":"","overlay-type":"","overlay-color":"","overlay-opacity":"","overlay-gradient":""},"mobile":{"background-color":"","background-image":"","background-repeat":"repeat","background-position":"center center","background-size":"auto","background-attachment":"scroll","background-type":"","background-media":"","overlay-type":"","overlay-color":"","overlay-opacity":"","overlay-gradient":""}},"ast-content-background-meta":{"desktop":{"background-color":"var(--ast-global-color-5)","background-image":"","background-repeat":"repeat","background-position":"center center","background-size":"auto","background-attachment":"scroll","background-type":"","background-media":"","overlay-type":"","overlay-color":"","overlay-opacity":"","overlay-gradient":""},"tablet":{"background-color":"var(--ast-global-color-5)","background-image":"","background-repeat":"repeat","background-position":"center center","background-size":"auto","background-attachment":"scroll","background-type":"","background-media":"","overlay-type":"","overlay-color":"","overlay-opacity":"","overlay-gradient":""},"mobile":{"background-color":"var(--ast-global-color-5)","background-image":"","background-repeat":"repeat","background-position":"center center","background-size":"auto","background-attachment":"scroll","background-type":"","background-media":"","overlay-type":"","overlay-color":"","overlay-opacity":"","overlay-gradient":""}}},"product_brand":[],"product_cat":[54,42],"product_tag":[70,68,71,69],"class_list":{"0":"post-3271","1":"product","2":"type-product","3":"status-publish","4":"has-post-thumbnail","6":"product_cat-0-to-6months","7":"product_cat-merchandise","8":"product_tag-babypillow","9":"product_tag-cuteanimalpillow","10":"product_tag-headshapesupport","11":"product_tag-kouniushapingpillow","12":"desktop-align-left","13":"tablet-align-left","14":"mobile-align-left","16":"first","17":"instock","18":"shipping-taxable","19":"product-type-simple"},"aioseo_notices":[],"uagb_featured_image_src":{"full":["https:\/\/babypillowwholesale.com\/wp-content\/uploads\/2025\/03\/1167-1.jpg",1000,1000,false],"thumbnail":["https:\/\/babypillowwholesale.com\/wp-content\/uploads\/2025\/03\/1167-1-150x150.jpg",150,150,true],"medium":["https:\/\/babypillowwholesale.com\/wp-content\/uploads\/2025\/03\/1167-1-300x300.jpg",300,300,true],"medium_large":["https:\/\/babypillowwholesale.com\/wp-content\/uploads\/2025\/03\/1167-1-768x768.jpg",768,768,true],"large":["https:\/\/babypillowwholesale.com\/wp-content\/uploads\/2025\/03\/1167-1.jpg",1000,1000,false],"1536x1536":["https:\/\/babypillowwholesale.com\/wp-content\/uploads\/2025\/03\/1167-1.jpg",1000,1000,false],"2048x2048":["https:\/\/babypillowwholesale.com\/wp-content\/uploads\/2025\/03\/1167-1.jpg",1000,1000,false],"trp-custom-language-flag":["https:\/\/babypillowwholesale.com\/wp-content\/uploads\/2025\/03\/1167-1.jpg",12,12,false],"woocommerce_thumbnail":["https:\/\/babypillowwholesale.com\/wp-content\/uploads\/2025\/03\/1167-1-300x300.jpg",300,300,true],"woocommerce_single":["https:\/\/babypillowwholesale.com\/wp-content\/uploads\/2025\/03\/1167-1-600x600.jpg",600,600,true],"woocommerce_gallery_thumbnail":["https:\/\/babypillowwholesale.com\/wp-content\/uploads\/2025\/03\/1167-1-100x100.jpg",100,100,true]},"uagb_author_info":{"display_name":"Etnen zhong","author_link":"https:\/\/babypillowwholesale.com\/sk\/author\/"},"uagb_comment_info":0,"uagb_excerpt":"The Cute One Shaping Pillow is a delightful and functional product designed for infants aged 0 to 6 months. Its charming appearance, featuring cute animal - like ears and a sweet - faced design, is sure to capture hearts. The pillow's unique cut - out design in the middle provides gentle support for a baby's&hellip;","jetpack_sharing_enabled":true,"_links":{"self":[{"href":"https:\/\/babypillowwholesale.com\/sk\/wp-json\/wp\/v2\/product\/3271","targetHints":{"allow":["GET"]}}],"collection":[{"href":"https:\/\/babypillowwholesale.com\/sk\/wp-json\/wp\/v2\/product"}],"about":[{"href":"https:\/\/babypillowwholesale.com\/sk\/wp-json\/wp\/v2\/types\/product"}],"replies":[{"embeddable":true,"href":"https:\/\/babypillowwholesale.com\/sk\/wp-json\/wp\/v2\/comments?post=3271"}],"wp:featuredmedia":[{"embeddable":true,"href":"https:\/\/babypillowwholesale.com\/sk\/wp-json\/wp\/v2\/media\/3284"}],"wp:attachment":[{"href":"https:\/\/babypillowwholesale.com\/sk\/wp-json\/wp\/v2\/media?parent=3271"}],"wp:term":[{"taxonomy":"product_brand","embeddable":true,"href":"https:\/\/babypillowwholesale.com\/sk\/wp-json\/wp\/v2\/product_brand?post=3271"},{"taxonomy":"product_cat","embeddable":true,"href":"https:\/\/babypillowwholesale.com\/sk\/wp-json\/wp\/v2\/product_cat?post=3271"},{"taxonomy":"product_tag","embeddable":true,"href":"https:\/\/babypillowwholesale.com\/sk\/wp-json\/wp\/v2\/product_tag?post=3271"}],"curies":[{"name":"wp","href":"https:\/\/api.w.org\/{rel}","templated":true}]}}