{"id":3269,"date":"2025-03-17T15:47:20","date_gmt":"2025-03-17T15:47:20","guid":{"rendered":"https:\/\/babypillowwholesale.com\/?post_type=product&#038;p=3269"},"modified":"2025-06-08T16:14:39","modified_gmt":"2025-06-08T16:14:39","slug":"little-bear-crescent-pillow","status":"publish","type":"product","link":"https:\/\/babypillowwholesale.com\/sk\/product\/little-bear-crescent-pillow\/","title":{"rendered":"Vank\u00fa\u0161 Little Bear Crescent"},"content":{"rendered":"<div class=\"auto-hide-last-sibling-br paragraph-qzbcQC paragraph-element br-paragraph-space\" data-immersive-translate-walked=\"8e61f2e7-6af2-46e5-9672-3b9e4f4033d9\" data-immersive-translate-paragraph=\"1\">Zozn\u00e1mte sa s o\u010daruj\u00facim vank\u00fa\u0161om Little Bear Crescent, ktor\u00fd je dokonalou kombin\u00e1ciou \u0161armu a funk\u010dnosti, \u0161itou na mieru pre najmen\u0161\u00edch sp\u00e1\u010dov vo veku od 0 do 6 mesiacov. Pripom\u00edna rozko\u0161n\u00e9ho medved\u00edka, ktor\u00fd svojimi u\u0161kami a tv\u00e1ri\u010dkou vy\u017earuj\u00facou teplo okam\u017eite ukradne srdce a dod\u00e1 svetu v\u00e1\u0161ho b\u00e1b\u00e4tka d\u00e1vku roztomilosti. Tento vank\u00fa\u0161 nie je len vizu\u00e1lnym pote\u0161en\u00edm, ale aj zdrojom pohodlia. Starostlivo tvarovan\u00fd polmesiac pon\u00faka jemn\u00e9, ergonomick\u00e9 objatie jemnej hlavi\u010dky v\u00e1\u0161ho b\u00e1b\u00e4tka a vedie ju ku kr\u00e1snemu tvaru po\u010das cesty jeho drahocenn\u00fdmi prv\u00fdmi mesiacmi. S rozmermi 23\/20,5*0\/5 cm sa ide\u00e1lne hod\u00ed na r\u00f4zne nastavenia. Po\u010das dlh\u00fdch, leniv\u00fdch popoludn\u00ed doma ju umiestnite do detskej postie\u013eky a sledujte, ako premen\u00ed priestor na \u00fatuln\u00e9 \u00fato\u010disko a ukol\u00ed\u0161e va\u0161e die\u0165atko do pokojn\u00e9ho sp\u00e1nku. Ke\u010f ste na cest\u00e1ch, \u010di u\u017e ide o r\u00fdchlu cestu do obchodu s potravinami alebo v\u00edkendov\u00fd v\u00fdlet, vank\u00fa\u0161ik sa pohodlne zmest\u00ed do detsk\u00e9ho nosi\u010da, \u010d\u00edm zabezpe\u010d\u00ed pohodlie v\u00e1\u0161ho die\u0165a\u0165a po\u010das celej cesty. Rodi\u010dia si tento mal\u00fd skvost pochva\u013euj\u00fa! Jedna spokojn\u00e1 mami\u010dka sa podelila: \"Moje die\u0165a pou\u017e\u00edva tento vank\u00fa\u0161ik s medved\u00edkom u\u017e od svojich nieko\u013ek\u00fdch t\u00fd\u017ed\u0148ov. Je tak\u00fd m\u00e4kk\u00fd a milujem jeho roztomil\u00fd dizajn. Navy\u0161e sa zd\u00e1, \u017ee im naozaj pom\u00e1ha udr\u017ea\u0165 hlavi\u010dku v dobrej polohe.\" \u010eal\u0161\u00ed otecko sa pridal: \"R\u00f4zne farebn\u00e9 mo\u017enosti boli ve\u013ek\u00fdm plusom. M\u00e1me tmavozelen\u00fa a v detskej izbe vyzer\u00e1 \u00fa\u017easne. Stala sa neodmyslite\u013enou s\u00fa\u010das\u0165ou rutiny n\u00e1\u0161ho b\u00e1b\u00e4tka.\" Vank\u00fa\u0161 Little Bear Crescent, ktor\u00fd je k dispoz\u00edcii v o\u010daruj\u00facich odtie\u0148och ru\u017eovej, modrej a tmavozelenej, je viac ne\u017e len doplnok pre b\u00e1b\u00e4tko; je to milovan\u00fd spolo\u010dn\u00edk, ktor\u00fd s\u013eubuje pohodlie, podporu a ve\u013ea roztomilosti pre prv\u00e9 dni v\u00e1\u0161ho b\u00e1b\u00e4tka.<\/div>","protected":false},"excerpt":{"rendered":"<p>Vank\u00fa\u0161ik Little Bear Crescent je p\u00f4vabnou a praktickou vo\u013ebou pre deti vo veku od 0 do 6 mesiacov. M\u00e1 tvar roztomil\u00e9ho medved\u00edka, roztomil\u00e9 u\u0161i a mil\u00fa tv\u00e1ri\u010dku, v\u010faka \u010domu je vizu\u00e1lne pr\u00ed\u0165a\u017eliv\u00fd. Vank\u00fa\u0161 v tvare polmesiaca poskytuje jemn\u00fa a ergonomick\u00fa oporu hlavi\u010dke die\u0165a\u0165a, \u010d\u00edm pom\u00e1ha udr\u017eiava\u0165 spr\u00e1vny tvar hlavi\u010dky po\u010das jeho ran\u00e9ho v\u00fdvoja. V\u010faka svojim rozmerom 23\/20,5*0\/5 cm je vhodn\u00fd na pou\u017eitie v postie\u013ekach, nosi\u010doch alebo ke\u010f die\u0165a le\u017e\u00ed na podlo\u017eke na hranie. K dispoz\u00edcii je v ru\u017eovej, modrej a tmavozelenej farbe, tak\u017ee umo\u017e\u0148uje rodi\u010dom vybra\u0165 si farbu, ktor\u00e1 zodpoved\u00e1 ich vkusu alebo v\u00fdzdobe detskej izby, a sp\u00e1ja v sebe funk\u010dnos\u0165 aj roztomilos\u0165 na zv\u00fd\u0161enie pohodlia die\u0165a\u0165a.<\/p>","protected":false},"featured_media":3283,"comment_status":"open","ping_status":"closed","template":"","meta":{"_uag_custom_page_level_css":"","site-sidebar-layout":"default","site-content-layout":"","ast-site-content-layout":"default","site-content-style":"default","site-sidebar-style":"default","ast-global-header-display":"","ast-banner-title-visibility":"","ast-main-header-display":"","ast-hfb-above-header-display":"","ast-hfb-below-header-display":"","ast-hfb-mobile-header-display":"","site-post-title":"","ast-breadcrumbs-content":"","ast-featured-img":"","footer-sml-layout":"","ast-disable-related-posts":"","theme-transparent-header-meta":"default","adv-header-id-meta":"","stick-header-meta":"","header-above-stick-meta":"","header-main-stick-meta":"","header-below-stick-meta":"","astra-migrate-meta-layouts":"set","ast-page-background-enabled":"default","ast-page-background-meta":{"desktop":{"background-color":"","background-image":"","background-repeat":"repeat","background-position":"center center","background-size":"auto","background-attachment":"scroll","background-type":"","background-media":"","overlay-type":"","overlay-color":"","overlay-opacity":"","overlay-gradient":""},"tablet":{"background-color":"","background-image":"","background-repeat":"repeat","background-position":"center center","background-size":"auto","background-attachment":"scroll","background-type":"","background-media":"","overlay-type":"","overlay-color":"","overlay-opacity":"","overlay-gradient":""},"mobile":{"background-color":"","background-image":"","background-repeat":"repeat","background-position":"center center","background-size":"auto","background-attachment":"scroll","background-type":"","background-media":"","overlay-type":"","overlay-color":"","overlay-opacity":"","overlay-gradient":""}},"ast-content-background-meta":{"desktop":{"background-color":"var(--ast-global-color-5)","background-image":"","background-repeat":"repeat","background-position":"center center","background-size":"auto","background-attachment":"scroll","background-type":"","background-media":"","overlay-type":"","overlay-color":"","overlay-opacity":"","overlay-gradient":""},"tablet":{"background-color":"var(--ast-global-color-5)","background-image":"","background-repeat":"repeat","background-position":"center center","background-size":"auto","background-attachment":"scroll","background-type":"","background-media":"","overlay-type":"","overlay-color":"","overlay-opacity":"","overlay-gradient":""},"mobile":{"background-color":"var(--ast-global-color-5)","background-image":"","background-repeat":"repeat","background-position":"center center","background-size":"auto","background-attachment":"scroll","background-type":"","background-media":"","overlay-type":"","overlay-color":"","overlay-opacity":"","overlay-gradient":""}}},"product_brand":[],"product_cat":[54,42],"product_tag":[70,68,71,69],"class_list":{"0":"post-3269","1":"product","2":"type-product","3":"status-publish","4":"has-post-thumbnail","6":"product_cat-0-to-6months","7":"product_cat-merchandise","8":"product_tag-babypillow","9":"product_tag-cuteanimalpillow","10":"product_tag-headshapesupport","11":"product_tag-kouniushapingpillow","12":"desktop-align-left","13":"tablet-align-left","14":"mobile-align-left","16":"first","17":"instock","18":"shipping-taxable","19":"product-type-simple"},"aioseo_notices":[],"uagb_featured_image_src":{"full":["https:\/\/babypillowwholesale.com\/wp-content\/uploads\/2025\/03\/1135-1.jpg",1000,1000,false],"thumbnail":["https:\/\/babypillowwholesale.com\/wp-content\/uploads\/2025\/03\/1135-1-150x150.jpg",150,150,true],"medium":["https:\/\/babypillowwholesale.com\/wp-content\/uploads\/2025\/03\/1135-1-300x300.jpg",300,300,true],"medium_large":["https:\/\/babypillowwholesale.com\/wp-content\/uploads\/2025\/03\/1135-1-768x768.jpg",768,768,true],"large":["https:\/\/babypillowwholesale.com\/wp-content\/uploads\/2025\/03\/1135-1.jpg",1000,1000,false],"1536x1536":["https:\/\/babypillowwholesale.com\/wp-content\/uploads\/2025\/03\/1135-1.jpg",1000,1000,false],"2048x2048":["https:\/\/babypillowwholesale.com\/wp-content\/uploads\/2025\/03\/1135-1.jpg",1000,1000,false],"trp-custom-language-flag":["https:\/\/babypillowwholesale.com\/wp-content\/uploads\/2025\/03\/1135-1.jpg",12,12,false],"woocommerce_thumbnail":["https:\/\/babypillowwholesale.com\/wp-content\/uploads\/2025\/03\/1135-1-300x300.jpg",300,300,true],"woocommerce_single":["https:\/\/babypillowwholesale.com\/wp-content\/uploads\/2025\/03\/1135-1-600x600.jpg",600,600,true],"woocommerce_gallery_thumbnail":["https:\/\/babypillowwholesale.com\/wp-content\/uploads\/2025\/03\/1135-1-100x100.jpg",100,100,true]},"uagb_author_info":{"display_name":"Etnen zhong","author_link":"https:\/\/babypillowwholesale.com\/sk\/author\/"},"uagb_comment_info":0,"uagb_excerpt":"The Little Bear Crescent Pillow is a charming and practical choice for infants aged 0 to 6 months. Shaped like an endearing little bear, it features cute ears and a sweet face, making it visually appealing. The crescent - shaped design of the pillow provides gentle and ergonomic support for a baby's head, helping to&hellip;","jetpack_sharing_enabled":true,"_links":{"self":[{"href":"https:\/\/babypillowwholesale.com\/sk\/wp-json\/wp\/v2\/product\/3269","targetHints":{"allow":["GET"]}}],"collection":[{"href":"https:\/\/babypillowwholesale.com\/sk\/wp-json\/wp\/v2\/product"}],"about":[{"href":"https:\/\/babypillowwholesale.com\/sk\/wp-json\/wp\/v2\/types\/product"}],"replies":[{"embeddable":true,"href":"https:\/\/babypillowwholesale.com\/sk\/wp-json\/wp\/v2\/comments?post=3269"}],"wp:featuredmedia":[{"embeddable":true,"href":"https:\/\/babypillowwholesale.com\/sk\/wp-json\/wp\/v2\/media\/3283"}],"wp:attachment":[{"href":"https:\/\/babypillowwholesale.com\/sk\/wp-json\/wp\/v2\/media?parent=3269"}],"wp:term":[{"taxonomy":"product_brand","embeddable":true,"href":"https:\/\/babypillowwholesale.com\/sk\/wp-json\/wp\/v2\/product_brand?post=3269"},{"taxonomy":"product_cat","embeddable":true,"href":"https:\/\/babypillowwholesale.com\/sk\/wp-json\/wp\/v2\/product_cat?post=3269"},{"taxonomy":"product_tag","embeddable":true,"href":"https:\/\/babypillowwholesale.com\/sk\/wp-json\/wp\/v2\/product_tag?post=3269"}],"curies":[{"name":"wp","href":"https:\/\/api.w.org\/{rel}","templated":true}]}}