{"id":3267,"date":"2025-03-17T15:38:34","date_gmt":"2025-03-17T15:38:34","guid":{"rendered":"https:\/\/babypillowwholesale.com\/?post_type=product&#038;p=3267"},"modified":"2025-06-08T16:15:31","modified_gmt":"2025-06-08T16:15:31","slug":"little-tiger-shaping-pillow","status":"publish","type":"product","link":"https:\/\/babypillowwholesale.com\/sk\/product\/little-tiger-shaping-pillow\/","title":{"rendered":"Tvarovac\u00ed vank\u00fa\u0161 Little Tiger"},"content":{"rendered":"<div class=\"auto-hide-last-sibling-br paragraph-qzbcQC paragraph-element br-paragraph-space\" data-immersive-translate-walked=\"8e61f2e7-6af2-46e5-9672-3b9e4f4033d9\" data-immersive-translate-paragraph=\"1\">Tvarovac\u00ed vank\u00fa\u0161 Little Tiger, podmaniv\u00e1 kombin\u00e1cia \u0161armu a funk\u010dnosti, starostlivo vytvoren\u00e1 pre najmen\u0161ie poklady vo veku od 0 do 6 mesiacov. Jeho rozko\u0161n\u00fd dizajn in\u0161pirovan\u00fd tigrom, zdoben\u00fd ve\u013ek\u00fdmi, nevinn\u00fdmi okr\u00fahlymi o\u010dami a charakteristick\u00fdmi pruhmi, je absol\u00fatnym pote\u0161en\u00edm a okam\u017eite dod\u00e1 svetu v\u00e1\u0161ho die\u0165a\u0165a n\u00e1dych divok\u00e9ho rozmarn\u00e9ho \u017eivota. Tento vank\u00fa\u0161 nie je len o jeho roztomilom vzh\u013eade; je to o\u00e1za pohodlia a podpory. D\u00f4myselne tvarovan\u00fd, jemne kol\u00ed\u0161e jemn\u00fa hlavi\u010dku v\u00e1\u0161ho b\u00e1b\u00e4tka a starostlivo ju vedie, aby sa zabezpe\u010dil jej dokonal\u00fd tvar na ceste ran\u00e9ho rastu. S rozmermi 26*23*0\/3 cm je ide\u00e1lnym spolo\u010dn\u00edkom do r\u00f4znych prostred\u00ed. Po\u010das pokojn\u00e9ho sp\u00e1nku v detskej izbe, ulo\u017een\u00fd v m\u00e4kkosti postie\u013eky, vytv\u00e1ra tvarovac\u00ed vank\u00fa\u0161ik Little Tiger \u00fatuln\u00fd a bezpe\u010dn\u00fd priestor pre va\u0161e die\u0165atko. Na rodinn\u00fdch v\u00fdletoch, \u010di u\u017e ide o piknik v parku alebo de\u0148 na pl\u00e1\u017ei, sa pohodlne zmest\u00ed do ko\u010d\u00edka a pon\u00faka zn\u00e1me pohodlie na cest\u00e1ch. Rodi\u010dia s\u00fa s t\u00fdmto v\u00fdrobkom nadmieru spokojn\u00ed! Jedna z mami\u010diek sa podelila: \"Moje die\u0165a miluje, ke\u010f sa m\u00f4\u017ee prit\u00fali\u0165 k tomuto mal\u00e9mu vank\u00fa\u0161iku s tigrom. Je tak\u00fd m\u00e4kk\u00fd a v\u0161imla som si ve\u013ek\u00e9 zlep\u0161enie tvaru ich hlavy. Navy\u0161e, modr\u00e1 farba je jednoducho n\u00e1dhern\u00e1.\" \u010eal\u0161\u00ed otecko spomenul: \"Stal sa nevyhnutnos\u0165ou na na\u0161ich cest\u00e1ch. \u013dahko sa pren\u00e1\u0161a a v\u017edy vy\u010dar\u00ed \u00fasmev na tv\u00e1ri m\u00f4jho die\u0165a\u0165a, ke\u010f vid\u00ed ten roztomil\u00fd tigr\u00ed dizajn.\" Tvarovac\u00ed vank\u00fa\u0161ik Little Tiger, ktor\u00fd je k dispoz\u00edcii v o\u010daruj\u00facich odtie\u0148och ru\u017eovej a modrej farby, je viac ne\u017e len detsk\u00fd doplnok; je to d\u00f4veryhodn\u00fd priate\u013e, ktor\u00fd v sebe sp\u00e1ja roztomilos\u0165, pohodlie a funk\u010dnos\u0165 pre vz\u00e1cne prv\u00e9 dni v\u00e1\u0161ho die\u0165a\u0165a.<\/div>","protected":false},"excerpt":{"rendered":"<p>Tvarovac\u00ed vank\u00fa\u0161ik Little Tiger je p\u00f4vabn\u00fd a funk\u010dn\u00fd v\u00fdrobok ur\u010den\u00fd pre deti od 0 do 6 mesiacov. Svoj\u00edm roztomil\u00fdm vzh\u013eadom s mot\u00edvom tigra, ve\u013ek\u00fdmi okr\u00fahlymi o\u010dami a v\u00fdrazn\u00fdmi pruhmi okam\u017eite up\u00fata pozornos\u0165. Dizajn vank\u00fa\u0161a je starostlivo tvarovan\u00fd tak, aby poskytoval jemn\u00fa oporu jemnej hlavi\u010dke die\u0165a\u0165a a pom\u00e1hal podporova\u0165 spr\u00e1vny tvar hlavi\u010dky po\u010das jeho k\u013e\u00fa\u010dov\u00e9ho ran\u00e9ho v\u00fdvoja. Rozmery 26*<em data-immersive-translate-walked=\"af7bf617-a59f-4215-833d-5c6d97166ab5\">23*<\/em>0\/3CM, dobre sa hod\u00ed do postie\u013eky, ko\u010d\u00edka alebo ke\u010f va\u0161e die\u0165a odpo\u010d\u00edva na deke. K dispoz\u00edcii je v ru\u017eovej aj modrej farbe, tak\u017ee rodi\u010dom d\u00e1va mo\u017enos\u0165 vybra\u0165 si farbu, ktor\u00e1 vyhovuje ich preferenci\u00e1m alebo v\u00fdzdobe detskej izby, a sp\u00e1ja roztomilos\u0165 s praktickos\u0165ou pri starostlivosti o die\u0165a.<\/p>","protected":false},"featured_media":3282,"comment_status":"open","ping_status":"closed","template":"","meta":{"_uag_custom_page_level_css":"","site-sidebar-layout":"default","site-content-layout":"","ast-site-content-layout":"default","site-content-style":"default","site-sidebar-style":"default","ast-global-header-display":"","ast-banner-title-visibility":"","ast-main-header-display":"","ast-hfb-above-header-display":"","ast-hfb-below-header-display":"","ast-hfb-mobile-header-display":"","site-post-title":"","ast-breadcrumbs-content":"","ast-featured-img":"","footer-sml-layout":"","ast-disable-related-posts":"","theme-transparent-header-meta":"default","adv-header-id-meta":"","stick-header-meta":"","header-above-stick-meta":"","header-main-stick-meta":"","header-below-stick-meta":"","astra-migrate-meta-layouts":"set","ast-page-background-enabled":"default","ast-page-background-meta":{"desktop":{"background-color":"","background-image":"","background-repeat":"repeat","background-position":"center center","background-size":"auto","background-attachment":"scroll","background-type":"","background-media":"","overlay-type":"","overlay-color":"","overlay-opacity":"","overlay-gradient":""},"tablet":{"background-color":"","background-image":"","background-repeat":"repeat","background-position":"center center","background-size":"auto","background-attachment":"scroll","background-type":"","background-media":"","overlay-type":"","overlay-color":"","overlay-opacity":"","overlay-gradient":""},"mobile":{"background-color":"","background-image":"","background-repeat":"repeat","background-position":"center center","background-size":"auto","background-attachment":"scroll","background-type":"","background-media":"","overlay-type":"","overlay-color":"","overlay-opacity":"","overlay-gradient":""}},"ast-content-background-meta":{"desktop":{"background-color":"var(--ast-global-color-5)","background-image":"","background-repeat":"repeat","background-position":"center center","background-size":"auto","background-attachment":"scroll","background-type":"","background-media":"","overlay-type":"","overlay-color":"","overlay-opacity":"","overlay-gradient":""},"tablet":{"background-color":"var(--ast-global-color-5)","background-image":"","background-repeat":"repeat","background-position":"center center","background-size":"auto","background-attachment":"scroll","background-type":"","background-media":"","overlay-type":"","overlay-color":"","overlay-opacity":"","overlay-gradient":""},"mobile":{"background-color":"var(--ast-global-color-5)","background-image":"","background-repeat":"repeat","background-position":"center center","background-size":"auto","background-attachment":"scroll","background-type":"","background-media":"","overlay-type":"","overlay-color":"","overlay-opacity":"","overlay-gradient":""}}},"product_brand":[],"product_cat":[54,42],"product_tag":[70,68,71,69],"class_list":{"0":"post-3267","1":"product","2":"type-product","3":"status-publish","4":"has-post-thumbnail","6":"product_cat-0-to-6months","7":"product_cat-merchandise","8":"product_tag-babypillow","9":"product_tag-cuteanimalpillow","10":"product_tag-headshapesupport","11":"product_tag-kouniushapingpillow","12":"desktop-align-left","13":"tablet-align-left","14":"mobile-align-left","16":"first","17":"instock","18":"shipping-taxable","19":"product-type-simple"},"aioseo_notices":[],"uagb_featured_image_src":{"full":["https:\/\/babypillowwholesale.com\/wp-content\/uploads\/2025\/03\/1131-1.jpg",1000,1000,false],"thumbnail":["https:\/\/babypillowwholesale.com\/wp-content\/uploads\/2025\/03\/1131-1-150x150.jpg",150,150,true],"medium":["https:\/\/babypillowwholesale.com\/wp-content\/uploads\/2025\/03\/1131-1-300x300.jpg",300,300,true],"medium_large":["https:\/\/babypillowwholesale.com\/wp-content\/uploads\/2025\/03\/1131-1-768x768.jpg",768,768,true],"large":["https:\/\/babypillowwholesale.com\/wp-content\/uploads\/2025\/03\/1131-1.jpg",1000,1000,false],"1536x1536":["https:\/\/babypillowwholesale.com\/wp-content\/uploads\/2025\/03\/1131-1.jpg",1000,1000,false],"2048x2048":["https:\/\/babypillowwholesale.com\/wp-content\/uploads\/2025\/03\/1131-1.jpg",1000,1000,false],"trp-custom-language-flag":["https:\/\/babypillowwholesale.com\/wp-content\/uploads\/2025\/03\/1131-1.jpg",12,12,false],"woocommerce_thumbnail":["https:\/\/babypillowwholesale.com\/wp-content\/uploads\/2025\/03\/1131-1-300x300.jpg",300,300,true],"woocommerce_single":["https:\/\/babypillowwholesale.com\/wp-content\/uploads\/2025\/03\/1131-1-600x600.jpg",600,600,true],"woocommerce_gallery_thumbnail":["https:\/\/babypillowwholesale.com\/wp-content\/uploads\/2025\/03\/1131-1-100x100.jpg",100,100,true]},"uagb_author_info":{"display_name":"Etnen zhong","author_link":"https:\/\/babypillowwholesale.com\/sk\/author\/"},"uagb_comment_info":0,"uagb_excerpt":"The Little Tiger Shaping Pillow is a charming and functional product designed for infants aged 0 to 6 months. With its cute tiger - themed appearance, featuring big round eyes and distinctive stripes, it instantly catches the eye. The pillow's design is carefully contoured to provide gentle support for a baby's delicate head, helping to&hellip;","jetpack_sharing_enabled":true,"_links":{"self":[{"href":"https:\/\/babypillowwholesale.com\/sk\/wp-json\/wp\/v2\/product\/3267","targetHints":{"allow":["GET"]}}],"collection":[{"href":"https:\/\/babypillowwholesale.com\/sk\/wp-json\/wp\/v2\/product"}],"about":[{"href":"https:\/\/babypillowwholesale.com\/sk\/wp-json\/wp\/v2\/types\/product"}],"replies":[{"embeddable":true,"href":"https:\/\/babypillowwholesale.com\/sk\/wp-json\/wp\/v2\/comments?post=3267"}],"wp:featuredmedia":[{"embeddable":true,"href":"https:\/\/babypillowwholesale.com\/sk\/wp-json\/wp\/v2\/media\/3282"}],"wp:attachment":[{"href":"https:\/\/babypillowwholesale.com\/sk\/wp-json\/wp\/v2\/media?parent=3267"}],"wp:term":[{"taxonomy":"product_brand","embeddable":true,"href":"https:\/\/babypillowwholesale.com\/sk\/wp-json\/wp\/v2\/product_brand?post=3267"},{"taxonomy":"product_cat","embeddable":true,"href":"https:\/\/babypillowwholesale.com\/sk\/wp-json\/wp\/v2\/product_cat?post=3267"},{"taxonomy":"product_tag","embeddable":true,"href":"https:\/\/babypillowwholesale.com\/sk\/wp-json\/wp\/v2\/product_tag?post=3267"}],"curies":[{"name":"wp","href":"https:\/\/api.w.org\/{rel}","templated":true}]}}