{"id":3265,"date":"2025-03-17T15:04:04","date_gmt":"2025-03-17T15:04:04","guid":{"rendered":"https:\/\/babypillowwholesale.com\/?post_type=product&#038;p=3265"},"modified":"2025-06-08T16:16:25","modified_gmt":"2025-06-08T16:16:25","slug":"naughty-bunny-shaping-pillow","status":"publish","type":"product","link":"https:\/\/babypillowwholesale.com\/sk\/product\/naughty-bunny-shaping-pillow\/","title":{"rendered":"Tvarovac\u00ed vank\u00fa\u0161 Naughty Bunny"},"content":{"rendered":"<div class=\"auto-hide-last-sibling-br paragraph-qzbcQC paragraph-element br-paragraph-space\" data-immersive-translate-walked=\"8e61f2e7-6af2-46e5-9672-3b9e4f4033d9\" data-immersive-translate-paragraph=\"1\">Priv\u00edtajte tvarovac\u00ed vank\u00fa\u0161ik Neposlu\u0161n\u00fd zaja\u010dik, rozko\u0161n\u00fa o\u00e1zu pohodlia - vytvoren\u00fa pre najmen\u0161\u00edch dobrodruhov vo veku od 0 do 6 mesiacov. Jeho o\u010daruj\u00faci dizajn in\u0161pirovan\u00fd zaja\u010dikom s ve\u013ek\u00fdmi odu\u0161evnen\u00fdmi o\u010dami, rozpl\u00fdvaj\u00facim sa \u00fasmevom a dlh\u00fdmi u\u0161kami okam\u017eite zlep\u0161\u00ed n\u00e1ladu a dod\u00e1 svetu v\u00e1\u0161ho b\u00e1b\u00e4tka k\u00fasok k\u00fazla. Tento vank\u00fa\u0161 nie je len vizu\u00e1lnym pote\u0161en\u00edm, ale aj funk\u010dn\u00fdm zdrojom energie. Jeho jedine\u010dn\u00fd tvar je starostlivo navrhnut\u00fd a poskytuje jemn\u00fa, kol\u00edskav\u00fa oporu jemnej hlavi\u010dke v\u00e1\u0161ho die\u0165a\u0165a, ktor\u00e1 ho vedie k dokonalej forme po\u010das jeho cesty vz\u00e1cnymi prv\u00fdmi mesiacmi. S rozmermi 26*23*0\/3 cm m\u00e1 ide\u00e1lnu ve\u013ekos\u0165 na bezprobl\u00e9mov\u00e9 za\u010dlenenie do r\u00f4znych prostred\u00ed. Po\u010das leniv\u00fdch popoludn\u00ed doma ju umiestnite do detskej postie\u013eky a sledujte, ako sa die\u0165a pon\u00e1ra do pokojn\u00e9ho sp\u00e1nku, zahalen\u00e9 v jej m\u00e4kkom objat\u00ed. Ke\u010f sa vyberiete objavova\u0165 svet, \u010di u\u017e na v\u00fdlet do miestneho parku alebo na n\u00e1v\u0161tevu k star\u00fdm rodi\u010dom, vlo\u017ete ho do ko\u010d\u00edka. Zaru\u010d\u00ed, \u017ee si va\u0161e die\u0165atko u\u017eije pohodln\u00fa jazdu obklopen\u00e9 zn\u00e1mym \u0161armom zaja\u010dika. Rodi\u010dia na\u0148 spievaj\u00fa chv\u00e1lu! Jeden z nad\u0161en\u00fdch rodi\u010dov sa podelil: \"Tv\u00e1r m\u00f4jho die\u0165a\u0165a sa roz\u017eiari v\u017edy, ke\u010f uvid\u00ed tento roztomil\u00fd zaja\u010dikov\u00fd vank\u00fa\u0161. Je nielen super m\u00e4kk\u00fd, ale tie\u017e sa skvele osved\u010dil pri udr\u017eiavan\u00ed pekn\u00e9ho tvaru hlavy. P\u00e1\u010di sa mi, \u017ee je k dispoz\u00edcii v dvoch kr\u00e1snych farb\u00e1ch.\" \u010eal\u0161ia mami\u010dka sa pridala: \"Je tak\u00fd pohodln\u00fd na pren\u00e1\u0161anie. \u010ci u\u017e sme doma, alebo na cest\u00e1ch, stal sa nevyhnutnos\u0165ou pre pohodlie m\u00f4jho die\u0165a\u0165a.\" Tvarovac\u00ed vank\u00fa\u0161ik Naughty Bunny, ktor\u00fd je k dispoz\u00edcii v o\u010daruj\u00facich odtie\u0148och ru\u017eovej a modrej, je viac ne\u017e len detsk\u00fd doplnok; je to cenen\u00fd spolo\u010dn\u00edk pre prv\u00e9 dni v\u00e1\u0161ho die\u0165atka.<\/div>","protected":false},"excerpt":{"rendered":"<p>Tvarovac\u00ed vank\u00fa\u0161ik Neposlu\u0161n\u00fd zaja\u010dik je rozko\u0161n\u00fd a praktick\u00fd v\u00fdrobok ur\u010den\u00fd pre deti od 0 do 6 mesiacov. Jeho roztomil\u00fd vzh\u013ead podobn\u00fd zaja\u010dikovi s ve\u013ek\u00fdmi o\u010dami, mil\u00fdm \u00fasmevom a dlh\u00fdmi u\u0161ami je mimoriadne pr\u00ed\u0165a\u017eliv\u00fd. \u0160peci\u00e1lna kon\u0161trukcia vank\u00fa\u0161a poskytuje jemn\u00fa oporu hlavi\u010dke die\u0165a\u0165a a pom\u00e1ha podporova\u0165 zdrav\u00fd tvar hlavi\u010dky po\u010das d\u00f4le\u017eitej ranej f\u00e1zy rastu. S ve\u013ekos\u0165ou 26<em>23<\/em>0\/3CM, je vhodn\u00fd na pou\u017eitie v postie\u013ekach, ko\u010d\u00edkoch alebo ke\u010f die\u0165a odpo\u010d\u00edva na podlo\u017eke. K dispoz\u00edcii je v ru\u017eovej a modrej farbe, tak\u017ee pon\u00faka rodi\u010dom mo\u017enosti, ako ju prisp\u00f4sobi\u0165 svojim preferenci\u00e1m alebo zariadeniu detskej izby, a sp\u00e1ja v sebe funk\u010dnos\u0165 aj p\u00f4vab pri starostlivosti o die\u0165a.<\/p>","protected":false},"featured_media":3281,"comment_status":"open","ping_status":"closed","template":"","meta":{"_uag_custom_page_level_css":"","site-sidebar-layout":"default","site-content-layout":"","ast-site-content-layout":"default","site-content-style":"default","site-sidebar-style":"default","ast-global-header-display":"","ast-banner-title-visibility":"","ast-main-header-display":"","ast-hfb-above-header-display":"","ast-hfb-below-header-display":"","ast-hfb-mobile-header-display":"","site-post-title":"","ast-breadcrumbs-content":"","ast-featured-img":"","footer-sml-layout":"","ast-disable-related-posts":"","theme-transparent-header-meta":"default","adv-header-id-meta":"","stick-header-meta":"","header-above-stick-meta":"","header-main-stick-meta":"","header-below-stick-meta":"","astra-migrate-meta-layouts":"set","ast-page-background-enabled":"default","ast-page-background-meta":{"desktop":{"background-color":"","background-image":"","background-repeat":"repeat","background-position":"center center","background-size":"auto","background-attachment":"scroll","background-type":"","background-media":"","overlay-type":"","overlay-color":"","overlay-opacity":"","overlay-gradient":""},"tablet":{"background-color":"","background-image":"","background-repeat":"repeat","background-position":"center center","background-size":"auto","background-attachment":"scroll","background-type":"","background-media":"","overlay-type":"","overlay-color":"","overlay-opacity":"","overlay-gradient":""},"mobile":{"background-color":"","background-image":"","background-repeat":"repeat","background-position":"center center","background-size":"auto","background-attachment":"scroll","background-type":"","background-media":"","overlay-type":"","overlay-color":"","overlay-opacity":"","overlay-gradient":""}},"ast-content-background-meta":{"desktop":{"background-color":"var(--ast-global-color-5)","background-image":"","background-repeat":"repeat","background-position":"center center","background-size":"auto","background-attachment":"scroll","background-type":"","background-media":"","overlay-type":"","overlay-color":"","overlay-opacity":"","overlay-gradient":""},"tablet":{"background-color":"var(--ast-global-color-5)","background-image":"","background-repeat":"repeat","background-position":"center center","background-size":"auto","background-attachment":"scroll","background-type":"","background-media":"","overlay-type":"","overlay-color":"","overlay-opacity":"","overlay-gradient":""},"mobile":{"background-color":"var(--ast-global-color-5)","background-image":"","background-repeat":"repeat","background-position":"center center","background-size":"auto","background-attachment":"scroll","background-type":"","background-media":"","overlay-type":"","overlay-color":"","overlay-opacity":"","overlay-gradient":""}}},"product_brand":[],"product_cat":[54,42],"product_tag":[70,68,71,69],"class_list":{"0":"post-3265","1":"product","2":"type-product","3":"status-publish","4":"has-post-thumbnail","6":"product_cat-0-to-6months","7":"product_cat-merchandise","8":"product_tag-babypillow","9":"product_tag-cuteanimalpillow","10":"product_tag-headshapesupport","11":"product_tag-kouniushapingpillow","12":"desktop-align-left","13":"tablet-align-left","14":"mobile-align-left","16":"first","17":"instock","18":"shipping-taxable","19":"product-type-simple"},"aioseo_notices":[],"uagb_featured_image_src":{"full":["https:\/\/babypillowwholesale.com\/wp-content\/uploads\/2025\/03\/1130-1.jpg",1000,1000,false],"thumbnail":["https:\/\/babypillowwholesale.com\/wp-content\/uploads\/2025\/03\/1130-1-150x150.jpg",150,150,true],"medium":["https:\/\/babypillowwholesale.com\/wp-content\/uploads\/2025\/03\/1130-1-300x300.jpg",300,300,true],"medium_large":["https:\/\/babypillowwholesale.com\/wp-content\/uploads\/2025\/03\/1130-1-768x768.jpg",768,768,true],"large":["https:\/\/babypillowwholesale.com\/wp-content\/uploads\/2025\/03\/1130-1.jpg",1000,1000,false],"1536x1536":["https:\/\/babypillowwholesale.com\/wp-content\/uploads\/2025\/03\/1130-1.jpg",1000,1000,false],"2048x2048":["https:\/\/babypillowwholesale.com\/wp-content\/uploads\/2025\/03\/1130-1.jpg",1000,1000,false],"trp-custom-language-flag":["https:\/\/babypillowwholesale.com\/wp-content\/uploads\/2025\/03\/1130-1.jpg",12,12,false],"woocommerce_thumbnail":["https:\/\/babypillowwholesale.com\/wp-content\/uploads\/2025\/03\/1130-1-300x300.jpg",300,300,true],"woocommerce_single":["https:\/\/babypillowwholesale.com\/wp-content\/uploads\/2025\/03\/1130-1-600x600.jpg",600,600,true],"woocommerce_gallery_thumbnail":["https:\/\/babypillowwholesale.com\/wp-content\/uploads\/2025\/03\/1130-1-100x100.jpg",100,100,true]},"uagb_author_info":{"display_name":"Etnen zhong","author_link":"https:\/\/babypillowwholesale.com\/sk\/author\/"},"uagb_comment_info":0,"uagb_excerpt":"The Naughty Bunny Shaping Pillow is an adorable and practical product designed for infants aged 0 to 6 months. Its cute bunny - like appearance, with big eyes, a sweet smile, and long ears, is extremely appealing. The special design of the pillow provides gentle support for the baby's head, helping to promote a healthy&hellip;","jetpack_sharing_enabled":true,"_links":{"self":[{"href":"https:\/\/babypillowwholesale.com\/sk\/wp-json\/wp\/v2\/product\/3265","targetHints":{"allow":["GET"]}}],"collection":[{"href":"https:\/\/babypillowwholesale.com\/sk\/wp-json\/wp\/v2\/product"}],"about":[{"href":"https:\/\/babypillowwholesale.com\/sk\/wp-json\/wp\/v2\/types\/product"}],"replies":[{"embeddable":true,"href":"https:\/\/babypillowwholesale.com\/sk\/wp-json\/wp\/v2\/comments?post=3265"}],"wp:featuredmedia":[{"embeddable":true,"href":"https:\/\/babypillowwholesale.com\/sk\/wp-json\/wp\/v2\/media\/3281"}],"wp:attachment":[{"href":"https:\/\/babypillowwholesale.com\/sk\/wp-json\/wp\/v2\/media?parent=3265"}],"wp:term":[{"taxonomy":"product_brand","embeddable":true,"href":"https:\/\/babypillowwholesale.com\/sk\/wp-json\/wp\/v2\/product_brand?post=3265"},{"taxonomy":"product_cat","embeddable":true,"href":"https:\/\/babypillowwholesale.com\/sk\/wp-json\/wp\/v2\/product_cat?post=3265"},{"taxonomy":"product_tag","embeddable":true,"href":"https:\/\/babypillowwholesale.com\/sk\/wp-json\/wp\/v2\/product_tag?post=3265"}],"curies":[{"name":"wp","href":"https:\/\/api.w.org\/{rel}","templated":true}]}}