{"id":3263,"date":"2025-03-17T03:51:27","date_gmt":"2025-03-17T03:51:27","guid":{"rendered":"https:\/\/babypillowwholesale.com\/?post_type=product&#038;p=3263"},"modified":"2025-06-08T16:17:17","modified_gmt":"2025-06-08T16:17:17","slug":"cloud-washable-shaping-pillow","status":"publish","type":"product","link":"https:\/\/babypillowwholesale.com\/sk\/product\/cloud-washable-shaping-pillow\/","title":{"rendered":"Oblak um\u00fdvate\u013en\u00fd tvarovac\u00ed vank\u00fa\u0161"},"content":{"rendered":"<div class=\"auto-hide-last-sibling-br paragraph-qzbcQC paragraph-element br-paragraph-space\" data-immersive-translate-walked=\"8e61f2e7-6af2-46e5-9672-3b9e4f4033d9\" data-immersive-translate-paragraph=\"1\">Nechajte sa unies\u0165 do sveta pohodlia a roztomilosti s na\u0161\u00edm tvarovac\u00edm vank\u00fa\u0161om Cloud Washable Shaping Pillow, zasnen\u00fdm doplnkom vytvoren\u00fdm \u0161peci\u00e1lne pre najmen\u0161\u00edch sn\u00edlkov vo veku od 0 do 6 mesiacov. Tento vank\u00fa\u0161 pripom\u00edna nad\u00fdchan\u00fd obl\u00e1\u010dik ako z rozpr\u00e1vky a je zdoben\u00fd rozko\u0161n\u00fdmi, n\u00e1hodne vytla\u010den\u00fdmi mot\u00edvmi rybi\u010diek, ktor\u00e9 dodaj\u00fa v\u00e1\u0161mu die\u0165atku na sp\u00e1nku trochu rozmarnosti. Ergonomick\u00fd dizajn vank\u00fa\u0161a jemne obj\u00edme jemn\u00fa hlavi\u010dku v\u00e1\u0161ho die\u0165a\u0165a a starostlivo ju podopiera, aby podporil dokonal\u00fd tvar hlavi\u010dky po\u010das driemania v prv\u00fdch d\u0148och \u017eivota. S rozmermi 35*22*3\/1,5 cm pon\u00faka ve\u013ekorys\u00fa oporu a z\u00e1rove\u0148 sa bez probl\u00e9mov hod\u00ed do r\u00f4znych prostred\u00ed. \u010ci u\u017e je ulo\u017een\u00fd v \u00fatuln\u00fdch hlbin\u00e1ch postie\u013eky v\u00e1\u0161ho die\u0165a\u0165a a vytv\u00e1ra nebesk\u00e9 \u00fato\u010disko pre jeho dlh\u00fd sp\u00e1nok, alebo je umiestnen\u00fd v ko\u010d\u00edku na pokojnej prech\u00e1dzke v parku, tento vank\u00fa\u0161 zaist\u00ed v\u00e1\u0161mu die\u0165atku v\u017edy pohodlie. Je to aj skvel\u00fd spolo\u010dn\u00edk na rodinn\u00e9 v\u00fdlety, preto\u017ee poskytuje v\u00e1\u0161mu die\u0165a\u0165u zn\u00e1me a upokojuj\u00face miesto na odpo\u010dinok po\u010das cesty. Rodi\u010dia s\u00fa z tohto vank\u00fa\u0161a nad\u0161en\u00ed! Jedna spokojn\u00e1 mami\u010dka sa podelila: \"Moje die\u0165a miluje tento vank\u00fa\u0161 v tvare obl\u00e1\u010dika. N\u00e1hodn\u00e9 potla\u010de s\u00fa tak\u00fdm z\u00e1bavn\u00fdm prekvapen\u00edm a d\u00e1 sa tak \u013eahko vypra\u0165, ke\u010f sa trochu za\u0161pin\u00ed. Stal sa z\u00e1kladom pre sp\u00e1nok n\u00e1\u0161ho die\u0165a\u0165a.\" \u010eal\u0161\u00ed otecko uviedol: \"Ob\u00e1val som sa tvaru hlavy m\u00f4jho die\u0165a\u0165a, ale tento vank\u00fa\u0161 zmenil hru. Je m\u00e4kk\u00fd, podporn\u00fd a v detskej izbe vyzer\u00e1 rozko\u0161ne.\" Vank\u00fa\u0161 na tvarovanie hlavy Cloud Washable Shaping Pillow, ktor\u00fd je k dispoz\u00edcii v o\u010daruj\u00facich odtie\u0148och ru\u017eovej a modrej farby, pri\u010dom ka\u017ed\u00fd z nich m\u00e1 svoj jedine\u010dn\u00fd n\u00e1hodn\u00fd vzor, nie je len doplnkom na spanie, ale zdrojom radosti a pohodlia pre va\u0161e b\u00e1b\u00e4tko.<\/div>","protected":false},"excerpt":{"rendered":"<p>Um\u00fdvate\u013en\u00fd vank\u00fa\u0161 Cloud je n\u00e1dhern\u00fd v\u00fdrobok ur\u010den\u00fd pre doj\u010dat\u00e1 vo veku od 0 do 6 mesiacov. M\u00e1 tvar m\u00e4kk\u00e9ho obl\u00e1\u010dika, m\u00e1 pr\u00ed\u0165a\u017eliv\u00fd vzh\u013ead a n\u00e1hodn\u00e9 potla\u010de s mot\u00edvom r\u00fdb mu dod\u00e1vaj\u00fa n\u00e1dych z\u00e1bavy. Jeho jedine\u010dn\u00fd dizajn poskytuje jemn\u00fa oporu hlavi\u010dke die\u0165a\u0165a, \u010d\u00edm pom\u00e1ha udr\u017eiava\u0165 spr\u00e1vny tvar hlavy. Rozmery 35*<em data-immersive-translate-walked=\"f7f4678a-e6ea-41bf-8db0-071fdda90f71\">22*<\/em>3\/1,5 cm, je dostato\u010dne ve\u013ek\u00e1, aby poskytovala dostato\u010dn\u00fa oporu, ale st\u00e1le je vhodn\u00e1 pre r\u00f4zne nastavenia s\u00favisiace s die\u0165a\u0165om. Navy\u0161e je um\u00fdvate\u013en\u00e1, tak\u017ee sa \u013eahko udr\u017eiava v \u010distote a hygiene. K dispoz\u00edcii je v ru\u017eovej a modrej farbe s r\u00f4znymi n\u00e1hodn\u00fdmi vzormi, tak\u017ee poskytuje rodi\u010dom trochu prekvapenia a z\u00e1rove\u0148 zabezpe\u010duje funk\u010dnos\u0165 pre ich najmen\u0161\u00edch.<\/p>","protected":false},"featured_media":3280,"comment_status":"open","ping_status":"closed","template":"","meta":{"_uag_custom_page_level_css":"","site-sidebar-layout":"default","site-content-layout":"","ast-site-content-layout":"default","site-content-style":"default","site-sidebar-style":"default","ast-global-header-display":"","ast-banner-title-visibility":"","ast-main-header-display":"","ast-hfb-above-header-display":"","ast-hfb-below-header-display":"","ast-hfb-mobile-header-display":"","site-post-title":"","ast-breadcrumbs-content":"","ast-featured-img":"","footer-sml-layout":"","ast-disable-related-posts":"","theme-transparent-header-meta":"default","adv-header-id-meta":"","stick-header-meta":"","header-above-stick-meta":"","header-main-stick-meta":"","header-below-stick-meta":"","astra-migrate-meta-layouts":"set","ast-page-background-enabled":"default","ast-page-background-meta":{"desktop":{"background-color":"","background-image":"","background-repeat":"repeat","background-position":"center center","background-size":"auto","background-attachment":"scroll","background-type":"","background-media":"","overlay-type":"","overlay-color":"","overlay-opacity":"","overlay-gradient":""},"tablet":{"background-color":"","background-image":"","background-repeat":"repeat","background-position":"center center","background-size":"auto","background-attachment":"scroll","background-type":"","background-media":"","overlay-type":"","overlay-color":"","overlay-opacity":"","overlay-gradient":""},"mobile":{"background-color":"","background-image":"","background-repeat":"repeat","background-position":"center center","background-size":"auto","background-attachment":"scroll","background-type":"","background-media":"","overlay-type":"","overlay-color":"","overlay-opacity":"","overlay-gradient":""}},"ast-content-background-meta":{"desktop":{"background-color":"var(--ast-global-color-5)","background-image":"","background-repeat":"repeat","background-position":"center center","background-size":"auto","background-attachment":"scroll","background-type":"","background-media":"","overlay-type":"","overlay-color":"","overlay-opacity":"","overlay-gradient":""},"tablet":{"background-color":"var(--ast-global-color-5)","background-image":"","background-repeat":"repeat","background-position":"center center","background-size":"auto","background-attachment":"scroll","background-type":"","background-media":"","overlay-type":"","overlay-color":"","overlay-opacity":"","overlay-gradient":""},"mobile":{"background-color":"var(--ast-global-color-5)","background-image":"","background-repeat":"repeat","background-position":"center center","background-size":"auto","background-attachment":"scroll","background-type":"","background-media":"","overlay-type":"","overlay-color":"","overlay-opacity":"","overlay-gradient":""}}},"product_brand":[],"product_cat":[54,42],"product_tag":[70,68,71,69],"class_list":{"0":"post-3263","1":"product","2":"type-product","3":"status-publish","4":"has-post-thumbnail","6":"product_cat-0-to-6months","7":"product_cat-merchandise","8":"product_tag-babypillow","9":"product_tag-cuteanimalpillow","10":"product_tag-headshapesupport","11":"product_tag-kouniushapingpillow","12":"desktop-align-left","13":"tablet-align-left","14":"mobile-align-left","16":"first","17":"instock","18":"shipping-taxable","19":"product-type-simple"},"aioseo_notices":[],"uagb_featured_image_src":{"full":["https:\/\/babypillowwholesale.com\/wp-content\/uploads\/2025\/03\/1129-1.jpg",1000,1000,false],"thumbnail":["https:\/\/babypillowwholesale.com\/wp-content\/uploads\/2025\/03\/1129-1-150x150.jpg",150,150,true],"medium":["https:\/\/babypillowwholesale.com\/wp-content\/uploads\/2025\/03\/1129-1-300x300.jpg",300,300,true],"medium_large":["https:\/\/babypillowwholesale.com\/wp-content\/uploads\/2025\/03\/1129-1-768x768.jpg",768,768,true],"large":["https:\/\/babypillowwholesale.com\/wp-content\/uploads\/2025\/03\/1129-1.jpg",1000,1000,false],"1536x1536":["https:\/\/babypillowwholesale.com\/wp-content\/uploads\/2025\/03\/1129-1.jpg",1000,1000,false],"2048x2048":["https:\/\/babypillowwholesale.com\/wp-content\/uploads\/2025\/03\/1129-1.jpg",1000,1000,false],"trp-custom-language-flag":["https:\/\/babypillowwholesale.com\/wp-content\/uploads\/2025\/03\/1129-1.jpg",12,12,false],"woocommerce_thumbnail":["https:\/\/babypillowwholesale.com\/wp-content\/uploads\/2025\/03\/1129-1-300x300.jpg",300,300,true],"woocommerce_single":["https:\/\/babypillowwholesale.com\/wp-content\/uploads\/2025\/03\/1129-1-600x600.jpg",600,600,true],"woocommerce_gallery_thumbnail":["https:\/\/babypillowwholesale.com\/wp-content\/uploads\/2025\/03\/1129-1-100x100.jpg",100,100,true]},"uagb_author_info":{"display_name":"Etnen zhong","author_link":"https:\/\/babypillowwholesale.com\/sk\/author\/"},"uagb_comment_info":0,"uagb_excerpt":"The Cloud Washable Shaping Pillow is a wonderful product designed for infants aged 0 to 6 months. Shaped like a soft cloud, it has an appealing look, and the random fish - themed prints add a touch of fun. Its unique design provides gentle support to the baby's head, helping to maintain a good head&hellip;","jetpack_sharing_enabled":true,"_links":{"self":[{"href":"https:\/\/babypillowwholesale.com\/sk\/wp-json\/wp\/v2\/product\/3263","targetHints":{"allow":["GET"]}}],"collection":[{"href":"https:\/\/babypillowwholesale.com\/sk\/wp-json\/wp\/v2\/product"}],"about":[{"href":"https:\/\/babypillowwholesale.com\/sk\/wp-json\/wp\/v2\/types\/product"}],"replies":[{"embeddable":true,"href":"https:\/\/babypillowwholesale.com\/sk\/wp-json\/wp\/v2\/comments?post=3263"}],"wp:featuredmedia":[{"embeddable":true,"href":"https:\/\/babypillowwholesale.com\/sk\/wp-json\/wp\/v2\/media\/3280"}],"wp:attachment":[{"href":"https:\/\/babypillowwholesale.com\/sk\/wp-json\/wp\/v2\/media?parent=3263"}],"wp:term":[{"taxonomy":"product_brand","embeddable":true,"href":"https:\/\/babypillowwholesale.com\/sk\/wp-json\/wp\/v2\/product_brand?post=3263"},{"taxonomy":"product_cat","embeddable":true,"href":"https:\/\/babypillowwholesale.com\/sk\/wp-json\/wp\/v2\/product_cat?post=3263"},{"taxonomy":"product_tag","embeddable":true,"href":"https:\/\/babypillowwholesale.com\/sk\/wp-json\/wp\/v2\/product_tag?post=3263"}],"curies":[{"name":"wp","href":"https:\/\/api.w.org\/{rel}","templated":true}]}}