{"id":3261,"date":"2025-03-17T03:26:37","date_gmt":"2025-03-17T03:26:37","guid":{"rendered":"https:\/\/babypillowwholesale.com\/?post_type=product&#038;p=3261"},"modified":"2025-06-08T16:18:10","modified_gmt":"2025-06-08T16:18:10","slug":"apple-shaping-pillow","status":"publish","type":"product","link":"https:\/\/babypillowwholesale.com\/sk\/product\/apple-shaping-pillow\/","title":{"rendered":"Vank\u00fa\u0161 na tvarovanie jab\u013ak"},"content":{"rendered":"<div class=\"auto-hide-last-sibling-br paragraph-qzbcQC paragraph-element br-paragraph-space\" data-immersive-translate-walked=\"8e61f2e7-6af2-46e5-9672-3b9e4f4033d9\" data-immersive-translate-paragraph=\"1\">Zozn\u00e1mte sa s vank\u00fa\u0161om Apple Shaping Pillow, dokonal\u00fdm spojen\u00edm p\u00f4vabu a funk\u010dnosti, ktor\u00fd je \u0161it\u00fd na mieru pre drah\u00e9 deti vo veku 0 - 6 mesiacov. Jeho o\u010daruj\u00faca silueta in\u0161pirovan\u00e1 jablkom s jemn\u00fdmi akcentmi listov nielen\u017ee dod\u00e1va svetu v\u00e1\u0161ho die\u0165a\u0165a n\u00e1dych roztomilosti, ale sl\u00fa\u017ei aj na d\u00f4le\u017eit\u00fd \u00fa\u010del. Strategicky umiestnen\u00fd stredov\u00fd v\u00fdrez poskytuje jemn\u00fa, kol\u00edskav\u00fa oporu pre jemn\u00fa hlavi\u010dku v\u00e1\u0161ho die\u0165atka a vedie ju ku kr\u00e1snemu tvaru, ke\u010f rastie. V\u010faka rozmerom 22*20*1,5\/3 cm je neuverite\u013ene univerz\u00e1lny. Vlo\u017ete ju do \u00fatuln\u00e9ho priestoru postie\u013eky v\u00e1\u0161ho die\u0165a\u0165a a sledujte, ako sa \u010das sp\u00e1nku zmen\u00ed na snov\u00fd z\u00e1\u017eitok. Po\u010das slne\u010dn\u00e9ho d\u0148a vonku ho umiestnite do ko\u010d\u00edka, \u010d\u00edm zaist\u00edte, \u017ee si va\u0161e die\u0165a u\u017eije pohodln\u00fa jazdu. A po\u010das dlh\u00fdch ciest autom sa pohodlne zmest\u00ed do autoseda\u010dky a poskytne v\u00e1\u0161mu die\u0165a\u0165u zn\u00e1me a upokojuj\u00face miesto na odpo\u010dinok. Rodi\u010dia si tento vank\u00fa\u0161 ve\u013emi pochva\u013euj\u00fa! Mnoh\u00ed sa podelili o to, \u017ee sa stal nepostr\u00e1date\u013enou s\u00fa\u010das\u0165ou ich rutinnej starostlivosti o die\u0165a. \"M\u00f4j mal\u00fd vyzer\u00e1 tak pokojne, ke\u010f sp\u00ed na tomto vank\u00fa\u0161i v tvare jablka. Je m\u00e4kk\u00fd a u\u017e vid\u00edm rozdiel v tvare ich hlavi\u010dky,\" hovor\u00ed jedna spokojn\u00e1 mami\u010dka. \u010eal\u0161\u00ed otecko poznamen\u00e1va: \"V\u010faka viacer\u00fdm farebn\u00fdm variantom sa dal \u013eahko zladi\u0165 s v\u00fdzdobou na\u0161ej detskej izby. Navy\u0161e je ve\u013emi pohodln\u00e9 vzia\u0165 si ho so sebou, kamko\u013evek ideme.\" Vank\u00fa\u0161 na tvarovanie jab\u013ak, ktor\u00fd je k dispoz\u00edcii v rozko\u0161n\u00fdch odtie\u0148och ru\u017eovej, sofistikovanej tmavozelenej a upokojuj\u00facej modrej, v\u00e1m umo\u017e\u0148uje vybra\u0165 si odtie\u0148, ktor\u00fd najlep\u0161ie vyhovuje v\u00e1\u0161mu vkusu. Nie je to len vank\u00fa\u0161, je to milovan\u00fd spolo\u010dn\u00edk pre prv\u00e9 dni v\u00e1\u0161ho b\u00e1b\u00e4tka.<\/div>","protected":false},"excerpt":{"rendered":"<p>Vank\u00fa\u0161 na tvarovanie jab\u013ak je d\u00f4myselne navrhnut\u00fd v\u00fdrobok pre doj\u010dat\u00e1 vo veku od 0 do 6 mesiacov. Jeho tvar v tvare jablka je nielen roztomil\u00fd, ale aj praktick\u00fd. Jedine\u010dn\u00fd v\u00fdrez uprostred jemne podopiera hlavi\u010dku die\u0165a\u0165a a pom\u00e1ha mu udr\u017ea\u0165 optim\u00e1lny tvar po\u010das prv\u00fdch mesiacov \u017eivota. Rozmery: 22*<em data-immersive-translate-walked=\"5509ee64-5f83-48cf-a52f-9b37e33a2d1d\">20*<\/em>1,5\/3 cm, je kompaktn\u00fd a \u013eahko sa umiest\u0148uje do postie\u013eky, ko\u010d\u00edka alebo detskej autoseda\u010dky. S farebn\u00fdmi mo\u017enos\u0165ami ru\u017eovej, tmavozelenej a modrej farby vyhovuje r\u00f4znym \u0161t\u00fdlov\u00fdm preferenci\u00e1m, tak\u017ee je o\u010daruj\u00facim a funk\u010dn\u00fdm doplnkom k potreb\u00e1m starostlivosti o die\u0165a.<\/p>","protected":false},"featured_media":3279,"comment_status":"open","ping_status":"closed","template":"","meta":{"_uag_custom_page_level_css":"","site-sidebar-layout":"default","site-content-layout":"","ast-site-content-layout":"default","site-content-style":"default","site-sidebar-style":"default","ast-global-header-display":"","ast-banner-title-visibility":"","ast-main-header-display":"","ast-hfb-above-header-display":"","ast-hfb-below-header-display":"","ast-hfb-mobile-header-display":"","site-post-title":"","ast-breadcrumbs-content":"","ast-featured-img":"","footer-sml-layout":"","ast-disable-related-posts":"","theme-transparent-header-meta":"default","adv-header-id-meta":"","stick-header-meta":"","header-above-stick-meta":"","header-main-stick-meta":"","header-below-stick-meta":"","astra-migrate-meta-layouts":"set","ast-page-background-enabled":"default","ast-page-background-meta":{"desktop":{"background-color":"","background-image":"","background-repeat":"repeat","background-position":"center center","background-size":"auto","background-attachment":"scroll","background-type":"","background-media":"","overlay-type":"","overlay-color":"","overlay-opacity":"","overlay-gradient":""},"tablet":{"background-color":"","background-image":"","background-repeat":"repeat","background-position":"center center","background-size":"auto","background-attachment":"scroll","background-type":"","background-media":"","overlay-type":"","overlay-color":"","overlay-opacity":"","overlay-gradient":""},"mobile":{"background-color":"","background-image":"","background-repeat":"repeat","background-position":"center center","background-size":"auto","background-attachment":"scroll","background-type":"","background-media":"","overlay-type":"","overlay-color":"","overlay-opacity":"","overlay-gradient":""}},"ast-content-background-meta":{"desktop":{"background-color":"var(--ast-global-color-5)","background-image":"","background-repeat":"repeat","background-position":"center center","background-size":"auto","background-attachment":"scroll","background-type":"","background-media":"","overlay-type":"","overlay-color":"","overlay-opacity":"","overlay-gradient":""},"tablet":{"background-color":"var(--ast-global-color-5)","background-image":"","background-repeat":"repeat","background-position":"center center","background-size":"auto","background-attachment":"scroll","background-type":"","background-media":"","overlay-type":"","overlay-color":"","overlay-opacity":"","overlay-gradient":""},"mobile":{"background-color":"var(--ast-global-color-5)","background-image":"","background-repeat":"repeat","background-position":"center center","background-size":"auto","background-attachment":"scroll","background-type":"","background-media":"","overlay-type":"","overlay-color":"","overlay-opacity":"","overlay-gradient":""}}},"product_brand":[],"product_cat":[54,42],"product_tag":[70,68,71,69],"class_list":{"0":"post-3261","1":"product","2":"type-product","3":"status-publish","4":"has-post-thumbnail","6":"product_cat-0-to-6months","7":"product_cat-merchandise","8":"product_tag-babypillow","9":"product_tag-cuteanimalpillow","10":"product_tag-headshapesupport","11":"product_tag-kouniushapingpillow","12":"desktop-align-left","13":"tablet-align-left","14":"mobile-align-left","16":"first","17":"instock","18":"shipping-taxable","19":"product-type-simple"},"aioseo_notices":[],"uagb_featured_image_src":{"full":["https:\/\/babypillowwholesale.com\/wp-content\/uploads\/2025\/03\/1112-1.jpg",1000,1000,false],"thumbnail":["https:\/\/babypillowwholesale.com\/wp-content\/uploads\/2025\/03\/1112-1-150x150.jpg",150,150,true],"medium":["https:\/\/babypillowwholesale.com\/wp-content\/uploads\/2025\/03\/1112-1-300x300.jpg",300,300,true],"medium_large":["https:\/\/babypillowwholesale.com\/wp-content\/uploads\/2025\/03\/1112-1-768x768.jpg",768,768,true],"large":["https:\/\/babypillowwholesale.com\/wp-content\/uploads\/2025\/03\/1112-1.jpg",1000,1000,false],"1536x1536":["https:\/\/babypillowwholesale.com\/wp-content\/uploads\/2025\/03\/1112-1.jpg",1000,1000,false],"2048x2048":["https:\/\/babypillowwholesale.com\/wp-content\/uploads\/2025\/03\/1112-1.jpg",1000,1000,false],"trp-custom-language-flag":["https:\/\/babypillowwholesale.com\/wp-content\/uploads\/2025\/03\/1112-1.jpg",12,12,false],"woocommerce_thumbnail":["https:\/\/babypillowwholesale.com\/wp-content\/uploads\/2025\/03\/1112-1-300x300.jpg",300,300,true],"woocommerce_single":["https:\/\/babypillowwholesale.com\/wp-content\/uploads\/2025\/03\/1112-1-600x600.jpg",600,600,true],"woocommerce_gallery_thumbnail":["https:\/\/babypillowwholesale.com\/wp-content\/uploads\/2025\/03\/1112-1-100x100.jpg",100,100,true]},"uagb_author_info":{"display_name":"Etnen zhong","author_link":"https:\/\/babypillowwholesale.com\/sk\/author\/"},"uagb_comment_info":0,"uagb_excerpt":"The Apple Shaping Pillow is a cleverly designed product for infants aged 0 to 6 months. Its apple - shaped form is not only cute but also practical. The unique cut - out design in the middle gently supports the baby's head, helping to maintain an optimal shape during the crucial early months. Measuring 22*20*1.5\/3CM,&hellip;","jetpack_sharing_enabled":true,"_links":{"self":[{"href":"https:\/\/babypillowwholesale.com\/sk\/wp-json\/wp\/v2\/product\/3261","targetHints":{"allow":["GET"]}}],"collection":[{"href":"https:\/\/babypillowwholesale.com\/sk\/wp-json\/wp\/v2\/product"}],"about":[{"href":"https:\/\/babypillowwholesale.com\/sk\/wp-json\/wp\/v2\/types\/product"}],"replies":[{"embeddable":true,"href":"https:\/\/babypillowwholesale.com\/sk\/wp-json\/wp\/v2\/comments?post=3261"}],"wp:featuredmedia":[{"embeddable":true,"href":"https:\/\/babypillowwholesale.com\/sk\/wp-json\/wp\/v2\/media\/3279"}],"wp:attachment":[{"href":"https:\/\/babypillowwholesale.com\/sk\/wp-json\/wp\/v2\/media?parent=3261"}],"wp:term":[{"taxonomy":"product_brand","embeddable":true,"href":"https:\/\/babypillowwholesale.com\/sk\/wp-json\/wp\/v2\/product_brand?post=3261"},{"taxonomy":"product_cat","embeddable":true,"href":"https:\/\/babypillowwholesale.com\/sk\/wp-json\/wp\/v2\/product_cat?post=3261"},{"taxonomy":"product_tag","embeddable":true,"href":"https:\/\/babypillowwholesale.com\/sk\/wp-json\/wp\/v2\/product_tag?post=3261"}],"curies":[{"name":"wp","href":"https:\/\/api.w.org\/{rel}","templated":true}]}}