{"id":3259,"date":"2025-03-17T03:01:05","date_gmt":"2025-03-17T03:01:05","guid":{"rendered":"https:\/\/babypillowwholesale.com\/?post_type=product&#038;p=3259"},"modified":"2025-06-08T16:19:14","modified_gmt":"2025-06-08T16:19:14","slug":"hydrophilic-cotton-shaping-pillow","status":"publish","type":"product","link":"https:\/\/babypillowwholesale.com\/sk\/product\/hydrophilic-cotton-shaping-pillow\/","title":{"rendered":"Hydrofiln\u00e1 bavlna Tvarovac\u00ed vank\u00fa\u0161"},"content":{"rendered":"<div class=\"auto-hide-last-sibling-br paragraph-qzbcQC paragraph-element br-paragraph-space\" data-immersive-translate-walked=\"8e61f2e7-6af2-46e5-9672-3b9e4f4033d9\" data-immersive-translate-paragraph=\"1\">Predstavujeme hydrofiln\u00fd bavlnen\u00fd tvarovac\u00ed vank\u00fa\u0161, rozko\u0161n\u00fa zmes p\u00f4vabu a funk\u010dnosti prisp\u00f4soben\u00fa v\u00fdlu\u010dne pre najmen\u0161\u00edch sp\u00e1\u010dov vo veku od 0 do 6 mesiacov. Tento vank\u00fa\u0161 zdobia rozko\u0161n\u00e9 u\u0161i a jemn\u00e1 ma\u0161li\u010dka, je to vizu\u00e1lne majstrovsk\u00e9 dielo, ktor\u00e9 okam\u017eite roz\u017eiari ka\u017ed\u00fa detsk\u00fa izbu.<br \/>\nJeho jedine\u010dn\u00fd tvar je navrhnut\u00fd s d\u00f4kladnou prec\u00edznos\u0165ou a pon\u00faka jemn\u00fa n\u00e1ru\u010d pre jemn\u00fa hlavi\u010dku v\u00e1\u0161ho die\u0165a\u0165a, ktor\u00fa jemne vedie k dokonal\u00e9mu tvaru, ke\u010f sa vyd\u00e1va na cestu svojho ran\u00e9ho rastu. S rozmermi 26230\/3CM m\u00e1 ide\u00e1lnu ve\u013ekos\u0165 na bezprobl\u00e9mov\u00e9 za\u010dlenenie do r\u00f4znych prostred\u00ed.<br \/>\nTento vank\u00fa\u0161 sa postar\u00e1 o trval\u00e9 pohodlie, \u010di u\u017e je ulo\u017een\u00fd v ply\u0161ovej postie\u013eke v\u00e1\u0161ho die\u0165a\u0165a, poskytuje mu \u00fatuln\u00fa o\u00e1zu pri sp\u00e1nku po\u010das d\u0148a, alebo ho sprev\u00e1dza v nosi\u010di po\u010das rodinn\u00e9ho v\u00fdletu do ZOO. Je tie\u017e skvel\u00fdm spolo\u010dn\u00edkom na dlh\u00fdch letoch, preto\u017ee poskytuje v\u00e1\u0161mu die\u0165atku zn\u00e1me a upokojuj\u00face miesto na odpo\u010dinok uprostred zhonu.<br \/>\nK dispoz\u00edcii s\u00fa o\u010daruj\u00face odtiene jemnej ru\u017eovej a s\u00fdtej tmavozelenej, tak\u017ee si m\u00f4\u017eete vybra\u0165 odtie\u0148, ktor\u00fd najlep\u0161ie zodpoved\u00e1 v\u00e1\u0161mu estetick\u00e9mu c\u00edteniu alebo t\u00e9me detskej izby. Pozdvihnite z\u00e1\u017eitok zo sp\u00e1nku svojho die\u0165a\u0165a s hydrofiln\u00fdm bavlnen\u00fdm tvarovac\u00edm vank\u00fa\u0161om, v ktorom je ka\u017ed\u00fd sp\u00e1nok krokom ku kr\u00e1sne tvarovanej hlavi\u010dke a sladk\u00fdm snom.<\/div>","protected":false},"excerpt":{"rendered":"<p>Hydrofiln\u00fd bavlnen\u00fd tvarovac\u00ed vank\u00fa\u0161 je atrakt\u00edvny a praktick\u00fd v\u00fdrobok ur\u010den\u00fd pre deti od 0 do 6 mesiacov. V\u010faka o\u010daruj\u00facemu vzh\u013eadu s roztomil\u00fdmi u\u0161kami a kr\u00e1snou ma\u0161\u013eou je vizu\u00e1lne atrakt\u00edvny. Dizajn vank\u00fa\u0161a je starostlivo vytvoren\u00fd tak, aby poskytoval jemn\u00fa oporu hlavi\u010dke die\u0165a\u0165a a pom\u00e1hal mu udr\u017eiava\u0165 spr\u00e1vny tvar po\u010das jeho ran\u00e9ho v\u00fdvoja. V\u010faka rozmerom 26230\/3CM sa dobre hod\u00ed do detsk\u00fdch postie\u013eok alebo nosi\u010dov. Pon\u00faka sa v sladkej ru\u017eovej aj elegantnej tmavozelenej farbe, tak\u017ee rodi\u010dom poskytuje mo\u017enosti, ako ho prisp\u00f4sobi\u0165 svojim preferenci\u00e1m alebo zariadeniu detskej izby, a sp\u00e1ja funk\u010dnos\u0165 s n\u00e1dychom roztomilosti pri starostlivosti o die\u0165a.<\/p>","protected":false},"featured_media":3278,"comment_status":"open","ping_status":"closed","template":"","meta":{"_uag_custom_page_level_css":"","site-sidebar-layout":"default","site-content-layout":"","ast-site-content-layout":"default","site-content-style":"default","site-sidebar-style":"default","ast-global-header-display":"","ast-banner-title-visibility":"","ast-main-header-display":"","ast-hfb-above-header-display":"","ast-hfb-below-header-display":"","ast-hfb-mobile-header-display":"","site-post-title":"","ast-breadcrumbs-content":"","ast-featured-img":"","footer-sml-layout":"","ast-disable-related-posts":"","theme-transparent-header-meta":"default","adv-header-id-meta":"","stick-header-meta":"","header-above-stick-meta":"","header-main-stick-meta":"","header-below-stick-meta":"","astra-migrate-meta-layouts":"set","ast-page-background-enabled":"default","ast-page-background-meta":{"desktop":{"background-color":"","background-image":"","background-repeat":"repeat","background-position":"center center","background-size":"auto","background-attachment":"scroll","background-type":"","background-media":"","overlay-type":"","overlay-color":"","overlay-opacity":"","overlay-gradient":""},"tablet":{"background-color":"","background-image":"","background-repeat":"repeat","background-position":"center center","background-size":"auto","background-attachment":"scroll","background-type":"","background-media":"","overlay-type":"","overlay-color":"","overlay-opacity":"","overlay-gradient":""},"mobile":{"background-color":"","background-image":"","background-repeat":"repeat","background-position":"center center","background-size":"auto","background-attachment":"scroll","background-type":"","background-media":"","overlay-type":"","overlay-color":"","overlay-opacity":"","overlay-gradient":""}},"ast-content-background-meta":{"desktop":{"background-color":"var(--ast-global-color-5)","background-image":"","background-repeat":"repeat","background-position":"center center","background-size":"auto","background-attachment":"scroll","background-type":"","background-media":"","overlay-type":"","overlay-color":"","overlay-opacity":"","overlay-gradient":""},"tablet":{"background-color":"var(--ast-global-color-5)","background-image":"","background-repeat":"repeat","background-position":"center center","background-size":"auto","background-attachment":"scroll","background-type":"","background-media":"","overlay-type":"","overlay-color":"","overlay-opacity":"","overlay-gradient":""},"mobile":{"background-color":"var(--ast-global-color-5)","background-image":"","background-repeat":"repeat","background-position":"center center","background-size":"auto","background-attachment":"scroll","background-type":"","background-media":"","overlay-type":"","overlay-color":"","overlay-opacity":"","overlay-gradient":""}}},"product_brand":[],"product_cat":[54,42],"product_tag":[70,68,71,69],"class_list":{"0":"post-3259","1":"product","2":"type-product","3":"status-publish","4":"has-post-thumbnail","6":"product_cat-0-to-6months","7":"product_cat-merchandise","8":"product_tag-babypillow","9":"product_tag-cuteanimalpillow","10":"product_tag-headshapesupport","11":"product_tag-kouniushapingpillow","12":"desktop-align-left","13":"tablet-align-left","14":"mobile-align-left","16":"first","17":"instock","18":"shipping-taxable","19":"product-type-simple"},"aioseo_notices":[],"uagb_featured_image_src":{"full":["https:\/\/babypillowwholesale.com\/wp-content\/uploads\/2025\/03\/1125-1.jpg",1000,1000,false],"thumbnail":["https:\/\/babypillowwholesale.com\/wp-content\/uploads\/2025\/03\/1125-1-150x150.jpg",150,150,true],"medium":["https:\/\/babypillowwholesale.com\/wp-content\/uploads\/2025\/03\/1125-1-300x300.jpg",300,300,true],"medium_large":["https:\/\/babypillowwholesale.com\/wp-content\/uploads\/2025\/03\/1125-1-768x768.jpg",768,768,true],"large":["https:\/\/babypillowwholesale.com\/wp-content\/uploads\/2025\/03\/1125-1.jpg",1000,1000,false],"1536x1536":["https:\/\/babypillowwholesale.com\/wp-content\/uploads\/2025\/03\/1125-1.jpg",1000,1000,false],"2048x2048":["https:\/\/babypillowwholesale.com\/wp-content\/uploads\/2025\/03\/1125-1.jpg",1000,1000,false],"trp-custom-language-flag":["https:\/\/babypillowwholesale.com\/wp-content\/uploads\/2025\/03\/1125-1.jpg",12,12,false],"woocommerce_thumbnail":["https:\/\/babypillowwholesale.com\/wp-content\/uploads\/2025\/03\/1125-1-300x300.jpg",300,300,true],"woocommerce_single":["https:\/\/babypillowwholesale.com\/wp-content\/uploads\/2025\/03\/1125-1-600x600.jpg",600,600,true],"woocommerce_gallery_thumbnail":["https:\/\/babypillowwholesale.com\/wp-content\/uploads\/2025\/03\/1125-1-100x100.jpg",100,100,true]},"uagb_author_info":{"display_name":"Etnen zhong","author_link":"https:\/\/babypillowwholesale.com\/sk\/author\/"},"uagb_comment_info":0,"uagb_excerpt":"The Hydrophilic cotton Shaping Pillow is an appealing and practical product designed for infants between 0 and 6 months old. With a charming appearance featuring cute ears and a lovely bow, it's visually attractive. The pillow's design is carefully crafted to provide gentle support for a baby's head, helping to maintain a proper shape during&hellip;","jetpack_sharing_enabled":true,"_links":{"self":[{"href":"https:\/\/babypillowwholesale.com\/sk\/wp-json\/wp\/v2\/product\/3259","targetHints":{"allow":["GET"]}}],"collection":[{"href":"https:\/\/babypillowwholesale.com\/sk\/wp-json\/wp\/v2\/product"}],"about":[{"href":"https:\/\/babypillowwholesale.com\/sk\/wp-json\/wp\/v2\/types\/product"}],"replies":[{"embeddable":true,"href":"https:\/\/babypillowwholesale.com\/sk\/wp-json\/wp\/v2\/comments?post=3259"}],"wp:featuredmedia":[{"embeddable":true,"href":"https:\/\/babypillowwholesale.com\/sk\/wp-json\/wp\/v2\/media\/3278"}],"wp:attachment":[{"href":"https:\/\/babypillowwholesale.com\/sk\/wp-json\/wp\/v2\/media?parent=3259"}],"wp:term":[{"taxonomy":"product_brand","embeddable":true,"href":"https:\/\/babypillowwholesale.com\/sk\/wp-json\/wp\/v2\/product_brand?post=3259"},{"taxonomy":"product_cat","embeddable":true,"href":"https:\/\/babypillowwholesale.com\/sk\/wp-json\/wp\/v2\/product_cat?post=3259"},{"taxonomy":"product_tag","embeddable":true,"href":"https:\/\/babypillowwholesale.com\/sk\/wp-json\/wp\/v2\/product_tag?post=3259"}],"curies":[{"name":"wp","href":"https:\/\/api.w.org\/{rel}","templated":true}]}}