{"id":3152,"date":"2025-02-24T03:46:58","date_gmt":"2025-02-24T03:46:58","guid":{"rendered":"https:\/\/babypillowwholesale.com\/?post_type=product&#038;p=3152"},"modified":"2025-06-08T16:21:25","modified_gmt":"2025-06-08T16:21:25","slug":"koala-shaping-pillow","status":"publish","type":"product","link":"https:\/\/babypillowwholesale.com\/sk\/product\/koala-shaping-pillow\/","title":{"rendered":"Tvarovac\u00ed vank\u00fa\u0161 Koala"},"content":{"rendered":"<p>Objavte tvarovac\u00ed vank\u00fa\u0161 Koala, majstrovsk\u00e9 dielo pohodlia a funk\u010dnosti, starostlivo navrhnut\u00e9 pre najmen\u0161\u00edch sp\u00e1\u010dov vo veku od 0 do 6 mesiacov. Jeho roztomil\u00e1 silueta in\u0161pirovan\u00e1 zvieratkami nie je len vizu\u00e1lnym pote\u0161en\u00edm, ale aj vstupnou br\u00e1nou do sladk\u00fdch snov pre v\u00e1\u0161 mal\u00fd uzl\u00ed\u010dek radosti. Ergonomick\u00fd tvar tohto vank\u00fa\u0161a je jemn\u00fdm objat\u00edm pre jemn\u00fa hlavi\u010dku v\u00e1\u0161ho b\u00e1b\u00e4tka, ktor\u00e9 ju starostlivo a prec\u00edzne vedie, aby si po\u010das rastu vytvorilo dokonal\u00fd tvar. V\u010faka praktick\u00fdm rozmerom 26*23*3 cm je to v\u0161estrann\u00fd spolo\u010dn\u00edk, ktor\u00fd sa bez probl\u00e9mov hod\u00ed do r\u00f4znych prostred\u00ed. Predstavte si, ako sa usad\u00ed v m\u00e4kkej postie\u013eke v\u00e1\u0161ho die\u0165a\u0165a a vytvor\u00ed \u00fatuln\u00e9 \u00fato\u010disko pre dlh\u00e9 a pokojn\u00e9 spanie po\u010das d\u0148a. Ke\u010f ste na cest\u00e1ch, \u010di u\u017e ide o pokojn\u00fa prech\u00e1dzku v ko\u010d\u00edku alebo rodinn\u00e9 dobrodru\u017estvo v aute, tvarovac\u00ed vank\u00fa\u0161 Koala poskytuje st\u00e1lu podporu a pohodlie, v\u010faka \u010domu je ka\u017ed\u00e1 cesta pokojn\u00e1. K dispoz\u00edcii je v o\u010daruj\u00facich odtie\u0148och ru\u017eovej a modrej farby, \u010do v\u00e1m umo\u017e\u0148uje vybra\u0165 si odtie\u0148, ktor\u00fd najlep\u0161ie vyhovuje zariadeniu detskej izby v\u00e1\u0161ho die\u0165a\u0165a alebo osobn\u00e9mu vkusu. Tvarovac\u00ed vank\u00fa\u0161 Koala je viac ne\u017e len vank\u00fa\u0161, je zmesou praktickosti a \u0161armu, nevyhnutn\u00fdm doplnkom sveta v\u00e1\u0161ho die\u0165a\u0165a, ktor\u00fd sp\u00e1ja umenie sp\u00e1nku s vedou o tvarovan\u00ed.<\/p>","protected":false},"excerpt":{"rendered":"<p>Tvarovac\u00ed vank\u00fa\u0161 Koala je prisp\u00f4soben\u00fd pre deti vo veku od 0 do 6 mesiacov. Jeho o\u010daruj\u00faci dizajn pripom\u00edna rozko\u0161n\u00e9 zvieratko, ktor\u00e9 sa ur\u010dite bude p\u00e1\u010di\u0165 b\u00e1b\u00e4tk\u00e1m aj rodi\u010dom. Ergonomick\u00fd tvar vank\u00fa\u0161a je vytvoren\u00fd tak, aby jemne viedol a podopieral hlavi\u010dku die\u0165a\u0165a a podporoval spr\u00e1vny v\u00fdvoj tvaru hlavy. V\u010faka pohodlnej ve\u013ekosti 26<em data-immersive-translate-walked=\"000db34a-f9f0-4794-a784-0d6465363590\">23<\/em>0\/3CM, \u013eahko sa umiest\u0148uje do r\u00f4znych detsk\u00fdch zariaden\u00ed, ako s\u00fa postie\u013eky alebo ko\u010d\u00edky. Je k dispoz\u00edcii v dvoch kr\u00e1snych farb\u00e1ch, ru\u017eovej a modrej, a pon\u00faka mo\u017enosti, ktor\u00e9 vyhovuj\u00fa r\u00f4znym \u0161t\u00fdlov\u00fdm preferenci\u00e1m, pri\u010dom sp\u00e1ja funk\u010dnos\u0165 s n\u00e1dychom roztomilosti pre va\u0161e die\u0165atko.<\/p>","protected":false},"featured_media":3276,"comment_status":"open","ping_status":"closed","template":"","meta":{"_uag_custom_page_level_css":"","site-sidebar-layout":"default","site-content-layout":"","ast-site-content-layout":"default","site-content-style":"default","site-sidebar-style":"default","ast-global-header-display":"","ast-banner-title-visibility":"","ast-main-header-display":"","ast-hfb-above-header-display":"","ast-hfb-below-header-display":"","ast-hfb-mobile-header-display":"","site-post-title":"","ast-breadcrumbs-content":"","ast-featured-img":"","footer-sml-layout":"","ast-disable-related-posts":"","theme-transparent-header-meta":"default","adv-header-id-meta":"","stick-header-meta":"","header-above-stick-meta":"","header-main-stick-meta":"","header-below-stick-meta":"","astra-migrate-meta-layouts":"set","ast-page-background-enabled":"default","ast-page-background-meta":{"desktop":{"background-color":"","background-image":"","background-repeat":"repeat","background-position":"center center","background-size":"auto","background-attachment":"scroll","background-type":"","background-media":"","overlay-type":"","overlay-color":"","overlay-opacity":"","overlay-gradient":""},"tablet":{"background-color":"","background-image":"","background-repeat":"repeat","background-position":"center center","background-size":"auto","background-attachment":"scroll","background-type":"","background-media":"","overlay-type":"","overlay-color":"","overlay-opacity":"","overlay-gradient":""},"mobile":{"background-color":"","background-image":"","background-repeat":"repeat","background-position":"center center","background-size":"auto","background-attachment":"scroll","background-type":"","background-media":"","overlay-type":"","overlay-color":"","overlay-opacity":"","overlay-gradient":""}},"ast-content-background-meta":{"desktop":{"background-color":"var(--ast-global-color-5)","background-image":"","background-repeat":"repeat","background-position":"center center","background-size":"auto","background-attachment":"scroll","background-type":"","background-media":"","overlay-type":"","overlay-color":"","overlay-opacity":"","overlay-gradient":""},"tablet":{"background-color":"var(--ast-global-color-5)","background-image":"","background-repeat":"repeat","background-position":"center center","background-size":"auto","background-attachment":"scroll","background-type":"","background-media":"","overlay-type":"","overlay-color":"","overlay-opacity":"","overlay-gradient":""},"mobile":{"background-color":"var(--ast-global-color-5)","background-image":"","background-repeat":"repeat","background-position":"center center","background-size":"auto","background-attachment":"scroll","background-type":"","background-media":"","overlay-type":"","overlay-color":"","overlay-opacity":"","overlay-gradient":""}}},"product_brand":[],"product_cat":[54,42],"product_tag":[70,68,71,69],"class_list":{"0":"post-3152","1":"product","2":"type-product","3":"status-publish","4":"has-post-thumbnail","6":"product_cat-0-to-6months","7":"product_cat-merchandise","8":"product_tag-babypillow","9":"product_tag-cuteanimalpillow","10":"product_tag-headshapesupport","11":"product_tag-kouniushapingpillow","12":"desktop-align-left","13":"tablet-align-left","14":"mobile-align-left","16":"first","17":"instock","18":"featured","19":"shipping-taxable","20":"product-type-simple"},"aioseo_notices":[],"uagb_featured_image_src":{"full":["https:\/\/babypillowwholesale.com\/wp-content\/uploads\/2025\/02\/1122.jpg",1000,1000,false],"thumbnail":["https:\/\/babypillowwholesale.com\/wp-content\/uploads\/2025\/02\/1122-150x150.jpg",150,150,true],"medium":["https:\/\/babypillowwholesale.com\/wp-content\/uploads\/2025\/02\/1122-300x300.jpg",300,300,true],"medium_large":["https:\/\/babypillowwholesale.com\/wp-content\/uploads\/2025\/02\/1122-768x768.jpg",768,768,true],"large":["https:\/\/babypillowwholesale.com\/wp-content\/uploads\/2025\/02\/1122.jpg",1000,1000,false],"1536x1536":["https:\/\/babypillowwholesale.com\/wp-content\/uploads\/2025\/02\/1122.jpg",1000,1000,false],"2048x2048":["https:\/\/babypillowwholesale.com\/wp-content\/uploads\/2025\/02\/1122.jpg",1000,1000,false],"trp-custom-language-flag":["https:\/\/babypillowwholesale.com\/wp-content\/uploads\/2025\/02\/1122.jpg",12,12,false],"woocommerce_thumbnail":["https:\/\/babypillowwholesale.com\/wp-content\/uploads\/2025\/02\/1122-300x300.jpg",300,300,true],"woocommerce_single":["https:\/\/babypillowwholesale.com\/wp-content\/uploads\/2025\/02\/1122-600x600.jpg",600,600,true],"woocommerce_gallery_thumbnail":["https:\/\/babypillowwholesale.com\/wp-content\/uploads\/2025\/02\/1122-100x100.jpg",100,100,true]},"uagb_author_info":{"display_name":"Etnen zhong","author_link":"https:\/\/babypillowwholesale.com\/sk\/author\/"},"uagb_comment_info":0,"uagb_excerpt":"The Koala Shaping Pillow is tailored for infants aged 0 to 6 months. Its charming design resembles an adorable animal, which is sure to appeal to both babies and parents. The pillow's ergonomic shape is crafted to gently guide and support a baby's head, promoting proper head shape development. With a convenient size of 26230\/3CM,&hellip;","jetpack_sharing_enabled":true,"_links":{"self":[{"href":"https:\/\/babypillowwholesale.com\/sk\/wp-json\/wp\/v2\/product\/3152","targetHints":{"allow":["GET"]}}],"collection":[{"href":"https:\/\/babypillowwholesale.com\/sk\/wp-json\/wp\/v2\/product"}],"about":[{"href":"https:\/\/babypillowwholesale.com\/sk\/wp-json\/wp\/v2\/types\/product"}],"replies":[{"embeddable":true,"href":"https:\/\/babypillowwholesale.com\/sk\/wp-json\/wp\/v2\/comments?post=3152"}],"wp:featuredmedia":[{"embeddable":true,"href":"https:\/\/babypillowwholesale.com\/sk\/wp-json\/wp\/v2\/media\/3276"}],"wp:attachment":[{"href":"https:\/\/babypillowwholesale.com\/sk\/wp-json\/wp\/v2\/media?parent=3152"}],"wp:term":[{"taxonomy":"product_brand","embeddable":true,"href":"https:\/\/babypillowwholesale.com\/sk\/wp-json\/wp\/v2\/product_brand?post=3152"},{"taxonomy":"product_cat","embeddable":true,"href":"https:\/\/babypillowwholesale.com\/sk\/wp-json\/wp\/v2\/product_cat?post=3152"},{"taxonomy":"product_tag","embeddable":true,"href":"https:\/\/babypillowwholesale.com\/sk\/wp-json\/wp\/v2\/product_tag?post=3152"}],"curies":[{"name":"wp","href":"https:\/\/api.w.org\/{rel}","templated":true}]}}