{"id":1199,"date":"2025-02-17T16:07:49","date_gmt":"2025-02-17T16:07:49","guid":{"rendered":"http:\/\/babypillowwholesale.com\/product\/boho-bangle-bracelet-2\/"},"modified":"2025-06-08T16:23:33","modified_gmt":"2025-06-08T16:23:33","slug":"boho-bangle-bracelet-2","status":"publish","type":"product","link":"https:\/\/babypillowwholesale.com\/sk\/product\/boho-bangle-bracelet-2\/","title":{"rendered":"Tvarovac\u00ed vank\u00fa\u0161 s medved\u00edkom Mickey"},"content":{"rendered":"<p>Predstavujeme o\u010daruj\u00faci vank\u00fa\u0161ik na tvarovanie medved\u00edka Mickeyho, ide\u00e1lneho spolo\u010dn\u00edka, ktor\u00fd je n\u00e1dherne navrhnut\u00fd pre milovan\u00e9 deti vo veku od 0 do 6 mesiacov. Jeho neodolate\u013ene roztomil\u00fd medved\u00ed vzh\u013ead je nielen vizu\u00e1lnym pote\u0161en\u00edm, ale sl\u00fa\u017ei aj na d\u00f4le\u017eit\u00e9 \u00fa\u010dely pri jemnom tvarovan\u00ed jemnej hlavi\u010dky v\u00e1\u0161ho die\u0165a\u0165a. S rozmermi 26*23*0\/3 cm sa presne prisp\u00f4sob\u00ed krivk\u00e1m tela v\u00e1\u0161ho b\u00e1b\u00e4tka a zaist\u00ed mu maxim\u00e1lne pohodlie. K dispoz\u00edcii je v o\u010daruj\u00facej ru\u017eovej a upokojuj\u00facej modrej farbe, tak\u017ee vyhovie r\u00f4znym estetick\u00fdm preferenci\u00e1m. Tento tvaruj\u00faci vank\u00fa\u0161 m\u00e1 v\u0161estrann\u00e9 vyu\u017eitie. Po\u010das denn\u00e9ho sp\u00e1nku v detskej izbe jeho m\u00e4kk\u00e1 text\u00fara a podporn\u00fd dizajn pom\u00e1haj\u00fa v\u00e1\u0161mu die\u0165a\u0165u relaxova\u0165 a spokojne spa\u0165. Pri rodinnom v\u00fdlete ho mo\u017eno umiestni\u0165 do detskej autoseda\u010dky a poskytn\u00fa\u0165 tak v\u00e1\u0161mu die\u0165atku zn\u00e1me a \u00fatuln\u00e9 miesto na odpo\u010dinok. Dokonca aj po\u010das kr\u00e1tkej n\u00e1v\u0161tevy u star\u00fdch rodi\u010dov si jednoducho vezmite so sebou tento kompaktn\u00fd vank\u00fa\u0161 a vytvorte tak pre svoje die\u0165a upokojuj\u00face prostredie na sp\u00e1nok. Tvarovac\u00ed vank\u00fa\u0161ik s medved\u00edkom Mickeym je viac ako len doplnok na spanie, je zmesou funk\u010dnosti, \u0161armu a pohodlia, nevyhnutn\u00fdm doplnkom k potreb\u00e1m starostlivosti o die\u0165a, ktor\u00fd sp\u00e1ja praktickos\u0165 s kvapkou k\u00fazla.<\/p>","protected":false},"excerpt":{"rendered":"<p>Tento vank\u00fa\u0161 na tvarovanie medved\u00edka Mickeyho je \u0161peci\u00e1lne navrhnut\u00fd pre deti vo veku od 0 do 6 mesiacov. V\u010faka svojmu roztomil\u00e9mu vzh\u013eadu v tvare medved\u00edka je ve\u013emi atrakt\u00edvny. Jedine\u010dn\u00fd dizajn pom\u00e1ha formova\u0165 hlavi\u010dku die\u0165a\u0165a. Vhodn\u00e1 ve\u013ekos\u0165 26\/<em>3<\/em>0\/3CM zodpoved\u00e1 krivke tela die\u0165a\u0165a. K dispoz\u00edcii je v dvoch farb\u00e1ch, ru\u017eovej a modrej, tak\u017ee m\u00f4\u017ee sp\u013a\u0148a\u0165 r\u00f4zne preferencie. Je to praktick\u00fd a kr\u00e1sny v\u00fdrobok na starostlivos\u0165 o die\u0165a.<\/p>","protected":false},"featured_media":3275,"comment_status":"open","ping_status":"closed","template":"","meta":{"_uag_custom_page_level_css":"","site-sidebar-layout":"default","site-content-layout":"","ast-site-content-layout":"default","site-content-style":"default","site-sidebar-style":"default","ast-global-header-display":"","ast-banner-title-visibility":"","ast-main-header-display":"","ast-hfb-above-header-display":"","ast-hfb-below-header-display":"","ast-hfb-mobile-header-display":"","site-post-title":"","ast-breadcrumbs-content":"","ast-featured-img":"","footer-sml-layout":"","ast-disable-related-posts":"","theme-transparent-header-meta":"default","adv-header-id-meta":"","stick-header-meta":"","header-above-stick-meta":"","header-main-stick-meta":"","header-below-stick-meta":"","astra-migrate-meta-layouts":"set","ast-page-background-enabled":"default","ast-page-background-meta":{"desktop":{"background-color":"","background-image":"","background-repeat":"repeat","background-position":"center center","background-size":"auto","background-attachment":"scroll","background-type":"","background-media":"","overlay-type":"","overlay-color":"","overlay-opacity":"","overlay-gradient":""},"tablet":{"background-color":"","background-image":"","background-repeat":"repeat","background-position":"center center","background-size":"auto","background-attachment":"scroll","background-type":"","background-media":"","overlay-type":"","overlay-color":"","overlay-opacity":"","overlay-gradient":""},"mobile":{"background-color":"","background-image":"","background-repeat":"repeat","background-position":"center center","background-size":"auto","background-attachment":"scroll","background-type":"","background-media":"","overlay-type":"","overlay-color":"","overlay-opacity":"","overlay-gradient":""}},"ast-content-background-meta":{"desktop":{"background-color":"var(--ast-global-color-5)","background-image":"","background-repeat":"repeat","background-position":"center center","background-size":"auto","background-attachment":"scroll","background-type":"","background-media":"","overlay-type":"","overlay-color":"","overlay-opacity":"","overlay-gradient":""},"tablet":{"background-color":"var(--ast-global-color-5)","background-image":"","background-repeat":"repeat","background-position":"center center","background-size":"auto","background-attachment":"scroll","background-type":"","background-media":"","overlay-type":"","overlay-color":"","overlay-opacity":"","overlay-gradient":""},"mobile":{"background-color":"var(--ast-global-color-5)","background-image":"","background-repeat":"repeat","background-position":"center center","background-size":"auto","background-attachment":"scroll","background-type":"","background-media":"","overlay-type":"","overlay-color":"","overlay-opacity":"","overlay-gradient":""}}},"product_brand":[],"product_cat":[54,42],"product_tag":[70,68,71,69],"class_list":{"0":"post-1199","1":"product","2":"type-product","3":"status-publish","4":"has-post-thumbnail","6":"product_cat-0-to-6months","7":"product_cat-merchandise","8":"product_tag-babypillow","9":"product_tag-cuteanimalpillow","10":"product_tag-headshapesupport","11":"product_tag-kouniushapingpillow","12":"desktop-align-left","13":"tablet-align-left","14":"mobile-align-left","16":"first","17":"instock","18":"shipping-taxable","19":"product-type-simple"},"aioseo_notices":[],"uagb_featured_image_src":{"full":["https:\/\/babypillowwholesale.com\/wp-content\/uploads\/2025\/02\/1119.jpg",1000,1000,false],"thumbnail":["https:\/\/babypillowwholesale.com\/wp-content\/uploads\/2025\/02\/1119-150x150.jpg",150,150,true],"medium":["https:\/\/babypillowwholesale.com\/wp-content\/uploads\/2025\/02\/1119-300x300.jpg",300,300,true],"medium_large":["https:\/\/babypillowwholesale.com\/wp-content\/uploads\/2025\/02\/1119-768x768.jpg",768,768,true],"large":["https:\/\/babypillowwholesale.com\/wp-content\/uploads\/2025\/02\/1119.jpg",1000,1000,false],"1536x1536":["https:\/\/babypillowwholesale.com\/wp-content\/uploads\/2025\/02\/1119.jpg",1000,1000,false],"2048x2048":["https:\/\/babypillowwholesale.com\/wp-content\/uploads\/2025\/02\/1119.jpg",1000,1000,false],"trp-custom-language-flag":["https:\/\/babypillowwholesale.com\/wp-content\/uploads\/2025\/02\/1119.jpg",12,12,false],"woocommerce_thumbnail":["https:\/\/babypillowwholesale.com\/wp-content\/uploads\/2025\/02\/1119-300x300.jpg",300,300,true],"woocommerce_single":["https:\/\/babypillowwholesale.com\/wp-content\/uploads\/2025\/02\/1119-600x600.jpg",600,600,true],"woocommerce_gallery_thumbnail":["https:\/\/babypillowwholesale.com\/wp-content\/uploads\/2025\/02\/1119-100x100.jpg",100,100,true]},"uagb_author_info":{"display_name":"Etnen zhong","author_link":"https:\/\/babypillowwholesale.com\/sk\/author\/"},"uagb_comment_info":0,"uagb_excerpt":"This Mickey Bear Shaping Pillow is specially designed for babies aged 0 to 6 months. With its cute bear - shaped appearance, it's very attractive. The unique design helps to shape the baby's head. The appropriate size of 26\/30\/3CM fits the baby's body curve. Available in two colors, pink and blue, it can meet different&hellip;","jetpack_sharing_enabled":true,"_links":{"self":[{"href":"https:\/\/babypillowwholesale.com\/sk\/wp-json\/wp\/v2\/product\/1199","targetHints":{"allow":["GET"]}}],"collection":[{"href":"https:\/\/babypillowwholesale.com\/sk\/wp-json\/wp\/v2\/product"}],"about":[{"href":"https:\/\/babypillowwholesale.com\/sk\/wp-json\/wp\/v2\/types\/product"}],"replies":[{"embeddable":true,"href":"https:\/\/babypillowwholesale.com\/sk\/wp-json\/wp\/v2\/comments?post=1199"}],"wp:featuredmedia":[{"embeddable":true,"href":"https:\/\/babypillowwholesale.com\/sk\/wp-json\/wp\/v2\/media\/3275"}],"wp:attachment":[{"href":"https:\/\/babypillowwholesale.com\/sk\/wp-json\/wp\/v2\/media?parent=1199"}],"wp:term":[{"taxonomy":"product_brand","embeddable":true,"href":"https:\/\/babypillowwholesale.com\/sk\/wp-json\/wp\/v2\/product_brand?post=1199"},{"taxonomy":"product_cat","embeddable":true,"href":"https:\/\/babypillowwholesale.com\/sk\/wp-json\/wp\/v2\/product_cat?post=1199"},{"taxonomy":"product_tag","embeddable":true,"href":"https:\/\/babypillowwholesale.com\/sk\/wp-json\/wp\/v2\/product_tag?post=1199"}],"curies":[{"name":"wp","href":"https:\/\/api.w.org\/{rel}","templated":true}]}}