{"id":3497,"date":"2025-04-19T12:47:24","date_gmt":"2025-04-19T12:47:24","guid":{"rendered":"https:\/\/babypillowwholesale.com\/?post_type=product&#038;p=3497"},"modified":"2025-06-05T13:57:14","modified_gmt":"2025-06-05T13:57:14","slug":"memory-foam-pillow-heart-shaped-pillow-core","status":"publish","type":"product","link":"https:\/\/babypillowwholesale.com\/ro\/product\/memory-foam-pillow-heart-shaped-pillow-core\/","title":{"rendered":"Pern\u0103 din spum\u0103 de memorie - miez de pern\u0103 \u00een form\u0103 de inim\u0103"},"content":{"rendered":"<div class=\"auto-hide-last-sibling-br paragraph-qzbcQC paragraph-element br-paragraph-space\">\n<div class=\"auto-hide-last-sibling-br paragraph-qzbcQC paragraph-element br-paragraph-space\">\n<div class=\"auto-hide-last-sibling-br paragraph-qzbcQC paragraph-element br-paragraph-space\">\n<div class=\"auto-hide-last-sibling-br paragraph-qzbcQC paragraph-element br-paragraph-space\">\n<div class=\"inter-wlTS5w\" data-immersive-translate-walked=\"d12d8f94-b8ff-4d99-b7de-4fecb356978f\">\n<div class=\"container-QE4ayg\">\n<div class=\"item-jU10IN\">\n<div class=\"container-jODEnh chrome70-container\">\n<div class=\"inner-eE95c9 inner-item-aL3Ui_\" data-target-id=\"message-box-target-id\" data-testid=\"union_message\">\n<div class=\"message-block-container-liuetz\" data-testid=\"message-block-container\">\n<div class=\"message-box-ZWbBdF\" data-testid=\"receive_message\" data-message-id=\"3380063449561346\">\n<div class=\"message-box-content-wrapper-srHdUj\">\n<div class=\"message-content message-box-content-otxGGw receive-message-box-content-_lREFj samantha-message-box-content-Qjmpja\" data-testid=\"message_content\">\n<div class=\"container-hfX5E8 flow-markdown-body theme-samantha-yJEgBp\" dir=\"ltr\" data-testid=\"message_text_content\" data-show-indicator=\"false\">\n<div class=\"auto-hide-last-sibling-br paragraph-qzbcQC paragraph-element br-paragraph-space\">\n<div class=\"auto-hide-last-sibling-br paragraph-qzbcQC paragraph-element br-paragraph-space\">Conceput\u0103 exclusiv pentru bebelu\u0219ii cu v\u00e2rsta cuprins\u0103 \u00eentre 0 \u0219i 6 luni, aceast\u0103 pern\u0103 cu spum\u0103 de memorie - miez de pern\u0103 \u00een form\u0103 de inim\u0103 este o dovad\u0103 a luxului personalizat. Ne m\u00e2ndrim cu capacitatea noastr\u0103 de a transforma acest miez deja fermec\u0103tor \u00een form\u0103 de inim\u0103 \u00eentr-o oper\u0103 de art\u0103 personalizat\u0103, adaptat\u0103 celor mai exigente gusturi.<\/div>\n<p>&nbsp;<\/p>\n<div class=\"auto-hide-last-sibling-br paragraph-qzbcQC paragraph-element br-paragraph-space\">Pentru cei care viseaz\u0103 \u00een fantezie, imagina\u021bi-v\u0103 o constela\u021bie de stele sclipitoare \u0219i o semilun\u0103 z\u00e2mbitoare, imprimate delicat pe inim\u0103. Fiecare stea pare s\u0103 de\u021bin\u0103 un univers de vise, cre\u00e2nd un paradis ceresc care lini\u0219te\u0219te \u0219i captiveaz\u0103. Dac\u0103 preferi frumuse\u021bea naturii, imagineaz\u0103-\u021bi frunze verzi, luxuriante, \u00eempletite cu flori delicate, \u00eenflorite. Petalele, redate \u00een nuan\u021be suave \u0219i lini\u0219titoare, aduc prospe\u021bimea unei gr\u0103dini de prim\u0103var\u0103 pe pern\u0103, oferind o \u00eembr\u0103\u021bi\u0219are vizual\u0103 senin\u0103 \u0219i r\u0103coritoare.<\/div>\n<p>&nbsp;<\/p>\n<div class=\"auto-hide-last-sibling-br paragraph-qzbcQC paragraph-element br-paragraph-space\">Pentru cei moderni, liniile curate, minimaliste \u0219i modelele geometrice pot fi integrate perfect. Unghiurile ascu\u021bite \u0219i curbele netede se intersecteaz\u0103 \u00eentr-un dans al designului contemporan, cre\u00e2nd un aspect care este deopotriv\u0103 elegant \u0219i \u00eenduio\u0219\u0103tor. Aceste modele nu sunt doar decora\u021biuni; ele sunt declara\u021bii, reflect\u00e2nd personalitatea \u0219i gusturile unice ale camerei copilului.<\/div>\n<p>&nbsp;<\/p>\n<div class=\"auto-hide-last-sibling-br paragraph-qzbcQC paragraph-element br-paragraph-space\">Fiecare model personalizat este executat cu cea mai mare precizie \u0219i aten\u021bie, folosind doar cele mai sigure cerneluri, netoxice. Acest lucru asigur\u0103 c\u0103 fiecare miez de pern\u0103 nu este doar o capodoper\u0103 vizual\u0103, ci \u0219i un refugiu sigur \u0219i confortabil pentru micu\u021bul dumneavoastr\u0103.<\/div>\n<p>&nbsp;<\/p>\n<div class=\"auto-hide-last-sibling-br paragraph-qzbcQC paragraph-element br-paragraph-space\">Oferind un spectru at\u00e2t de larg de personalizare, v\u0103 permitem s\u0103 satisface\u021bi orice preferin\u021b\u0103 estetic\u0103. Fie c\u0103 este vorba de o \u021bar\u0103 a minunilor capricioas\u0103, un refugiu natural sau o oaz\u0103 modern\u0103 minimalist\u0103, acest miez de pern\u0103 \u00een form\u0103 de inim\u0103 poate fi transformat pentru a satisface \u0219i dep\u0103\u0219i a\u0219tept\u0103rile. Pe o pia\u021b\u0103 saturat\u0103 de produse generice, modelele noastre personalizate asigur\u0103 c\u0103 oferta dvs. iese \u00een eviden\u021b\u0103, capt\u00e2nd aten\u021bia \u0219i c\u00e2\u0219tig\u00e2nd inimile. Acest nivel de personalizare nu \u00eembun\u0103t\u0103\u021be\u0219te doar v\u00e2nz\u0103rile, ci creeaz\u0103 o conexiune mai profund\u0103 cu clien\u021bii dumneavoastr\u0103, oferindu-le un produs la fel de unic ca \u0219i micu\u021bul lor.<\/div>\n<p>&nbsp;<\/p>\n<div class=\"auto-hide-last-sibling-br paragraph-qzbcQC paragraph-element br-paragraph-space\">\u00cembun\u0103t\u0103\u021bi\u021bi linia dvs. de produse cu perna noastr\u0103 cu spum\u0103 de memorie - miez de pern\u0103 \u00een form\u0103 de inim\u0103, unde personalizarea \u00eent\u00e2lne\u0219te luxul, iar fiecare pern\u0103 spune o poveste unic\u0103.<\/div>\n<\/div>\n<\/div>\n<\/div>\n<\/div>\n<\/div>\n<\/div>\n<\/div>\n<\/div>\n<\/div>\n<\/div>\n<\/div>\n<\/div>\n<\/div>\n<\/div>\n<\/div>","protected":false},"excerpt":{"rendered":"<div class=\"auto-hide-last-sibling-br paragraph-qzbcQC paragraph-element br-paragraph-space\">Aceast\u0103 pern\u0103 cu spum\u0103 de memorie - miez de pern\u0103 \u00een form\u0103 de inim\u0103, conceput\u0103 pentru bebelu\u0219i cu v\u00e2rsta cuprins\u0103 \u00eentre 0 \u0219i 6 luni, ofer\u0103 un avantaj puternic de personalizare. Putem crea modele rafinate, personalizate pentru a v\u0103 satisface nevoile specifice. De exemplu, dac\u0103 clien\u021bii dvs. ador\u0103 stilurile dr\u0103gu\u021be, putem imprima personaje de desene animate fermec\u0103toare sau motive florale delicate. Prefera\u021bi o not\u0103 elegant\u0103? Se pot aplica modele geometrice simple, dar elegante sau degradeuri pastelate delicate. Aceste modele personalizate nu numai c\u0103 sporesc atractivitatea vizual\u0103 a produsului, dar \u00eel fac \u0219i s\u0103 se remarce pe pia\u021b\u0103, atr\u0103g\u00e2nd mai mul\u021bi cump\u0103r\u0103tori \u0219i stimul\u00e2nd v\u00e2nz\u0103rile. Prin adaptarea la diversele preferin\u021be de design, pute\u021bi oferi un produs care se aliniaz\u0103 perfect esteticii diferi\u021bilor consumatori, asigur\u00e2ndu-v\u0103 un avantaj competitiv.<\/div>","protected":false},"featured_media":3498,"comment_status":"open","ping_status":"closed","template":"","meta":{"_uag_custom_page_level_css":"","site-sidebar-layout":"default","site-content-layout":"","ast-site-content-layout":"default","site-content-style":"default","site-sidebar-style":"default","ast-global-header-display":"","ast-banner-title-visibility":"","ast-main-header-display":"","ast-hfb-above-header-display":"","ast-hfb-below-header-display":"","ast-hfb-mobile-header-display":"","site-post-title":"","ast-breadcrumbs-content":"","ast-featured-img":"","footer-sml-layout":"","ast-disable-related-posts":"","theme-transparent-header-meta":"default","adv-header-id-meta":"","stick-header-meta":"","header-above-stick-meta":"","header-main-stick-meta":"","header-below-stick-meta":"","astra-migrate-meta-layouts":"set","ast-page-background-enabled":"default","ast-page-background-meta":{"desktop":{"background-color":"","background-image":"","background-repeat":"repeat","background-position":"center center","background-size":"auto","background-attachment":"scroll","background-type":"","background-media":"","overlay-type":"","overlay-color":"","overlay-opacity":"","overlay-gradient":""},"tablet":{"background-color":"","background-image":"","background-repeat":"repeat","background-position":"center center","background-size":"auto","background-attachment":"scroll","background-type":"","background-media":"","overlay-type":"","overlay-color":"","overlay-opacity":"","overlay-gradient":""},"mobile":{"background-color":"","background-image":"","background-repeat":"repeat","background-position":"center center","background-size":"auto","background-attachment":"scroll","background-type":"","background-media":"","overlay-type":"","overlay-color":"","overlay-opacity":"","overlay-gradient":""}},"ast-content-background-meta":{"desktop":{"background-color":"var(--ast-global-color-5)","background-image":"","background-repeat":"repeat","background-position":"center center","background-size":"auto","background-attachment":"scroll","background-type":"","background-media":"","overlay-type":"","overlay-color":"","overlay-opacity":"","overlay-gradient":""},"tablet":{"background-color":"var(--ast-global-color-5)","background-image":"","background-repeat":"repeat","background-position":"center center","background-size":"auto","background-attachment":"scroll","background-type":"","background-media":"","overlay-type":"","overlay-color":"","overlay-opacity":"","overlay-gradient":""},"mobile":{"background-color":"var(--ast-global-color-5)","background-image":"","background-repeat":"repeat","background-position":"center center","background-size":"auto","background-attachment":"scroll","background-type":"","background-media":"","overlay-type":"","overlay-color":"","overlay-opacity":"","overlay-gradient":""}}},"product_brand":[],"product_cat":[65,32],"product_tag":[70,68,71,69],"class_list":{"0":"post-3497","1":"product","2":"type-product","3":"status-publish","4":"has-post-thumbnail","6":"product_cat-0-to-6months-oem","7":"product_cat-customize","8":"product_tag-babypillow","9":"product_tag-cuteanimalpillow","10":"product_tag-headshapesupport","11":"product_tag-kouniushapingpillow","12":"desktop-align-left","13":"tablet-align-left","14":"mobile-align-left","16":"first","17":"instock","18":"shipping-taxable","19":"product-type-simple"},"aioseo_notices":[],"uagb_featured_image_src":{"full":["https:\/\/babypillowwholesale.com\/wp-content\/uploads\/2025\/04\/0020.jpg",1000,1000,false],"thumbnail":["https:\/\/babypillowwholesale.com\/wp-content\/uploads\/2025\/04\/0020-150x150.jpg",150,150,true],"medium":["https:\/\/babypillowwholesale.com\/wp-content\/uploads\/2025\/04\/0020-300x300.jpg",300,300,true],"medium_large":["https:\/\/babypillowwholesale.com\/wp-content\/uploads\/2025\/04\/0020-768x768.jpg",768,768,true],"large":["https:\/\/babypillowwholesale.com\/wp-content\/uploads\/2025\/04\/0020.jpg",1000,1000,false],"1536x1536":["https:\/\/babypillowwholesale.com\/wp-content\/uploads\/2025\/04\/0020.jpg",1000,1000,false],"2048x2048":["https:\/\/babypillowwholesale.com\/wp-content\/uploads\/2025\/04\/0020.jpg",1000,1000,false],"trp-custom-language-flag":["https:\/\/babypillowwholesale.com\/wp-content\/uploads\/2025\/04\/0020.jpg",12,12,false],"woocommerce_thumbnail":["https:\/\/babypillowwholesale.com\/wp-content\/uploads\/2025\/04\/0020-300x300.jpg",300,300,true],"woocommerce_single":["https:\/\/babypillowwholesale.com\/wp-content\/uploads\/2025\/04\/0020-600x600.jpg",600,600,true],"woocommerce_gallery_thumbnail":["https:\/\/babypillowwholesale.com\/wp-content\/uploads\/2025\/04\/0020-100x100.jpg",100,100,true]},"uagb_author_info":{"display_name":"Etnen zhong","author_link":"https:\/\/babypillowwholesale.com\/ro\/author\/"},"uagb_comment_info":0,"uagb_excerpt":"This Memory Foam Pillow - Heart - shaped Pillow Core, designed for babies aged 0 - 6 months, offers a powerful customization advantage. We can craft exquisite, tailored patterns to meet your specific needs. For example, if your customers adore cute styles, we can print charming cartoon characters or dainty floral motifs. Prefer an elegant&hellip;","jetpack_sharing_enabled":true,"_links":{"self":[{"href":"https:\/\/babypillowwholesale.com\/ro\/wp-json\/wp\/v2\/product\/3497","targetHints":{"allow":["GET"]}}],"collection":[{"href":"https:\/\/babypillowwholesale.com\/ro\/wp-json\/wp\/v2\/product"}],"about":[{"href":"https:\/\/babypillowwholesale.com\/ro\/wp-json\/wp\/v2\/types\/product"}],"replies":[{"embeddable":true,"href":"https:\/\/babypillowwholesale.com\/ro\/wp-json\/wp\/v2\/comments?post=3497"}],"wp:featuredmedia":[{"embeddable":true,"href":"https:\/\/babypillowwholesale.com\/ro\/wp-json\/wp\/v2\/media\/3498"}],"wp:attachment":[{"href":"https:\/\/babypillowwholesale.com\/ro\/wp-json\/wp\/v2\/media?parent=3497"}],"wp:term":[{"taxonomy":"product_brand","embeddable":true,"href":"https:\/\/babypillowwholesale.com\/ro\/wp-json\/wp\/v2\/product_brand?post=3497"},{"taxonomy":"product_cat","embeddable":true,"href":"https:\/\/babypillowwholesale.com\/ro\/wp-json\/wp\/v2\/product_cat?post=3497"},{"taxonomy":"product_tag","embeddable":true,"href":"https:\/\/babypillowwholesale.com\/ro\/wp-json\/wp\/v2\/product_tag?post=3497"}],"curies":[{"name":"wp","href":"https:\/\/api.w.org\/{rel}","templated":true}]}}