{"id":3491,"date":"2025-04-19T09:25:10","date_gmt":"2025-04-19T09:25:10","guid":{"rendered":"https:\/\/babypillowwholesale.com\/?post_type=product&#038;p=3491"},"modified":"2025-06-05T14:43:03","modified_gmt":"2025-06-05T14:43:03","slug":"memory-foam-pillow-small-apple-shaped-pillow-core","status":"publish","type":"product","link":"https:\/\/babypillowwholesale.com\/ro\/product\/memory-foam-pillow-small-apple-shaped-pillow-core\/","title":{"rendered":"Pern\u0103 din spum\u0103 de memorie - M\u0103r mic - \u00een form\u0103 de miez de pern\u0103"},"content":{"rendered":"<div class=\"auto-hide-last-sibling-br paragraph-qzbcQC paragraph-element br-paragraph-space\">\n<div class=\"auto-hide-last-sibling-br paragraph-qzbcQC paragraph-element br-paragraph-space\">\n<div class=\"auto-hide-last-sibling-br paragraph-qzbcQC paragraph-element br-paragraph-space\">\n<div class=\"auto-hide-last-sibling-br paragraph-qzbcQC paragraph-element br-paragraph-space\">V\u0103 prezent\u0103m Memory Foam Pillow - Small Apple - shaped Pillow Core, o pern\u0103 de dormit \u00eenc\u00e2nt\u0103toare, conceput\u0103 pentru cei mai mici vis\u0103tori cu v\u00e2rste cuprinse \u00eentre 0 \u0219i 6 luni. Silueta sa fermec\u0103toare, inspirat\u0103 de m\u0103r, nu este doar o pl\u0103cere vizual\u0103; este o poart\u0103 c\u0103tre un t\u0103r\u00e2m al personaliz\u0103rii de neegalat.<\/div>\n<p>&nbsp;<\/p>\n<div class=\"auto-hide-last-sibling-br paragraph-qzbcQC paragraph-element br-paragraph-space\">Recunoa\u0219tem c\u0103 fiecare bebelu\u0219 este unic \u0219i la fel ar trebui s\u0103 fie \u0219i confortul s\u0103u. Acesta este motivul pentru care oferim posibilitatea de a regla densitatea spumei hidrofile. Fie c\u0103 micu\u021bul dvs. prefer\u0103 moliciunea ca un nor sau fermitatea lini\u0219titoare care ofer\u0103 un suport delicat, putem crea experien\u021ba tactil\u0103 perfect\u0103.<\/div>\n<p>&nbsp;<\/p>\n<div class=\"auto-hide-last-sibling-br paragraph-qzbcQC paragraph-element br-paragraph-space\">Suprafa\u021ba acestei minun\u0103\u021bii \u00een form\u0103 de m\u0103r este o p\u00e2nz\u0103 alb\u0103 pentru creativitate. Folosind doar cele mai sigure cerneluri, netoxice, o putem \u00eempodobi cu imprimeuri \u00eenc\u00e2nt\u0103toare. Imagina\u021bi-v\u0103 o constela\u021bie de flori de m\u0103r delicate, ale c\u0103ror petale par a flutura \u00eentr-o briz\u0103 bl\u00e2nd\u0103, sau o parad\u0103 juc\u0103u\u0219\u0103 de buburuze, ca \u0219i cum ar avea misiunea de a aduce z\u00e2mbete \u00een somnul copilului dumneavoastr\u0103. Aceste imprimeuri nu sunt doar decora\u021biuni; sunt pove\u0219ti care a\u0219teapt\u0103 s\u0103 fie spuse, ad\u0103ug\u00e2nd un strat de magie la fiecare somn.<\/div>\n<p>&nbsp;<\/p>\n<div class=\"auto-hide-last-sibling-br paragraph-qzbcQC paragraph-element br-paragraph-space\">Dar personalizarea nu se opre\u0219te aici. Crest\u0103tura central\u0103, o caracteristic\u0103 esen\u021bial\u0103 pentru confortul bebelu\u0219ului dumneavoastr\u0103, poate fi ajustat\u0103 meticulos. \u00cei putem modifica cu precizie dimensiunea \u0219i curbura, asigur\u00e2ndu-ne c\u0103 sprijin\u0103 capul bebelu\u0219ului dvs. ca o \u00eembr\u0103\u021bi\u0219are iubitoare. Aceast\u0103 aten\u021bie la detalii, acest angajament fa\u021b\u0103 de unicitate, face ca perna noastr\u0103 din spum\u0103 de memorie - M\u0103rul mic - \u00een form\u0103 de miez de pern\u0103 s\u0103 nu fie doar un produs, ci o amintire pre\u021bioas\u0103, un c\u00e2ntec de leag\u0103n unic pentru somnul micu\u021bului dumneavoastr\u0103.<\/div>\n<\/div>\n<\/div>\n<\/div>","protected":false},"excerpt":{"rendered":"<div class=\"auto-hide-last-sibling-br paragraph-qzbcQC paragraph-element br-paragraph-space\">Aceast\u0103 pern\u0103 din spum\u0103 de memorie - M\u0103r mic - \u00een form\u0103 de miez de pern\u0103, potrivit\u0103 pentru bebelu\u0219ii cu v\u00e2rsta cuprins\u0103 \u00eentre 0 \u0219i 6 luni, ofer\u0103 un poten\u021bial remarcabil de personalizare \u0219i design. Forma sa dr\u0103gu\u021b\u0103 asem\u0103n\u0103toare unui m\u0103r este doar punctul de plecare. Putem modifica densitatea spumei hidrofile pentru a r\u0103spunde cerin\u021belor specifice de confort ale bebelu\u0219ului dumneavoastr\u0103, fie c\u0103 este vorba de o senza\u021bie mai moale pentru un plus de confort, fie de o textur\u0103 mai ferm\u0103 pentru o sus\u021binere sporit\u0103. G\u00e2ndi\u021bi-v\u0103 la modele delicate de flori de m\u0103r sau mici motive de g\u0103rg\u0103ri\u021be care adaug\u0103 o not\u0103 capricioas\u0103. \u00cen plus, dimensiunea \u0219i curbura ad\u00e2nciturii centrale pot fi ajustate cu precizie pentru a oferi potrivirea perfect\u0103 pentru capul bebelu\u0219ului, asigur\u00e2nd confort \u0219i sus\u021binere optime. Acest lucru v\u0103 permite s\u0103 crea\u021bi un miez de pern\u0103 cu adev\u0103rat unic, care s\u0103 r\u0103spund\u0103 at\u00e2t nevoilor bebelu\u0219ului dumneavoastr\u0103, c\u00e2t \u0219i preferin\u021belor dumneavoastr\u0103 estetice.<\/div>","protected":false},"featured_media":3492,"comment_status":"open","ping_status":"closed","template":"","meta":{"_uag_custom_page_level_css":"","site-sidebar-layout":"default","site-content-layout":"","ast-site-content-layout":"default","site-content-style":"default","site-sidebar-style":"default","ast-global-header-display":"","ast-banner-title-visibility":"","ast-main-header-display":"","ast-hfb-above-header-display":"","ast-hfb-below-header-display":"","ast-hfb-mobile-header-display":"","site-post-title":"","ast-breadcrumbs-content":"","ast-featured-img":"","footer-sml-layout":"","ast-disable-related-posts":"","theme-transparent-header-meta":"default","adv-header-id-meta":"","stick-header-meta":"","header-above-stick-meta":"","header-main-stick-meta":"","header-below-stick-meta":"","astra-migrate-meta-layouts":"set","ast-page-background-enabled":"default","ast-page-background-meta":{"desktop":{"background-color":"","background-image":"","background-repeat":"repeat","background-position":"center center","background-size":"auto","background-attachment":"scroll","background-type":"","background-media":"","overlay-type":"","overlay-color":"","overlay-opacity":"","overlay-gradient":""},"tablet":{"background-color":"","background-image":"","background-repeat":"repeat","background-position":"center center","background-size":"auto","background-attachment":"scroll","background-type":"","background-media":"","overlay-type":"","overlay-color":"","overlay-opacity":"","overlay-gradient":""},"mobile":{"background-color":"","background-image":"","background-repeat":"repeat","background-position":"center center","background-size":"auto","background-attachment":"scroll","background-type":"","background-media":"","overlay-type":"","overlay-color":"","overlay-opacity":"","overlay-gradient":""}},"ast-content-background-meta":{"desktop":{"background-color":"var(--ast-global-color-5)","background-image":"","background-repeat":"repeat","background-position":"center center","background-size":"auto","background-attachment":"scroll","background-type":"","background-media":"","overlay-type":"","overlay-color":"","overlay-opacity":"","overlay-gradient":""},"tablet":{"background-color":"var(--ast-global-color-5)","background-image":"","background-repeat":"repeat","background-position":"center center","background-size":"auto","background-attachment":"scroll","background-type":"","background-media":"","overlay-type":"","overlay-color":"","overlay-opacity":"","overlay-gradient":""},"mobile":{"background-color":"var(--ast-global-color-5)","background-image":"","background-repeat":"repeat","background-position":"center center","background-size":"auto","background-attachment":"scroll","background-type":"","background-media":"","overlay-type":"","overlay-color":"","overlay-opacity":"","overlay-gradient":""}}},"product_brand":[],"product_cat":[65,32],"product_tag":[70,68,71,69],"class_list":{"0":"post-3491","1":"product","2":"type-product","3":"status-publish","4":"has-post-thumbnail","6":"product_cat-0-to-6months-oem","7":"product_cat-customize","8":"product_tag-babypillow","9":"product_tag-cuteanimalpillow","10":"product_tag-headshapesupport","11":"product_tag-kouniushapingpillow","12":"desktop-align-left","13":"tablet-align-left","14":"mobile-align-left","16":"first","17":"instock","18":"shipping-taxable","19":"product-type-simple"},"aioseo_notices":[],"uagb_featured_image_src":{"full":["https:\/\/babypillowwholesale.com\/wp-content\/uploads\/2025\/04\/0004.jpg",1000,1000,false],"thumbnail":["https:\/\/babypillowwholesale.com\/wp-content\/uploads\/2025\/04\/0004-150x150.jpg",150,150,true],"medium":["https:\/\/babypillowwholesale.com\/wp-content\/uploads\/2025\/04\/0004-300x300.jpg",300,300,true],"medium_large":["https:\/\/babypillowwholesale.com\/wp-content\/uploads\/2025\/04\/0004-768x768.jpg",768,768,true],"large":["https:\/\/babypillowwholesale.com\/wp-content\/uploads\/2025\/04\/0004.jpg",1000,1000,false],"1536x1536":["https:\/\/babypillowwholesale.com\/wp-content\/uploads\/2025\/04\/0004.jpg",1000,1000,false],"2048x2048":["https:\/\/babypillowwholesale.com\/wp-content\/uploads\/2025\/04\/0004.jpg",1000,1000,false],"trp-custom-language-flag":["https:\/\/babypillowwholesale.com\/wp-content\/uploads\/2025\/04\/0004.jpg",12,12,false],"woocommerce_thumbnail":["https:\/\/babypillowwholesale.com\/wp-content\/uploads\/2025\/04\/0004-300x300.jpg",300,300,true],"woocommerce_single":["https:\/\/babypillowwholesale.com\/wp-content\/uploads\/2025\/04\/0004-600x600.jpg",600,600,true],"woocommerce_gallery_thumbnail":["https:\/\/babypillowwholesale.com\/wp-content\/uploads\/2025\/04\/0004-100x100.jpg",100,100,true]},"uagb_author_info":{"display_name":"Etnen zhong","author_link":"https:\/\/babypillowwholesale.com\/ro\/author\/"},"uagb_comment_info":0,"uagb_excerpt":"This Memory Foam Pillow - Small Apple - shaped Pillow Core, suitable for babies aged 0 - 6 months, offers remarkable customization and design potential. Its cute apple - like shape is just the starting point. We can modify the density of the hydrophilic foam to suit your baby's specific comfort requirements, whether it's a&hellip;","jetpack_sharing_enabled":true,"_links":{"self":[{"href":"https:\/\/babypillowwholesale.com\/ro\/wp-json\/wp\/v2\/product\/3491","targetHints":{"allow":["GET"]}}],"collection":[{"href":"https:\/\/babypillowwholesale.com\/ro\/wp-json\/wp\/v2\/product"}],"about":[{"href":"https:\/\/babypillowwholesale.com\/ro\/wp-json\/wp\/v2\/types\/product"}],"replies":[{"embeddable":true,"href":"https:\/\/babypillowwholesale.com\/ro\/wp-json\/wp\/v2\/comments?post=3491"}],"wp:featuredmedia":[{"embeddable":true,"href":"https:\/\/babypillowwholesale.com\/ro\/wp-json\/wp\/v2\/media\/3492"}],"wp:attachment":[{"href":"https:\/\/babypillowwholesale.com\/ro\/wp-json\/wp\/v2\/media?parent=3491"}],"wp:term":[{"taxonomy":"product_brand","embeddable":true,"href":"https:\/\/babypillowwholesale.com\/ro\/wp-json\/wp\/v2\/product_brand?post=3491"},{"taxonomy":"product_cat","embeddable":true,"href":"https:\/\/babypillowwholesale.com\/ro\/wp-json\/wp\/v2\/product_cat?post=3491"},{"taxonomy":"product_tag","embeddable":true,"href":"https:\/\/babypillowwholesale.com\/ro\/wp-json\/wp\/v2\/product_tag?post=3491"}],"curies":[{"name":"wp","href":"https:\/\/api.w.org\/{rel}","templated":true}]}}