{"id":3488,"date":"2025-04-19T02:55:35","date_gmt":"2025-04-19T02:55:35","guid":{"rendered":"https:\/\/babypillowwholesale.com\/?post_type=product&#038;p=3488"},"modified":"2025-06-05T14:47:34","modified_gmt":"2025-06-05T14:47:34","slug":"memory-foam-pillow-thin-bear-shaped-pillow-core","status":"publish","type":"product","link":"https:\/\/babypillowwholesale.com\/ro\/product\/memory-foam-pillow-thin-bear-shaped-pillow-core\/","title":{"rendered":"Pern\u0103 din spum\u0103 de memorie - Urs sub\u021bire - \u00een form\u0103 de miez de pern\u0103"},"content":{"rendered":"<div class=\"auto-hide-last-sibling-br paragraph-qzbcQC paragraph-element br-paragraph-space\">\n<div class=\"auto-hide-last-sibling-br paragraph-qzbcQC paragraph-element br-paragraph-space\">\n<div class=\"auto-hide-last-sibling-br paragraph-qzbcQC paragraph-element br-paragraph-space\">Privi\u021bi perna cu spum\u0103 de memorie - miezul sub\u021bire al pernei \u00een form\u0103 de urs, o capodoper\u0103 creat\u0103 special pentru cei mai mici dormitori cu v\u00e2rste cuprinse \u00eentre 0 \u0219i 6 luni. Silueta sa fermec\u0103toare de urs nu este doar o alegere estetic\u0103; este un portal c\u0103tre un univers de posibilit\u0103\u021bi personalizate.<\/div>\n<p>&nbsp;<\/p>\n<div class=\"auto-hide-last-sibling-br paragraph-qzbcQC paragraph-element br-paragraph-space\">\u00cen\u021belegem c\u0103 confortul este la fel de individual ca z\u00e2mbetul dulce al bebelu\u0219ului dvs. Acesta este motivul pentru care oferim op\u021biunea de a regla cu precizie moliciunea spumei hidrofilice. Fie c\u0103 dori\u021bi o fine\u021be asem\u0103n\u0103toare unui nor pentru cele mai delicate capete sau un pic mai mult\u0103 fermitate pentru un plus de sus\u021binere, v\u0103 acoperim noi. Este un nivel de personalizare care transform\u0103 acest miez de pern\u0103 dintr-un simplu accesoriu \u00eentr-un paradis de odihn\u0103 personalizat.<\/div>\n<p>&nbsp;<\/p>\n<div class=\"auto-hide-last-sibling-br paragraph-qzbcQC paragraph-element br-paragraph-space\">Suprafa\u021ba acestei minun\u0103\u021bii \u00een form\u0103 de urs este o p\u00e2nz\u0103 alb\u0103 care a\u0219teapt\u0103 expresia artistic\u0103. Folosind doar cele mai sigure cerneluri, netoxice, \u00eel putem \u00eempodobi cu imprimeuri \u00eenc\u00e2nt\u0103toare. Imagina\u021bi-v\u0103 o constela\u021bie de margarete delicate, ale c\u0103ror petale par s\u0103 se legene \u00eentr-o briz\u0103 bl\u00e2nd\u0103, sau o d\u00e2r\u0103 de amprente adorabile de iepura\u0219, ca \u0219i cum v-ar conduce copilul \u00eentr-o lume a viselor. Aceste imprimeuri nu sunt doar decora\u021biuni; sunt pove\u0219ti care a\u0219teapt\u0103 s\u0103 fie spuse, ad\u0103ug\u00e2nd un strat de magie la fiecare somn.<\/div>\n<p>&nbsp;<\/p>\n<div class=\"auto-hide-last-sibling-br paragraph-qzbcQC paragraph-element br-paragraph-space\">\u0218i mai este \u0219i ad\u00e2ncitura central\u0103, o caracteristic\u0103 crucial\u0103 reimaginat\u0103 pentru confortul copilului dumneavoastr\u0103. \u00cei putem regla dimensiunea \u0219i ad\u00e2ncimea cu precizie chirurgical\u0103, asigur\u00e2ndu-ne c\u0103 va sus\u021bine capul bebelu\u0219ului ca o \u00eembr\u0103\u021bi\u0219are iubitoare. Aceast\u0103 aten\u021bie la detalii, acest angajament fa\u021b\u0103 de unicitate, face ca perna noastr\u0103 cu spum\u0103 de memorie - Thin Bear - Pillow Core s\u0103 nu fie doar un produs, ci o amintire pre\u021bioas\u0103, un c\u00e2ntec de leag\u0103n unic pentru somnul celui mic.<\/div>\n<\/div>\n<\/div>","protected":false},"excerpt":{"rendered":"<p>Aceast\u0103 pern\u0103 din spum\u0103 de memorie - miez sub\u021bire de pern\u0103 \u00een form\u0103 de urs, conceput\u0103 pentru bebelu\u0219ii cu v\u00e2rsta cuprins\u0103 \u00eentre 0 \u0219i 6 luni, ofer\u0103 o lume de oportunit\u0103\u021bi de personalizare \u0219i design. Forma sa \u00eendr\u0103git\u0103 \u00een form\u0103 de urs este p\u00e2nza perfect\u0103 pentru creativitate. Putem personaliza nivelul de moliciune al spumei hidrofile \u00een func\u021bie de preferin\u021bele dumneavoastr\u0103, asigur\u00e2nd confortul ideal pentru micu\u021bul dumneavoastr\u0103. Suprafa\u021ba poate fi \u00eempodobit\u0103 cu imprimeuri netoxice, sigure pentru bebelu\u0219i, cum ar fi mici modele florale sau amprente dr\u0103gu\u021be de animale, ad\u0103ug\u00e2nd o not\u0103 unic\u0103 \u0219i fermec\u0103toare. \u00cen plus, dimensiunea \u0219i ad\u00e2ncimea ad\u00e2nciturii centrale pot fi ajustate pentru a sus\u021bine mai bine forma capului bebelu\u0219ului. Acest lucru v\u0103 permite s\u0103 crea\u021bi un miez de pern\u0103 cu adev\u0103rat personalizat, care nu numai c\u0103 satisface nevoile de confort ale bebelu\u0219ului, dar se remarc\u0103 \u0219i ca un articol special, unicat.<\/p>","protected":false},"featured_media":3489,"comment_status":"open","ping_status":"closed","template":"","meta":{"_uag_custom_page_level_css":"","site-sidebar-layout":"default","site-content-layout":"","ast-site-content-layout":"default","site-content-style":"default","site-sidebar-style":"default","ast-global-header-display":"","ast-banner-title-visibility":"","ast-main-header-display":"","ast-hfb-above-header-display":"","ast-hfb-below-header-display":"","ast-hfb-mobile-header-display":"","site-post-title":"","ast-breadcrumbs-content":"","ast-featured-img":"","footer-sml-layout":"","ast-disable-related-posts":"","theme-transparent-header-meta":"default","adv-header-id-meta":"","stick-header-meta":"","header-above-stick-meta":"","header-main-stick-meta":"","header-below-stick-meta":"","astra-migrate-meta-layouts":"set","ast-page-background-enabled":"default","ast-page-background-meta":{"desktop":{"background-color":"","background-image":"","background-repeat":"repeat","background-position":"center center","background-size":"auto","background-attachment":"scroll","background-type":"","background-media":"","overlay-type":"","overlay-color":"","overlay-opacity":"","overlay-gradient":""},"tablet":{"background-color":"","background-image":"","background-repeat":"repeat","background-position":"center center","background-size":"auto","background-attachment":"scroll","background-type":"","background-media":"","overlay-type":"","overlay-color":"","overlay-opacity":"","overlay-gradient":""},"mobile":{"background-color":"","background-image":"","background-repeat":"repeat","background-position":"center center","background-size":"auto","background-attachment":"scroll","background-type":"","background-media":"","overlay-type":"","overlay-color":"","overlay-opacity":"","overlay-gradient":""}},"ast-content-background-meta":{"desktop":{"background-color":"var(--ast-global-color-5)","background-image":"","background-repeat":"repeat","background-position":"center center","background-size":"auto","background-attachment":"scroll","background-type":"","background-media":"","overlay-type":"","overlay-color":"","overlay-opacity":"","overlay-gradient":""},"tablet":{"background-color":"var(--ast-global-color-5)","background-image":"","background-repeat":"repeat","background-position":"center center","background-size":"auto","background-attachment":"scroll","background-type":"","background-media":"","overlay-type":"","overlay-color":"","overlay-opacity":"","overlay-gradient":""},"mobile":{"background-color":"var(--ast-global-color-5)","background-image":"","background-repeat":"repeat","background-position":"center center","background-size":"auto","background-attachment":"scroll","background-type":"","background-media":"","overlay-type":"","overlay-color":"","overlay-opacity":"","overlay-gradient":""}}},"product_brand":[],"product_cat":[65,32],"product_tag":[70,68,71,69],"class_list":{"0":"post-3488","1":"product","2":"type-product","3":"status-publish","4":"has-post-thumbnail","6":"product_cat-0-to-6months-oem","7":"product_cat-customize","8":"product_tag-babypillow","9":"product_tag-cuteanimalpillow","10":"product_tag-headshapesupport","11":"product_tag-kouniushapingpillow","12":"desktop-align-left","13":"tablet-align-left","14":"mobile-align-left","16":"first","17":"instock","18":"shipping-taxable","19":"product-type-simple"},"aioseo_notices":[],"uagb_featured_image_src":{"full":["https:\/\/babypillowwholesale.com\/wp-content\/uploads\/2025\/04\/0003.jpg",1000,1000,false],"thumbnail":["https:\/\/babypillowwholesale.com\/wp-content\/uploads\/2025\/04\/0003-150x150.jpg",150,150,true],"medium":["https:\/\/babypillowwholesale.com\/wp-content\/uploads\/2025\/04\/0003-300x300.jpg",300,300,true],"medium_large":["https:\/\/babypillowwholesale.com\/wp-content\/uploads\/2025\/04\/0003-768x768.jpg",768,768,true],"large":["https:\/\/babypillowwholesale.com\/wp-content\/uploads\/2025\/04\/0003.jpg",1000,1000,false],"1536x1536":["https:\/\/babypillowwholesale.com\/wp-content\/uploads\/2025\/04\/0003.jpg",1000,1000,false],"2048x2048":["https:\/\/babypillowwholesale.com\/wp-content\/uploads\/2025\/04\/0003.jpg",1000,1000,false],"trp-custom-language-flag":["https:\/\/babypillowwholesale.com\/wp-content\/uploads\/2025\/04\/0003.jpg",12,12,false],"woocommerce_thumbnail":["https:\/\/babypillowwholesale.com\/wp-content\/uploads\/2025\/04\/0003-300x300.jpg",300,300,true],"woocommerce_single":["https:\/\/babypillowwholesale.com\/wp-content\/uploads\/2025\/04\/0003-600x600.jpg",600,600,true],"woocommerce_gallery_thumbnail":["https:\/\/babypillowwholesale.com\/wp-content\/uploads\/2025\/04\/0003-100x100.jpg",100,100,true]},"uagb_author_info":{"display_name":"Etnen zhong","author_link":"https:\/\/babypillowwholesale.com\/ro\/author\/"},"uagb_comment_info":0,"uagb_excerpt":"This Memory Foam Pillow - Thin Bear - shaped Pillow Core, designed for babies aged 0 - 6 months, offers a world of customization and design opportunities. Its endearing bear - shaped form is the perfect canvas for creativity. We can customize the softness level of the hydrophilic foam according to your preference, ensuring the&hellip;","jetpack_sharing_enabled":true,"_links":{"self":[{"href":"https:\/\/babypillowwholesale.com\/ro\/wp-json\/wp\/v2\/product\/3488","targetHints":{"allow":["GET"]}}],"collection":[{"href":"https:\/\/babypillowwholesale.com\/ro\/wp-json\/wp\/v2\/product"}],"about":[{"href":"https:\/\/babypillowwholesale.com\/ro\/wp-json\/wp\/v2\/types\/product"}],"replies":[{"embeddable":true,"href":"https:\/\/babypillowwholesale.com\/ro\/wp-json\/wp\/v2\/comments?post=3488"}],"wp:featuredmedia":[{"embeddable":true,"href":"https:\/\/babypillowwholesale.com\/ro\/wp-json\/wp\/v2\/media\/3489"}],"wp:attachment":[{"href":"https:\/\/babypillowwholesale.com\/ro\/wp-json\/wp\/v2\/media?parent=3488"}],"wp:term":[{"taxonomy":"product_brand","embeddable":true,"href":"https:\/\/babypillowwholesale.com\/ro\/wp-json\/wp\/v2\/product_brand?post=3488"},{"taxonomy":"product_cat","embeddable":true,"href":"https:\/\/babypillowwholesale.com\/ro\/wp-json\/wp\/v2\/product_cat?post=3488"},{"taxonomy":"product_tag","embeddable":true,"href":"https:\/\/babypillowwholesale.com\/ro\/wp-json\/wp\/v2\/product_tag?post=3488"}],"curies":[{"name":"wp","href":"https:\/\/api.w.org\/{rel}","templated":true}]}}