{"id":3485,"date":"2025-04-19T02:35:27","date_gmt":"2025-04-19T02:35:27","guid":{"rendered":"https:\/\/babypillowwholesale.com\/?post_type=product&#038;p=3485"},"modified":"2025-06-05T14:53:09","modified_gmt":"2025-06-05T14:53:09","slug":"memory-foam-pillow-thick-bear-shaped-pillow-core","status":"publish","type":"product","link":"https:\/\/babypillowwholesale.com\/ro\/product\/memory-foam-pillow-thick-bear-shaped-pillow-core\/","title":{"rendered":"Pern\u0103 din spum\u0103 de memorie - Urs gros - \u00een form\u0103 de miez de pern\u0103"},"content":{"rendered":"<div class=\"auto-hide-last-sibling-br paragraph-qzbcQC paragraph-element br-paragraph-space\">\n<div class=\"auto-hide-last-sibling-br paragraph-qzbcQC paragraph-element br-paragraph-space\">Aceast\u0103 pern\u0103 cu spum\u0103 de memorie - miez gros de pern\u0103 \u00een form\u0103 de urs, creat\u0103 special pentru bebelu\u0219ii cu v\u00e2rsta cuprins\u0103 \u00eentre 0 \u0219i 6 luni, este un exemplu de unicitate \u0219i poten\u021bial de personalizare. Silueta sa fermec\u0103toare ca a unui urs nu este doar o alegere de design dr\u0103gu\u021b\u0103; este un punct de plecare pentru crearea unui produs esen\u021bial unic pentru bebelu\u0219i.<\/div>\n<p>&nbsp;<\/p>\n<div class=\"auto-hide-last-sibling-br paragraph-qzbcQC paragraph-element br-paragraph-space\">G\u0103urile de ventila\u021bie, o caracteristic\u0103 func\u021bional\u0103 cheie, nu sunt fixate \u00een piatr\u0103. Putem ajusta meticulos num\u0103rul \u0219i dimensiunile acestora, regl\u00e2nd cu precizie respirabilitatea miezului pernei pentru a satisface nevoile specifice de confort ale bebelu\u0219ului dvs. Este un nivel de personalizare care dep\u0103\u0219e\u0219te obi\u0219nuitul, asigur\u00e2nd o circula\u021bie optim\u0103 a aerului pentru somnul lini\u0219tit al micu\u021bului dumneavoastr\u0103.<\/div>\n<p>&nbsp;<\/p>\n<div class=\"auto-hide-last-sibling-br paragraph-qzbcQC paragraph-element br-paragraph-space\">C\u00e2nd vine vorba de aspect, posibilit\u0103\u021bile sunt la fel de nelimitate ca imagina\u021bia dumneavoastr\u0103. Folosind doar cei mai siguri pigmen\u021bi, netoxici, putem transforma \"blana\" ursului \u00eentr-o explozie de culori. Imagina\u021bi-v\u0103 un urs cu un strat din cele mai moi pasteluri, care evoc\u0103 un sentiment de lini\u0219te, sau unul \u00eempodobit cu nuan\u021be luminoase \u0219i vesele, care s\u0103 st\u00e2rneasc\u0103 curiozitatea copilului dumneavoastr\u0103. Nu este vorba doar despre estetic\u0103; este vorba despre crearea unei experien\u021be vizuale care calmeaz\u0103 \u0219i stimuleaz\u0103 \u00een egal\u0103 m\u0103sur\u0103.<\/div>\n<p>&nbsp;<\/p>\n<div class=\"auto-hide-last-sibling-br paragraph-qzbcQC paragraph-element br-paragraph-space\">Dar personalizarea nu se opre\u0219te aici. Putem ad\u0103uga ornamente \u00eenc\u00e2nt\u0103toare, cum ar fi ochii broda\u021bi manual, care par s\u0103 sclipeasc\u0103 cu c\u0103ldur\u0103, sau un nas cusut, care d\u0103 ursule\u021bului o not\u0103 de farmec realist. Aceste mici detalii nu sunt doar decorative; ele transform\u0103 miezul de pern\u0103 dintr-un simplu accesoriu \u00eentr-un companion pre\u021bios pentru bebelu\u0219ul dumneavoastr\u0103.<\/div>\n<p>&nbsp;<\/p>\n<div class=\"auto-hide-last-sibling-br paragraph-qzbcQC paragraph-element br-paragraph-space\">Cu aceast\u0103 pern\u0103 din spum\u0103 de memorie - urs gros - \u00een form\u0103 de miez de pern\u0103, nu ob\u021bine\u021bi doar un produs; crea\u021bi un paradis personalizat de confort \u0219i dr\u0103g\u0103l\u0103\u0219enie, o amintire care va ocupa un loc special \u00een amintirile timpurii ale copilului dvs.<\/div>\n<\/div>","protected":false},"excerpt":{"rendered":"<p>Aceast\u0103 pern\u0103 din spum\u0103 de memorie - miez gros de pern\u0103 \u00een form\u0103 de urs, conceput\u0103 pentru bebelu\u0219i cu v\u00e2rsta cuprins\u0103 \u00eentre 0 \u0219i 6 luni, ofer\u0103 un poten\u021bial extins de personalizare \u0219i design. Forma sa adorabil\u0103 de urs serve\u0219te ca o baz\u0103 fermec\u0103toare pentru personalizarea ulterioar\u0103. Num\u0103rul \u0219i dimensiunea g\u0103urilor de ventila\u021bie pot fi ajustate \u00een func\u021bie de nevoile specifice, optimiz\u00e2nd respirabilitatea. \u00cen ceea ce prive\u0219te aspectul, pentru a picta \"blana\" ursului se pot folosi culori netoxice, sigure pentru bebelu\u0219i, cre\u00e2nd o varietate de scheme de culori dr\u0103gu\u021be, cum ar fi un urs \u00een culori pastelate moi pentru un aspect bl\u00e2nd sau unul mai vibrant pentru o not\u0103 juc\u0103u\u0219\u0103. \u00cen plus, pot fi ad\u0103ugate mici ornamente, cum ar fi ochi broda\u021bi sau un nas cusut, pentru a face forma ursului mai vie \u0219i mai simpatic\u0103. Aceast\u0103 personalizare permite p\u0103rin\u021bilor s\u0103 creeze un miez de pern\u0103 unic \u0219i special care nu numai c\u0103 \u00eendepline\u0219te cerin\u021bele func\u021bionale, dar devine \u0219i o amintire \u00eendr\u0103git\u0103 pentru cei mici.<\/p>","protected":false},"featured_media":3486,"comment_status":"open","ping_status":"closed","template":"","meta":{"_uag_custom_page_level_css":"","site-sidebar-layout":"default","site-content-layout":"","ast-site-content-layout":"default","site-content-style":"default","site-sidebar-style":"default","ast-global-header-display":"","ast-banner-title-visibility":"","ast-main-header-display":"","ast-hfb-above-header-display":"","ast-hfb-below-header-display":"","ast-hfb-mobile-header-display":"","site-post-title":"","ast-breadcrumbs-content":"","ast-featured-img":"","footer-sml-layout":"","ast-disable-related-posts":"","theme-transparent-header-meta":"default","adv-header-id-meta":"","stick-header-meta":"","header-above-stick-meta":"","header-main-stick-meta":"","header-below-stick-meta":"","astra-migrate-meta-layouts":"set","ast-page-background-enabled":"default","ast-page-background-meta":{"desktop":{"background-color":"","background-image":"","background-repeat":"repeat","background-position":"center center","background-size":"auto","background-attachment":"scroll","background-type":"","background-media":"","overlay-type":"","overlay-color":"","overlay-opacity":"","overlay-gradient":""},"tablet":{"background-color":"","background-image":"","background-repeat":"repeat","background-position":"center center","background-size":"auto","background-attachment":"scroll","background-type":"","background-media":"","overlay-type":"","overlay-color":"","overlay-opacity":"","overlay-gradient":""},"mobile":{"background-color":"","background-image":"","background-repeat":"repeat","background-position":"center center","background-size":"auto","background-attachment":"scroll","background-type":"","background-media":"","overlay-type":"","overlay-color":"","overlay-opacity":"","overlay-gradient":""}},"ast-content-background-meta":{"desktop":{"background-color":"var(--ast-global-color-5)","background-image":"","background-repeat":"repeat","background-position":"center center","background-size":"auto","background-attachment":"scroll","background-type":"","background-media":"","overlay-type":"","overlay-color":"","overlay-opacity":"","overlay-gradient":""},"tablet":{"background-color":"var(--ast-global-color-5)","background-image":"","background-repeat":"repeat","background-position":"center center","background-size":"auto","background-attachment":"scroll","background-type":"","background-media":"","overlay-type":"","overlay-color":"","overlay-opacity":"","overlay-gradient":""},"mobile":{"background-color":"var(--ast-global-color-5)","background-image":"","background-repeat":"repeat","background-position":"center center","background-size":"auto","background-attachment":"scroll","background-type":"","background-media":"","overlay-type":"","overlay-color":"","overlay-opacity":"","overlay-gradient":""}}},"product_brand":[],"product_cat":[65,32],"product_tag":[70,68,71,69],"class_list":{"0":"post-3485","1":"product","2":"type-product","3":"status-publish","4":"has-post-thumbnail","6":"product_cat-0-to-6months-oem","7":"product_cat-customize","8":"product_tag-babypillow","9":"product_tag-cuteanimalpillow","10":"product_tag-headshapesupport","11":"product_tag-kouniushapingpillow","12":"desktop-align-left","13":"tablet-align-left","14":"mobile-align-left","16":"first","17":"instock","18":"shipping-taxable","19":"product-type-simple"},"aioseo_notices":[],"uagb_featured_image_src":{"full":["https:\/\/babypillowwholesale.com\/wp-content\/uploads\/2025\/04\/0002.jpg",1000,1000,false],"thumbnail":["https:\/\/babypillowwholesale.com\/wp-content\/uploads\/2025\/04\/0002-150x150.jpg",150,150,true],"medium":["https:\/\/babypillowwholesale.com\/wp-content\/uploads\/2025\/04\/0002-300x300.jpg",300,300,true],"medium_large":["https:\/\/babypillowwholesale.com\/wp-content\/uploads\/2025\/04\/0002-768x768.jpg",768,768,true],"large":["https:\/\/babypillowwholesale.com\/wp-content\/uploads\/2025\/04\/0002.jpg",1000,1000,false],"1536x1536":["https:\/\/babypillowwholesale.com\/wp-content\/uploads\/2025\/04\/0002.jpg",1000,1000,false],"2048x2048":["https:\/\/babypillowwholesale.com\/wp-content\/uploads\/2025\/04\/0002.jpg",1000,1000,false],"trp-custom-language-flag":["https:\/\/babypillowwholesale.com\/wp-content\/uploads\/2025\/04\/0002.jpg",12,12,false],"woocommerce_thumbnail":["https:\/\/babypillowwholesale.com\/wp-content\/uploads\/2025\/04\/0002-300x300.jpg",300,300,true],"woocommerce_single":["https:\/\/babypillowwholesale.com\/wp-content\/uploads\/2025\/04\/0002-600x600.jpg",600,600,true],"woocommerce_gallery_thumbnail":["https:\/\/babypillowwholesale.com\/wp-content\/uploads\/2025\/04\/0002-100x100.jpg",100,100,true]},"uagb_author_info":{"display_name":"Etnen zhong","author_link":"https:\/\/babypillowwholesale.com\/ro\/author\/"},"uagb_comment_info":0,"uagb_excerpt":"This Memory Foam Pillow - Thick Bear - shaped Pillow Core, designed for babies aged 0 - 6 months, offers extensive customization and design potential. Its adorable bear - like form serves as a charming base for further personalization. The number and size of the ventilation holes can be adjusted according to specific needs, optimizing&hellip;","jetpack_sharing_enabled":true,"_links":{"self":[{"href":"https:\/\/babypillowwholesale.com\/ro\/wp-json\/wp\/v2\/product\/3485","targetHints":{"allow":["GET"]}}],"collection":[{"href":"https:\/\/babypillowwholesale.com\/ro\/wp-json\/wp\/v2\/product"}],"about":[{"href":"https:\/\/babypillowwholesale.com\/ro\/wp-json\/wp\/v2\/types\/product"}],"replies":[{"embeddable":true,"href":"https:\/\/babypillowwholesale.com\/ro\/wp-json\/wp\/v2\/comments?post=3485"}],"wp:featuredmedia":[{"embeddable":true,"href":"https:\/\/babypillowwholesale.com\/ro\/wp-json\/wp\/v2\/media\/3486"}],"wp:attachment":[{"href":"https:\/\/babypillowwholesale.com\/ro\/wp-json\/wp\/v2\/media?parent=3485"}],"wp:term":[{"taxonomy":"product_brand","embeddable":true,"href":"https:\/\/babypillowwholesale.com\/ro\/wp-json\/wp\/v2\/product_brand?post=3485"},{"taxonomy":"product_cat","embeddable":true,"href":"https:\/\/babypillowwholesale.com\/ro\/wp-json\/wp\/v2\/product_cat?post=3485"},{"taxonomy":"product_tag","embeddable":true,"href":"https:\/\/babypillowwholesale.com\/ro\/wp-json\/wp\/v2\/product_tag?post=3485"}],"curies":[{"name":"wp","href":"https:\/\/api.w.org\/{rel}","templated":true}]}}