{"id":3474,"date":"2025-04-18T16:21:06","date_gmt":"2025-04-18T16:21:06","guid":{"rendered":"https:\/\/babypillowwholesale.com\/?post_type=product&#038;p=3474"},"modified":"2025-06-05T14:55:58","modified_gmt":"2025-06-05T14:55:58","slug":"memory-foam-pillow-round-pillow-core","status":"publish","type":"product","link":"https:\/\/babypillowwholesale.com\/ro\/product\/memory-foam-pillow-round-pillow-core\/","title":{"rendered":"Pern\u0103 cu spum\u0103 de memorie - miez de pern\u0103 rotund"},"content":{"rendered":"<div class=\"auto-hide-last-sibling-br paragraph-qzbcQC paragraph-element br-paragraph-space\">Aceast\u0103 pern\u0103 cu spum\u0103 de memorie - miez de pern\u0103 rotund, conceput\u0103 pentru bebelu\u0219ii cu v\u00e2rste cuprinse \u00eentre 0 \u0219i 6 luni, este o p\u00e2nz\u0103 cu posibilit\u0103\u021bi nelimitate c\u00e2nd vine vorba de personalizarea \u0219i designul modelului. Suprafa\u021ba sa elegant\u0103 este preg\u0103tit\u0103 pentru transformare, oferind o oportunitate exclusiv\u0103 de a crea o pies\u0103 unic\u0103.<\/div>\n<p>&nbsp;<\/p>\n<div class=\"auto-hide-last-sibling-br paragraph-qzbcQC paragraph-element br-paragraph-space\">Imagina\u021bi-v\u0103 c\u0103 \u00eel \u00eempodobi\u021bi cu motive \u00eenc\u00e2nt\u0103toare, care nu sunt doar captivante din punct de vedere vizual, ci \u0219i care rezoneaz\u0103 cu inocen\u021ba copil\u0103riei. Imprimeurile delicate ale creaturilor din p\u0103dure, precum c\u0103prioarele bl\u00e2nde sau veveri\u021bele curioase, pot aduce o not\u0103 de farmec natural. Sau, poate, un strop de constela\u021bii de vis, cu stele sclipitoare \u0219i o lun\u0103 z\u00e2mbitoare, pentru a-l adormi pe cel mic \u00eentr-un somn ceresc. Aceste modele nu sunt alese la \u00eent\u00e2mplare; ele sunt selectate cu aten\u021bie pentru a crea o experien\u021b\u0103 vizual\u0103 lini\u0219titoare pentru bebelu\u0219ul dvs.<\/div>\n<p>&nbsp;<\/p>\n<div class=\"auto-hide-last-sibling-br paragraph-qzbcQC paragraph-element br-paragraph-space\">Utiliz\u00e2nd tehnici de imprimare de ultim\u0103 genera\u021bie, netoxice, ne asigur\u0103m c\u0103 fiecare design nu este doar o s\u0103rb\u0103toare pentru ochi, ci \u0219i complet sigur pentru pielea sensibil\u0103 a copilului dumneavoastr\u0103. Acest nivel de personalizare merge dincolo de simpla estetic\u0103; le permite p\u0103rin\u021bilor s\u0103 infuzeze stilul lor personal \u0219i ambian\u021ba unic\u0103 a camerei copilului \u00een acest articol esen\u021bial. Fie c\u0103 urm\u0103ri\u021bi un aspect modern, minimalist sau o tem\u0103 capricioas\u0103, inspirat\u0103 de o carte de pove\u0219ti, acest miez de pern\u0103 poate fi personalizat pentru a fi un accesoriu remarcabil \u0219i personalizat pentru lumea bebelu\u0219ului dumneavoastr\u0103.<\/div>","protected":false},"excerpt":{"rendered":"<p>Aceast\u0103 pern\u0103 din spum\u0103 de memorie - miez de pern\u0103 rotund, potrivit\u0103 pentru bebelu\u0219i de la 0 la 6 luni, ofer\u0103 un mare poten\u021bial pentru personalizarea \u0219i designul modelelor. Suprafa\u021ba neted\u0103 a miezului pernei ofer\u0103 o p\u00e2nz\u0103 ideal\u0103 pentru diverse modele. Se pot ad\u0103uga motive delicate, prietenoase cu bebelu\u0219ii, cum ar fi imprimeuri cu animale dr\u0103gu\u021be, modele florale moi sau elemente celeste capricioase, cum ar fi stele \u0219i luni. Aceste modele pot fi aplicate folosind tehnici de imprimare netoxice, sigure pentru bebelu\u0219i, pentru a se asigura c\u0103 sunt sigure pentru pielea delicat\u0103 a bebelu\u0219ului. Modelele personalizate nu numai c\u0103 fac perna mai atr\u0103g\u0103toare din punct de vedere vizual, dar permit p\u0103rin\u021bilor s\u0103 aleag\u0103 modele care se potrivesc cu decorul camerei copilului sau cu preferin\u021bele personale, ad\u0103ug\u00e2nd o not\u0103 unic\u0103 acestui articol esen\u021bial pentru bebelu\u0219i.<\/p>","protected":false},"featured_media":3484,"comment_status":"open","ping_status":"closed","template":"","meta":{"_uag_custom_page_level_css":"","site-sidebar-layout":"default","site-content-layout":"","ast-site-content-layout":"default","site-content-style":"default","site-sidebar-style":"default","ast-global-header-display":"","ast-banner-title-visibility":"","ast-main-header-display":"","ast-hfb-above-header-display":"","ast-hfb-below-header-display":"","ast-hfb-mobile-header-display":"","site-post-title":"","ast-breadcrumbs-content":"","ast-featured-img":"","footer-sml-layout":"","ast-disable-related-posts":"","theme-transparent-header-meta":"default","adv-header-id-meta":"","stick-header-meta":"","header-above-stick-meta":"","header-main-stick-meta":"","header-below-stick-meta":"","astra-migrate-meta-layouts":"set","ast-page-background-enabled":"default","ast-page-background-meta":{"desktop":{"background-color":"","background-image":"","background-repeat":"repeat","background-position":"center center","background-size":"auto","background-attachment":"scroll","background-type":"","background-media":"","overlay-type":"","overlay-color":"","overlay-opacity":"","overlay-gradient":""},"tablet":{"background-color":"","background-image":"","background-repeat":"repeat","background-position":"center center","background-size":"auto","background-attachment":"scroll","background-type":"","background-media":"","overlay-type":"","overlay-color":"","overlay-opacity":"","overlay-gradient":""},"mobile":{"background-color":"","background-image":"","background-repeat":"repeat","background-position":"center center","background-size":"auto","background-attachment":"scroll","background-type":"","background-media":"","overlay-type":"","overlay-color":"","overlay-opacity":"","overlay-gradient":""}},"ast-content-background-meta":{"desktop":{"background-color":"var(--ast-global-color-5)","background-image":"","background-repeat":"repeat","background-position":"center center","background-size":"auto","background-attachment":"scroll","background-type":"","background-media":"","overlay-type":"","overlay-color":"","overlay-opacity":"","overlay-gradient":""},"tablet":{"background-color":"var(--ast-global-color-5)","background-image":"","background-repeat":"repeat","background-position":"center center","background-size":"auto","background-attachment":"scroll","background-type":"","background-media":"","overlay-type":"","overlay-color":"","overlay-opacity":"","overlay-gradient":""},"mobile":{"background-color":"var(--ast-global-color-5)","background-image":"","background-repeat":"repeat","background-position":"center center","background-size":"auto","background-attachment":"scroll","background-type":"","background-media":"","overlay-type":"","overlay-color":"","overlay-opacity":"","overlay-gradient":""}}},"product_brand":[],"product_cat":[65,32],"product_tag":[70,68,71,69],"class_list":{"0":"post-3474","1":"product","2":"type-product","3":"status-publish","4":"has-post-thumbnail","6":"product_cat-0-to-6months-oem","7":"product_cat-customize","8":"product_tag-babypillow","9":"product_tag-cuteanimalpillow","10":"product_tag-headshapesupport","11":"product_tag-kouniushapingpillow","12":"desktop-align-left","13":"tablet-align-left","14":"mobile-align-left","16":"first","17":"instock","18":"shipping-taxable","19":"product-type-simple"},"aioseo_notices":[],"uagb_featured_image_src":{"full":["https:\/\/babypillowwholesale.com\/wp-content\/uploads\/2025\/04\/0001.jpg",1000,1000,false],"thumbnail":["https:\/\/babypillowwholesale.com\/wp-content\/uploads\/2025\/04\/0001-150x150.jpg",150,150,true],"medium":["https:\/\/babypillowwholesale.com\/wp-content\/uploads\/2025\/04\/0001-300x300.jpg",300,300,true],"medium_large":["https:\/\/babypillowwholesale.com\/wp-content\/uploads\/2025\/04\/0001-768x768.jpg",768,768,true],"large":["https:\/\/babypillowwholesale.com\/wp-content\/uploads\/2025\/04\/0001.jpg",1000,1000,false],"1536x1536":["https:\/\/babypillowwholesale.com\/wp-content\/uploads\/2025\/04\/0001.jpg",1000,1000,false],"2048x2048":["https:\/\/babypillowwholesale.com\/wp-content\/uploads\/2025\/04\/0001.jpg",1000,1000,false],"trp-custom-language-flag":["https:\/\/babypillowwholesale.com\/wp-content\/uploads\/2025\/04\/0001.jpg",12,12,false],"woocommerce_thumbnail":["https:\/\/babypillowwholesale.com\/wp-content\/uploads\/2025\/04\/0001-300x300.jpg",300,300,true],"woocommerce_single":["https:\/\/babypillowwholesale.com\/wp-content\/uploads\/2025\/04\/0001-600x600.jpg",600,600,true],"woocommerce_gallery_thumbnail":["https:\/\/babypillowwholesale.com\/wp-content\/uploads\/2025\/04\/0001-100x100.jpg",100,100,true]},"uagb_author_info":{"display_name":"Etnen zhong","author_link":"https:\/\/babypillowwholesale.com\/ro\/author\/"},"uagb_comment_info":0,"uagb_excerpt":"This Memory Foam Pillow - Round Pillow Core, suitable for babies from 0 - 6 months, offers great potential for pattern customization and design. The smooth surface of the pillow core provides an ideal canvas for various designs. Gentle, baby - friendly motifs such as cute animal prints, soft floral patterns, or whimsical celestial elements&hellip;","jetpack_sharing_enabled":true,"_links":{"self":[{"href":"https:\/\/babypillowwholesale.com\/ro\/wp-json\/wp\/v2\/product\/3474","targetHints":{"allow":["GET"]}}],"collection":[{"href":"https:\/\/babypillowwholesale.com\/ro\/wp-json\/wp\/v2\/product"}],"about":[{"href":"https:\/\/babypillowwholesale.com\/ro\/wp-json\/wp\/v2\/types\/product"}],"replies":[{"embeddable":true,"href":"https:\/\/babypillowwholesale.com\/ro\/wp-json\/wp\/v2\/comments?post=3474"}],"wp:featuredmedia":[{"embeddable":true,"href":"https:\/\/babypillowwholesale.com\/ro\/wp-json\/wp\/v2\/media\/3484"}],"wp:attachment":[{"href":"https:\/\/babypillowwholesale.com\/ro\/wp-json\/wp\/v2\/media?parent=3474"}],"wp:term":[{"taxonomy":"product_brand","embeddable":true,"href":"https:\/\/babypillowwholesale.com\/ro\/wp-json\/wp\/v2\/product_brand?post=3474"},{"taxonomy":"product_cat","embeddable":true,"href":"https:\/\/babypillowwholesale.com\/ro\/wp-json\/wp\/v2\/product_cat?post=3474"},{"taxonomy":"product_tag","embeddable":true,"href":"https:\/\/babypillowwholesale.com\/ro\/wp-json\/wp\/v2\/product_tag?post=3474"}],"curies":[{"name":"wp","href":"https:\/\/api.w.org\/{rel}","templated":true}]}}