{"id":3451,"date":"2025-04-17T15:57:48","date_gmt":"2025-04-17T15:57:48","guid":{"rendered":"https:\/\/babypillowwholesale.com\/?post_type=product&#038;p=3451"},"modified":"2025-06-08T02:16:42","modified_gmt":"2025-06-08T02:16:42","slug":"foldable-travel-pillow","status":"publish","type":"product","link":"https:\/\/babypillowwholesale.com\/ro\/product\/foldable-travel-pillow\/","title":{"rendered":"Pern\u0103 de c\u0103l\u0103torie pliabil\u0103"},"content":{"rendered":"<div class=\"auto-hide-last-sibling-br paragraph-qzbcQC paragraph-element br-paragraph-space\" data-immersive-translate-walked=\"8e61f2e7-6af2-46e5-9672-3b9e4f4033d9\" data-immersive-translate-paragraph=\"1\">\n<div class=\"auto-hide-last-sibling-br paragraph-qzbcQC paragraph-element br-paragraph-space\">\n<div class=\"auto-hide-last-sibling-br paragraph-qzbcQC paragraph-element br-paragraph-space\">\n<div class=\"auto-hide-last-sibling-br paragraph-qzbcQC paragraph-element br-paragraph-space\">\n<div class=\"auto-hide-last-sibling-br paragraph-qzbcQC paragraph-element br-paragraph-space\">\n<div class=\"auto-hide-last-sibling-br paragraph-qzbcQC paragraph-element br-paragraph-space\">\n<div class=\"inter-wlTS5w\">\n<div class=\"container-QE4ayg\">\n<div class=\"item-jU10IN\">\n<div class=\"container-jODEnh chrome70-container\">\n<div class=\"inner-eE95c9 inner-item-aL3Ui_\" data-target-id=\"message-box-target-id\" data-testid=\"union_message\">\n<div class=\"message-block-container-liuetz\" data-testid=\"message-block-container\">\n<div class=\"message-box-ZWbBdF\" data-testid=\"receive_message\">\n<div class=\"message-box-content-wrapper-srHdUj\">\n<div class=\"message-content message-box-content-otxGGw receive-message-box-content-_lREFj samantha-message-box-content-Qjmpja\" data-testid=\"message_content\">\n<div class=\"container-hfX5E8 flow-markdown-body theme-samantha-yJEgBp\" dir=\"ltr\" data-testid=\"message_text_content\" data-show-indicator=\"false\">\n<div class=\"auto-hide-last-sibling-br paragraph-qzbcQC paragraph-element br-paragraph-space\">\n<div class=\"auto-hide-last-sibling-br paragraph-qzbcQC paragraph-element br-paragraph-space\">\n<div class=\"auto-hide-last-sibling-br paragraph-qzbcQC paragraph-element br-paragraph-space\">\n<div class=\"auto-hide-last-sibling-br paragraph-qzbcQC paragraph-element br-paragraph-space\">\n<div class=\"message-box-content-wrapper-srHdUj\">\n<div class=\"message-content message-box-content-otxGGw receive-message-box-content-_lREFj samantha-message-box-content-Qjmpja\" data-testid=\"message_content\">\n<div class=\"container-hfX5E8 flow-markdown-body theme-samantha-yJEgBp\" dir=\"ltr\" data-testid=\"message_text_content\" data-show-indicator=\"false\">\n<div class=\"auto-hide-last-sibling-br paragraph-qzbcQC paragraph-element br-paragraph-space\">\n<div class=\"auto-hide-last-sibling-br paragraph-qzbcQC paragraph-element br-paragraph-space\">\u00cembr\u0103\u021bi\u0219a\u021bi confortul pe drum cu perna noastr\u0103 de c\u0103l\u0103torie pliabil\u0103, un accesoriu must - have conceput meticulos pentru adul\u021bi. M\u0103sur\u00e2nd 26*<em>24*<\/em>7,5CM, forma sa ergonomic\u0103 \u00een U sprijin\u0103 u\u0219or g\u00e2tul, oferind un paradis de sprijin \u00een timpul c\u0103l\u0103toriilor. Fie c\u0103 v\u0103 \u00een\u0103l\u021ba\u021bi prin ceruri cu un zbor lung, fie c\u0103 v\u0103 deplasa\u021bi cu trenul \u00eentr-o c\u0103l\u0103torie de o \u021bar\u0103 la alta sau pur \u0219i simplu v\u0103 odihni\u021bi \u00eentr-un salon aglomerat al aeroportului, aceast\u0103 pern\u0103 este aliatul dvs. de \u00eencredere \u00eempotriva oboselii \u0219i disconfortului g\u00e2tului.<\/div>\n<p>&nbsp;<\/p>\n<div class=\"auto-hide-last-sibling-br paragraph-qzbcQC paragraph-element br-paragraph-space\">Fabricat dintr-un amestec de materiale moi \u0219i durabile, se simte ca o \u00eembr\u0103\u021bi\u0219are bl\u00e2nd\u0103, promi\u021b\u00e2nd un confort care dureaz\u0103. Dar ceea ce \u00eel diferen\u021biaz\u0103 cu adev\u0103rat este designul s\u0103u ingenios pliabil. Pliabil f\u0103r\u0103 efort, se strecoar\u0103 cu u\u0219urin\u021b\u0103 \u00een geant\u0103 sau \u00een bagaj, ocup\u00e2nd un spa\u021biu minim. Acest lucru \u00eel face partenerul de c\u0103l\u0103torie perfect pentru cei care sunt mereu \u00een mi\u0219care, f\u0103r\u0103 a compromite stilul. \u00cembr\u0103cat \u00eentr-un gri elegant \u0219i discret, acesta eman\u0103 un sentiment de sofisticare, p\u0103str\u00e2ndu-\u0219i \u00een acela\u0219i timp aspectul practic.<\/div>\n<p>&nbsp;<\/p>\n<div class=\"auto-hide-last-sibling-br paragraph-qzbcQC paragraph-element br-paragraph-space\">Pasiona\u021bii de c\u0103l\u0103torii s-au gr\u0103bit s\u0103 o laude. \"Aceast\u0103 pern\u0103 de c\u0103l\u0103torie pliabil\u0103 este o schimbare de joc! Obi\u0219nuiam s\u0103 m\u0103 tem de zborurile lungi din cauza durerilor de g\u00e2t, dar acum le a\u0219tept cu ner\u0103bdare. Este at\u00e2t de confortabil\u0103 \u0219i u\u0219or de \u00eempachetat\", a declarat un c\u0103l\u0103tor frecvent. Un alt c\u0103l\u0103tor a declarat: \"Am luat-o \u00een c\u0103l\u0103torii cu ma\u0219ina \u0219i cu trenul. Este compact, ofer\u0103 sus\u021binere, iar culoarea gri \u00eei confer\u0103 un aspect elegant. A devenit o parte indispensabil\u0103 a echipamentului meu de c\u0103l\u0103torie.\"<\/div>\n<p>&nbsp;<\/p>\n<div class=\"auto-hide-last-sibling-br paragraph-qzbcQC paragraph-element br-paragraph-space\">\u00cen esen\u021b\u0103, perna noastr\u0103 de c\u0103l\u0103torie pliabil\u0103 este mai mult dec\u00e2t un simplu accesoriu; este un bilet c\u0103tre confort, transform\u00e2nd fiecare c\u0103l\u0103torie \u00eentr-o experien\u021b\u0103 mai pl\u0103cut\u0103 \u0219i mai odihnitoare.<\/div>\n<\/div>\n<\/div>\n<\/div>\n<\/div>\n<\/div>\n<\/div>\n<\/div>\n<\/div>\n<\/div>\n<\/div>\n<\/div>\n<\/div>\n<\/div>\n<\/div>\n<\/div>\n<\/div>\n<\/div>\n<\/div>\n<\/div>\n<\/div>\n<\/div>\n<\/div>\n<\/div>\n<\/div>","protected":false},"excerpt":{"rendered":"<p>Perna de c\u0103l\u0103torie pliabil\u0103 este croit\u0103 pentru adul\u021bi. Cu o specifica\u021bie de 26*<em>24*<\/em>7,5CM, forma sa U - compact\u0103 \u0219i ergonomic\u0103 se potrive\u0219te perfect \u00een jurul g\u00e2tului, oferind un suport excelent \u00een timpul c\u0103l\u0103toriei. Fie c\u0103 v\u0103 afla\u021bi \u00eentr-un zbor pe distan\u021be lungi, \u00eentr-o c\u0103l\u0103torie obositoare cu trenul sau pur \u0219i simplu trage\u021bi un pui de somn \u00eentr-o sal\u0103 de a\u0219teptare, aceast\u0103 pern\u0103 ajut\u0103 la prevenirea oboselii \u0219i disconfortului g\u00e2tului. Este fabricat\u0103 din materiale moi \u0219i durabile, asigur\u00e2nd o atingere confortabil\u0103. Caracteristica remarcabil\u0103 este designul s\u0103u pliabil, care o face u\u0219or de depozitat \u00eentr-o geant\u0103 sau bagaj, ocup\u00e2nd un spa\u021biu minim. Disponibil \u00eentr-o culoare gri elegant\u0103, combin\u0103 caracterul practic cu un aspect simplu, dar elegant, f\u0103c\u00e2ndu-l un companion de c\u0103l\u0103torie esen\u021bial pentru cei afla\u021bi \u00een mi\u0219care.<\/p>","protected":false},"featured_media":3452,"comment_status":"open","ping_status":"closed","template":"","meta":{"_uag_custom_page_level_css":"","site-sidebar-layout":"default","site-content-layout":"","ast-site-content-layout":"default","site-content-style":"default","site-sidebar-style":"default","ast-global-header-display":"","ast-banner-title-visibility":"","ast-main-header-display":"","ast-hfb-above-header-display":"","ast-hfb-below-header-display":"","ast-hfb-mobile-header-display":"","site-post-title":"","ast-breadcrumbs-content":"","ast-featured-img":"","footer-sml-layout":"","ast-disable-related-posts":"","theme-transparent-header-meta":"default","adv-header-id-meta":"","stick-header-meta":"","header-above-stick-meta":"","header-main-stick-meta":"","header-below-stick-meta":"","astra-migrate-meta-layouts":"set","ast-page-background-enabled":"default","ast-page-background-meta":{"desktop":{"background-color":"","background-image":"","background-repeat":"repeat","background-position":"center center","background-size":"auto","background-attachment":"scroll","background-type":"","background-media":"","overlay-type":"","overlay-color":"","overlay-opacity":"","overlay-gradient":""},"tablet":{"background-color":"","background-image":"","background-repeat":"repeat","background-position":"center center","background-size":"auto","background-attachment":"scroll","background-type":"","background-media":"","overlay-type":"","overlay-color":"","overlay-opacity":"","overlay-gradient":""},"mobile":{"background-color":"","background-image":"","background-repeat":"repeat","background-position":"center center","background-size":"auto","background-attachment":"scroll","background-type":"","background-media":"","overlay-type":"","overlay-color":"","overlay-opacity":"","overlay-gradient":""}},"ast-content-background-meta":{"desktop":{"background-color":"var(--ast-global-color-5)","background-image":"","background-repeat":"repeat","background-position":"center center","background-size":"auto","background-attachment":"scroll","background-type":"","background-media":"","overlay-type":"","overlay-color":"","overlay-opacity":"","overlay-gradient":""},"tablet":{"background-color":"var(--ast-global-color-5)","background-image":"","background-repeat":"repeat","background-position":"center center","background-size":"auto","background-attachment":"scroll","background-type":"","background-media":"","overlay-type":"","overlay-color":"","overlay-opacity":"","overlay-gradient":""},"mobile":{"background-color":"var(--ast-global-color-5)","background-image":"","background-repeat":"repeat","background-position":"center center","background-size":"auto","background-attachment":"scroll","background-type":"","background-media":"","overlay-type":"","overlay-color":"","overlay-opacity":"","overlay-gradient":""}}},"product_brand":[],"product_cat":[21],"product_tag":[70,68,71,69],"class_list":{"0":"post-3451","1":"product","2":"type-product","3":"status-publish","4":"has-post-thumbnail","6":"product_cat-others","7":"product_tag-babypillow","8":"product_tag-cuteanimalpillow","9":"product_tag-headshapesupport","10":"product_tag-kouniushapingpillow","11":"desktop-align-left","12":"tablet-align-left","13":"mobile-align-left","15":"first","16":"instock","17":"shipping-taxable","18":"product-type-simple"},"aioseo_notices":[],"uagb_featured_image_src":{"full":["https:\/\/babypillowwholesale.com\/wp-content\/uploads\/2025\/04\/1100.jpg",1000,1000,false],"thumbnail":["https:\/\/babypillowwholesale.com\/wp-content\/uploads\/2025\/04\/1100-150x150.jpg",150,150,true],"medium":["https:\/\/babypillowwholesale.com\/wp-content\/uploads\/2025\/04\/1100-300x300.jpg",300,300,true],"medium_large":["https:\/\/babypillowwholesale.com\/wp-content\/uploads\/2025\/04\/1100-768x768.jpg",768,768,true],"large":["https:\/\/babypillowwholesale.com\/wp-content\/uploads\/2025\/04\/1100.jpg",1000,1000,false],"1536x1536":["https:\/\/babypillowwholesale.com\/wp-content\/uploads\/2025\/04\/1100.jpg",1000,1000,false],"2048x2048":["https:\/\/babypillowwholesale.com\/wp-content\/uploads\/2025\/04\/1100.jpg",1000,1000,false],"trp-custom-language-flag":["https:\/\/babypillowwholesale.com\/wp-content\/uploads\/2025\/04\/1100.jpg",12,12,false],"woocommerce_thumbnail":["https:\/\/babypillowwholesale.com\/wp-content\/uploads\/2025\/04\/1100-300x300.jpg",300,300,true],"woocommerce_single":["https:\/\/babypillowwholesale.com\/wp-content\/uploads\/2025\/04\/1100-600x600.jpg",600,600,true],"woocommerce_gallery_thumbnail":["https:\/\/babypillowwholesale.com\/wp-content\/uploads\/2025\/04\/1100-100x100.jpg",100,100,true]},"uagb_author_info":{"display_name":"Etnen zhong","author_link":"https:\/\/babypillowwholesale.com\/ro\/author\/"},"uagb_comment_info":0,"uagb_excerpt":"The Foldable Travel Pillow is tailor - made for adults. With a specification of 26*24*7.5CM, its compact and ergonomic U - shape snugly fits around the neck, providing excellent support during travel. Whether you're on a long - distance flight, a tiring train journey, or simply taking a nap in a waiting lounge, this pillow&hellip;","jetpack_sharing_enabled":true,"_links":{"self":[{"href":"https:\/\/babypillowwholesale.com\/ro\/wp-json\/wp\/v2\/product\/3451","targetHints":{"allow":["GET"]}}],"collection":[{"href":"https:\/\/babypillowwholesale.com\/ro\/wp-json\/wp\/v2\/product"}],"about":[{"href":"https:\/\/babypillowwholesale.com\/ro\/wp-json\/wp\/v2\/types\/product"}],"replies":[{"embeddable":true,"href":"https:\/\/babypillowwholesale.com\/ro\/wp-json\/wp\/v2\/comments?post=3451"}],"wp:featuredmedia":[{"embeddable":true,"href":"https:\/\/babypillowwholesale.com\/ro\/wp-json\/wp\/v2\/media\/3452"}],"wp:attachment":[{"href":"https:\/\/babypillowwholesale.com\/ro\/wp-json\/wp\/v2\/media?parent=3451"}],"wp:term":[{"taxonomy":"product_brand","embeddable":true,"href":"https:\/\/babypillowwholesale.com\/ro\/wp-json\/wp\/v2\/product_brand?post=3451"},{"taxonomy":"product_cat","embeddable":true,"href":"https:\/\/babypillowwholesale.com\/ro\/wp-json\/wp\/v2\/product_cat?post=3451"},{"taxonomy":"product_tag","embeddable":true,"href":"https:\/\/babypillowwholesale.com\/ro\/wp-json\/wp\/v2\/product_tag?post=3451"}],"curies":[{"name":"wp","href":"https:\/\/api.w.org\/{rel}","templated":true}]}}