{"id":3413,"date":"2025-04-15T09:53:58","date_gmt":"2025-04-15T09:53:58","guid":{"rendered":"https:\/\/babypillowwholesale.com\/?post_type=product&#038;p=3413"},"modified":"2025-06-08T03:16:48","modified_gmt":"2025-06-08T03:16:48","slug":"little-crocodile-childrens-pillow","status":"publish","type":"product","link":"https:\/\/babypillowwholesale.com\/ro\/product\/little-crocodile-childrens-pillow\/","title":{"rendered":"Pern\u0103 pentru copii Little Crocodile"},"content":{"rendered":"<div class=\"auto-hide-last-sibling-br paragraph-qzbcQC paragraph-element br-paragraph-space\" data-immersive-translate-walked=\"8e61f2e7-6af2-46e5-9672-3b9e4f4033d9\" data-immersive-translate-paragraph=\"1\">\n<div class=\"auto-hide-last-sibling-br paragraph-qzbcQC paragraph-element br-paragraph-space\">\n<div class=\"auto-hide-last-sibling-br paragraph-qzbcQC paragraph-element br-paragraph-space\">\n<div class=\"auto-hide-last-sibling-br paragraph-qzbcQC paragraph-element br-paragraph-space\">\n<div class=\"auto-hide-last-sibling-br paragraph-qzbcQC paragraph-element br-paragraph-space\">\n<div class=\"auto-hide-last-sibling-br paragraph-qzbcQC paragraph-element br-paragraph-space\">\n<div class=\"inter-wlTS5w\">\n<div class=\"container-QE4ayg\">\n<div class=\"item-jU10IN\">\n<div class=\"container-jODEnh chrome70-container\">\n<div class=\"inner-eE95c9 inner-item-aL3Ui_\" data-target-id=\"message-box-target-id\" data-testid=\"union_message\">\n<div class=\"message-block-container-liuetz\" data-testid=\"message-block-container\">\n<div class=\"message-box-ZWbBdF\" data-testid=\"receive_message\">\n<div class=\"message-box-content-wrapper-srHdUj\">\n<div class=\"message-content message-box-content-otxGGw receive-message-box-content-_lREFj samantha-message-box-content-Qjmpja\" data-testid=\"message_content\">\n<div class=\"container-hfX5E8 flow-markdown-body theme-samantha-yJEgBp\" dir=\"ltr\" data-testid=\"message_text_content\" data-show-indicator=\"false\">\n<div class=\"auto-hide-last-sibling-br paragraph-qzbcQC paragraph-element br-paragraph-space\">\n<div class=\"auto-hide-last-sibling-br paragraph-qzbcQC paragraph-element br-paragraph-space\">\n<div class=\"auto-hide-last-sibling-br paragraph-qzbcQC paragraph-element br-paragraph-space\">\n<div class=\"auto-hide-last-sibling-br paragraph-qzbcQC paragraph-element br-paragraph-space\">Perna pentru copii Little Crocodile este un companion de somn captivant \u0219i confortabil, adaptat pentru copiii cu v\u00e2rste cuprinse \u00eentre 2 \u0219i 8 ani. Cu specifica\u021biile sale de\u00a0<span class=\"container-x_WhZC math-inline\" data-custom-copy-text=\"\\(45 \\times 28 \\times 3\/5 \\text{CM}\\)\"><span class=\"katex\"><span class=\"katex-html\" aria-hidden=\"true\"><span class=\"base\"><span class=\"mord\">45<\/span><span class=\"mbin\">\u00d7<\/span><\/span><span class=\"base\"><span class=\"mord\">28<\/span><span class=\"mbin\">\u00d7<\/span><\/span><span class=\"base\"><span class=\"mord\">3\/5<\/span><span class=\"mord text\"><span class=\"mord\">CM<\/span><\/span><\/span><\/span><\/span><\/span>, ofer\u0103 o potrivire perfect\u0103, sus\u021bin\u00e2nd u\u0219or capul \u0219i g\u00e2tul celor mici. Perna are un design \u00eenc\u00e2nt\u0103tor cu tematic\u0103 albastr\u0103: un crocodil dr\u0103gu\u021b, un soare radiant, baloane juc\u0103u\u0219e \u0219i alte elemente fermec\u0103toare danseaz\u0103 pe suprafa\u021ba sa. Aceast\u0103 ilustra\u021bie vie infuzeaz\u0103 dormitorul cu fantezie, transform\u00e2ndu-l \u00eentr-un t\u0103r\u00e2m al distrac\u021biei. Fabricat din materiale ultra - moi, acesta \u00eei \u00eenf\u0103\u0219oar\u0103 pe copii \u00eentr-o \u00eembr\u0103\u021bi\u0219are confortabil\u0103, asigur\u00e2nd somnul odihnitor \u0219i dulce. Fie c\u0103 este ora de somn dup\u0103 o zi de joac\u0103 sau ora de culcare dup\u0103 o sear\u0103 de distrac\u021bie, aceast\u0103 pern\u0103 este un partener ideal.<\/div>\n<p>&nbsp;<\/p>\n<div class=\"auto-hide-last-sibling-br paragraph-qzbcQC paragraph-element br-paragraph-space\">P\u0103rin\u021bii o ador\u0103. \"Copilul meu este obsedat de aceast\u0103 pern\u0103 Little Crocodile! Designul este adorabil de captivant \u0219i este at\u00e2t de moale. Ora de culcare este acum o bucurie\", a \u00eemp\u0103rt\u0103\u0219it o mam\u0103. Un tat\u0103 a ad\u0103ugat: \"Calitatea m\u0103 impresioneaz\u0103. Este bine f\u0103cut\u0103 \u0219i rezist\u0103 la sp\u0103l\u0103ri. Copilul meu o ia la fiecare somn - cu siguran\u021b\u0103 este preferata lui.\"<\/div>\n<p>&nbsp;<\/p>\n<div class=\"auto-hide-last-sibling-br paragraph-qzbcQC paragraph-element br-paragraph-space\">Pe scurt, aceast\u0103 pern\u0103 armonizeaz\u0103 confortul, designul dr\u0103gu\u021b \u0219i func\u021bionalitatea, ceea ce o face un must - have pentru lenjeria de pat a fiec\u0103rui copil.<\/div>\n<\/div>\n<\/div>\n<\/div>\n<\/div>\n<\/div>\n<\/div>\n<\/div>\n<\/div>\n<\/div>\n<\/div>\n<\/div>\n<\/div>\n<\/div>\n<\/div>\n<\/div>\n<\/div>\n<\/div>\n<\/div>\n<\/div>","protected":false},"excerpt":{"rendered":"<p>Perna pentru copii Little Crocodile este un partener de somn ideal pentru copiii cu v\u00e2rsta cuprins\u0103 \u00eentre 2 \u0219i 8 ani. Cu o specifica\u021bie de <span class=\"container-x_WhZC math-inline\" data-custom-copy-text=\"\\(45 \\times 28 \\times 3\/5 \\text{CM}\\)\"><span class=\"katex\"><span class=\"katex-html\" aria-hidden=\"true\"><span class=\"base\"><span class=\"mord\">45<\/span><span class=\"mbin\">\u00d7<\/span><\/span><span class=\"base\"><span class=\"mord\">28<\/span><span class=\"mbin\">\u00d7<\/span><\/span><span class=\"base\"><span class=\"mord\">3\/5<\/span><span class=\"mord text\"><span class=\"mord\">CM<\/span><\/span><\/span><\/span><\/span><\/span>, ofer\u0103 o dimensiune confortabil\u0103, care ofer\u0103 suport adecvat pentru cap \u0219i g\u00e2t. Perna este \u00eempodobit\u0103 cu un design fermec\u0103tor \u00een tonuri de albastru, cu un mic crocodil dr\u0103gu\u021b, \u00eempreun\u0103 cu elemente precum soarele, baloane \u0219i copaci, care adaug\u0103 o not\u0103 de capriciu \u0219i distrac\u021bie. Fabricat\u0103 din materiale moi, asigur\u0103 o experien\u021b\u0103 de somn confortabil\u0103 \u0219i odihnitoare. Aceast\u0103 pern\u0103 nu numai c\u0103 \u00eei ajut\u0103 pe copii s\u0103 se relaxeze \u0219i s\u0103 adoarm\u0103 cu u\u0219urin\u021b\u0103, dar le \u0219i lumineaz\u0103 dormitorul cu ilustra\u021bia sa \u00eenc\u00e2nt\u0103toare, ceea ce o face o completare excelent\u0103 pentru colec\u021bia lor de lenjerie de pat.<\/p>","protected":false},"featured_media":3414,"comment_status":"open","ping_status":"closed","template":"","meta":{"_uag_custom_page_level_css":"","site-sidebar-layout":"default","site-content-layout":"","ast-site-content-layout":"default","site-content-style":"default","site-sidebar-style":"default","ast-global-header-display":"","ast-banner-title-visibility":"","ast-main-header-display":"","ast-hfb-above-header-display":"","ast-hfb-below-header-display":"","ast-hfb-mobile-header-display":"","site-post-title":"","ast-breadcrumbs-content":"","ast-featured-img":"","footer-sml-layout":"","ast-disable-related-posts":"","theme-transparent-header-meta":"default","adv-header-id-meta":"","stick-header-meta":"","header-above-stick-meta":"","header-main-stick-meta":"","header-below-stick-meta":"","astra-migrate-meta-layouts":"set","ast-page-background-enabled":"default","ast-page-background-meta":{"desktop":{"background-color":"","background-image":"","background-repeat":"repeat","background-position":"center center","background-size":"auto","background-attachment":"scroll","background-type":"","background-media":"","overlay-type":"","overlay-color":"","overlay-opacity":"","overlay-gradient":""},"tablet":{"background-color":"","background-image":"","background-repeat":"repeat","background-position":"center center","background-size":"auto","background-attachment":"scroll","background-type":"","background-media":"","overlay-type":"","overlay-color":"","overlay-opacity":"","overlay-gradient":""},"mobile":{"background-color":"","background-image":"","background-repeat":"repeat","background-position":"center center","background-size":"auto","background-attachment":"scroll","background-type":"","background-media":"","overlay-type":"","overlay-color":"","overlay-opacity":"","overlay-gradient":""}},"ast-content-background-meta":{"desktop":{"background-color":"var(--ast-global-color-5)","background-image":"","background-repeat":"repeat","background-position":"center center","background-size":"auto","background-attachment":"scroll","background-type":"","background-media":"","overlay-type":"","overlay-color":"","overlay-opacity":"","overlay-gradient":""},"tablet":{"background-color":"var(--ast-global-color-5)","background-image":"","background-repeat":"repeat","background-position":"center center","background-size":"auto","background-attachment":"scroll","background-type":"","background-media":"","overlay-type":"","overlay-color":"","overlay-opacity":"","overlay-gradient":""},"mobile":{"background-color":"var(--ast-global-color-5)","background-image":"","background-repeat":"repeat","background-position":"center center","background-size":"auto","background-attachment":"scroll","background-type":"","background-media":"","overlay-type":"","overlay-color":"","overlay-opacity":"","overlay-gradient":""}}},"product_brand":[],"product_cat":[57,42],"product_tag":[70,68,71,69],"class_list":{"0":"post-3413","1":"product","2":"type-product","3":"status-publish","4":"has-post-thumbnail","6":"product_cat-2-to-8-years","7":"product_cat-merchandise","8":"product_tag-babypillow","9":"product_tag-cuteanimalpillow","10":"product_tag-headshapesupport","11":"product_tag-kouniushapingpillow","12":"desktop-align-left","13":"tablet-align-left","14":"mobile-align-left","16":"first","17":"instock","18":"shipping-taxable","19":"product-type-simple"},"aioseo_notices":[],"uagb_featured_image_src":{"full":["https:\/\/babypillowwholesale.com\/wp-content\/uploads\/2025\/04\/1633.jpg",1000,1000,false],"thumbnail":["https:\/\/babypillowwholesale.com\/wp-content\/uploads\/2025\/04\/1633-150x150.jpg",150,150,true],"medium":["https:\/\/babypillowwholesale.com\/wp-content\/uploads\/2025\/04\/1633-300x300.jpg",300,300,true],"medium_large":["https:\/\/babypillowwholesale.com\/wp-content\/uploads\/2025\/04\/1633-768x768.jpg",768,768,true],"large":["https:\/\/babypillowwholesale.com\/wp-content\/uploads\/2025\/04\/1633.jpg",1000,1000,false],"1536x1536":["https:\/\/babypillowwholesale.com\/wp-content\/uploads\/2025\/04\/1633.jpg",1000,1000,false],"2048x2048":["https:\/\/babypillowwholesale.com\/wp-content\/uploads\/2025\/04\/1633.jpg",1000,1000,false],"trp-custom-language-flag":["https:\/\/babypillowwholesale.com\/wp-content\/uploads\/2025\/04\/1633.jpg",12,12,false],"woocommerce_thumbnail":["https:\/\/babypillowwholesale.com\/wp-content\/uploads\/2025\/04\/1633-300x300.jpg",300,300,true],"woocommerce_single":["https:\/\/babypillowwholesale.com\/wp-content\/uploads\/2025\/04\/1633-600x600.jpg",600,600,true],"woocommerce_gallery_thumbnail":["https:\/\/babypillowwholesale.com\/wp-content\/uploads\/2025\/04\/1633-100x100.jpg",100,100,true]},"uagb_author_info":{"display_name":"Etnen zhong","author_link":"https:\/\/babypillowwholesale.com\/ro\/author\/"},"uagb_comment_info":0,"uagb_excerpt":"The Little Crocodile Children's Pillow is an ideal sleep companion for children aged 2 - 8 years. With a specification of 45\u00d728\u00d73\/5CM, it offers a comfortable size that provides proper support for the head and neck. The pillow is adorned with a charming blue - toned design featuring a cute little crocodile, along with elements&hellip;","jetpack_sharing_enabled":true,"_links":{"self":[{"href":"https:\/\/babypillowwholesale.com\/ro\/wp-json\/wp\/v2\/product\/3413","targetHints":{"allow":["GET"]}}],"collection":[{"href":"https:\/\/babypillowwholesale.com\/ro\/wp-json\/wp\/v2\/product"}],"about":[{"href":"https:\/\/babypillowwholesale.com\/ro\/wp-json\/wp\/v2\/types\/product"}],"replies":[{"embeddable":true,"href":"https:\/\/babypillowwholesale.com\/ro\/wp-json\/wp\/v2\/comments?post=3413"}],"wp:featuredmedia":[{"embeddable":true,"href":"https:\/\/babypillowwholesale.com\/ro\/wp-json\/wp\/v2\/media\/3414"}],"wp:attachment":[{"href":"https:\/\/babypillowwholesale.com\/ro\/wp-json\/wp\/v2\/media?parent=3413"}],"wp:term":[{"taxonomy":"product_brand","embeddable":true,"href":"https:\/\/babypillowwholesale.com\/ro\/wp-json\/wp\/v2\/product_brand?post=3413"},{"taxonomy":"product_cat","embeddable":true,"href":"https:\/\/babypillowwholesale.com\/ro\/wp-json\/wp\/v2\/product_cat?post=3413"},{"taxonomy":"product_tag","embeddable":true,"href":"https:\/\/babypillowwholesale.com\/ro\/wp-json\/wp\/v2\/product_tag?post=3413"}],"curies":[{"name":"wp","href":"https:\/\/api.w.org\/{rel}","templated":true}]}}