{"id":3405,"date":"2025-04-15T07:30:38","date_gmt":"2025-04-15T07:30:38","guid":{"rendered":"https:\/\/babypillowwholesale.com\/?post_type=product&#038;p=3405"},"modified":"2025-06-08T07:52:07","modified_gmt":"2025-06-08T07:52:07","slug":"little-raccoon-infant-contour-pillow","status":"publish","type":"product","link":"https:\/\/babypillowwholesale.com\/ro\/product\/little-raccoon-infant-contour-pillow\/","title":{"rendered":"Pern\u0103 de contur pentru sugari Little Raccoon"},"content":{"rendered":"<div class=\"auto-hide-last-sibling-br paragraph-qzbcQC paragraph-element br-paragraph-space\" data-immersive-translate-walked=\"8e61f2e7-6af2-46e5-9672-3b9e4f4033d9\" data-immersive-translate-paragraph=\"1\">\n<div class=\"auto-hide-last-sibling-br paragraph-qzbcQC paragraph-element br-paragraph-space\">\n<div class=\"auto-hide-last-sibling-br paragraph-qzbcQC paragraph-element br-paragraph-space\">\n<div class=\"auto-hide-last-sibling-br paragraph-qzbcQC paragraph-element br-paragraph-space\">\n<div class=\"auto-hide-last-sibling-br paragraph-qzbcQC paragraph-element br-paragraph-space\">\n<div class=\"auto-hide-last-sibling-br paragraph-qzbcQC paragraph-element br-paragraph-space\">\n<div class=\"inter-wlTS5w\">\n<div class=\"container-QE4ayg\">\n<div class=\"item-jU10IN\">\n<div class=\"container-jODEnh chrome70-container\">\n<div class=\"inner-eE95c9 inner-item-aL3Ui_\" data-target-id=\"message-box-target-id\" data-testid=\"union_message\">\n<div class=\"message-block-container-liuetz\" data-testid=\"message-block-container\">\n<div class=\"message-box-ZWbBdF\" data-testid=\"receive_message\">\n<div class=\"message-box-content-wrapper-srHdUj\">\n<div class=\"message-content message-box-content-otxGGw receive-message-box-content-_lREFj samantha-message-box-content-Qjmpja\" data-testid=\"message_content\">\n<div class=\"container-hfX5E8 flow-markdown-body theme-samantha-yJEgBp\" dir=\"ltr\" data-testid=\"message_text_content\" data-show-indicator=\"false\">\n<div class=\"auto-hide-last-sibling-br paragraph-qzbcQC paragraph-element br-paragraph-space\">\n<div class=\"auto-hide-last-sibling-br paragraph-qzbcQC paragraph-element br-paragraph-space\">V\u0103 prezent\u0103m Little Raccoon Infant Contour Pillow, un companion de somn \u00eenc\u00e2nt\u0103tor \u0219i esen\u021bial pentru copiii cu v\u00e2rste cuprinse \u00eentre 1 \u0219i 3 ani. Proiectat\u0103 meticulos cu un contur ergonomic, aceast\u0103 pern\u0103 ofer\u0103 o \u00eembr\u0103\u021bi\u0219are bl\u00e2nd\u0103, dar ferm\u0103, pentru capul \u0219i g\u00e2tul celui mic, asigur\u00e2nd o pozi\u021bie de somn s\u0103n\u0103toas\u0103 \u0219i confortabil\u0103 noapte de noapte.<\/div>\n<p>&nbsp;<\/p>\n<div class=\"auto-hide-last-sibling-br paragraph-qzbcQC paragraph-element br-paragraph-space\">Suprafa\u021ba pernei este o p\u00e2nz\u0103 plin\u0103 de farmec, \u00eempodobit\u0103 cu o ilustra\u021bie simpatic\u0103 a unui raton mic. \u00cembr\u0103cat \u00eentr-un costum dr\u0103gu\u021b \u0219i \u00eenconjurat de stele capricioase \u0219i o baghet\u0103 magic\u0103, ratonul adaug\u0103 o not\u0103 de fantezie \u0219i juc\u0103u\u0219ie. A\u0219ezat pe un fundal moale - colorat, disponibil fie \u00een roz lini\u0219titor, fie \u00een albastru lini\u0219titor, acesta creeaz\u0103 o estetic\u0103 vizual\u0103 atr\u0103g\u0103toare \u0219i senin\u0103, care face apel la imagina\u021bia celor mici.<\/div>\n<p>&nbsp;<\/p>\n<div class=\"auto-hide-last-sibling-br paragraph-qzbcQC paragraph-element br-paragraph-space\">M\u0103surare 43*<em>26*<\/em>3CM, este dimensiunea perfect\u0103 pentru somnul copilului dvs., oferind spa\u021biu suficient pentru ca capul lor s\u0103 se odihneasc\u0103 confortabil. Fabricat din materiale somptuos de moi, ofer\u0103 o atingere catifelat\u0103 - neted\u0103, ca un c\u00e2ntec de leag\u0103n tandru, invit\u00e2ndu-v\u0103 copilul s\u0103 adoarm\u0103 lini\u0219tit.<\/div>\n<p>&nbsp;<\/p>\n<div class=\"auto-hide-last-sibling-br paragraph-qzbcQC paragraph-element br-paragraph-space\">Aceast\u0103 pern\u0103 nu este doar pentru ora de culcare. \u00cen timpul zilei, poate deveni un suport pentru jocurile imaginative, copilul pretinz\u00e2nd c\u0103 ratonul este \u00eentr-o aventur\u0103 magic\u0103. Sau poate servi ca un prieten moale \u0219i reconfortant \u00een momentele de nelini\u0219te.<\/div>\n<p>&nbsp;<\/p>\n<div class=\"auto-hide-last-sibling-br paragraph-qzbcQC paragraph-element br-paragraph-space\">P\u0103rin\u021bii au fost \u00eenc\u00e2nta\u021bi de acest produs. \"Copilul meu de 2 ani ador\u0103 perna Little Raccoon! Este at\u00e2t de moale, iar designul este pur \u0219i simplu pre\u021bios. A f\u0103cut ca ora de culcare s\u0103 fie floare la ureche\", a povestit o mam\u0103 fericit\u0103. Un tat\u0103 a ad\u0103ugat: \"Ne place cum combin\u0103 confortul cu un design dr\u0103gu\u021b. A rezistat bine la sp\u0103l\u0103ri \u0219i \u00eembr\u0103\u021bi\u0219\u0103ri. O achizi\u021bie excelent\u0103 pentru somnul \u0219i joaca micu\u021bului nostru.\"<\/div>\n<p>&nbsp;<\/p>\n<div class=\"auto-hide-last-sibling-br paragraph-qzbcQC paragraph-element br-paragraph-space\">\u00cen esen\u021b\u0103, Little Raccoon Infant Contour Pillow este un amestec armonios de confort, dr\u0103g\u0103l\u0103\u0219enie \u0219i func\u021bionalitate. Nu este doar un element de lenjerie de pat; este o parte pre\u021bioas\u0103 din via\u021ba de zi cu zi a copilului dumneavoastr\u0103, infuz\u00e2nd fiecare moment cu un strop de magie inspirat\u0103 de raton.<\/div>\n<\/div>\n<\/div>\n<\/div>\n<\/div>\n<\/div>\n<\/div>\n<\/div>\n<\/div>\n<\/div>\n<\/div>\n<\/div>\n<\/div>\n<\/div>\n<\/div>\n<\/div>\n<\/div>\n<\/div>","protected":false},"excerpt":{"rendered":"<p>Perna Little Raccoon Infant Contour Pillow este un accesoriu de somn ideal pentru copiii cu v\u00e2rsta cuprins\u0103 \u00eentre 1 \u0219i 3 ani. Designul s\u0103u conturat este realizat ergonomic pentru a oferi suport optim pentru cap \u0219i g\u00e2t, promov\u00e2nd o postur\u0103 de somn s\u0103n\u0103toas\u0103. Perna are o ilustra\u021bie simpatic\u0103 cu un raton mic pe un fundal moale - colorat, ad\u0103ug\u00e2nd o not\u0103 de dr\u0103g\u0103l\u0103\u0219enie. Disponibil\u0103 \u00een roz \u0219i albastru, se adreseaz\u0103 diferitelor preferin\u021be. M\u0103soar\u0103 43*<em>26*<\/em>3CM, ofer\u0103 o dimensiune confortabil\u0103 pentru cei mici. Fabricat din materiale moi, asigur\u0103 un somn confortabil \u0219i odihnitor, f\u0103c\u00e2ndu-l un plus excelent pentru elementele esen\u021biale de culcare ale oric\u0103rui copil.<\/p>","protected":false},"featured_media":3406,"comment_status":"open","ping_status":"closed","template":"","meta":{"_uag_custom_page_level_css":"","site-sidebar-layout":"default","site-content-layout":"","ast-site-content-layout":"default","site-content-style":"default","site-sidebar-style":"default","ast-global-header-display":"","ast-banner-title-visibility":"","ast-main-header-display":"","ast-hfb-above-header-display":"","ast-hfb-below-header-display":"","ast-hfb-mobile-header-display":"","site-post-title":"","ast-breadcrumbs-content":"","ast-featured-img":"","footer-sml-layout":"","ast-disable-related-posts":"","theme-transparent-header-meta":"default","adv-header-id-meta":"","stick-header-meta":"","header-above-stick-meta":"","header-main-stick-meta":"","header-below-stick-meta":"","astra-migrate-meta-layouts":"set","ast-page-background-enabled":"default","ast-page-background-meta":{"desktop":{"background-color":"","background-image":"","background-repeat":"repeat","background-position":"center center","background-size":"auto","background-attachment":"scroll","background-type":"","background-media":"","overlay-type":"","overlay-color":"","overlay-opacity":"","overlay-gradient":""},"tablet":{"background-color":"","background-image":"","background-repeat":"repeat","background-position":"center center","background-size":"auto","background-attachment":"scroll","background-type":"","background-media":"","overlay-type":"","overlay-color":"","overlay-opacity":"","overlay-gradient":""},"mobile":{"background-color":"","background-image":"","background-repeat":"repeat","background-position":"center center","background-size":"auto","background-attachment":"scroll","background-type":"","background-media":"","overlay-type":"","overlay-color":"","overlay-opacity":"","overlay-gradient":""}},"ast-content-background-meta":{"desktop":{"background-color":"var(--ast-global-color-5)","background-image":"","background-repeat":"repeat","background-position":"center center","background-size":"auto","background-attachment":"scroll","background-type":"","background-media":"","overlay-type":"","overlay-color":"","overlay-opacity":"","overlay-gradient":""},"tablet":{"background-color":"var(--ast-global-color-5)","background-image":"","background-repeat":"repeat","background-position":"center center","background-size":"auto","background-attachment":"scroll","background-type":"","background-media":"","overlay-type":"","overlay-color":"","overlay-opacity":"","overlay-gradient":""},"mobile":{"background-color":"var(--ast-global-color-5)","background-image":"","background-repeat":"repeat","background-position":"center center","background-size":"auto","background-attachment":"scroll","background-type":"","background-media":"","overlay-type":"","overlay-color":"","overlay-opacity":"","overlay-gradient":""}}},"product_brand":[],"product_cat":[56,42],"product_tag":[70,68,71,69],"class_list":{"0":"post-3405","1":"product","2":"type-product","3":"status-publish","4":"has-post-thumbnail","6":"product_cat-1-to-3-years","7":"product_cat-merchandise","8":"product_tag-babypillow","9":"product_tag-cuteanimalpillow","10":"product_tag-headshapesupport","11":"product_tag-kouniushapingpillow","12":"desktop-align-left","13":"tablet-align-left","14":"mobile-align-left","16":"first","17":"instock","18":"shipping-taxable","19":"product-type-simple"},"aioseo_notices":[],"uagb_featured_image_src":{"full":["https:\/\/babypillowwholesale.com\/wp-content\/uploads\/2025\/04\/1707.jpg",1000,1000,false],"thumbnail":["https:\/\/babypillowwholesale.com\/wp-content\/uploads\/2025\/04\/1707-150x150.jpg",150,150,true],"medium":["https:\/\/babypillowwholesale.com\/wp-content\/uploads\/2025\/04\/1707-300x300.jpg",300,300,true],"medium_large":["https:\/\/babypillowwholesale.com\/wp-content\/uploads\/2025\/04\/1707-768x768.jpg",768,768,true],"large":["https:\/\/babypillowwholesale.com\/wp-content\/uploads\/2025\/04\/1707.jpg",1000,1000,false],"1536x1536":["https:\/\/babypillowwholesale.com\/wp-content\/uploads\/2025\/04\/1707.jpg",1000,1000,false],"2048x2048":["https:\/\/babypillowwholesale.com\/wp-content\/uploads\/2025\/04\/1707.jpg",1000,1000,false],"trp-custom-language-flag":["https:\/\/babypillowwholesale.com\/wp-content\/uploads\/2025\/04\/1707.jpg",12,12,false],"woocommerce_thumbnail":["https:\/\/babypillowwholesale.com\/wp-content\/uploads\/2025\/04\/1707-300x300.jpg",300,300,true],"woocommerce_single":["https:\/\/babypillowwholesale.com\/wp-content\/uploads\/2025\/04\/1707-600x600.jpg",600,600,true],"woocommerce_gallery_thumbnail":["https:\/\/babypillowwholesale.com\/wp-content\/uploads\/2025\/04\/1707-100x100.jpg",100,100,true]},"uagb_author_info":{"display_name":"Etnen zhong","author_link":"https:\/\/babypillowwholesale.com\/ro\/author\/"},"uagb_comment_info":0,"uagb_excerpt":"The Little Raccoon Infant Contour Pillow is an ideal sleep accessory for children aged 1 - 3 years. Its contour design is ergonomically crafted to provide optimal support for the head and neck, promoting a healthy sleeping posture. The pillow features an endearing little raccoon illustration on a soft - colored background, adding a touch&hellip;","jetpack_sharing_enabled":true,"_links":{"self":[{"href":"https:\/\/babypillowwholesale.com\/ro\/wp-json\/wp\/v2\/product\/3405","targetHints":{"allow":["GET"]}}],"collection":[{"href":"https:\/\/babypillowwholesale.com\/ro\/wp-json\/wp\/v2\/product"}],"about":[{"href":"https:\/\/babypillowwholesale.com\/ro\/wp-json\/wp\/v2\/types\/product"}],"replies":[{"embeddable":true,"href":"https:\/\/babypillowwholesale.com\/ro\/wp-json\/wp\/v2\/comments?post=3405"}],"wp:featuredmedia":[{"embeddable":true,"href":"https:\/\/babypillowwholesale.com\/ro\/wp-json\/wp\/v2\/media\/3406"}],"wp:attachment":[{"href":"https:\/\/babypillowwholesale.com\/ro\/wp-json\/wp\/v2\/media?parent=3405"}],"wp:term":[{"taxonomy":"product_brand","embeddable":true,"href":"https:\/\/babypillowwholesale.com\/ro\/wp-json\/wp\/v2\/product_brand?post=3405"},{"taxonomy":"product_cat","embeddable":true,"href":"https:\/\/babypillowwholesale.com\/ro\/wp-json\/wp\/v2\/product_cat?post=3405"},{"taxonomy":"product_tag","embeddable":true,"href":"https:\/\/babypillowwholesale.com\/ro\/wp-json\/wp\/v2\/product_tag?post=3405"}],"curies":[{"name":"wp","href":"https:\/\/api.w.org\/{rel}","templated":true}]}}