{"id":3386,"date":"2025-04-11T08:03:37","date_gmt":"2025-04-11T08:03:37","guid":{"rendered":"https:\/\/babypillowwholesale.com\/?post_type=product&#038;p=3386"},"modified":"2025-06-08T08:05:40","modified_gmt":"2025-06-08T08:05:40","slug":"bear-ear-printed-shaping-pillow","status":"publish","type":"product","link":"https:\/\/babypillowwholesale.com\/ro\/product\/bear-ear-printed-shaping-pillow\/","title":{"rendered":"Ureche de urs tip\u0103rit Shaping pern\u0103"},"content":{"rendered":"<div class=\"auto-hide-last-sibling-br paragraph-qzbcQC paragraph-element br-paragraph-space\" data-immersive-translate-walked=\"8e61f2e7-6af2-46e5-9672-3b9e4f4033d9\" data-immersive-translate-paragraph=\"1\">\n<div class=\"auto-hide-last-sibling-br paragraph-qzbcQC paragraph-element br-paragraph-space\">\n<div class=\"auto-hide-last-sibling-br paragraph-qzbcQC paragraph-element br-paragraph-space\">\n<div class=\"auto-hide-last-sibling-br paragraph-qzbcQC paragraph-element br-paragraph-space\">\n<div class=\"auto-hide-last-sibling-br paragraph-qzbcQC paragraph-element br-paragraph-space\">V\u0103 prezent\u0103m perna Bear Ear Printed Shaping Pillow, un companion de somn \u00eenc\u00e2nt\u0103tor \u0219i esen\u021bial, adaptat pentru bebelu\u0219ii din stadiul 0 - 6 luni. Aceast\u0103 pern\u0103 este o simfonie de dr\u0103g\u0103l\u0103\u0219enie \u0219i func\u021bionalitate, av\u00e2nd un design atr\u0103g\u0103tor care prezint\u0103 contururi fermec\u0103toare asem\u0103n\u0103toare unei urechi de urs. Suprafa\u021ba sa este o p\u00e2nz\u0103 a bucuriei, \u00eempodobit\u0103 cu o serie \u00eenc\u00e2nt\u0103toare de imprimeuri aleatorii care prezint\u0103 motive adorabile de urs, baloane capricioase \u0219i fructe cu chip dulce, toate contribuind la o atmosfer\u0103 de farmec pur.<\/div>\n<p>&nbsp;<\/p>\n<div class=\"auto-hide-last-sibling-br paragraph-qzbcQC paragraph-element br-paragraph-space\">Fabricat\u0103 din materiale de calitate superioar\u0103, aceasta ofer\u0103 o \u00eembr\u0103\u021bi\u0219are delicat\u0103, dar de sus\u021binere. Aceast\u0103 pern\u0103 este conceput\u0103 special pentru a sus\u021bine capul bebelu\u0219ului, ajut\u00e2nd la men\u021binerea unei forme s\u0103n\u0103toase a capului \u00een timpul primelor luni cruciale. M\u0103sur\u00e2nd 28*<em>21*<\/em>1.5CM, se potrive\u0219te perfect \u00een p\u0103tu\u021bul unui copil, cre\u00e2nd un paradis confortabil \u0219i sigur pentru micu\u021bul dvs.<\/div>\n<p>&nbsp;<\/p>\n<div class=\"auto-hide-last-sibling-br paragraph-qzbcQC paragraph-element br-paragraph-space\">Imagina\u021bi-v\u0103 bebelu\u0219ul dvs. pre\u021bios, \u00eentins \u00een p\u0103tu\u021bul s\u0103u, cu capul cuib\u0103rit confortabil pe aceast\u0103 pern\u0103. \u00cen timpul somnului de zi, aceasta ofer\u0103 o suprafa\u021b\u0103 moale \u0219i primitoare, \u00een timp ce noaptea, devine o surs\u0103 de confort \u0219i siguran\u021b\u0103, ajut\u00e2ndu-v\u0103 bebelu\u0219ul s\u0103 adoarm\u0103 lini\u0219tit. De asemenea, serve\u0219te ca o pies\u0103 decorativ\u0103 frumoas\u0103 \u00een camera copilului, ad\u0103ug\u00e2nd o not\u0103 de fantezie decorului camerei.<\/div>\n<p>&nbsp;<\/p>\n<div class=\"auto-hide-last-sibling-br paragraph-qzbcQC paragraph-element br-paragraph-space\">P\u0103rin\u021bii au fost foarte \u00eenc\u00e2nta\u021bi de acest produs. \"Aceast\u0103 pern\u0103 de modelare tip\u0103rit\u0103 Bear Ear este un must - have! Bebelu\u0219ul meu pare mult mai confortabil, iar imprimeurile dr\u0103gu\u021be o fac s\u0103 ias\u0103 \u00een eviden\u021b\u0103 \u00een camera copilului. \u00cemi place c\u0103 ajut\u0103 \u0219i la modelarea capului\", a exclamat o proasp\u0103t\u0103 m\u0103mic\u0103. Un tat\u0103 a ad\u0103ugat: \"Suntem foarte impresiona\u021bi de calitate. Este moale, durabil\u0103, iar designul este adorabil. A devenit o parte esen\u021bial\u0103 din configura\u021bia de somn a bebelu\u0219ului nostru.\"<\/div>\n<p>&nbsp;<\/p>\n<div class=\"auto-hide-last-sibling-br paragraph-qzbcQC paragraph-element br-paragraph-space\">\u00cen esen\u021b\u0103, perna tip\u0103rit\u0103 Bear Ear Shaping Pillow este un amestec armonios de confort, dr\u0103g\u0103l\u0103\u0219enie \u0219i caracter practic. Nu este doar un element de lenjerie de pat; este o parte pre\u021bioas\u0103 din via\u021ba timpurie a bebelu\u0219ului dumneavoastr\u0103, \u00eembog\u0103\u021bind fiecare moment plin de somn cu sprijinul s\u0103u tandru \u0219i prezen\u021ba sa fermec\u0103toare.<\/div>\n<\/div>\n<\/div>\n<\/div>\n<\/div>","protected":false},"excerpt":{"rendered":"<p>Perna tip\u0103rit\u0103 Bear Ear Shaping Pillow este un ajutor fermec\u0103tor \u0219i practic pentru somn pentru bebelu\u0219ii cu v\u00e2rsta cuprins\u0103 \u00eentre 0 \u0219i 6 luni. Designul s\u0103u prezint\u0103 forme dr\u0103gu\u021be asem\u0103n\u0103toare urechii de urs \u0219i este \u00eempodobit cu imprimeuri aleatorii \u00eenc\u00e2nt\u0103toare cu motive adorabile de urs \u0219i alte elemente dulci. Fabricat\u0103 din materiale de calitate, aceasta ofer\u0103 un suport delicat pentru a ajuta la men\u021binerea formei capului bebelu\u0219ului. M\u0103soar\u0103 28*<em>21*<\/em>1,5CM, se potrive\u0219te perfect \u00een p\u0103tu\u021bul unui copil. Aceast\u0103 pern\u0103 nu numai c\u0103 ofer\u0103 un loc de odihn\u0103 moale \u0219i confortabil pentru copil, dar adaug\u0103 \u0219i o not\u0103 de dr\u0103g\u0103l\u0103\u0219enie \u00een camera copilului, cre\u00e2nd un mediu pl\u0103cut pentru somnul copilului.<\/p>","protected":false},"featured_media":3387,"comment_status":"open","ping_status":"closed","template":"","meta":{"_uag_custom_page_level_css":"","site-sidebar-layout":"default","site-content-layout":"","ast-site-content-layout":"default","site-content-style":"default","site-sidebar-style":"default","ast-global-header-display":"","ast-banner-title-visibility":"","ast-main-header-display":"","ast-hfb-above-header-display":"","ast-hfb-below-header-display":"","ast-hfb-mobile-header-display":"","site-post-title":"","ast-breadcrumbs-content":"","ast-featured-img":"","footer-sml-layout":"","ast-disable-related-posts":"","theme-transparent-header-meta":"default","adv-header-id-meta":"","stick-header-meta":"","header-above-stick-meta":"","header-main-stick-meta":"","header-below-stick-meta":"","astra-migrate-meta-layouts":"set","ast-page-background-enabled":"default","ast-page-background-meta":{"desktop":{"background-color":"","background-image":"","background-repeat":"repeat","background-position":"center center","background-size":"auto","background-attachment":"scroll","background-type":"","background-media":"","overlay-type":"","overlay-color":"","overlay-opacity":"","overlay-gradient":""},"tablet":{"background-color":"","background-image":"","background-repeat":"repeat","background-position":"center center","background-size":"auto","background-attachment":"scroll","background-type":"","background-media":"","overlay-type":"","overlay-color":"","overlay-opacity":"","overlay-gradient":""},"mobile":{"background-color":"","background-image":"","background-repeat":"repeat","background-position":"center center","background-size":"auto","background-attachment":"scroll","background-type":"","background-media":"","overlay-type":"","overlay-color":"","overlay-opacity":"","overlay-gradient":""}},"ast-content-background-meta":{"desktop":{"background-color":"var(--ast-global-color-5)","background-image":"","background-repeat":"repeat","background-position":"center center","background-size":"auto","background-attachment":"scroll","background-type":"","background-media":"","overlay-type":"","overlay-color":"","overlay-opacity":"","overlay-gradient":""},"tablet":{"background-color":"var(--ast-global-color-5)","background-image":"","background-repeat":"repeat","background-position":"center center","background-size":"auto","background-attachment":"scroll","background-type":"","background-media":"","overlay-type":"","overlay-color":"","overlay-opacity":"","overlay-gradient":""},"mobile":{"background-color":"var(--ast-global-color-5)","background-image":"","background-repeat":"repeat","background-position":"center center","background-size":"auto","background-attachment":"scroll","background-type":"","background-media":"","overlay-type":"","overlay-color":"","overlay-opacity":"","overlay-gradient":""}}},"product_brand":[],"product_cat":[54,42],"product_tag":[70,68,71,69],"class_list":{"0":"post-3386","1":"product","2":"type-product","3":"status-publish","4":"has-post-thumbnail","6":"product_cat-0-to-6months","7":"product_cat-merchandise","8":"product_tag-babypillow","9":"product_tag-cuteanimalpillow","10":"product_tag-headshapesupport","11":"product_tag-kouniushapingpillow","12":"desktop-align-left","13":"tablet-align-left","14":"mobile-align-left","16":"first","17":"instock","18":"shipping-taxable","19":"product-type-simple"},"aioseo_notices":[],"uagb_featured_image_src":{"full":["https:\/\/babypillowwholesale.com\/wp-content\/uploads\/2025\/04\/1010.jpg",1000,1000,false],"thumbnail":["https:\/\/babypillowwholesale.com\/wp-content\/uploads\/2025\/04\/1010-150x150.jpg",150,150,true],"medium":["https:\/\/babypillowwholesale.com\/wp-content\/uploads\/2025\/04\/1010-300x300.jpg",300,300,true],"medium_large":["https:\/\/babypillowwholesale.com\/wp-content\/uploads\/2025\/04\/1010-768x768.jpg",768,768,true],"large":["https:\/\/babypillowwholesale.com\/wp-content\/uploads\/2025\/04\/1010.jpg",1000,1000,false],"1536x1536":["https:\/\/babypillowwholesale.com\/wp-content\/uploads\/2025\/04\/1010.jpg",1000,1000,false],"2048x2048":["https:\/\/babypillowwholesale.com\/wp-content\/uploads\/2025\/04\/1010.jpg",1000,1000,false],"trp-custom-language-flag":["https:\/\/babypillowwholesale.com\/wp-content\/uploads\/2025\/04\/1010.jpg",12,12,false],"woocommerce_thumbnail":["https:\/\/babypillowwholesale.com\/wp-content\/uploads\/2025\/04\/1010-300x300.jpg",300,300,true],"woocommerce_single":["https:\/\/babypillowwholesale.com\/wp-content\/uploads\/2025\/04\/1010-600x600.jpg",600,600,true],"woocommerce_gallery_thumbnail":["https:\/\/babypillowwholesale.com\/wp-content\/uploads\/2025\/04\/1010-100x100.jpg",100,100,true]},"uagb_author_info":{"display_name":"Etnen zhong","author_link":"https:\/\/babypillowwholesale.com\/ro\/author\/"},"uagb_comment_info":0,"uagb_excerpt":"The Bear Ear Printed Shaping Pillow is a charming and practical sleep aid for infants aged 0 - 6 months. Its design features cute bear ear - like shapes and is adorned with delightful random prints of adorable bear motifs and other sweet elements. Made with quality materials, it provides gentle support to help maintain&hellip;","jetpack_sharing_enabled":true,"_links":{"self":[{"href":"https:\/\/babypillowwholesale.com\/ro\/wp-json\/wp\/v2\/product\/3386","targetHints":{"allow":["GET"]}}],"collection":[{"href":"https:\/\/babypillowwholesale.com\/ro\/wp-json\/wp\/v2\/product"}],"about":[{"href":"https:\/\/babypillowwholesale.com\/ro\/wp-json\/wp\/v2\/types\/product"}],"replies":[{"embeddable":true,"href":"https:\/\/babypillowwholesale.com\/ro\/wp-json\/wp\/v2\/comments?post=3386"}],"wp:featuredmedia":[{"embeddable":true,"href":"https:\/\/babypillowwholesale.com\/ro\/wp-json\/wp\/v2\/media\/3387"}],"wp:attachment":[{"href":"https:\/\/babypillowwholesale.com\/ro\/wp-json\/wp\/v2\/media?parent=3386"}],"wp:term":[{"taxonomy":"product_brand","embeddable":true,"href":"https:\/\/babypillowwholesale.com\/ro\/wp-json\/wp\/v2\/product_brand?post=3386"},{"taxonomy":"product_cat","embeddable":true,"href":"https:\/\/babypillowwholesale.com\/ro\/wp-json\/wp\/v2\/product_cat?post=3386"},{"taxonomy":"product_tag","embeddable":true,"href":"https:\/\/babypillowwholesale.com\/ro\/wp-json\/wp\/v2\/product_tag?post=3386"}],"curies":[{"name":"wp","href":"https:\/\/api.w.org\/{rel}","templated":true}]}}