{"id":3383,"date":"2025-04-11T07:55:31","date_gmt":"2025-04-11T07:55:31","guid":{"rendered":"https:\/\/babypillowwholesale.com\/?post_type=product&#038;p=3383"},"modified":"2025-06-08T08:07:13","modified_gmt":"2025-06-08T08:07:13","slug":"little-apple-memory-pillow","status":"publish","type":"product","link":"https:\/\/babypillowwholesale.com\/ro\/product\/little-apple-memory-pillow\/","title":{"rendered":"Pern\u0103 de memorie Little Apple"},"content":{"rendered":"<div class=\"auto-hide-last-sibling-br paragraph-qzbcQC paragraph-element br-paragraph-space\" data-immersive-translate-walked=\"8e61f2e7-6af2-46e5-9672-3b9e4f4033d9\" data-immersive-translate-paragraph=\"1\">\n<div class=\"auto-hide-last-sibling-br paragraph-qzbcQC paragraph-element br-paragraph-space\">\n<div class=\"auto-hide-last-sibling-br paragraph-qzbcQC paragraph-element br-paragraph-space\">\n<div class=\"auto-hide-last-sibling-br paragraph-qzbcQC paragraph-element br-paragraph-space\">V\u0103 prezent\u0103m Little Apple Memory Pillow, un companion de somn adorabil \u0219i indispensabil, creat special pentru bebelu\u0219ii afla\u021bi \u00een stadiul de 0 - 3 - luni. Aceast\u0103 pern\u0103, cu silueta sa fermec\u0103toare \u00een form\u0103 de m\u0103r, atrage imediat privirile, eman\u0103 un sentiment de dulcea\u021b\u0103 \u0219i joac\u0103 \u00eenc\u0103 de la \u00eenceput.<\/div>\n<p>&nbsp;<\/p>\n<div class=\"auto-hide-last-sibling-br paragraph-qzbcQC paragraph-element br-paragraph-space\">Fabricat din spum\u0103 cu memorie premium, este un exemplu de confort. U\u0219or \u0219i f\u0103r\u0103 cusur, se muleaz\u0103 pe contururile unice ale capului bebelu\u0219ului dvs., oferind un nivel personalizat de sus\u021binere care este deopotriv\u0103 tandru \u0219i lini\u0219titor. Suprafa\u021ba pernei este o p\u00e2nz\u0103 plin\u0103 de farmec, \u00eempodobit\u0103 cu imprimeuri aleatorii \u00eenc\u00e2nt\u0103toare care adaug\u0103 un strop de fantezie \u0219i c\u0103ldur\u0103. Fiecare imprimare este ca o mic\u0103 poveste, contribuind la frumuse\u021bea general\u0103 a pernei.<\/div>\n<p>&nbsp;<\/p>\n<div class=\"auto-hide-last-sibling-br paragraph-qzbcQC paragraph-element br-paragraph-space\">M\u0103sur\u00e2nd un delicat 20*<em>22*<\/em>1.5CM, se potrive\u0219te perfect \u00een p\u0103tu\u021bul bebelu\u0219ului, cre\u00e2nd un paradis confortabil pentru micu\u021bul dvs. Imagina\u021bi-v\u0103 bebelu\u0219ul dvs. pre\u021bios, \u00eentins \u00een p\u0103tu\u021bul s\u0103u, cu capul u\u0219or leg\u0103nat de aceast\u0103 mic\u0103 pern\u0103 \u00een form\u0103 de m\u0103r. Devine un loc moale \u0219i sigur unde poate adormi lini\u0219tit, \u00eenconjurat de \u00eembr\u0103\u021bi\u0219area bl\u00e2nd\u0103 a spumei cu memorie \u0219i a imprimeurilor dr\u0103gu\u021be.<\/div>\n<p>&nbsp;<\/p>\n<div class=\"auto-hide-last-sibling-br paragraph-qzbcQC paragraph-element br-paragraph-space\">\u00cen timpul primelor zile, c\u00e2nd bebelu\u0219ul dvs. \u00ee\u0219i petrece o mare parte din timp dormind, perna cu memorie Little Apple este o surs\u0103 constant\u0103 de confort. Fie c\u0103 este vorba de un pui de somn scurt \u00een timpul zilei sau de o perioad\u0103 mai lung\u0103 noaptea, aceast\u0103 pern\u0103 ofer\u0103 o suprafa\u021b\u0103 consistent\u0103 \u0219i lini\u0219titoare. De asemenea, devine un punct focal \u00een camera copilului, ad\u0103ug\u00e2nd o not\u0103 de dr\u0103g\u0103l\u0103\u0219enie decorului general.<\/div>\n<p>&nbsp;<\/p>\n<div class=\"auto-hide-last-sibling-br paragraph-qzbcQC paragraph-element br-paragraph-space\">P\u0103rin\u021bii au fost efuzive \u00een laudele lor pentru aceast\u0103 pern\u0103 \u00eenc\u00e2nt\u0103toare. \"Sunt \u00eendr\u0103gostit\u0103 de Little Apple Memory Pillow! Este at\u00e2t de dr\u0103gu\u021b\u0103, iar nou-n\u0103scutul meu pare mult mai confortabil. Spuma cu memorie este un joc - schimbare\", a exclamat o nou\u0103 mam\u0103. Un tat\u0103 a ad\u0103ugat: \"Ne place cum adaug\u0103 un pic de farmec camerei copilului. A rezistat bine \u0219i chiar pare s\u0103 ne ajute bebelu\u0219ul s\u0103 doarm\u0103 mai bine.\"<\/div>\n<p>&nbsp;<\/p>\n<div class=\"auto-hide-last-sibling-br paragraph-qzbcQC paragraph-element br-paragraph-space\">\u00cen esen\u021b\u0103, Little Apple Memory Pillow este un amestec armonios de confort, dr\u0103g\u0103l\u0103\u0219enie \u0219i func\u021bionalitate. Nu este doar un element de lenjerie de pat; este o parte pre\u021bioas\u0103 a vie\u021bii timpurii a bebelu\u0219ului dumneavoastr\u0103, insufl\u00e2nd fiec\u0103rui moment plin de somn un sentiment de lini\u0219te \u0219i tandre\u021be.<\/div>\n<\/div>\n<\/div>\n<\/div>","protected":false},"excerpt":{"rendered":"<p>Perna cu memorie Little Apple este un element esen\u021bial de somn dulce \u0219i practic, conceput pentru bebelu\u0219ii cu v\u00e2rsta cuprins\u0103 \u00eentre 0 \u0219i 3 luni. Av\u00e2nd forma unui m\u0103r dr\u0103gu\u021b, atrage imediat aten\u021bia cu forma sa adorabil\u0103. Fabricat\u0103 din spum\u0103 cu memorie, se adapteaz\u0103 u\u0219or la capul bebelu\u0219ului, oferind un suport bl\u00e2nd \u0219i personalizat. Suprafa\u021ba este decorat\u0103 cu amprente aleatorii fermec\u0103toare, care adaug\u0103 o not\u0103 de dr\u0103g\u0103l\u0103\u0219enie. Cu o dimensiune compact\u0103 de 20*<em>22*<\/em>1,5CM, se potrive\u0219te perfect \u00een p\u0103tu\u021bul unui copil. Aceast\u0103 pern\u0103 nu numai c\u0103 ajut\u0103 la men\u021binerea formei capului copilului, dar ofer\u0103 \u0219i un loc de odihn\u0103 confortabil \u0219i confortabil, cre\u00e2nd un mediu senin pentru somnul lini\u0219tit al copilului.<\/p>","protected":false},"featured_media":3384,"comment_status":"open","ping_status":"closed","template":"","meta":{"_uag_custom_page_level_css":"","site-sidebar-layout":"default","site-content-layout":"","ast-site-content-layout":"default","site-content-style":"default","site-sidebar-style":"default","ast-global-header-display":"","ast-banner-title-visibility":"","ast-main-header-display":"","ast-hfb-above-header-display":"","ast-hfb-below-header-display":"","ast-hfb-mobile-header-display":"","site-post-title":"","ast-breadcrumbs-content":"","ast-featured-img":"","footer-sml-layout":"","ast-disable-related-posts":"","theme-transparent-header-meta":"default","adv-header-id-meta":"","stick-header-meta":"","header-above-stick-meta":"","header-main-stick-meta":"","header-below-stick-meta":"","astra-migrate-meta-layouts":"set","ast-page-background-enabled":"default","ast-page-background-meta":{"desktop":{"background-color":"","background-image":"","background-repeat":"repeat","background-position":"center center","background-size":"auto","background-attachment":"scroll","background-type":"","background-media":"","overlay-type":"","overlay-color":"","overlay-opacity":"","overlay-gradient":""},"tablet":{"background-color":"","background-image":"","background-repeat":"repeat","background-position":"center center","background-size":"auto","background-attachment":"scroll","background-type":"","background-media":"","overlay-type":"","overlay-color":"","overlay-opacity":"","overlay-gradient":""},"mobile":{"background-color":"","background-image":"","background-repeat":"repeat","background-position":"center center","background-size":"auto","background-attachment":"scroll","background-type":"","background-media":"","overlay-type":"","overlay-color":"","overlay-opacity":"","overlay-gradient":""}},"ast-content-background-meta":{"desktop":{"background-color":"var(--ast-global-color-5)","background-image":"","background-repeat":"repeat","background-position":"center center","background-size":"auto","background-attachment":"scroll","background-type":"","background-media":"","overlay-type":"","overlay-color":"","overlay-opacity":"","overlay-gradient":""},"tablet":{"background-color":"var(--ast-global-color-5)","background-image":"","background-repeat":"repeat","background-position":"center center","background-size":"auto","background-attachment":"scroll","background-type":"","background-media":"","overlay-type":"","overlay-color":"","overlay-opacity":"","overlay-gradient":""},"mobile":{"background-color":"var(--ast-global-color-5)","background-image":"","background-repeat":"repeat","background-position":"center center","background-size":"auto","background-attachment":"scroll","background-type":"","background-media":"","overlay-type":"","overlay-color":"","overlay-opacity":"","overlay-gradient":""}}},"product_brand":[],"product_cat":[54,42],"product_tag":[70,68,71,69],"class_list":{"0":"post-3383","1":"product","2":"type-product","3":"status-publish","4":"has-post-thumbnail","6":"product_cat-0-to-6months","7":"product_cat-merchandise","8":"product_tag-babypillow","9":"product_tag-cuteanimalpillow","10":"product_tag-headshapesupport","11":"product_tag-kouniushapingpillow","12":"desktop-align-left","13":"tablet-align-left","14":"mobile-align-left","16":"first","17":"instock","18":"shipping-taxable","19":"product-type-simple"},"aioseo_notices":[],"uagb_featured_image_src":{"full":["https:\/\/babypillowwholesale.com\/wp-content\/uploads\/2025\/04\/1003.jpg",1000,1000,false],"thumbnail":["https:\/\/babypillowwholesale.com\/wp-content\/uploads\/2025\/04\/1003-150x150.jpg",150,150,true],"medium":["https:\/\/babypillowwholesale.com\/wp-content\/uploads\/2025\/04\/1003-300x300.jpg",300,300,true],"medium_large":["https:\/\/babypillowwholesale.com\/wp-content\/uploads\/2025\/04\/1003-768x768.jpg",768,768,true],"large":["https:\/\/babypillowwholesale.com\/wp-content\/uploads\/2025\/04\/1003.jpg",1000,1000,false],"1536x1536":["https:\/\/babypillowwholesale.com\/wp-content\/uploads\/2025\/04\/1003.jpg",1000,1000,false],"2048x2048":["https:\/\/babypillowwholesale.com\/wp-content\/uploads\/2025\/04\/1003.jpg",1000,1000,false],"trp-custom-language-flag":["https:\/\/babypillowwholesale.com\/wp-content\/uploads\/2025\/04\/1003.jpg",12,12,false],"woocommerce_thumbnail":["https:\/\/babypillowwholesale.com\/wp-content\/uploads\/2025\/04\/1003-300x300.jpg",300,300,true],"woocommerce_single":["https:\/\/babypillowwholesale.com\/wp-content\/uploads\/2025\/04\/1003-600x600.jpg",600,600,true],"woocommerce_gallery_thumbnail":["https:\/\/babypillowwholesale.com\/wp-content\/uploads\/2025\/04\/1003-100x100.jpg",100,100,true]},"uagb_author_info":{"display_name":"Etnen zhong","author_link":"https:\/\/babypillowwholesale.com\/ro\/author\/"},"uagb_comment_info":0,"uagb_excerpt":"The Little Apple Memory Pillow is a sweet and practical sleep essential designed for infants aged 0 - 3 months. Shaped like a cute apple, it immediately catches the eye with its adorable form. Made of memory foam, it softly conforms to the baby's head, providing gentle and customized support. The surface is decorated with&hellip;","jetpack_sharing_enabled":true,"_links":{"self":[{"href":"https:\/\/babypillowwholesale.com\/ro\/wp-json\/wp\/v2\/product\/3383","targetHints":{"allow":["GET"]}}],"collection":[{"href":"https:\/\/babypillowwholesale.com\/ro\/wp-json\/wp\/v2\/product"}],"about":[{"href":"https:\/\/babypillowwholesale.com\/ro\/wp-json\/wp\/v2\/types\/product"}],"replies":[{"embeddable":true,"href":"https:\/\/babypillowwholesale.com\/ro\/wp-json\/wp\/v2\/comments?post=3383"}],"wp:featuredmedia":[{"embeddable":true,"href":"https:\/\/babypillowwholesale.com\/ro\/wp-json\/wp\/v2\/media\/3384"}],"wp:attachment":[{"href":"https:\/\/babypillowwholesale.com\/ro\/wp-json\/wp\/v2\/media?parent=3383"}],"wp:term":[{"taxonomy":"product_brand","embeddable":true,"href":"https:\/\/babypillowwholesale.com\/ro\/wp-json\/wp\/v2\/product_brand?post=3383"},{"taxonomy":"product_cat","embeddable":true,"href":"https:\/\/babypillowwholesale.com\/ro\/wp-json\/wp\/v2\/product_cat?post=3383"},{"taxonomy":"product_tag","embeddable":true,"href":"https:\/\/babypillowwholesale.com\/ro\/wp-json\/wp\/v2\/product_tag?post=3383"}],"curies":[{"name":"wp","href":"https:\/\/api.w.org\/{rel}","templated":true}]}}