{"id":3380,"date":"2025-04-11T07:23:24","date_gmt":"2025-04-11T07:23:24","guid":{"rendered":"https:\/\/babypillowwholesale.com\/?post_type=product&#038;p=3380"},"modified":"2025-06-08T08:11:45","modified_gmt":"2025-06-08T08:11:45","slug":"little-bear-memory-pillow","status":"publish","type":"product","link":"https:\/\/babypillowwholesale.com\/ro\/product\/little-bear-memory-pillow\/","title":{"rendered":"Pern\u0103 de memorie Little Bear"},"content":{"rendered":"<div class=\"auto-hide-last-sibling-br paragraph-qzbcQC paragraph-element br-paragraph-space\" data-immersive-translate-walked=\"8e61f2e7-6af2-46e5-9672-3b9e4f4033d9\" data-immersive-translate-paragraph=\"1\">\n<div class=\"auto-hide-last-sibling-br paragraph-qzbcQC paragraph-element br-paragraph-space\">\n<div class=\"auto-hide-last-sibling-br paragraph-qzbcQC paragraph-element br-paragraph-space\">V\u0103 prezent\u0103m perna cu memorie Little Bear, un companion de somn tandru \u0219i esen\u021bial, meticulos creat pentru bebelu\u0219ii \u00een stadiul 0 - 6 luni. Aceast\u0103 pern\u0103 este un model de confort, fabricat\u0103 din spum\u0103 cu memorie premium care se muleaz\u0103 gra\u021bios pe conturul capului bebelu\u0219ului dumneavoastr\u0103. Ofer\u0103 o \u00eembr\u0103\u021bi\u0219are personalizat\u0103, asigur\u00e2nd un confort delicat, dar de sus\u021binere, ceea ce este esen\u021bial pentru dezvoltarea formei capului micu\u021bului dumneavoastr\u0103.<\/div>\n<p>&nbsp;<\/p>\n<div class=\"auto-hide-last-sibling-br paragraph-qzbcQC paragraph-element br-paragraph-space\">Suprafa\u021ba pernei este o p\u00e2nz\u0103 de dr\u0103g\u0103l\u0103\u0219enie, \u00eempodobit\u0103 cu o serie de imprimeuri aleatorii \u00eenc\u00e2nt\u0103toare cu motive fermec\u0103toare de ursule\u021bi. Fiecare urs, cu expresia sa simpatic\u0103 \u0219i comportamentul s\u0103u juc\u0103u\u0219, adaug\u0103 un strop de fantezie \u0219i c\u0103ldur\u0103, f\u0103c\u00e2nd din pern\u0103 nu doar un articol func\u021bional, ci \u0219i o surs\u0103 de bucurie vizual\u0103.<\/div>\n<p>&nbsp;<\/p>\n<div class=\"auto-hide-last-sibling-br paragraph-qzbcQC paragraph-element br-paragraph-space\">M\u0103surarea unui compact 25*<em>20*<\/em>1.5CM, se potrive\u0219te perfect pentru p\u0103tu\u021bul sau basinetul unui bebelu\u0219. Imagina\u021bi-v\u0103 copilul dvs. pre\u021bios, cuib\u0103rit \u00een spa\u021biul s\u0103u de dormit confortabil, capul s\u0103u micu\u021b odihnindu-se u\u0219or pe aceast\u0103 pern\u0103. Ea devine un paradis de moliciune, un loc \u00een care ei pot aluneca \u00eentr-un somn lini\u0219tit, \u00eenconjura\u021bi de prezen\u021ba reconfortant\u0103 a micilor amprente de urs.<\/div>\n<p>&nbsp;<\/p>\n<div class=\"auto-hide-last-sibling-br paragraph-qzbcQC paragraph-element br-paragraph-space\">\u00cen primele zile, c\u00e2nd bebelu\u0219ul face sieste scurte pe parcursul zilei, perna cu memorie Little Bear ofer\u0103 un loc consistent \u0219i confortabil. Este, de asemenea, un plus lini\u0219titor \u00een timpul somnului de noapte, ajut\u00e2ndu-v\u0103 bebelu\u0219ul s\u0103 se simt\u0103 \u00een siguran\u021b\u0103 \u0219i \u00een largul s\u0103u.<\/div>\n<p>&nbsp;<\/p>\n<div class=\"auto-hide-last-sibling-br paragraph-qzbcQC paragraph-element br-paragraph-space\">P\u0103rin\u021bii au fost foarte \u00eenc\u00e2nta\u021bi de acest produs. \"Aceast\u0103 pern\u0103 de memorie Little Bear este un joc - schimbare! Nou-n\u0103scutul meu pare mult mai confortabil \u0219i \u00eemi plac imprimeurile dr\u0103gu\u021be cu ursule\u021bi. M\u0103 lini\u0219te\u0219te \u0219tiind c\u0103 m\u0103 ajut\u0103 \u0219i cu forma capului\", a spus o proasp\u0103t\u0103 m\u0103mic\u0103. Un tat\u0103 a ad\u0103ugat: \"Suntem foarte impresiona\u021bi de calitate. A rezistat bine \u0219i a devenit o parte esen\u021bial\u0103 din configura\u021bia de somn a bebelu\u0219ului nostru.\"<\/div>\n<p>&nbsp;<\/p>\n<div class=\"auto-hide-last-sibling-br paragraph-qzbcQC paragraph-element br-paragraph-space\">\u00cen esen\u021b\u0103, Little Bear Memory Pillow este un amestec armonios de confort, dr\u0103g\u0103l\u0103\u0219enie \u0219i func\u021bionalitate. Nu este doar un element de lenjerie de pat; este o parte pre\u021bioas\u0103 din primele zile ale bebelu\u0219ului dumneavoastr\u0103, insufl\u00e2nd fiec\u0103rui moment plin de somn un sentiment de siguran\u021b\u0103 \u0219i tandre\u021be.<\/div>\n<\/div>\n<\/div>","protected":false},"excerpt":{"rendered":"<p>Perna cu memorie Little Bear este un accesoriu de somn delicat \u0219i func\u021bional conceput pentru bebelu\u0219ii cu v\u00e2rsta cuprins\u0103 \u00eentre 0 \u0219i 6 luni. Fabricat\u0103 din spum\u0103 cu memorie, aceasta se conformeaz\u0103 u\u0219or formei capului bebelu\u0219ului, oferind suport personalizat. Suprafa\u021ba sa este \u00eempodobit\u0103 cu imprimeuri aleatorii dr\u0103gu\u021be cu motive de ursule\u021bi, ad\u0103ug\u00e2nd un element de farmec. Cu o dimensiune compact\u0103 de 25*<em>20*<\/em>1.5CM, este potrivit pentru p\u0103tu\u021bul sau basinetul unui copil. Aceast\u0103 pern\u0103 nu numai c\u0103 ajut\u0103 la men\u021binerea formei capului unui copil, dar ofer\u0103 \u0219i un loc de odihn\u0103 moale \u0219i confortabil, cre\u00e2nd un mediu confortabil pentru somnul copilului.<\/p>","protected":false},"featured_media":3381,"comment_status":"open","ping_status":"closed","template":"","meta":{"_uag_custom_page_level_css":"","site-sidebar-layout":"default","site-content-layout":"","ast-site-content-layout":"default","site-content-style":"default","site-sidebar-style":"default","ast-global-header-display":"","ast-banner-title-visibility":"","ast-main-header-display":"","ast-hfb-above-header-display":"","ast-hfb-below-header-display":"","ast-hfb-mobile-header-display":"","site-post-title":"","ast-breadcrumbs-content":"","ast-featured-img":"","footer-sml-layout":"","ast-disable-related-posts":"","theme-transparent-header-meta":"default","adv-header-id-meta":"","stick-header-meta":"","header-above-stick-meta":"","header-main-stick-meta":"","header-below-stick-meta":"","astra-migrate-meta-layouts":"set","ast-page-background-enabled":"default","ast-page-background-meta":{"desktop":{"background-color":"","background-image":"","background-repeat":"repeat","background-position":"center center","background-size":"auto","background-attachment":"scroll","background-type":"","background-media":"","overlay-type":"","overlay-color":"","overlay-opacity":"","overlay-gradient":""},"tablet":{"background-color":"","background-image":"","background-repeat":"repeat","background-position":"center center","background-size":"auto","background-attachment":"scroll","background-type":"","background-media":"","overlay-type":"","overlay-color":"","overlay-opacity":"","overlay-gradient":""},"mobile":{"background-color":"","background-image":"","background-repeat":"repeat","background-position":"center center","background-size":"auto","background-attachment":"scroll","background-type":"","background-media":"","overlay-type":"","overlay-color":"","overlay-opacity":"","overlay-gradient":""}},"ast-content-background-meta":{"desktop":{"background-color":"var(--ast-global-color-5)","background-image":"","background-repeat":"repeat","background-position":"center center","background-size":"auto","background-attachment":"scroll","background-type":"","background-media":"","overlay-type":"","overlay-color":"","overlay-opacity":"","overlay-gradient":""},"tablet":{"background-color":"var(--ast-global-color-5)","background-image":"","background-repeat":"repeat","background-position":"center center","background-size":"auto","background-attachment":"scroll","background-type":"","background-media":"","overlay-type":"","overlay-color":"","overlay-opacity":"","overlay-gradient":""},"mobile":{"background-color":"var(--ast-global-color-5)","background-image":"","background-repeat":"repeat","background-position":"center center","background-size":"auto","background-attachment":"scroll","background-type":"","background-media":"","overlay-type":"","overlay-color":"","overlay-opacity":"","overlay-gradient":""}}},"product_brand":[],"product_cat":[54,42],"product_tag":[70,68,71,69],"class_list":{"0":"post-3380","1":"product","2":"type-product","3":"status-publish","4":"has-post-thumbnail","6":"product_cat-0-to-6months","7":"product_cat-merchandise","8":"product_tag-babypillow","9":"product_tag-cuteanimalpillow","10":"product_tag-headshapesupport","11":"product_tag-kouniushapingpillow","12":"desktop-align-left","13":"tablet-align-left","14":"mobile-align-left","16":"first","17":"instock","18":"shipping-taxable","19":"product-type-simple"},"aioseo_notices":[],"uagb_featured_image_src":{"full":["https:\/\/babypillowwholesale.com\/wp-content\/uploads\/2025\/04\/1002.jpg",1000,1000,false],"thumbnail":["https:\/\/babypillowwholesale.com\/wp-content\/uploads\/2025\/04\/1002-150x150.jpg",150,150,true],"medium":["https:\/\/babypillowwholesale.com\/wp-content\/uploads\/2025\/04\/1002-300x300.jpg",300,300,true],"medium_large":["https:\/\/babypillowwholesale.com\/wp-content\/uploads\/2025\/04\/1002-768x768.jpg",768,768,true],"large":["https:\/\/babypillowwholesale.com\/wp-content\/uploads\/2025\/04\/1002.jpg",1000,1000,false],"1536x1536":["https:\/\/babypillowwholesale.com\/wp-content\/uploads\/2025\/04\/1002.jpg",1000,1000,false],"2048x2048":["https:\/\/babypillowwholesale.com\/wp-content\/uploads\/2025\/04\/1002.jpg",1000,1000,false],"trp-custom-language-flag":["https:\/\/babypillowwholesale.com\/wp-content\/uploads\/2025\/04\/1002.jpg",12,12,false],"woocommerce_thumbnail":["https:\/\/babypillowwholesale.com\/wp-content\/uploads\/2025\/04\/1002-300x300.jpg",300,300,true],"woocommerce_single":["https:\/\/babypillowwholesale.com\/wp-content\/uploads\/2025\/04\/1002-600x600.jpg",600,600,true],"woocommerce_gallery_thumbnail":["https:\/\/babypillowwholesale.com\/wp-content\/uploads\/2025\/04\/1002-100x100.jpg",100,100,true]},"uagb_author_info":{"display_name":"Etnen zhong","author_link":"https:\/\/babypillowwholesale.com\/ro\/author\/"},"uagb_comment_info":0,"uagb_excerpt":"The Little Bear Memory Pillow is a delicate and functional sleep accessory designed for infants aged 0 - 6 months. Made with memory foam, it gently conforms to the shape of the baby's head, providing customized support. Its surface is adorned with cute random prints of little bear motifs, adding an element of charm. With&hellip;","jetpack_sharing_enabled":true,"_links":{"self":[{"href":"https:\/\/babypillowwholesale.com\/ro\/wp-json\/wp\/v2\/product\/3380","targetHints":{"allow":["GET"]}}],"collection":[{"href":"https:\/\/babypillowwholesale.com\/ro\/wp-json\/wp\/v2\/product"}],"about":[{"href":"https:\/\/babypillowwholesale.com\/ro\/wp-json\/wp\/v2\/types\/product"}],"replies":[{"embeddable":true,"href":"https:\/\/babypillowwholesale.com\/ro\/wp-json\/wp\/v2\/comments?post=3380"}],"wp:featuredmedia":[{"embeddable":true,"href":"https:\/\/babypillowwholesale.com\/ro\/wp-json\/wp\/v2\/media\/3381"}],"wp:attachment":[{"href":"https:\/\/babypillowwholesale.com\/ro\/wp-json\/wp\/v2\/media?parent=3380"}],"wp:term":[{"taxonomy":"product_brand","embeddable":true,"href":"https:\/\/babypillowwholesale.com\/ro\/wp-json\/wp\/v2\/product_brand?post=3380"},{"taxonomy":"product_cat","embeddable":true,"href":"https:\/\/babypillowwholesale.com\/ro\/wp-json\/wp\/v2\/product_cat?post=3380"},{"taxonomy":"product_tag","embeddable":true,"href":"https:\/\/babypillowwholesale.com\/ro\/wp-json\/wp\/v2\/product_tag?post=3380"}],"curies":[{"name":"wp","href":"https:\/\/api.w.org\/{rel}","templated":true}]}}