{"id":3357,"date":"2025-04-05T16:41:52","date_gmt":"2025-04-05T16:41:52","guid":{"rendered":"https:\/\/babypillowwholesale.com\/?post_type=product&#038;p=3357"},"modified":"2025-06-08T11:33:56","modified_gmt":"2025-06-08T11:33:56","slug":"cartoon-infant-pillow","status":"publish","type":"product","link":"https:\/\/babypillowwholesale.com\/ro\/product\/cartoon-infant-pillow\/","title":{"rendered":"Pern\u0103 de desene animate pentru sugari"},"content":{"rendered":"<div class=\"auto-hide-last-sibling-br paragraph-qzbcQC paragraph-element br-paragraph-space\" data-immersive-translate-walked=\"8e61f2e7-6af2-46e5-9672-3b9e4f4033d9\" data-immersive-translate-paragraph=\"1\">\n<div class=\"auto-hide-last-sibling-br paragraph-qzbcQC paragraph-element br-paragraph-space\">\n<div class=\"auto-hide-last-sibling-br paragraph-qzbcQC paragraph-element br-paragraph-space\">\n<div class=\"auto-hide-last-sibling-br paragraph-qzbcQC paragraph-element br-paragraph-space\">\n<div class=\"auto-hide-last-sibling-br paragraph-qzbcQC paragraph-element br-paragraph-space\">\n<div class=\"auto-hide-last-sibling-br paragraph-qzbcQC paragraph-element br-paragraph-space\">\n<div class=\"auto-hide-last-sibling-br paragraph-qzbcQC paragraph-element br-paragraph-space\">\n<div class=\"auto-hide-last-sibling-br paragraph-qzbcQC paragraph-element br-paragraph-space\">\n<div class=\"auto-hide-last-sibling-br paragraph-qzbcQC paragraph-element br-paragraph-space\">\n<div class=\"auto-hide-last-sibling-br paragraph-qzbcQC paragraph-element br-paragraph-space\">\n<div class=\"auto-hide-last-sibling-br paragraph-qzbcQC paragraph-element br-paragraph-space\">\n<div class=\"auto-hide-last-sibling-br paragraph-qzbcQC paragraph-element br-paragraph-space\">\n<div class=\"auto-hide-last-sibling-br paragraph-qzbcQC paragraph-element br-paragraph-space\">\n<div class=\"auto-hide-last-sibling-br paragraph-qzbcQC paragraph-element br-paragraph-space\">\n<div class=\"auto-hide-last-sibling-br paragraph-qzbcQC paragraph-element br-paragraph-space\">\n<div class=\"auto-hide-last-sibling-br paragraph-qzbcQC paragraph-element br-paragraph-space\">\n<div class=\"auto-hide-last-sibling-br paragraph-qzbcQC paragraph-element br-paragraph-space\">\n<div class=\"auto-hide-last-sibling-br paragraph-qzbcQC paragraph-element br-paragraph-space\">V\u0103 prezent\u0103m perna Cartoon Infant, un companion de somn \u00eenc\u00e2nt\u0103tor creat special pentru copiii cu v\u00e2rsta cuprins\u0103 \u00eentre 1 \u0219i 3 ani. Aceast\u0103 pern\u0103 este un portal c\u0103tre o lume a capriciilor, prezent\u00e2nd dou\u0103 personaje de desene animate irezistibil de dr\u0103gu\u021be. Perna roz prezint\u0103 un iepura\u0219 Love Bunny, cu ochii s\u0103i mari \u0219i expresivi \u0219i un z\u00e2mbet dulce \u0219i prietenos, \u00een timp ce perna albastr\u0103 prezint\u0103 un tigru, care eman\u0103 un sentiment de farmec juc\u0103u\u0219.<\/div>\n<p>&nbsp;<\/p>\n<div class=\"auto-hide-last-sibling-br paragraph-qzbcQC paragraph-element br-paragraph-space\">M\u0103surare 40*<em>24*<\/em>3CM, este proiectat\u0103 de exper\u021bi pentru a oferi suport optim pentru capul \u0219i g\u00e2tul copilului dumneavoastr\u0103. \u00cen timp ce se cuib\u0103resc pentru noapte, perna \u00eei leag\u0103n\u0103 u\u0219or, promov\u00e2nd o pozi\u021bie de somn confortabil\u0103 \u0219i s\u0103n\u0103toas\u0103. Construit\u0103 din materiale somptuos de moi, ofer\u0103 o atingere catifelat\u0103 - neted\u0103 care \u00eel lini\u0219te\u0219te pe cel mic, cre\u00e2nd un paradis de lini\u0219te pentru somnul odihnitor.<\/div>\n<p>&nbsp;<\/p>\n<div class=\"auto-hide-last-sibling-br paragraph-qzbcQC paragraph-element br-paragraph-space\">Aceste perne nu sunt doar func\u021bionale; ele sunt un plus vibrant pentru dormitorul oric\u0103rui copil. Culorile contrastante de roz \u0219i albastru, combinate cu personajele fermec\u0103toare, adaug\u0103 un strop de bucurie \u0219i personalitate. Imagina\u021bi-v\u0103 copilul la culcare, cu ochii lumina\u021bi \u00een timp ce alege \u00eentre iubitul s\u0103u iepura\u0219 Love Bunny sau curajosul Tiger. Aceasta devine mai mult dec\u00e2t o simpl\u0103 pern\u0103; este o surs\u0103 de confort, siguran\u021b\u0103 \u0219i imagina\u021bie. \u00cen timpul zilei, aceste perne se pot transforma \u00een recuzit\u0103 pentru joac\u0103, particip\u00e2nd la aventuri imaginare sau oferind un loc moale pentru sieste improvizate pe podeaua sufrageriei.<\/div>\n<p>&nbsp;<\/p>\n<div class=\"auto-hide-last-sibling-br paragraph-qzbcQC paragraph-element br-paragraph-space\">P\u0103rin\u021bii sunt plini de laude pentru aceste perne \u00eenc\u00e2nt\u0103toare. \"Copilul meu de 2 - ani este obsedat de aceste perne Cartoon Infant! Le place s\u0103 aleag\u0103 cu care s\u0103 doarm\u0103 \u00een fiecare sear\u0103. Moliciunea este uimitoare, iar desenele dr\u0103gu\u021be au f\u0103cut ca ora de culcare s\u0103 fie mult mai distractiv\u0103\", a \u00eemp\u0103rt\u0103\u0219it o mam\u0103 fericit\u0103. Un tat\u0103 a ad\u0103ugat: \"Ne place cum aceste perne adaug\u0103 o not\u0103 de caracter camerei copilului nostru. De asemenea, sunt durabile, rezist\u0103 la toate \u00eembr\u0103\u021bi\u0219\u0103rile \u0219i \u00eenc\u0103ier\u0103rile. O descoperire grozav\u0103!\"<\/div>\n<p>&nbsp;<\/p>\n<div class=\"auto-hide-last-sibling-br paragraph-qzbcQC paragraph-element br-paragraph-space\">\u00cen esen\u021b\u0103, perna pentru sugari Cartoon este un amestec armonios de confort, dr\u0103g\u0103l\u0103\u0219enie \u0219i func\u021bionalitate. Nu este doar un element de lenjerie de pat; este o parte pre\u021bioas\u0103 din via\u021ba de zi cu zi a copilului dumneavoastr\u0103, infuz\u00e2nd fiecare moment cu un strop de magie inspirat\u0103 de desene animate.<\/div>\n<\/div>\n<\/div>\n<\/div>\n<\/div>\n<\/div>\n<\/div>\n<\/div>\n<\/div>\n<\/div>\n<\/div>\n<\/div>\n<\/div>\n<\/div>\n<\/div>\n<\/div>\n<\/div>\n<\/div>","protected":false},"excerpt":{"rendered":"<div class=\"container-QE4ayg\">\n<div class=\"item-jU10IN\">\n<div class=\"container-jODEnh chrome70-container\">\n<div class=\"inner-eE95c9 inner-item-aL3Ui_\" data-target-id=\"message-box-target-id\" data-testid=\"union_message\">\n<div class=\"message-block-container-liuetz\" data-testid=\"message-block-container\">\n<div class=\"message-box-ZWbBdF\" data-testid=\"receive_message\">\n<div class=\"message-box-content-wrapper-srHdUj\">\n<div class=\"message-content message-box-content-otxGGw receive-message-box-content-_lREFj samantha-message-box-content-Qjmpja\" data-testid=\"message_content\">\n<div class=\"container-hfX5E8 flow-markdown-body theme-samantha-yJEgBp\" dir=\"ltr\" data-testid=\"message_text_content\" data-show-indicator=\"false\">\n<div class=\"auto-hide-last-sibling-br paragraph-qzbcQC paragraph-element br-paragraph-space\">\n<div class=\"container-QE4ayg\">\n<div class=\"item-jU10IN\">\n<div class=\"container-jODEnh chrome70-container\">\n<div class=\"inner-eE95c9 inner-item-aL3Ui_\" data-target-id=\"message-box-target-id\" data-testid=\"union_message\">\n<div class=\"message-block-container-liuetz\" data-testid=\"message-block-container\">\n<div class=\"message-box-ZWbBdF\" data-testid=\"receive_message\">\n<div class=\"message-box-content-wrapper-srHdUj\">\n<div class=\"message-content message-box-content-otxGGw receive-message-box-content-_lREFj samantha-message-box-content-Qjmpja\" data-testid=\"message_content\">\n<div class=\"container-hfX5E8 flow-markdown-body theme-samantha-yJEgBp\" dir=\"ltr\" data-testid=\"message_text_content\" data-show-indicator=\"false\">\n<div class=\"auto-hide-last-sibling-br paragraph-qzbcQC paragraph-element br-paragraph-space\">Perna Cartoon Infant este un accesoriu de somn fermec\u0103tor conceput pentru copiii cu v\u00e2rsta cuprins\u0103 \u00eentre 1 \u0219i 3 ani. Designul s\u0103u prezint\u0103 dou\u0103 personaje adorabile de desene animate - un iepura\u0219 Love Bunny pe perna roz \u0219i un tigru pe cea albastr\u0103, fiecare cu o expresie distinct\u0103 \u0219i ata\u0219ant\u0103. M\u0103sur\u00e2nd 40*<em>24*<\/em>3CM, ofer\u0103 suport adecvat pentru capul \u0219i g\u00e2tul unui copil \u00een timpul somnului. Fabricat\u0103 din materiale moi, ofer\u0103 o atingere bl\u00e2nd\u0103 \u0219i confortabil\u0103. Aceste perne nu numai c\u0103 ajut\u0103 la asigurarea unui somn confortabil pentru micu\u021bul dvs. dar adaug\u0103 \u0219i o not\u0103 de distrac\u021bie \u0219i culoare dormitorului lor, f\u0103c\u00e2nd ora de culcare mai pl\u0103cut\u0103. Op\u021biunile de culori \u0219i caractere diferite permit personalizarea, r\u0103spunz\u00e2nd preferin\u021belor copilului dumneavoastr\u0103.<\/div>\n<\/div>\n<\/div>\n<\/div>\n<\/div>\n<\/div>\n<\/div>\n<\/div>\n<\/div>\n<\/div>\n<\/div>\n<\/div>\n<\/div>\n<\/div>\n<\/div>\n<\/div>\n<\/div>\n<\/div>\n<\/div>\n<\/div>","protected":false},"featured_media":3358,"comment_status":"open","ping_status":"closed","template":"","meta":{"_uag_custom_page_level_css":"","site-sidebar-layout":"default","site-content-layout":"","ast-site-content-layout":"default","site-content-style":"default","site-sidebar-style":"default","ast-global-header-display":"","ast-banner-title-visibility":"","ast-main-header-display":"","ast-hfb-above-header-display":"","ast-hfb-below-header-display":"","ast-hfb-mobile-header-display":"","site-post-title":"","ast-breadcrumbs-content":"","ast-featured-img":"","footer-sml-layout":"","ast-disable-related-posts":"","theme-transparent-header-meta":"default","adv-header-id-meta":"","stick-header-meta":"","header-above-stick-meta":"","header-main-stick-meta":"","header-below-stick-meta":"","astra-migrate-meta-layouts":"set","ast-page-background-enabled":"default","ast-page-background-meta":{"desktop":{"background-color":"","background-image":"","background-repeat":"repeat","background-position":"center center","background-size":"auto","background-attachment":"scroll","background-type":"","background-media":"","overlay-type":"","overlay-color":"","overlay-opacity":"","overlay-gradient":""},"tablet":{"background-color":"","background-image":"","background-repeat":"repeat","background-position":"center center","background-size":"auto","background-attachment":"scroll","background-type":"","background-media":"","overlay-type":"","overlay-color":"","overlay-opacity":"","overlay-gradient":""},"mobile":{"background-color":"","background-image":"","background-repeat":"repeat","background-position":"center center","background-size":"auto","background-attachment":"scroll","background-type":"","background-media":"","overlay-type":"","overlay-color":"","overlay-opacity":"","overlay-gradient":""}},"ast-content-background-meta":{"desktop":{"background-color":"var(--ast-global-color-5)","background-image":"","background-repeat":"repeat","background-position":"center center","background-size":"auto","background-attachment":"scroll","background-type":"","background-media":"","overlay-type":"","overlay-color":"","overlay-opacity":"","overlay-gradient":""},"tablet":{"background-color":"var(--ast-global-color-5)","background-image":"","background-repeat":"repeat","background-position":"center center","background-size":"auto","background-attachment":"scroll","background-type":"","background-media":"","overlay-type":"","overlay-color":"","overlay-opacity":"","overlay-gradient":""},"mobile":{"background-color":"var(--ast-global-color-5)","background-image":"","background-repeat":"repeat","background-position":"center center","background-size":"auto","background-attachment":"scroll","background-type":"","background-media":"","overlay-type":"","overlay-color":"","overlay-opacity":"","overlay-gradient":""}}},"product_brand":[],"product_cat":[56,42],"product_tag":[70,68,71,69],"class_list":{"0":"post-3357","1":"product","2":"type-product","3":"status-publish","4":"has-post-thumbnail","6":"product_cat-1-to-3-years","7":"product_cat-merchandise","8":"product_tag-babypillow","9":"product_tag-cuteanimalpillow","10":"product_tag-headshapesupport","11":"product_tag-kouniushapingpillow","12":"desktop-align-left","13":"tablet-align-left","14":"mobile-align-left","16":"first","17":"instock","18":"shipping-taxable","19":"product-type-simple"},"aioseo_notices":[],"uagb_featured_image_src":{"full":["https:\/\/babypillowwholesale.com\/wp-content\/uploads\/2025\/04\/\u4ea7\u54c1\u4e3b\u56fe-10.jpg",1000,1000,false],"thumbnail":["https:\/\/babypillowwholesale.com\/wp-content\/uploads\/2025\/04\/\u4ea7\u54c1\u4e3b\u56fe-10-150x150.jpg",150,150,true],"medium":["https:\/\/babypillowwholesale.com\/wp-content\/uploads\/2025\/04\/\u4ea7\u54c1\u4e3b\u56fe-10-300x300.jpg",300,300,true],"medium_large":["https:\/\/babypillowwholesale.com\/wp-content\/uploads\/2025\/04\/\u4ea7\u54c1\u4e3b\u56fe-10-768x768.jpg",768,768,true],"large":["https:\/\/babypillowwholesale.com\/wp-content\/uploads\/2025\/04\/\u4ea7\u54c1\u4e3b\u56fe-10.jpg",1000,1000,false],"1536x1536":["https:\/\/babypillowwholesale.com\/wp-content\/uploads\/2025\/04\/\u4ea7\u54c1\u4e3b\u56fe-10.jpg",1000,1000,false],"2048x2048":["https:\/\/babypillowwholesale.com\/wp-content\/uploads\/2025\/04\/\u4ea7\u54c1\u4e3b\u56fe-10.jpg",1000,1000,false],"trp-custom-language-flag":["https:\/\/babypillowwholesale.com\/wp-content\/uploads\/2025\/04\/\u4ea7\u54c1\u4e3b\u56fe-10.jpg",12,12,false],"woocommerce_thumbnail":["https:\/\/babypillowwholesale.com\/wp-content\/uploads\/2025\/04\/\u4ea7\u54c1\u4e3b\u56fe-10-300x300.jpg",300,300,true],"woocommerce_single":["https:\/\/babypillowwholesale.com\/wp-content\/uploads\/2025\/04\/\u4ea7\u54c1\u4e3b\u56fe-10-600x600.jpg",600,600,true],"woocommerce_gallery_thumbnail":["https:\/\/babypillowwholesale.com\/wp-content\/uploads\/2025\/04\/\u4ea7\u54c1\u4e3b\u56fe-10-100x100.jpg",100,100,true]},"uagb_author_info":{"display_name":"Etnen zhong","author_link":"https:\/\/babypillowwholesale.com\/ro\/author\/"},"uagb_comment_info":0,"uagb_excerpt":"The Cartoon Infant Pillow is a charming sleep accessory designed for children aged 1 - 3 years. Its design features two adorable cartoon characters - a Love Bunny on the pink pillow and a Tiger on the blue one, each with a distinct and endearing expression. Measuring 40*24*3CM, it provides suitable support for a child's&hellip;","jetpack_sharing_enabled":true,"_links":{"self":[{"href":"https:\/\/babypillowwholesale.com\/ro\/wp-json\/wp\/v2\/product\/3357","targetHints":{"allow":["GET"]}}],"collection":[{"href":"https:\/\/babypillowwholesale.com\/ro\/wp-json\/wp\/v2\/product"}],"about":[{"href":"https:\/\/babypillowwholesale.com\/ro\/wp-json\/wp\/v2\/types\/product"}],"replies":[{"embeddable":true,"href":"https:\/\/babypillowwholesale.com\/ro\/wp-json\/wp\/v2\/comments?post=3357"}],"wp:featuredmedia":[{"embeddable":true,"href":"https:\/\/babypillowwholesale.com\/ro\/wp-json\/wp\/v2\/media\/3358"}],"wp:attachment":[{"href":"https:\/\/babypillowwholesale.com\/ro\/wp-json\/wp\/v2\/media?parent=3357"}],"wp:term":[{"taxonomy":"product_brand","embeddable":true,"href":"https:\/\/babypillowwholesale.com\/ro\/wp-json\/wp\/v2\/product_brand?post=3357"},{"taxonomy":"product_cat","embeddable":true,"href":"https:\/\/babypillowwholesale.com\/ro\/wp-json\/wp\/v2\/product_cat?post=3357"},{"taxonomy":"product_tag","embeddable":true,"href":"https:\/\/babypillowwholesale.com\/ro\/wp-json\/wp\/v2\/product_tag?post=3357"}],"curies":[{"name":"wp","href":"https:\/\/api.w.org\/{rel}","templated":true}]}}