{"id":3336,"date":"2025-04-04T08:45:12","date_gmt":"2025-04-04T08:45:12","guid":{"rendered":"https:\/\/babypillowwholesale.com\/?post_type=product&#038;p=3336"},"modified":"2025-06-08T14:07:34","modified_gmt":"2025-06-08T14:07:34","slug":"big-faced-cat-infant-pillow","status":"publish","type":"product","link":"https:\/\/babypillowwholesale.com\/ro\/product\/big-faced-cat-infant-pillow\/","title":{"rendered":"Pern\u0103 pentru sugari Big - Faced Cat"},"content":{"rendered":"<div class=\"auto-hide-last-sibling-br paragraph-qzbcQC paragraph-element br-paragraph-space\" data-immersive-translate-walked=\"8e61f2e7-6af2-46e5-9672-3b9e4f4033d9\" data-immersive-translate-paragraph=\"1\">\n<div class=\"auto-hide-last-sibling-br paragraph-qzbcQC paragraph-element br-paragraph-space\">\n<div class=\"auto-hide-last-sibling-br paragraph-qzbcQC paragraph-element br-paragraph-space\">\n<div class=\"auto-hide-last-sibling-br paragraph-qzbcQC paragraph-element br-paragraph-space\">\n<div class=\"auto-hide-last-sibling-br paragraph-qzbcQC paragraph-element br-paragraph-space\">\n<div class=\"auto-hide-last-sibling-br paragraph-qzbcQC paragraph-element br-paragraph-space\">\n<div class=\"auto-hide-last-sibling-br paragraph-qzbcQC paragraph-element br-paragraph-space\">\n<div class=\"auto-hide-last-sibling-br paragraph-qzbcQC paragraph-element br-paragraph-space\">\n<div class=\"auto-hide-last-sibling-br paragraph-qzbcQC paragraph-element br-paragraph-space\">\n<div class=\"auto-hide-last-sibling-br paragraph-qzbcQC paragraph-element br-paragraph-space\">\n<div class=\"auto-hide-last-sibling-br paragraph-qzbcQC paragraph-element br-paragraph-space\">\n<div class=\"auto-hide-last-sibling-br paragraph-qzbcQC paragraph-element br-paragraph-space\">V\u0103 prezent\u0103m perna pentru bebelu\u0219i Big - Faced Cat, un companion de somn \u00eenc\u00e2nt\u0103tor creat special pentru copiii cu v\u00e2rste cuprinse \u00eentre 1 \u0219i 3 ani. Designul s\u0103u este un omagiu fermec\u0103tor adus adorabilei pisici cu fa\u021b\u0103 mare, cu ochi mari, plini de suflet, care par s\u0103 cuprind\u0103 o lume a inocen\u021bei, urechi delicate care adaug\u0103 o not\u0103 de juc\u0103u\u0219ie \u0219i o expresie dulce pe care este imposibil s\u0103 nu o adori.<\/div>\n<p>&nbsp;<\/p>\n<div class=\"auto-hide-last-sibling-br paragraph-qzbcQC paragraph-element br-paragraph-space\">Cu dimensiuni de 40*<em>24*<\/em>3CM, aceast\u0103 pern\u0103 este perfect propor\u021bionat\u0103 pentru a oferi suport optim pentru capul \u0219i g\u00e2tul copilului dumneavoastr\u0103. Pe m\u0103sur\u0103 ce se a\u0219eaz\u0103 pentru noapte, aceasta \u00eei leag\u0103n\u0103 u\u0219or, promov\u00e2nd o pozi\u021bie de somn confortabil\u0103 \u0219i s\u0103n\u0103toas\u0103. Fabricat\u0103 din materiale somptuos de moi, se simte ca o m\u00e2ng\u00e2iere bl\u00e2nd\u0103 pe piele, cre\u00e2nd un paradis de confort care \u00eel culc\u0103 pe micu\u021bul dvs. \u00eentr-un somn lini\u0219tit.<\/div>\n<p>&nbsp;<\/p>\n<div class=\"auto-hide-last-sibling-br paragraph-qzbcQC paragraph-element br-paragraph-space\">Disponibil \u00een nuan\u021bele moi de roz \u0219i albastru, completeaz\u0103 f\u0103r\u0103 efort orice decor de camer\u0103 de copil, ad\u0103ug\u00e2nd un strop de culoare \u0219i farmec. Imagina\u021bi-v\u0103 magia orei de culcare atunci c\u00e2nd copilul dvs. se cuib\u0103re\u0219te \u00een perna pentru bebelu\u0219i Big - Faced Cat. Aceasta devine mai mult dec\u00e2t o simpl\u0103 pern\u0103; este un prieten care \u00eei \u021bine companie toat\u0103 noaptea. \u00cen timpul zilei, se poate transforma \u00eentr-un suport pentru jocuri imaginative, un loc moale pentru sieste improvizate pe podeaua sufrageriei sau o prezen\u021b\u0103 reconfortant\u0103 \u00een momentele de nelini\u0219te.<\/div>\n<p>&nbsp;<\/p>\n<div class=\"auto-hide-last-sibling-br paragraph-qzbcQC paragraph-element br-paragraph-space\">P\u0103rin\u021bii au elogiat aceast\u0103 pern\u0103 \u00eenc\u00e2nt\u0103toare. \"Copilul meu de 2 ani nu poate dormi f\u0103r\u0103 perna Big - Faced Cat! Este at\u00e2t de moale, iar designul dr\u0103gu\u021b face ca ora de culcare s\u0103 fie a\u0219teptat\u0103 cu ner\u0103bdare\", a povestit o mam\u0103 fericit\u0103. Un tat\u0103 a ad\u0103ugat: \"Ne place cum adaug\u0103 un pic de distrac\u021bie \u00een camera copilului nostru. A rezistat bine, chiar \u0219i cu toate zg\u00e2l\u021b\u00e2ielile. Cu siguran\u021b\u0103, o achizi\u021bie grozav\u0103\".<\/div>\n<p>&nbsp;<\/p>\n<div class=\"auto-hide-last-sibling-br paragraph-qzbcQC paragraph-element br-paragraph-space\">\u00cen esen\u021b\u0103, perna pentru bebelu\u0219i Big - Faced Cat este un amestec armonios de confort, dr\u0103g\u0103l\u0103\u0219enie \u0219i func\u021bionalitate. Nu este doar un element de lenjerie de pat; este o parte pre\u021bioas\u0103 din via\u021ba de zi cu zi a copilului dumneavoastr\u0103, infuz\u00e2nd fiecare moment cu un strop de farmec inspirat de feline.<\/div>\n<\/div>\n<\/div>\n<\/div>\n<\/div>\n<\/div>\n<\/div>\n<\/div>\n<\/div>\n<\/div>\n<\/div>\n<\/div>","protected":false},"excerpt":{"rendered":"<div class=\"container-QE4ayg\">\n<div class=\"item-jU10IN\">\n<div class=\"container-jODEnh chrome70-container\">\n<div class=\"inner-eE95c9 inner-item-aL3Ui_\" data-target-id=\"message-box-target-id\" data-testid=\"union_message\">\n<div class=\"message-block-container-liuetz\" data-testid=\"message-block-container\">\n<div class=\"message-box-ZWbBdF\" data-testid=\"receive_message\">\n<div class=\"message-box-content-wrapper-srHdUj\">\n<div class=\"message-content message-box-content-otxGGw receive-message-box-content-_lREFj samantha-message-box-content-Qjmpja\" data-testid=\"message_content\">\n<div class=\"container-hfX5E8 flow-markdown-body theme-samantha-yJEgBp\" dir=\"ltr\" data-testid=\"message_text_content\" data-show-indicator=\"false\">\n<div class=\"auto-hide-last-sibling-br paragraph-qzbcQC paragraph-element br-paragraph-space\">Perna pentru bebelu\u0219i Big - Faced Cat este o pern\u0103 de somn \u00eenc\u00e2nt\u0103toare, conceput\u0103 pentru copiii cu v\u00e2rsta cuprins\u0103 \u00eentre 1 \u0219i 3 ani. Designul s\u0103u este inspirat de o pisic\u0103 dr\u0103gu\u021b\u0103 cu fa\u021b\u0103 mare, cu ochi mari \u0219i rotunzi, urechi adorabile \u0219i o expresie fermec\u0103toare care eman\u0103 dr\u0103g\u0103l\u0103\u0219enie. M\u0103sur\u00e2nd 40*<em>24*<\/em>3CM, ofer\u0103 suport adecvat pentru capul \u0219i g\u00e2tul unui copil, asigur\u00e2nd o postur\u0103 confortabil\u0103 de somn. Fabricat din materiale moi \u0219i confortabile, acesta ofer\u0103 o atingere delicat\u0103 \u0219i pl\u0103cut\u0103 pe piele. Disponibil\u0103 \u00een roz \u0219i albastru, se poate potrivi f\u0103r\u0103 efort cu diferite decoruri pentru camera copilului. Aceast\u0103 pern\u0103 nu numai c\u0103 \u00eel ajut\u0103 pe micu\u021bul dvs. s\u0103 se bucure de un somn odihnitor, dar adaug\u0103, de asemenea, o not\u0103 de capriciu \u0219i c\u0103ldur\u0103 la rutina lor \u00eenainte de culcare, f\u0103c\u00e2ndu-l un plus minunat pentru somnul lor - esen\u021biale timp.<\/div>\n<\/div>\n<\/div>\n<\/div>\n<\/div>\n<\/div>\n<\/div>\n<\/div>\n<\/div>\n<\/div>","protected":false},"featured_media":3337,"comment_status":"open","ping_status":"closed","template":"","meta":{"_uag_custom_page_level_css":"","site-sidebar-layout":"default","site-content-layout":"","ast-site-content-layout":"default","site-content-style":"default","site-sidebar-style":"default","ast-global-header-display":"","ast-banner-title-visibility":"","ast-main-header-display":"","ast-hfb-above-header-display":"","ast-hfb-below-header-display":"","ast-hfb-mobile-header-display":"","site-post-title":"","ast-breadcrumbs-content":"","ast-featured-img":"","footer-sml-layout":"","ast-disable-related-posts":"","theme-transparent-header-meta":"default","adv-header-id-meta":"","stick-header-meta":"","header-above-stick-meta":"","header-main-stick-meta":"","header-below-stick-meta":"","astra-migrate-meta-layouts":"set","ast-page-background-enabled":"default","ast-page-background-meta":{"desktop":{"background-color":"","background-image":"","background-repeat":"repeat","background-position":"center center","background-size":"auto","background-attachment":"scroll","background-type":"","background-media":"","overlay-type":"","overlay-color":"","overlay-opacity":"","overlay-gradient":""},"tablet":{"background-color":"","background-image":"","background-repeat":"repeat","background-position":"center center","background-size":"auto","background-attachment":"scroll","background-type":"","background-media":"","overlay-type":"","overlay-color":"","overlay-opacity":"","overlay-gradient":""},"mobile":{"background-color":"","background-image":"","background-repeat":"repeat","background-position":"center center","background-size":"auto","background-attachment":"scroll","background-type":"","background-media":"","overlay-type":"","overlay-color":"","overlay-opacity":"","overlay-gradient":""}},"ast-content-background-meta":{"desktop":{"background-color":"var(--ast-global-color-5)","background-image":"","background-repeat":"repeat","background-position":"center center","background-size":"auto","background-attachment":"scroll","background-type":"","background-media":"","overlay-type":"","overlay-color":"","overlay-opacity":"","overlay-gradient":""},"tablet":{"background-color":"var(--ast-global-color-5)","background-image":"","background-repeat":"repeat","background-position":"center center","background-size":"auto","background-attachment":"scroll","background-type":"","background-media":"","overlay-type":"","overlay-color":"","overlay-opacity":"","overlay-gradient":""},"mobile":{"background-color":"var(--ast-global-color-5)","background-image":"","background-repeat":"repeat","background-position":"center center","background-size":"auto","background-attachment":"scroll","background-type":"","background-media":"","overlay-type":"","overlay-color":"","overlay-opacity":"","overlay-gradient":""}}},"product_brand":[],"product_cat":[56,42],"product_tag":[70,68,71,69],"class_list":{"0":"post-3336","1":"product","2":"type-product","3":"status-publish","4":"has-post-thumbnail","6":"product_cat-1-to-3-years","7":"product_cat-merchandise","8":"product_tag-babypillow","9":"product_tag-cuteanimalpillow","10":"product_tag-headshapesupport","11":"product_tag-kouniushapingpillow","12":"desktop-align-left","13":"tablet-align-left","14":"mobile-align-left","16":"first","17":"instock","18":"featured","19":"shipping-taxable","20":"product-type-simple"},"aioseo_notices":[],"uagb_featured_image_src":{"full":["https:\/\/babypillowwholesale.com\/wp-content\/uploads\/2025\/04\/1528.jpg",1000,1000,false],"thumbnail":["https:\/\/babypillowwholesale.com\/wp-content\/uploads\/2025\/04\/1528-150x150.jpg",150,150,true],"medium":["https:\/\/babypillowwholesale.com\/wp-content\/uploads\/2025\/04\/1528-300x300.jpg",300,300,true],"medium_large":["https:\/\/babypillowwholesale.com\/wp-content\/uploads\/2025\/04\/1528-768x768.jpg",768,768,true],"large":["https:\/\/babypillowwholesale.com\/wp-content\/uploads\/2025\/04\/1528.jpg",1000,1000,false],"1536x1536":["https:\/\/babypillowwholesale.com\/wp-content\/uploads\/2025\/04\/1528.jpg",1000,1000,false],"2048x2048":["https:\/\/babypillowwholesale.com\/wp-content\/uploads\/2025\/04\/1528.jpg",1000,1000,false],"trp-custom-language-flag":["https:\/\/babypillowwholesale.com\/wp-content\/uploads\/2025\/04\/1528.jpg",12,12,false],"woocommerce_thumbnail":["https:\/\/babypillowwholesale.com\/wp-content\/uploads\/2025\/04\/1528-300x300.jpg",300,300,true],"woocommerce_single":["https:\/\/babypillowwholesale.com\/wp-content\/uploads\/2025\/04\/1528-600x600.jpg",600,600,true],"woocommerce_gallery_thumbnail":["https:\/\/babypillowwholesale.com\/wp-content\/uploads\/2025\/04\/1528-100x100.jpg",100,100,true]},"uagb_author_info":{"display_name":"Etnen zhong","author_link":"https:\/\/babypillowwholesale.com\/ro\/author\/"},"uagb_comment_info":0,"uagb_excerpt":"The Big - Faced Cat Infant Pillow is a delightful sleep essential designed for children aged 1 - 3 years. Its design is inspired by a cute big - faced cat, featuring large, round eyes, adorable ears, and a charming expression that exudes cuteness. Measuring 40*24*3CM, it offers proper support for a child's head and&hellip;","jetpack_sharing_enabled":true,"_links":{"self":[{"href":"https:\/\/babypillowwholesale.com\/ro\/wp-json\/wp\/v2\/product\/3336","targetHints":{"allow":["GET"]}}],"collection":[{"href":"https:\/\/babypillowwholesale.com\/ro\/wp-json\/wp\/v2\/product"}],"about":[{"href":"https:\/\/babypillowwholesale.com\/ro\/wp-json\/wp\/v2\/types\/product"}],"replies":[{"embeddable":true,"href":"https:\/\/babypillowwholesale.com\/ro\/wp-json\/wp\/v2\/comments?post=3336"}],"wp:featuredmedia":[{"embeddable":true,"href":"https:\/\/babypillowwholesale.com\/ro\/wp-json\/wp\/v2\/media\/3337"}],"wp:attachment":[{"href":"https:\/\/babypillowwholesale.com\/ro\/wp-json\/wp\/v2\/media?parent=3336"}],"wp:term":[{"taxonomy":"product_brand","embeddable":true,"href":"https:\/\/babypillowwholesale.com\/ro\/wp-json\/wp\/v2\/product_brand?post=3336"},{"taxonomy":"product_cat","embeddable":true,"href":"https:\/\/babypillowwholesale.com\/ro\/wp-json\/wp\/v2\/product_cat?post=3336"},{"taxonomy":"product_tag","embeddable":true,"href":"https:\/\/babypillowwholesale.com\/ro\/wp-json\/wp\/v2\/product_tag?post=3336"}],"curies":[{"name":"wp","href":"https:\/\/api.w.org\/{rel}","templated":true}]}}