{"id":3333,"date":"2025-04-04T08:28:31","date_gmt":"2025-04-04T08:28:31","guid":{"rendered":"https:\/\/babypillowwholesale.com\/?post_type=product&#038;p=3333"},"modified":"2025-06-08T14:08:50","modified_gmt":"2025-06-08T14:08:50","slug":"pikachu-infant-pillow","status":"publish","type":"product","link":"https:\/\/babypillowwholesale.com\/ro\/product\/pikachu-infant-pillow\/","title":{"rendered":"Pern\u0103 pentru sugari Pikachu"},"content":{"rendered":"<div class=\"auto-hide-last-sibling-br paragraph-qzbcQC paragraph-element br-paragraph-space\" data-immersive-translate-walked=\"8e61f2e7-6af2-46e5-9672-3b9e4f4033d9\" data-immersive-translate-paragraph=\"1\">\n<div class=\"auto-hide-last-sibling-br paragraph-qzbcQC paragraph-element br-paragraph-space\">\n<div class=\"auto-hide-last-sibling-br paragraph-qzbcQC paragraph-element br-paragraph-space\">\n<div class=\"auto-hide-last-sibling-br paragraph-qzbcQC paragraph-element br-paragraph-space\">\n<div class=\"auto-hide-last-sibling-br paragraph-qzbcQC paragraph-element br-paragraph-space\">\n<div class=\"auto-hide-last-sibling-br paragraph-qzbcQC paragraph-element br-paragraph-space\">\n<div class=\"auto-hide-last-sibling-br paragraph-qzbcQC paragraph-element br-paragraph-space\">\n<div class=\"auto-hide-last-sibling-br paragraph-qzbcQC paragraph-element br-paragraph-space\">\n<div class=\"auto-hide-last-sibling-br paragraph-qzbcQC paragraph-element br-paragraph-space\">\n<div class=\"auto-hide-last-sibling-br paragraph-qzbcQC paragraph-element br-paragraph-space\">\n<div class=\"auto-hide-last-sibling-br paragraph-qzbcQC paragraph-element br-paragraph-space\">Iat\u0103 perna pentru sugari Pikachu, un companion de somn captivant, adaptat pentru copiii \u00een stadiul de 1 - 3 - ani. Inspirat\u0103 de iconicul \u0219i adoratul Pikachu, aceast\u0103 pern\u0103 \u00eei surprinde cu m\u0103iestrie esen\u021ba cu urechi lungi \u0219i ascu\u021bite, ochi mari \u0219i expresivi \u0219i acei obraji \u00eenro\u0219i\u021bi irezistibil de dr\u0103gu\u021bi care sunt instantaneu recunoscu\u021bi.<\/div>\n<p>&nbsp;<\/p>\n<div class=\"auto-hide-last-sibling-br paragraph-qzbcQC paragraph-element br-paragraph-space\">M\u0103surare 40*<em>24*<\/em>3CM, este proiectat\u0103 ergonomic pentru a oferi suport optim pentru capul \u0219i g\u00e2tul celui mic. Pe m\u0103sur\u0103 ce copilul dumneavoastr\u0103 adoarme, perna \u00eel leag\u0103n\u0103 u\u0219or, promov\u00e2nd o pozi\u021bie de somn confortabil\u0103 \u0219i s\u0103n\u0103toas\u0103. Fabricat\u0103 din materiale de plu\u0219, prietenoase cu pielea, ofer\u0103 o atingere catifelat\u0103 \u0219i moale, ca o \u00eembr\u0103\u021bi\u0219are bl\u00e2nd\u0103, asigur\u00e2ndu-se c\u0103 copilul dvs. se simte \u00een siguran\u021b\u0103 \u0219i confortabil pe tot parcursul nop\u021bii.<\/div>\n<p>&nbsp;<\/p>\n<div class=\"auto-hide-last-sibling-br paragraph-qzbcQC paragraph-element br-paragraph-space\">Disponibil\u0103 \u00een nuan\u021bele lini\u0219titoare de roz \u0219i albastru, aceasta completeaz\u0103 f\u0103r\u0103 efort orice decor de camer\u0103 de copil, ad\u0103ug\u00e2nd un strop de culoare \u0219i farmec. Imagina\u021bi-v\u0103 magia orei de culcare \u00een timp ce copilul dvs. se cuib\u0103re\u0219te \u00een perna pentru sugari Pikachu. Aceasta devine mai mult dec\u00e2t o simpl\u0103 pern\u0103; este un portal c\u0103tre o lume a imagina\u021biei, unde visele sunt pline de aventuri electrice. \u00cen timpul zilei, poate fi un tovar\u0103\u0219 de \u00eencredere \u00een escapadele lor de joac\u0103, fie c\u0103 reconstituie luptele palpitante ale lui Pikachu sau pur \u0219i simplu o folosesc ca un loc moale de odihn\u0103 \u00een timpul unei pauze de joac\u0103.<\/div>\n<p>&nbsp;<\/p>\n<div class=\"auto-hide-last-sibling-br paragraph-qzbcQC paragraph-element br-paragraph-space\">P\u0103rin\u021bii sunt \u00eennebuni\u021bi de aceast\u0103 pern\u0103 \u00eenc\u00e2nt\u0103toare. \"Copilul meu de 2 ani este obsedat de perna Pikachu! Este primul lucru pe care \u00eel caut\u0103 la culcare. Moliciunea este uimitoare \u0219i este at\u00e2t de dr\u0103gu\u021b s\u0103 \u00eei vezi cum o \u00eembr\u0103\u021bi\u0219eaz\u0103\", a exclamat o mam\u0103 fericit\u0103. Un tat\u0103 a \u00eemp\u0103rt\u0103\u0219it: \"Ne place cum a f\u0103cut ora de culcare \u0219i mai distractiv\u0103. De asemenea, este durabil\u0103, supravie\u021buind tuturor \u00eembr\u0103\u021bi\u0219\u0103rilor \u0219i zv\u00e2rcolirii. O achizi\u021bie excelent\u0103, cu siguran\u021b\u0103!\"<\/div>\n<p>&nbsp;<\/p>\n<div class=\"auto-hide-last-sibling-br paragraph-qzbcQC paragraph-element br-paragraph-space\">Pe scurt, perna pentru bebelu\u0219i Pikachu este un amestec armonios de confort, dr\u0103g\u0103l\u0103\u0219enie \u0219i func\u021bionalitate. Nu este doar un accesoriu pentru somn; este o parte pre\u021bioas\u0103 din via\u021ba de zi cu zi a copilului t\u0103u, infuz\u00e2nd fiecare moment cu un strop de magie inspirat\u0103 de Pikachu.<\/div>\n<\/div>\n<\/div>\n<\/div>\n<\/div>\n<\/div>\n<\/div>\n<\/div>\n<\/div>\n<\/div>\n<\/div>","protected":false},"excerpt":{"rendered":"<div class=\"container-QE4ayg\">\n<div class=\"item-jU10IN\">\n<div class=\"container-jODEnh chrome70-container\">\n<div class=\"inner-eE95c9 inner-item-aL3Ui_\" data-target-id=\"message-box-target-id\" data-testid=\"union_message\">\n<div class=\"message-block-container-liuetz\" data-testid=\"message-block-container\">\n<div class=\"message-box-ZWbBdF\" data-testid=\"receive_message\">\n<div class=\"message-box-content-wrapper-srHdUj\">\n<div class=\"message-content message-box-content-otxGGw receive-message-box-content-_lREFj samantha-message-box-content-Qjmpja\" data-testid=\"message_content\">\n<div class=\"container-hfX5E8 flow-markdown-body theme-samantha-yJEgBp\" dir=\"ltr\" data-testid=\"message_text_content\" data-show-indicator=\"false\">\n<div class=\"auto-hide-last-sibling-br paragraph-qzbcQC paragraph-element br-paragraph-space\">Perna pentru sugari Pikachu este o pern\u0103 de somn fermec\u0103toare esen\u021bial\u0103 pentru copiii cu v\u00e2rste cuprinse \u00eentre 1 \u0219i 3 ani. Inspirat\u0103 de \u00eendr\u0103gitul Pikachu, aceasta prezint\u0103 caracteristici iconice precum urechi lungi, ochi str\u0103lucitori \u0219i obraji dr\u0103gu\u021bi \u00eenro\u0219i\u021bi. M\u0103sur\u00e2nd 40*<em>24*<\/em>3CM, ofer\u0103 suportul potrivit pentru capul \u0219i g\u00e2tul unui copil, asigur\u00e2nd un somn confortabil. Fabricat din materiale moi \u0219i confortabile, acesta ofer\u0103 o atingere delicat\u0103 pe piele. Disponibil\u0103 \u00een roz \u0219i albastru, se poate potrivi cu u\u0219urin\u021b\u0103 \u00een orice decor pentru camera copilului. Aceast\u0103 pern\u0103 nu numai c\u0103 promoveaz\u0103 o odihn\u0103 de noapte bun\u0103, dar adaug\u0103, de asemenea, o not\u0103 de distrac\u021bie \u0219i fantezie la ora de culcare a unui copil, f\u0103c\u00e2ndu-l un plus \u00eenc\u00e2nt\u0103tor la rutina lor de somn.<\/div>\n<\/div>\n<\/div>\n<\/div>\n<\/div>\n<\/div>\n<\/div>\n<\/div>\n<\/div>\n<\/div>","protected":false},"featured_media":3334,"comment_status":"open","ping_status":"closed","template":"","meta":{"_uag_custom_page_level_css":"","site-sidebar-layout":"default","site-content-layout":"","ast-site-content-layout":"default","site-content-style":"default","site-sidebar-style":"default","ast-global-header-display":"","ast-banner-title-visibility":"","ast-main-header-display":"","ast-hfb-above-header-display":"","ast-hfb-below-header-display":"","ast-hfb-mobile-header-display":"","site-post-title":"","ast-breadcrumbs-content":"","ast-featured-img":"","footer-sml-layout":"","ast-disable-related-posts":"","theme-transparent-header-meta":"default","adv-header-id-meta":"","stick-header-meta":"","header-above-stick-meta":"","header-main-stick-meta":"","header-below-stick-meta":"","astra-migrate-meta-layouts":"set","ast-page-background-enabled":"default","ast-page-background-meta":{"desktop":{"background-color":"","background-image":"","background-repeat":"repeat","background-position":"center center","background-size":"auto","background-attachment":"scroll","background-type":"","background-media":"","overlay-type":"","overlay-color":"","overlay-opacity":"","overlay-gradient":""},"tablet":{"background-color":"","background-image":"","background-repeat":"repeat","background-position":"center center","background-size":"auto","background-attachment":"scroll","background-type":"","background-media":"","overlay-type":"","overlay-color":"","overlay-opacity":"","overlay-gradient":""},"mobile":{"background-color":"","background-image":"","background-repeat":"repeat","background-position":"center center","background-size":"auto","background-attachment":"scroll","background-type":"","background-media":"","overlay-type":"","overlay-color":"","overlay-opacity":"","overlay-gradient":""}},"ast-content-background-meta":{"desktop":{"background-color":"var(--ast-global-color-5)","background-image":"","background-repeat":"repeat","background-position":"center center","background-size":"auto","background-attachment":"scroll","background-type":"","background-media":"","overlay-type":"","overlay-color":"","overlay-opacity":"","overlay-gradient":""},"tablet":{"background-color":"var(--ast-global-color-5)","background-image":"","background-repeat":"repeat","background-position":"center center","background-size":"auto","background-attachment":"scroll","background-type":"","background-media":"","overlay-type":"","overlay-color":"","overlay-opacity":"","overlay-gradient":""},"mobile":{"background-color":"var(--ast-global-color-5)","background-image":"","background-repeat":"repeat","background-position":"center center","background-size":"auto","background-attachment":"scroll","background-type":"","background-media":"","overlay-type":"","overlay-color":"","overlay-opacity":"","overlay-gradient":""}}},"product_brand":[],"product_cat":[56,42],"product_tag":[70,68,71,69],"class_list":{"0":"post-3333","1":"product","2":"type-product","3":"status-publish","4":"has-post-thumbnail","6":"product_cat-1-to-3-years","7":"product_cat-merchandise","8":"product_tag-babypillow","9":"product_tag-cuteanimalpillow","10":"product_tag-headshapesupport","11":"product_tag-kouniushapingpillow","12":"desktop-align-left","13":"tablet-align-left","14":"mobile-align-left","16":"first","17":"instock","18":"featured","19":"shipping-taxable","20":"product-type-simple"},"aioseo_notices":[],"uagb_featured_image_src":{"full":["https:\/\/babypillowwholesale.com\/wp-content\/uploads\/2025\/04\/1527.jpg",1000,1000,false],"thumbnail":["https:\/\/babypillowwholesale.com\/wp-content\/uploads\/2025\/04\/1527-150x150.jpg",150,150,true],"medium":["https:\/\/babypillowwholesale.com\/wp-content\/uploads\/2025\/04\/1527-300x300.jpg",300,300,true],"medium_large":["https:\/\/babypillowwholesale.com\/wp-content\/uploads\/2025\/04\/1527-768x768.jpg",768,768,true],"large":["https:\/\/babypillowwholesale.com\/wp-content\/uploads\/2025\/04\/1527.jpg",1000,1000,false],"1536x1536":["https:\/\/babypillowwholesale.com\/wp-content\/uploads\/2025\/04\/1527.jpg",1000,1000,false],"2048x2048":["https:\/\/babypillowwholesale.com\/wp-content\/uploads\/2025\/04\/1527.jpg",1000,1000,false],"trp-custom-language-flag":["https:\/\/babypillowwholesale.com\/wp-content\/uploads\/2025\/04\/1527.jpg",12,12,false],"woocommerce_thumbnail":["https:\/\/babypillowwholesale.com\/wp-content\/uploads\/2025\/04\/1527-300x300.jpg",300,300,true],"woocommerce_single":["https:\/\/babypillowwholesale.com\/wp-content\/uploads\/2025\/04\/1527-600x600.jpg",600,600,true],"woocommerce_gallery_thumbnail":["https:\/\/babypillowwholesale.com\/wp-content\/uploads\/2025\/04\/1527-100x100.jpg",100,100,true]},"uagb_author_info":{"display_name":"Etnen zhong","author_link":"https:\/\/babypillowwholesale.com\/ro\/author\/"},"uagb_comment_info":0,"uagb_excerpt":"The Pikachu Infant Pillow is a charming sleep essential for children aged 1 - 3 years. Inspired by the beloved Pikachu, it showcases iconic features like long ears, bright eyes, and cute blushing cheeks. Measuring 40*24*3CM, it provides just the right support for a child's head and neck, ensuring a comfortable sleep. Made from soft&hellip;","jetpack_sharing_enabled":true,"_links":{"self":[{"href":"https:\/\/babypillowwholesale.com\/ro\/wp-json\/wp\/v2\/product\/3333","targetHints":{"allow":["GET"]}}],"collection":[{"href":"https:\/\/babypillowwholesale.com\/ro\/wp-json\/wp\/v2\/product"}],"about":[{"href":"https:\/\/babypillowwholesale.com\/ro\/wp-json\/wp\/v2\/types\/product"}],"replies":[{"embeddable":true,"href":"https:\/\/babypillowwholesale.com\/ro\/wp-json\/wp\/v2\/comments?post=3333"}],"wp:featuredmedia":[{"embeddable":true,"href":"https:\/\/babypillowwholesale.com\/ro\/wp-json\/wp\/v2\/media\/3334"}],"wp:attachment":[{"href":"https:\/\/babypillowwholesale.com\/ro\/wp-json\/wp\/v2\/media?parent=3333"}],"wp:term":[{"taxonomy":"product_brand","embeddable":true,"href":"https:\/\/babypillowwholesale.com\/ro\/wp-json\/wp\/v2\/product_brand?post=3333"},{"taxonomy":"product_cat","embeddable":true,"href":"https:\/\/babypillowwholesale.com\/ro\/wp-json\/wp\/v2\/product_cat?post=3333"},{"taxonomy":"product_tag","embeddable":true,"href":"https:\/\/babypillowwholesale.com\/ro\/wp-json\/wp\/v2\/product_tag?post=3333"}],"curies":[{"name":"wp","href":"https:\/\/api.w.org\/{rel}","templated":true}]}}