{"id":3323,"date":"2025-04-02T16:47:01","date_gmt":"2025-04-02T16:47:01","guid":{"rendered":"https:\/\/babypillowwholesale.com\/?post_type=product&#038;p=3323"},"modified":"2025-06-08T15:14:33","modified_gmt":"2025-06-08T15:14:33","slug":"hydrophilic-sponge-soothing-cloud-shaped-pillow","status":"publish","type":"product","link":"https:\/\/babypillowwholesale.com\/ro\/product\/hydrophilic-sponge-soothing-cloud-shaped-pillow\/","title":{"rendered":"Burete hidrofil calmant Cloud - pern\u0103 \u00een form\u0103 de"},"content":{"rendered":"<div class=\"auto-hide-last-sibling-br paragraph-qzbcQC paragraph-element br-paragraph-space\" data-immersive-translate-walked=\"8e61f2e7-6af2-46e5-9672-3b9e4f4033d9\" data-immersive-translate-paragraph=\"1\">\n<div class=\"auto-hide-last-sibling-br paragraph-qzbcQC paragraph-element br-paragraph-space\">\n<div class=\"auto-hide-last-sibling-br paragraph-qzbcQC paragraph-element br-paragraph-space\">\n<div class=\"auto-hide-last-sibling-br paragraph-qzbcQC paragraph-element br-paragraph-space\">\n<div class=\"auto-hide-last-sibling-br paragraph-qzbcQC paragraph-element br-paragraph-space\">\n<div class=\"auto-hide-last-sibling-br paragraph-qzbcQC paragraph-element br-paragraph-space\">\n<div class=\"auto-hide-last-sibling-br paragraph-qzbcQC paragraph-element br-paragraph-space\">\n<div class=\"auto-hide-last-sibling-br paragraph-qzbcQC paragraph-element br-paragraph-space\">V\u0103 prezent\u0103m perna Hydrophilic Sponge Soothing Cloud - Shaped Pillow, o \u00eembr\u0103\u021bi\u0219are tandr\u0103 pentru bebelu\u0219i \u00een primul lor an de via\u021b\u0103. Realizat\u0103 pentru a imita forma moale \u0219i reconfortant\u0103 a unui nor, aceasta \u00eel \u00eenv\u0103luie instantaneu pe micu\u021bul dvs. \u00eentr-un sentiment de siguran\u021b\u0103 \u0219i c\u0103ldur\u0103. Perna este fabricat\u0103 din burete hidrofil de calitate superioar\u0103, oferind o atingere catifelat\u0103 \u0219i neted\u0103, care este extrem de delicat\u0103 pe pielea delicat\u0103 a bebelu\u0219ului.<\/div>\n<p>&nbsp;<\/p>\n<div class=\"auto-hide-last-sibling-br paragraph-qzbcQC paragraph-element br-paragraph-space\">\u00cempodobit\u0103 cu o serie de animalute adorabile distribuite aleatoriu pe suprafa\u021ba sa, aceast\u0103 pern\u0103 este o \u00eenc\u00e2ntare vizual\u0103, st\u00e2rnind curiozitatea \u0219i bucuria \u00een lumea bebelu\u0219ului dumneavoastr\u0103. M\u0103sur\u00e2nd 45<em>28<\/em>1,5CM, ofer\u0103 un spa\u021biu generos, leg\u0103n\u00e2nd confortabil capul \u0219i corpul bebelu\u0219ului dvs. \u00een timpul somnului \u0219i al timpului de joac\u0103.<\/div>\n<p>&nbsp;<\/p>\n<div class=\"auto-hide-last-sibling-br paragraph-qzbcQC paragraph-element br-paragraph-space\">Imagina\u021bi-v\u0103 momente senine de somn, \u00een care bebelu\u0219ul dvs. se cuib\u0103re\u0219te \u00een pern\u0103, alunec\u00e2nd \u00een lumea viselor ca \u0219i cum ar fi \u00eembr\u0103\u021bi\u0219at de un nor moale. Sau imagina\u021bi-v\u0103 momente juc\u0103u\u0219e, cu bebelu\u0219ul \u00eentinz\u00e2nd m\u00e2na, fascinat de imprimeurile dr\u0103gu\u021be cu animale. Este, de asemenea, un calmant perfect \u00een momentele de agita\u021bie, oferind o atingere familiar\u0103 \u0219i reconfortant\u0103.<\/div>\n<p>&nbsp;<\/p>\n<div class=\"auto-hide-last-sibling-br paragraph-qzbcQC paragraph-element br-paragraph-space\">P\u0103rin\u021bii sunt efuzive \u00een laudele lor. \"Aceast\u0103 pern\u0103 \u00een form\u0103 de nor - este un salvator! Copilul meu se calmeaz\u0103 aproape instantaneu c\u00e2nd este a\u0219ezat pe ea. U\u0219urin\u021ba buretelui hidrofil \u0219i imprimeurile dr\u0103gu\u021be sunt pur \u0219i simplu minunate\", a declarat o mam\u0103 u\u0219urat\u0103. Un tat\u0103 a ad\u0103ugat: \"A devenit un element de baz\u0103 \u00een rutina bebelu\u0219ului nostru. Fie c\u0103 este vorba de un pui de somn rapid sau doar de ceva timp lini\u0219tit, aceast\u0103 pern\u0103 este \u00eentotdeauna acolo, oferind confort \u0219i un pic de distrac\u021bie.\"<\/div>\n<p>&nbsp;<\/p>\n<div class=\"auto-hide-last-sibling-br paragraph-qzbcQC paragraph-element br-paragraph-space\">\u00cen esen\u021b\u0103, perna Hydrophilic Sponge Soothing Cloud - Shaped este mai mult dec\u00e2t un simplu articol de pat. Este un amestec de func\u021bionalitate, confort \u0219i dr\u0103g\u0103l\u0103\u0219enie, un companion esen\u021bial care \u00eembun\u0103t\u0103\u021be\u0219te fiecare moment pre\u021bios din primele zile ale bebelu\u0219ului dumneavoastr\u0103.<\/div>\n<\/div>\n<\/div>\n<\/div>\n<\/div>\n<\/div>\n<\/div>\n<\/div>","protected":false},"excerpt":{"rendered":"<p>Perna Hydrophilic Sponge Soothing Cloud - Shaped Pillow este un companion minunat pentru bebelu\u0219ii cu v\u00e2rsta cuprins\u0103 \u00eentre 0 \u0219i 1 an. Designul s\u0103u ia forma unui nor moale, cre\u00e2nd un sentiment de siguran\u021b\u0103 \u0219i confort. Fabricat\u0103 din burete hidrofil, aceasta ofer\u0103 o atingere delicat\u0103 \u0219i pl\u0103cut\u0103, perfect\u0103 pentru pielea sensibil\u0103 a bebelu\u0219ului. Perna este \u00eempodobit\u0103 cu imprimeuri dr\u0103gu\u021be de animale care sunt distribuite aleatoriu, ad\u0103ug\u00e2nd un element juc\u0103u\u0219 \u0219i fermec\u0103tor. Cu o specifica\u021bie de 45*<em>28*<\/em>1,5CM, ofer\u0103 spa\u021biu suficient pentru capul \u0219i corpul copilului. Aceast\u0103 pern\u0103 nu este numai excelent\u0103 pentru somn, ci serve\u0219te \u0219i ca obiect de confort \u00een timpul jocului sau c\u00e2nd bebelu\u0219ul are nevoie de lini\u0219tire. Ea combin\u0103 func\u021bionalitatea, moliciunea \u0219i o estetic\u0103 dr\u0103gu\u021b\u0103 pentru a o face un obiect esen\u021bial pentru primele zile ale unui bebelu\u0219.<\/p>","protected":false},"featured_media":3324,"comment_status":"open","ping_status":"closed","template":"","meta":{"_uag_custom_page_level_css":"","site-sidebar-layout":"default","site-content-layout":"","ast-site-content-layout":"default","site-content-style":"default","site-sidebar-style":"default","ast-global-header-display":"","ast-banner-title-visibility":"","ast-main-header-display":"","ast-hfb-above-header-display":"","ast-hfb-below-header-display":"","ast-hfb-mobile-header-display":"","site-post-title":"","ast-breadcrumbs-content":"","ast-featured-img":"","footer-sml-layout":"","ast-disable-related-posts":"","theme-transparent-header-meta":"default","adv-header-id-meta":"","stick-header-meta":"","header-above-stick-meta":"","header-main-stick-meta":"","header-below-stick-meta":"","astra-migrate-meta-layouts":"set","ast-page-background-enabled":"default","ast-page-background-meta":{"desktop":{"background-color":"","background-image":"","background-repeat":"repeat","background-position":"center center","background-size":"auto","background-attachment":"scroll","background-type":"","background-media":"","overlay-type":"","overlay-color":"","overlay-opacity":"","overlay-gradient":""},"tablet":{"background-color":"","background-image":"","background-repeat":"repeat","background-position":"center center","background-size":"auto","background-attachment":"scroll","background-type":"","background-media":"","overlay-type":"","overlay-color":"","overlay-opacity":"","overlay-gradient":""},"mobile":{"background-color":"","background-image":"","background-repeat":"repeat","background-position":"center center","background-size":"auto","background-attachment":"scroll","background-type":"","background-media":"","overlay-type":"","overlay-color":"","overlay-opacity":"","overlay-gradient":""}},"ast-content-background-meta":{"desktop":{"background-color":"var(--ast-global-color-5)","background-image":"","background-repeat":"repeat","background-position":"center center","background-size":"auto","background-attachment":"scroll","background-type":"","background-media":"","overlay-type":"","overlay-color":"","overlay-opacity":"","overlay-gradient":""},"tablet":{"background-color":"var(--ast-global-color-5)","background-image":"","background-repeat":"repeat","background-position":"center center","background-size":"auto","background-attachment":"scroll","background-type":"","background-media":"","overlay-type":"","overlay-color":"","overlay-opacity":"","overlay-gradient":""},"mobile":{"background-color":"var(--ast-global-color-5)","background-image":"","background-repeat":"repeat","background-position":"center center","background-size":"auto","background-attachment":"scroll","background-type":"","background-media":"","overlay-type":"","overlay-color":"","overlay-opacity":"","overlay-gradient":""}}},"product_brand":[],"product_cat":[55,42],"product_tag":[70,68,71,69],"class_list":{"0":"post-3323","1":"product","2":"type-product","3":"status-publish","4":"has-post-thumbnail","6":"product_cat-0-to-1-year","7":"product_cat-merchandise","8":"product_tag-babypillow","9":"product_tag-cuteanimalpillow","10":"product_tag-headshapesupport","11":"product_tag-kouniushapingpillow","12":"desktop-align-left","13":"tablet-align-left","14":"mobile-align-left","16":"first","17":"instock","18":"shipping-taxable","19":"product-type-simple"},"aioseo_notices":[],"uagb_featured_image_src":{"full":["https:\/\/babypillowwholesale.com\/wp-content\/uploads\/2025\/04\/1026.jpg",1000,1000,false],"thumbnail":["https:\/\/babypillowwholesale.com\/wp-content\/uploads\/2025\/04\/1026-150x150.jpg",150,150,true],"medium":["https:\/\/babypillowwholesale.com\/wp-content\/uploads\/2025\/04\/1026-300x300.jpg",300,300,true],"medium_large":["https:\/\/babypillowwholesale.com\/wp-content\/uploads\/2025\/04\/1026-768x768.jpg",768,768,true],"large":["https:\/\/babypillowwholesale.com\/wp-content\/uploads\/2025\/04\/1026.jpg",1000,1000,false],"1536x1536":["https:\/\/babypillowwholesale.com\/wp-content\/uploads\/2025\/04\/1026.jpg",1000,1000,false],"2048x2048":["https:\/\/babypillowwholesale.com\/wp-content\/uploads\/2025\/04\/1026.jpg",1000,1000,false],"trp-custom-language-flag":["https:\/\/babypillowwholesale.com\/wp-content\/uploads\/2025\/04\/1026.jpg",12,12,false],"woocommerce_thumbnail":["https:\/\/babypillowwholesale.com\/wp-content\/uploads\/2025\/04\/1026-300x300.jpg",300,300,true],"woocommerce_single":["https:\/\/babypillowwholesale.com\/wp-content\/uploads\/2025\/04\/1026-600x600.jpg",600,600,true],"woocommerce_gallery_thumbnail":["https:\/\/babypillowwholesale.com\/wp-content\/uploads\/2025\/04\/1026-100x100.jpg",100,100,true]},"uagb_author_info":{"display_name":"Etnen zhong","author_link":"https:\/\/babypillowwholesale.com\/ro\/author\/"},"uagb_comment_info":0,"uagb_excerpt":"The Hydrophilic Sponge Soothing Cloud - Shaped Pillow is a wonderful companion for babies aged 0 - 1 year. Its design takes the form of a soft cloud, creating a sense of security and comfort. Made from hydrophilic sponge, it offers a gentle and pleasant touch, perfect for a baby's sensitive skin. The pillow is&hellip;","jetpack_sharing_enabled":true,"_links":{"self":[{"href":"https:\/\/babypillowwholesale.com\/ro\/wp-json\/wp\/v2\/product\/3323","targetHints":{"allow":["GET"]}}],"collection":[{"href":"https:\/\/babypillowwholesale.com\/ro\/wp-json\/wp\/v2\/product"}],"about":[{"href":"https:\/\/babypillowwholesale.com\/ro\/wp-json\/wp\/v2\/types\/product"}],"replies":[{"embeddable":true,"href":"https:\/\/babypillowwholesale.com\/ro\/wp-json\/wp\/v2\/comments?post=3323"}],"wp:featuredmedia":[{"embeddable":true,"href":"https:\/\/babypillowwholesale.com\/ro\/wp-json\/wp\/v2\/media\/3324"}],"wp:attachment":[{"href":"https:\/\/babypillowwholesale.com\/ro\/wp-json\/wp\/v2\/media?parent=3323"}],"wp:term":[{"taxonomy":"product_brand","embeddable":true,"href":"https:\/\/babypillowwholesale.com\/ro\/wp-json\/wp\/v2\/product_brand?post=3323"},{"taxonomy":"product_cat","embeddable":true,"href":"https:\/\/babypillowwholesale.com\/ro\/wp-json\/wp\/v2\/product_cat?post=3323"},{"taxonomy":"product_tag","embeddable":true,"href":"https:\/\/babypillowwholesale.com\/ro\/wp-json\/wp\/v2\/product_tag?post=3323"}],"curies":[{"name":"wp","href":"https:\/\/api.w.org\/{rel}","templated":true}]}}