{"id":3320,"date":"2025-04-02T16:39:31","date_gmt":"2025-04-02T16:39:31","guid":{"rendered":"https:\/\/babypillowwholesale.com\/?post_type=product&#038;p=3320"},"modified":"2025-06-07T07:26:29","modified_gmt":"2025-06-07T07:26:29","slug":"hydrophilic-sponge-contour-pillow","status":"publish","type":"product","link":"https:\/\/babypillowwholesale.com\/ro\/product\/hydrophilic-sponge-contour-pillow\/","title":{"rendered":"Pern\u0103 de contur cu burete hidrofil"},"content":{"rendered":"<div class=\"auto-hide-last-sibling-br paragraph-qzbcQC paragraph-element br-paragraph-space\" data-immersive-translate-walked=\"8e61f2e7-6af2-46e5-9672-3b9e4f4033d9\" data-immersive-translate-paragraph=\"1\">\n<div class=\"auto-hide-last-sibling-br paragraph-qzbcQC paragraph-element br-paragraph-space\">\n<div class=\"auto-hide-last-sibling-br paragraph-qzbcQC paragraph-element br-paragraph-space\">\n<div class=\"auto-hide-last-sibling-br paragraph-qzbcQC paragraph-element br-paragraph-space\">\n<div class=\"auto-hide-last-sibling-br paragraph-qzbcQC paragraph-element br-paragraph-space\">\n<div class=\"auto-hide-last-sibling-br paragraph-qzbcQC paragraph-element br-paragraph-space\">\n<div class=\"auto-hide-last-sibling-br paragraph-qzbcQC paragraph-element br-paragraph-space\">Descoperi\u021bi perna Hydrophilic Sponge Contour Pillow, o adev\u0103rat\u0103 bijuterie adaptat\u0103 pentru bebelu\u0219ii cu v\u00e2rste cuprinse \u00eentre 0 \u0219i 12 luni. Designul s\u0103u \u00eenc\u00e2nt\u0103tor, inspirat de creaturi adorabile precum \u00eenc\u00e2nt\u0103torul pinguin, prezint\u0103 o expresie dulce, o fund\u0103 delicat\u0103 \u0219i picioru\u0219e viu colorate care capteaz\u0103 imagina\u021bia de la prima vedere. Fabricat din burete hidrofil premium, ofer\u0103 o atingere catifelat\u0103 - moale, care este delicat\u0103 pe pielea delicat\u0103 a bebelu\u0219ului dumneavoastr\u0103.<\/div>\n<p>&nbsp;<\/p>\n<div class=\"auto-hide-last-sibling-br paragraph-qzbcQC paragraph-element br-paragraph-space\">Designul conturat al pernei este o minune a ingineriei ergonomice. Se muleaz\u0103 gra\u021bios pe forma unic\u0103 a capului bebelu\u0219ului dvs., oferind un sprijin bl\u00e2nd, dar eficient, care este vital pentru hr\u0103nirea unei forme s\u0103n\u0103toase a capului pe parcursul dezvolt\u0103rii timpurii. Dimensiuni 29<em>21<\/em>1.5CM, este un accesoriu versatil pentru elementele esen\u021biale ale bebelu\u0219ului dvs. Fie c\u0103 este a\u0219ezat\u0103 \u00eentr-un p\u0103tu\u021b, cre\u00e2nd un paradis confortabil pentru somnul lini\u0219tit; \u00eenso\u021bindu-l pe micu\u021bul dvs. \u00eentr-un c\u0103rucior \u00een timpul unei aventuri \u00een parc \u00een briz\u0103; sau plasat\u0103 pe un covor de joac\u0103 pentru distrac\u021bie - timp plin de burtic\u0103 acas\u0103, aceast\u0103 pern\u0103 asigur\u0103 confortul este \u00eentotdeauna la \u00eendem\u00e2n\u0103.<\/div>\n<p>&nbsp;<\/p>\n<div class=\"auto-hide-last-sibling-br paragraph-qzbcQC paragraph-element br-paragraph-space\">P\u0103rin\u021bii \u00eei c\u00e2nt\u0103 laudele. \"Aceast\u0103 pern\u0103 este un joc - schimbare! Copilul meu doarme at\u00e2t de profund pe ea, iar moliciunea buretelui hidrofil este uimitoare. \u00cen plus, designul pinguinului este un hit \u00een casa noastr\u0103\", a declarat o mam\u0103 \u00eenc\u00e2ntat\u0103. Un tat\u0103 a completat: \"Ne place cum designul conturului sus\u021bine capul bebelu\u0219ului nostru. \u0218i cu at\u00e2t de multe op\u021biuni de culori dr\u0103gu\u021be, \u00eel putem schimba pentru a se potrivi cu diferite \u021binute sau st\u0103ri de spirit. A devenit o parte indispensabil\u0103 a rutinei bebelu\u0219ului nostru.\"<\/div>\n<p>&nbsp;<\/p>\n<div class=\"auto-hide-last-sibling-br paragraph-qzbcQC paragraph-element br-paragraph-space\">Cu o gam\u0103 \u00eenc\u00e2nt\u0103toare de op\u021biuni de culoare, inclusiv Elefant albastru, Raton alb, Pinguin galben deschis \u0219i Pinguin albastru, perna Hydrophilic Sponge Contour Pillow \u00eembin\u0103 perfect confortul, func\u021bionalitatea \u0219i farmecul irezistibil. Nu este doar o pern\u0103; este un companion pre\u021bios care \u00eel \u00eenf\u0103\u0219oar\u0103 pe micu\u021bul dvs. \u00een grij\u0103 \u0219i dr\u0103g\u0103l\u0103\u0219enie \u00een fiecare moment pre\u021bios al primelor sale zile.<\/div>\n<\/div>\n<\/div>\n<\/div>\n<\/div>\n<\/div>\n<\/div>","protected":false},"excerpt":{"rendered":"<p>Perna Hydrophilic Sponge Contour Pillow este un produs remarcabil conceput pentru sugari cu v\u00e2rsta cuprins\u0103 \u00eentre 0 \u0219i 12 luni. Designul s\u0103u este inspirat de motive animale dr\u0103gu\u021be, cum ar fi pinguinul prezentat, cu o fa\u021b\u0103 dulce, o fund\u0103 fermec\u0103toare \u0219i picioare viu - colorate, f\u0103c\u00e2ndu-l atr\u0103g\u0103tor vizual. Fabricat\u0103 din burete hidrofil, ofer\u0103 o atingere moale \u0219i confortabil\u0103. Designul de contur al pernei se conformeaz\u0103 ergonomic capului copilului, oferind suport optim pentru a ajuta la men\u021binerea unei forme s\u0103n\u0103toase a capului. Cu o specifica\u021bie de 29*<em>21*<\/em>1,5CM, se potrive\u0219te bine \u00een p\u0103tu\u021buri, c\u0103rucioare, etc. Varietatea de op\u021biuni de culoare, inclusiv Elefant albastru, Raton alb, Pinguin galben deschis \u0219i Pinguin albastru, permite p\u0103rin\u021bilor s\u0103 aleag\u0103 \u00een func\u021bie de preferin\u021bele lor. Aceast\u0103 pern\u0103 combin\u0103 confortul, func\u021bionalitatea \u0219i estetica adorabil\u0103, devenind un companion excelent pentru cre\u0219terea timpurie a bebelu\u0219ilor.<\/p>","protected":false},"featured_media":3321,"comment_status":"open","ping_status":"closed","template":"","meta":{"_uag_custom_page_level_css":"","site-sidebar-layout":"default","site-content-layout":"","ast-site-content-layout":"default","site-content-style":"default","site-sidebar-style":"default","ast-global-header-display":"","ast-banner-title-visibility":"","ast-main-header-display":"","ast-hfb-above-header-display":"","ast-hfb-below-header-display":"","ast-hfb-mobile-header-display":"","site-post-title":"","ast-breadcrumbs-content":"","ast-featured-img":"","footer-sml-layout":"","ast-disable-related-posts":"","theme-transparent-header-meta":"default","adv-header-id-meta":"","stick-header-meta":"","header-above-stick-meta":"","header-main-stick-meta":"","header-below-stick-meta":"","astra-migrate-meta-layouts":"set","ast-page-background-enabled":"default","ast-page-background-meta":{"desktop":{"background-color":"","background-image":"","background-repeat":"repeat","background-position":"center center","background-size":"auto","background-attachment":"scroll","background-type":"","background-media":"","overlay-type":"","overlay-color":"","overlay-opacity":"","overlay-gradient":""},"tablet":{"background-color":"","background-image":"","background-repeat":"repeat","background-position":"center center","background-size":"auto","background-attachment":"scroll","background-type":"","background-media":"","overlay-type":"","overlay-color":"","overlay-opacity":"","overlay-gradient":""},"mobile":{"background-color":"","background-image":"","background-repeat":"repeat","background-position":"center center","background-size":"auto","background-attachment":"scroll","background-type":"","background-media":"","overlay-type":"","overlay-color":"","overlay-opacity":"","overlay-gradient":""}},"ast-content-background-meta":{"desktop":{"background-color":"var(--ast-global-color-5)","background-image":"","background-repeat":"repeat","background-position":"center center","background-size":"auto","background-attachment":"scroll","background-type":"","background-media":"","overlay-type":"","overlay-color":"","overlay-opacity":"","overlay-gradient":""},"tablet":{"background-color":"var(--ast-global-color-5)","background-image":"","background-repeat":"repeat","background-position":"center center","background-size":"auto","background-attachment":"scroll","background-type":"","background-media":"","overlay-type":"","overlay-color":"","overlay-opacity":"","overlay-gradient":""},"mobile":{"background-color":"var(--ast-global-color-5)","background-image":"","background-repeat":"repeat","background-position":"center center","background-size":"auto","background-attachment":"scroll","background-type":"","background-media":"","overlay-type":"","overlay-color":"","overlay-opacity":"","overlay-gradient":""}}},"product_brand":[],"product_cat":[55,42],"product_tag":[70,68,71,69],"class_list":{"0":"post-3320","1":"product","2":"type-product","3":"status-publish","4":"has-post-thumbnail","6":"product_cat-0-to-1-year","7":"product_cat-merchandise","8":"product_tag-babypillow","9":"product_tag-cuteanimalpillow","10":"product_tag-headshapesupport","11":"product_tag-kouniushapingpillow","12":"desktop-align-left","13":"tablet-align-left","14":"mobile-align-left","16":"first","17":"instock","18":"shipping-taxable","19":"product-type-simple"},"aioseo_notices":[],"uagb_featured_image_src":{"full":["https:\/\/babypillowwholesale.com\/wp-content\/uploads\/2025\/04\/1168.jpg",1000,1000,false],"thumbnail":["https:\/\/babypillowwholesale.com\/wp-content\/uploads\/2025\/04\/1168-150x150.jpg",150,150,true],"medium":["https:\/\/babypillowwholesale.com\/wp-content\/uploads\/2025\/04\/1168-300x300.jpg",300,300,true],"medium_large":["https:\/\/babypillowwholesale.com\/wp-content\/uploads\/2025\/04\/1168-768x768.jpg",768,768,true],"large":["https:\/\/babypillowwholesale.com\/wp-content\/uploads\/2025\/04\/1168.jpg",1000,1000,false],"1536x1536":["https:\/\/babypillowwholesale.com\/wp-content\/uploads\/2025\/04\/1168.jpg",1000,1000,false],"2048x2048":["https:\/\/babypillowwholesale.com\/wp-content\/uploads\/2025\/04\/1168.jpg",1000,1000,false],"trp-custom-language-flag":["https:\/\/babypillowwholesale.com\/wp-content\/uploads\/2025\/04\/1168.jpg",12,12,false],"woocommerce_thumbnail":["https:\/\/babypillowwholesale.com\/wp-content\/uploads\/2025\/04\/1168-300x300.jpg",300,300,true],"woocommerce_single":["https:\/\/babypillowwholesale.com\/wp-content\/uploads\/2025\/04\/1168-600x600.jpg",600,600,true],"woocommerce_gallery_thumbnail":["https:\/\/babypillowwholesale.com\/wp-content\/uploads\/2025\/04\/1168-100x100.jpg",100,100,true]},"uagb_author_info":{"display_name":"Etnen zhong","author_link":"https:\/\/babypillowwholesale.com\/ro\/author\/"},"uagb_comment_info":0,"uagb_excerpt":"The Hydrophilic Sponge Contour Pillow is a remarkable product designed for infants aged 0 - 12 months. Its design is inspired by cute animal motifs, such as the penguin shown, with a sweet face, a charming bow, and vivid - colored feet, making it visually appealing. Crafted from hydrophilic sponge, it offers a soft and&hellip;","jetpack_sharing_enabled":true,"_links":{"self":[{"href":"https:\/\/babypillowwholesale.com\/ro\/wp-json\/wp\/v2\/product\/3320","targetHints":{"allow":["GET"]}}],"collection":[{"href":"https:\/\/babypillowwholesale.com\/ro\/wp-json\/wp\/v2\/product"}],"about":[{"href":"https:\/\/babypillowwholesale.com\/ro\/wp-json\/wp\/v2\/types\/product"}],"replies":[{"embeddable":true,"href":"https:\/\/babypillowwholesale.com\/ro\/wp-json\/wp\/v2\/comments?post=3320"}],"wp:featuredmedia":[{"embeddable":true,"href":"https:\/\/babypillowwholesale.com\/ro\/wp-json\/wp\/v2\/media\/3321"}],"wp:attachment":[{"href":"https:\/\/babypillowwholesale.com\/ro\/wp-json\/wp\/v2\/media?parent=3320"}],"wp:term":[{"taxonomy":"product_brand","embeddable":true,"href":"https:\/\/babypillowwholesale.com\/ro\/wp-json\/wp\/v2\/product_brand?post=3320"},{"taxonomy":"product_cat","embeddable":true,"href":"https:\/\/babypillowwholesale.com\/ro\/wp-json\/wp\/v2\/product_cat?post=3320"},{"taxonomy":"product_tag","embeddable":true,"href":"https:\/\/babypillowwholesale.com\/ro\/wp-json\/wp\/v2\/product_tag?post=3320"}],"curies":[{"name":"wp","href":"https:\/\/api.w.org\/{rel}","templated":true}]}}