{"id":3317,"date":"2025-03-31T02:51:30","date_gmt":"2025-03-31T02:51:30","guid":{"rendered":"https:\/\/babypillowwholesale.com\/?post_type=product&#038;p=3317"},"modified":"2025-06-08T15:19:36","modified_gmt":"2025-06-08T15:19:36","slug":"obedient-bear-contour-pillow","status":"publish","type":"product","link":"https:\/\/babypillowwholesale.com\/ro\/product\/obedient-bear-contour-pillow\/","title":{"rendered":"Obedient Bear pern\u0103 contur"},"content":{"rendered":"<div class=\"auto-hide-last-sibling-br paragraph-qzbcQC paragraph-element br-paragraph-space\" data-immersive-translate-walked=\"8e61f2e7-6af2-46e5-9672-3b9e4f4033d9\" data-immersive-translate-paragraph=\"1\">\n<div class=\"auto-hide-last-sibling-br paragraph-qzbcQC paragraph-element br-paragraph-space\">\n<div class=\"auto-hide-last-sibling-br paragraph-qzbcQC paragraph-element br-paragraph-space\">\n<div class=\"auto-hide-last-sibling-br paragraph-qzbcQC paragraph-element br-paragraph-space\">\n<div class=\"auto-hide-last-sibling-br paragraph-qzbcQC paragraph-element br-paragraph-space\">\n<div class=\"auto-hide-last-sibling-br paragraph-qzbcQC paragraph-element br-paragraph-space\">V\u0103 prezent\u0103m perna Obedient Bear Contour, o fuziune perfect\u0103 \u00eentre dr\u0103g\u0103l\u0103\u0219enie \u0219i func\u021bionalitate, conceput\u0103 special pentru bebelu\u0219ii pre\u021bio\u0219i cu v\u00e2rste cuprinse \u00eentre 0 \u0219i 12 luni. Aceast\u0103 pern\u0103 prezint\u0103 un design de urs irezistibil de fermec\u0103tor, cu urechi pufoase, ochi mari, plini de suflet \u0219i obraji \u00eenro\u0219i\u021bi adorabili, care cu siguran\u021b\u0103 v\u0103 vor topi inima la prima vedere.<\/div>\n<p>&nbsp;<\/p>\n<div class=\"auto-hide-last-sibling-br paragraph-qzbcQC paragraph-element br-paragraph-space\">Designul contur al pernei este o capodoper\u0103 a ingineriei ergonomice. Se muleaz\u0103 u\u0219or pe forma capului bebelu\u0219ului dvs., oferind un sprijin delicat \u0219i precis, care este crucial pentru hr\u0103nirea unei forme s\u0103n\u0103toase a capului \u00een timpul primelor luni cruciale. M\u0103sur\u00e2nd 29*<em>21*<\/em>1,5CM, se potrive\u0219te perfect \u00een diverse set\u0103ri. Fie c\u0103 este a\u0219ezat\u0103 \u00eentr-un p\u0103tu\u021b confortabil pentru un somn lini\u0219tit, fie c\u0103 \u00eel \u00eenso\u021be\u0219te pe micu\u021bul dvs. \u00eentr-un c\u0103rucior \u00een timpul unei plimb\u0103ri lini\u0219tite \u00een parc sau este a\u0219ezat\u0103 pe un covor de joac\u0103 moale pentru sesiuni de joac\u0103 pline de distrac\u021bie acas\u0103, aceast\u0103 pern\u0103 este o surs\u0103 constant\u0103 de confort.<\/div>\n<p>&nbsp;<\/p>\n<div class=\"auto-hide-last-sibling-br paragraph-qzbcQC paragraph-element br-paragraph-space\">P\u0103rin\u021bii sunt foarte \u00eenc\u00e2nta\u021bi de perna Obedient Bear Contour. \"Copilul meu ador\u0103 aceast\u0103 pern\u0103! Este at\u00e2t de moale, iar designul ursule\u021bului este pur \u0219i simplu prea dr\u0103gu\u021b. Am observat c\u0103 \u00eel ajut\u0103 cu adev\u0103rat s\u0103 \u00ee\u0219i \u021bin\u0103 capul \u00eentr-o pozi\u021bie bun\u0103\", a declarat o mam\u0103 \u00eenc\u00e2ntat\u0103. Un tat\u0103 a \u00eemp\u0103rt\u0103\u0219it: \"Lu\u0103m perna asta oriunde mergem. Este durabil\u0103, u\u0219or de cur\u0103\u021bat, iar op\u021biunile de culori sunt minunate. A devenit o parte esen\u021bial\u0103 din via\u021ba de zi cu zi a bebelu\u0219ului nostru.\"<\/div>\n<p>&nbsp;<\/p>\n<div class=\"auto-hide-last-sibling-br paragraph-qzbcQC paragraph-element br-paragraph-space\">Disponibil\u0103 \u00een nuan\u021bele fermec\u0103toare de roz \u0219i albastru, perna Obedient Bear Contour Pillow nu este doar un accesoriu pentru bebelu\u0219i; este un companion drag care combin\u0103 farmecul unui design cu tema ursului cu un suport profesional pentru modelarea capului, asigur\u00e2ndu-se c\u0103 micu\u021bul dvs. se bucur\u0103 de fiecare moment pre\u021bios al primelor zile cu cel mai mare confort \u0219i grij\u0103.<\/div>\n<\/div>\n<\/div>\n<\/div>\n<\/div>\n<\/div>","protected":false},"excerpt":{"rendered":"<p>Perna Obedient Bear Contour Pillow este o alegere ideal\u0103 pentru bebelu\u0219ii cu v\u00e2rsta cuprins\u0103 \u00eentre 0 \u0219i 12 luni. Designul s\u0103u este inspirat de un urs adorabil, cu urechi dr\u0103gu\u021be, ochi mari \u0219i obraji \u00eenro\u0219i\u021bi, ceea ce \u00eel face irezistibil de fermec\u0103tor. Designul conturat al pernei nu este doar atr\u0103g\u0103tor din punct de vedere vizual, ci serve\u0219te \u0219i unui scop practic. Ofer\u0103 suport ergonomic, conform\u00e2ndu-se u\u0219or formei capului bebelu\u0219ului pentru a ajuta la men\u021binerea unei forme s\u0103n\u0103toase a capului. M\u0103sur\u00e2nd 29*<em>21*<\/em>1.5CM, se potrive\u0219te bine \u00een p\u0103tu\u021buri, c\u0103rucioare sau alte locuri de odihn\u0103 pentru copii. Disponibil\u0103 \u00een roz \u0219i albastru, se poate potrivi cu diferite decoruri pentru camera copilului. Aceast\u0103 pern\u0103 combin\u0103 frumuse\u021bea unui design cu tema ursului cu un suport profesional pentru modelarea capului, aduc\u00e2nd confort \u0219i \u00eengrijire \u00een primele zile ale micu\u021bului dumneavoastr\u0103.<\/p>","protected":false},"featured_media":3318,"comment_status":"open","ping_status":"closed","template":"","meta":{"_uag_custom_page_level_css":"","site-sidebar-layout":"default","site-content-layout":"","ast-site-content-layout":"default","site-content-style":"default","site-sidebar-style":"default","ast-global-header-display":"","ast-banner-title-visibility":"","ast-main-header-display":"","ast-hfb-above-header-display":"","ast-hfb-below-header-display":"","ast-hfb-mobile-header-display":"","site-post-title":"","ast-breadcrumbs-content":"","ast-featured-img":"","footer-sml-layout":"","ast-disable-related-posts":"","theme-transparent-header-meta":"default","adv-header-id-meta":"","stick-header-meta":"","header-above-stick-meta":"","header-main-stick-meta":"","header-below-stick-meta":"","astra-migrate-meta-layouts":"set","ast-page-background-enabled":"default","ast-page-background-meta":{"desktop":{"background-color":"","background-image":"","background-repeat":"repeat","background-position":"center center","background-size":"auto","background-attachment":"scroll","background-type":"","background-media":"","overlay-type":"","overlay-color":"","overlay-opacity":"","overlay-gradient":""},"tablet":{"background-color":"","background-image":"","background-repeat":"repeat","background-position":"center center","background-size":"auto","background-attachment":"scroll","background-type":"","background-media":"","overlay-type":"","overlay-color":"","overlay-opacity":"","overlay-gradient":""},"mobile":{"background-color":"","background-image":"","background-repeat":"repeat","background-position":"center center","background-size":"auto","background-attachment":"scroll","background-type":"","background-media":"","overlay-type":"","overlay-color":"","overlay-opacity":"","overlay-gradient":""}},"ast-content-background-meta":{"desktop":{"background-color":"var(--ast-global-color-5)","background-image":"","background-repeat":"repeat","background-position":"center center","background-size":"auto","background-attachment":"scroll","background-type":"","background-media":"","overlay-type":"","overlay-color":"","overlay-opacity":"","overlay-gradient":""},"tablet":{"background-color":"var(--ast-global-color-5)","background-image":"","background-repeat":"repeat","background-position":"center center","background-size":"auto","background-attachment":"scroll","background-type":"","background-media":"","overlay-type":"","overlay-color":"","overlay-opacity":"","overlay-gradient":""},"mobile":{"background-color":"var(--ast-global-color-5)","background-image":"","background-repeat":"repeat","background-position":"center center","background-size":"auto","background-attachment":"scroll","background-type":"","background-media":"","overlay-type":"","overlay-color":"","overlay-opacity":"","overlay-gradient":""}}},"product_brand":[],"product_cat":[55,42],"product_tag":[70,68,71,69],"class_list":{"0":"post-3317","1":"product","2":"type-product","3":"status-publish","4":"has-post-thumbnail","6":"product_cat-0-to-1-year","7":"product_cat-merchandise","8":"product_tag-babypillow","9":"product_tag-cuteanimalpillow","10":"product_tag-headshapesupport","11":"product_tag-kouniushapingpillow","12":"desktop-align-left","13":"tablet-align-left","14":"mobile-align-left","16":"first","17":"instock","18":"shipping-taxable","19":"product-type-simple"},"aioseo_notices":[],"uagb_featured_image_src":{"full":["https:\/\/babypillowwholesale.com\/wp-content\/uploads\/2025\/03\/1066.jpg",1000,1000,false],"thumbnail":["https:\/\/babypillowwholesale.com\/wp-content\/uploads\/2025\/03\/1066-150x150.jpg",150,150,true],"medium":["https:\/\/babypillowwholesale.com\/wp-content\/uploads\/2025\/03\/1066-300x300.jpg",300,300,true],"medium_large":["https:\/\/babypillowwholesale.com\/wp-content\/uploads\/2025\/03\/1066-768x768.jpg",768,768,true],"large":["https:\/\/babypillowwholesale.com\/wp-content\/uploads\/2025\/03\/1066.jpg",1000,1000,false],"1536x1536":["https:\/\/babypillowwholesale.com\/wp-content\/uploads\/2025\/03\/1066.jpg",1000,1000,false],"2048x2048":["https:\/\/babypillowwholesale.com\/wp-content\/uploads\/2025\/03\/1066.jpg",1000,1000,false],"trp-custom-language-flag":["https:\/\/babypillowwholesale.com\/wp-content\/uploads\/2025\/03\/1066.jpg",12,12,false],"woocommerce_thumbnail":["https:\/\/babypillowwholesale.com\/wp-content\/uploads\/2025\/03\/1066-300x300.jpg",300,300,true],"woocommerce_single":["https:\/\/babypillowwholesale.com\/wp-content\/uploads\/2025\/03\/1066-600x600.jpg",600,600,true],"woocommerce_gallery_thumbnail":["https:\/\/babypillowwholesale.com\/wp-content\/uploads\/2025\/03\/1066-100x100.jpg",100,100,true]},"uagb_author_info":{"display_name":"Etnen zhong","author_link":"https:\/\/babypillowwholesale.com\/ro\/author\/"},"uagb_comment_info":0,"uagb_excerpt":"The Obedient Bear Contour Pillow is an ideal choice for infants aged 0 - 12 months. Its design is inspired by an adorable bear, with cute ears, big eyes, and blushing cheeks, which makes it irresistibly charming. The pillow's contour design is not only visually appealing but also serves a practical purpose. It provides ergonomic&hellip;","jetpack_sharing_enabled":true,"_links":{"self":[{"href":"https:\/\/babypillowwholesale.com\/ro\/wp-json\/wp\/v2\/product\/3317","targetHints":{"allow":["GET"]}}],"collection":[{"href":"https:\/\/babypillowwholesale.com\/ro\/wp-json\/wp\/v2\/product"}],"about":[{"href":"https:\/\/babypillowwholesale.com\/ro\/wp-json\/wp\/v2\/types\/product"}],"replies":[{"embeddable":true,"href":"https:\/\/babypillowwholesale.com\/ro\/wp-json\/wp\/v2\/comments?post=3317"}],"wp:featuredmedia":[{"embeddable":true,"href":"https:\/\/babypillowwholesale.com\/ro\/wp-json\/wp\/v2\/media\/3318"}],"wp:attachment":[{"href":"https:\/\/babypillowwholesale.com\/ro\/wp-json\/wp\/v2\/media?parent=3317"}],"wp:term":[{"taxonomy":"product_brand","embeddable":true,"href":"https:\/\/babypillowwholesale.com\/ro\/wp-json\/wp\/v2\/product_brand?post=3317"},{"taxonomy":"product_cat","embeddable":true,"href":"https:\/\/babypillowwholesale.com\/ro\/wp-json\/wp\/v2\/product_cat?post=3317"},{"taxonomy":"product_tag","embeddable":true,"href":"https:\/\/babypillowwholesale.com\/ro\/wp-json\/wp\/v2\/product_tag?post=3317"}],"curies":[{"name":"wp","href":"https:\/\/api.w.org\/{rel}","templated":true}]}}