{"id":3306,"date":"2025-03-24T15:28:09","date_gmt":"2025-03-24T15:28:09","guid":{"rendered":"https:\/\/babypillowwholesale.com\/?post_type=product&#038;p=3306"},"modified":"2025-06-08T15:34:36","modified_gmt":"2025-06-08T15:34:36","slug":"bear-shaping-pillow","status":"publish","type":"product","link":"https:\/\/babypillowwholesale.com\/ro\/product\/bear-shaping-pillow\/","title":{"rendered":"Pern\u0103 pentru modelarea ursului"},"content":{"rendered":"<div class=\"auto-hide-last-sibling-br paragraph-qzbcQC paragraph-element br-paragraph-space\" data-immersive-translate-walked=\"8e61f2e7-6af2-46e5-9672-3b9e4f4033d9\" data-immersive-translate-paragraph=\"1\">\n<div class=\"auto-hide-last-sibling-br paragraph-qzbcQC paragraph-element br-paragraph-space\">\n<div class=\"auto-hide-last-sibling-br paragraph-qzbcQC paragraph-element br-paragraph-space\">Descoperi\u021bi perna Bear Shaping, o fuziune captivant\u0103 de farmec \u0219i func\u021bionalitate, conceput\u0103 pentru bebelu\u0219ii cu v\u00e2rsta cuprins\u0103 \u00eentre 0 \u0219i 6 luni. Designul s\u0103u capricios prezint\u0103 un urs simpatic care \u021bine \u00een bra\u021be o stea, al\u0103turi de obraji rozaliu \u0219i o scen\u0103 de vis, st\u00e2rnind imediat bucurie. Dincolo de aspectul s\u0103u adorabil, acest 25*<em>20*<\/em>Perna de 1,5 cm sus\u021bine ergonomic capul bebelu\u0219ului, favoriz\u00e2nd u\u0219or dezvoltarea s\u0103n\u0103toas\u0103 a capului \u00een timpul primelor etape critice.<\/div>\n<p>&nbsp;<\/p>\n<div class=\"auto-hide-last-sibling-br paragraph-qzbcQC paragraph-element br-paragraph-space\">\u00cen via\u021ba de zi cu zi, se potrive\u0219te perfect \u00een diverse scenarii: a\u0219ezat \u00eentr-un p\u0103tu\u021b pentru a crea un paradis lini\u0219tit pentru somn acas\u0103, plasat \u00eentr-un c\u0103rucior pentru ie\u0219iri confortabile - fie c\u0103 este vorba de o plimbare \u00een parc sau de o vizit\u0103 la bunici - sau a\u0219ezat pe un covora\u0219 pentru momente confortabile \u00een timpul jocului.<\/div>\n<p>&nbsp;<\/p>\n<div class=\"auto-hide-last-sibling-br paragraph-qzbcQC paragraph-element br-paragraph-space\">P\u0103rin\u021bii \u00eel laud\u0103 din toat\u0103 inima. \"Copilul meu se lumineaz\u0103 la designul dr\u0103gu\u021b al ursule\u021bului! Perna este incredibil de moale \u0219i am observat \u00eembun\u0103t\u0103\u021biri vizibile \u00een modelarea capului. De asemenea, culoarea Little Dinosaur se potrive\u0219te perfect cu camera noastr\u0103 de copii\", a declarat o mam\u0103 \u00eenc\u00e2ntat\u0103. Un tat\u0103 a ad\u0103ugat: \"A devenit esen\u021bial\u0103 pentru fiecare c\u0103l\u0103torie. Este u\u0219or de transportat, iar op\u021biunile de culori tematice adaug\u0103 distrac\u021bie. Nu-l putem recomanda \u00eendeajuns!\"<\/div>\n<div><\/div>\n<div class=\"auto-hide-last-sibling-br paragraph-qzbcQC paragraph-element br-paragraph-space\">Cu op\u021biuni de culori precum Pink Rabbit, Little Dinosaur \u0219i Little Lion, perna Bear Shaping Pillow \u00eembin\u0103 suportul func\u021bional cu designul imaginativ. Este mai mult dec\u00e2t un accesoriu pentru bebelu\u0219i - este un companion tandru, care \u00eel \u00eenf\u0103\u0219oar\u0103 pe micu\u021bul dvs. \u00een confort, dr\u0103g\u0103l\u0103\u0219enie \u0219i \u00eengrijire \u00een fiecare moment pre\u021bios al primelor sale zile.<\/div>\n<\/div>\n<\/div>","protected":false},"excerpt":{"rendered":"<p>Perna Bear Shaping Pillow este un element esen\u021bial \u00eenc\u00e2nt\u0103tor pentru bebelu\u0219ii cu v\u00e2rste cuprinse \u00eentre 0 \u0219i 6 luni. Designul s\u0103u prezint\u0103 un motiv fermec\u0103tor de urs - adorabil cu detalii precum o postur\u0103 cu stea, obraji \u00eenro\u0219i\u021bi \u0219i \u00eemprejurimi capricioase. M\u0103sur\u00e2nd 25*<em>20*<\/em>1,5CM, perna sus\u021bine ergonomic capul copilului, ghid\u00e2nd u\u0219or modelarea s\u0103n\u0103toas\u0103 a capului \u00een timpul cre\u0219terii timpurii. Se potrive\u0219te perfect \u00een diverse scenarii: cuib\u0103rit\u0103 \u00een p\u0103tu\u021buri pentru sieste lini\u0219tite, plasat\u0103 \u00een c\u0103rucioare \u00een timpul aventurilor \u00een aer liber sau a\u0219ezat\u0103 pe covora\u0219e moi acas\u0103. Cu op\u021biunile de culoare Pink Rabbit, Little Dinosaur \u0219i Little Lion, \u00eembin\u0103 func\u021bionalitatea cu fantezia, oferind suport tandru \u0219i ad\u0103ug\u00e2nd \u00een acela\u0219i timp o not\u0103 juc\u0103u\u0219\u0103 \u0219i dr\u0103gu\u021b\u0103 \u00eengrijirii bebelu\u0219ului, satisf\u0103c\u00e2nd at\u00e2t nevoile practice, c\u00e2t \u0219i gusturile estetice.<\/p>","protected":false},"featured_media":3307,"comment_status":"open","ping_status":"closed","template":"","meta":{"_uag_custom_page_level_css":"","site-sidebar-layout":"default","site-content-layout":"","ast-site-content-layout":"default","site-content-style":"default","site-sidebar-style":"default","ast-global-header-display":"","ast-banner-title-visibility":"","ast-main-header-display":"","ast-hfb-above-header-display":"","ast-hfb-below-header-display":"","ast-hfb-mobile-header-display":"","site-post-title":"","ast-breadcrumbs-content":"","ast-featured-img":"","footer-sml-layout":"","ast-disable-related-posts":"","theme-transparent-header-meta":"default","adv-header-id-meta":"","stick-header-meta":"","header-above-stick-meta":"","header-main-stick-meta":"","header-below-stick-meta":"","astra-migrate-meta-layouts":"set","ast-page-background-enabled":"default","ast-page-background-meta":{"desktop":{"background-color":"","background-image":"","background-repeat":"repeat","background-position":"center center","background-size":"auto","background-attachment":"scroll","background-type":"","background-media":"","overlay-type":"","overlay-color":"","overlay-opacity":"","overlay-gradient":""},"tablet":{"background-color":"","background-image":"","background-repeat":"repeat","background-position":"center center","background-size":"auto","background-attachment":"scroll","background-type":"","background-media":"","overlay-type":"","overlay-color":"","overlay-opacity":"","overlay-gradient":""},"mobile":{"background-color":"","background-image":"","background-repeat":"repeat","background-position":"center center","background-size":"auto","background-attachment":"scroll","background-type":"","background-media":"","overlay-type":"","overlay-color":"","overlay-opacity":"","overlay-gradient":""}},"ast-content-background-meta":{"desktop":{"background-color":"var(--ast-global-color-5)","background-image":"","background-repeat":"repeat","background-position":"center center","background-size":"auto","background-attachment":"scroll","background-type":"","background-media":"","overlay-type":"","overlay-color":"","overlay-opacity":"","overlay-gradient":""},"tablet":{"background-color":"var(--ast-global-color-5)","background-image":"","background-repeat":"repeat","background-position":"center center","background-size":"auto","background-attachment":"scroll","background-type":"","background-media":"","overlay-type":"","overlay-color":"","overlay-opacity":"","overlay-gradient":""},"mobile":{"background-color":"var(--ast-global-color-5)","background-image":"","background-repeat":"repeat","background-position":"center center","background-size":"auto","background-attachment":"scroll","background-type":"","background-media":"","overlay-type":"","overlay-color":"","overlay-opacity":"","overlay-gradient":""}}},"product_brand":[],"product_cat":[54,42],"product_tag":[70,68,71,69],"class_list":{"0":"post-3306","1":"product","2":"type-product","3":"status-publish","4":"has-post-thumbnail","6":"product_cat-0-to-6months","7":"product_cat-merchandise","8":"product_tag-babypillow","9":"product_tag-cuteanimalpillow","10":"product_tag-headshapesupport","11":"product_tag-kouniushapingpillow","12":"desktop-align-left","13":"tablet-align-left","14":"mobile-align-left","16":"first","17":"instock","18":"shipping-taxable","19":"product-type-simple"},"aioseo_notices":[],"uagb_featured_image_src":{"full":["https:\/\/babypillowwholesale.com\/wp-content\/uploads\/2025\/03\/1137.jpg",1000,1000,false],"thumbnail":["https:\/\/babypillowwholesale.com\/wp-content\/uploads\/2025\/03\/1137-150x150.jpg",150,150,true],"medium":["https:\/\/babypillowwholesale.com\/wp-content\/uploads\/2025\/03\/1137-300x300.jpg",300,300,true],"medium_large":["https:\/\/babypillowwholesale.com\/wp-content\/uploads\/2025\/03\/1137-768x768.jpg",768,768,true],"large":["https:\/\/babypillowwholesale.com\/wp-content\/uploads\/2025\/03\/1137.jpg",1000,1000,false],"1536x1536":["https:\/\/babypillowwholesale.com\/wp-content\/uploads\/2025\/03\/1137.jpg",1000,1000,false],"2048x2048":["https:\/\/babypillowwholesale.com\/wp-content\/uploads\/2025\/03\/1137.jpg",1000,1000,false],"trp-custom-language-flag":["https:\/\/babypillowwholesale.com\/wp-content\/uploads\/2025\/03\/1137.jpg",12,12,false],"woocommerce_thumbnail":["https:\/\/babypillowwholesale.com\/wp-content\/uploads\/2025\/03\/1137-300x300.jpg",300,300,true],"woocommerce_single":["https:\/\/babypillowwholesale.com\/wp-content\/uploads\/2025\/03\/1137-600x600.jpg",600,600,true],"woocommerce_gallery_thumbnail":["https:\/\/babypillowwholesale.com\/wp-content\/uploads\/2025\/03\/1137-100x100.jpg",100,100,true]},"uagb_author_info":{"display_name":"Etnen zhong","author_link":"https:\/\/babypillowwholesale.com\/ro\/author\/"},"uagb_comment_info":0,"uagb_excerpt":"The Bear Shaping Pillow is a delightful essential for infants aged 0 to 6 months. Its design showcases a charming bear motif\u2014adorable with details like a star - wielding pose, blushing cheeks, and whimsical surroundings. Measuring 25*20*1.5CM, the pillow ergonomically supports a baby\u2019s head, gently guiding healthy head shaping during early growth. It fits seamlessly&hellip;","jetpack_sharing_enabled":true,"_links":{"self":[{"href":"https:\/\/babypillowwholesale.com\/ro\/wp-json\/wp\/v2\/product\/3306","targetHints":{"allow":["GET"]}}],"collection":[{"href":"https:\/\/babypillowwholesale.com\/ro\/wp-json\/wp\/v2\/product"}],"about":[{"href":"https:\/\/babypillowwholesale.com\/ro\/wp-json\/wp\/v2\/types\/product"}],"replies":[{"embeddable":true,"href":"https:\/\/babypillowwholesale.com\/ro\/wp-json\/wp\/v2\/comments?post=3306"}],"wp:featuredmedia":[{"embeddable":true,"href":"https:\/\/babypillowwholesale.com\/ro\/wp-json\/wp\/v2\/media\/3307"}],"wp:attachment":[{"href":"https:\/\/babypillowwholesale.com\/ro\/wp-json\/wp\/v2\/media?parent=3306"}],"wp:term":[{"taxonomy":"product_brand","embeddable":true,"href":"https:\/\/babypillowwholesale.com\/ro\/wp-json\/wp\/v2\/product_brand?post=3306"},{"taxonomy":"product_cat","embeddable":true,"href":"https:\/\/babypillowwholesale.com\/ro\/wp-json\/wp\/v2\/product_cat?post=3306"},{"taxonomy":"product_tag","embeddable":true,"href":"https:\/\/babypillowwholesale.com\/ro\/wp-json\/wp\/v2\/product_tag?post=3306"}],"curies":[{"name":"wp","href":"https:\/\/api.w.org\/{rel}","templated":true}]}}