{"id":3303,"date":"2025-03-24T15:07:17","date_gmt":"2025-03-24T15:07:17","guid":{"rendered":"https:\/\/babypillowwholesale.com\/?post_type=product&#038;p=3303"},"modified":"2025-06-08T15:36:07","modified_gmt":"2025-06-08T15:36:07","slug":"leopard-cat-shaping-pillow","status":"publish","type":"product","link":"https:\/\/babypillowwholesale.com\/ro\/product\/leopard-cat-shaping-pillow\/","title":{"rendered":"pisic\u0103 leopard Pern\u0103 Shaping"},"content":{"rendered":"<div class=\"auto-hide-last-sibling-br paragraph-qzbcQC paragraph-element br-paragraph-space\" data-immersive-translate-walked=\"8e61f2e7-6af2-46e5-9672-3b9e4f4033d9\" data-immersive-translate-paragraph=\"1\">\n<div class=\"auto-hide-last-sibling-br paragraph-qzbcQC paragraph-element br-paragraph-space\">\n<p>Privi\u021bi perna de modelare cu pisic\u0103 leopard, o armonie perfect\u0103 \u00eentre adorabilitate \u0219i utilitate, meticulos creat\u0103 pentru bebelu\u0219ii cu v\u00e2rste \u00eentre 0 \u0219i 6 luni. Designul s\u0103u \u00eenc\u00e2nt\u0103tor - cu urechi de leopard - pisic\u0103 \u0219i detalii delicate ale must\u0103\u021bilor - eman\u0103 farmec. Decupajul central cu design ergonomic sus\u021bine delicat capul bebelu\u0219ului, ghid\u00e2nd u\u0219or dezvoltarea s\u0103n\u0103toas\u0103 a capului \u00een primele luni vitale.<\/p>\n<p>M\u0103sur\u00e2nd 26,5*25*1,5CM, se adapteaz\u0103 perfect la diferite scene. Acas\u0103, pune\u021bi-l \u00een p\u0103tu\u021b, transform\u00e2nd somnul \u00eentr-un ritual confortabil, plin de vise. C\u00e2nd ie\u0219i\u021bi \u00een ora\u0219 - fie pentru o plimbare \u00een parc sau o vizit\u0103 la familie - se potrive\u0219te perfect \u00een c\u0103rucior, men\u021bin\u00e2ndu-l pe micu\u021bul dvs. confortabil pe tot parcursul c\u0103l\u0103toriei.<\/p>\n<p>P\u0103rin\u021bii ador\u0103 aceast\u0103 pern\u0103. \"Copilul meu se lumineaz\u0103 la vederea acestei perne modelatoare cu pisic\u0103 leopard! Este luxos de moale, iar designul dr\u0103gu\u021b nu \u00eenceteaz\u0103 s\u0103 farmece. Am observat \u00eembun\u0103t\u0103\u021biri minunate \u00een forma capului lor\", a \u00eemp\u0103rt\u0103\u0219it o mam\u0103 \u00eenc\u00e2ntat\u0103. Un tat\u0103 a ad\u0103ugat: \"Este un must - have \u00een echipamentul nostru pentru copii. Este u\u0219or de transportat, iar op\u021biunile de culoare se potrivesc oric\u0103rei camere pentru copii. Micu\u021bul nostru pare \u00eentotdeauna confortabil \u0219i mul\u021bumit cu ea.\"<\/p>\n<p>Disponibil\u0103 \u00een roz sau albastru fermec\u0103tor, perna Shaping cu pisic\u0103 leopard este mai mult dec\u00e2t un accesoriu pentru bebelu\u0219. Este un companion iubitor, care v\u0103 \u00eenf\u0103\u0219oar\u0103 bebelu\u0219ul \u00een confort, dr\u0103g\u0103l\u0103\u0219enie \u0219i sprijin de \u00eencredere \u00een fiecare moment pre\u021bios al primelor zile.<\/p>\n<\/div>\n<\/div>","protected":false},"excerpt":{"rendered":"<p>Perna de modelare cu pisic\u0103 leopard este o fuziune \u00eenc\u00e2nt\u0103toare de dr\u0103g\u0103l\u0103\u0219enie \u0219i func\u021bionalitate, adaptat\u0103 pentru bebelu\u0219ii cu v\u00e2rste cuprinse \u00eentre 0 \u0219i 6 luni. Designul s\u0103u, inspirat de o pisic\u0103 leopard, cu urechi ascu\u021bite \u0219i detalii delicate ale must\u0103\u021bii, eman\u0103 farmec. Decupajul central ergonomic sus\u021bine u\u0219or capul bebelu\u0219ului, ajut\u00e2nd la men\u021binerea unei forme s\u0103n\u0103toase a capului \u00een timpul perioadei critice de cre\u0219tere timpurie. Cu dimensiuni de 26,5*25*1,5CM, se potrive\u0219te perfect \u00een p\u0103tu\u021buri pentru somnul lini\u0219tit de acas\u0103 sau \u00een c\u0103rucior \u00een timpul aventurilor \u00een aer liber. Disponibil \u00een roz moale sau albastru, nu numai c\u0103 adaug\u0103 o not\u0103 decorativ\u0103 decorului camerei copilului, dar ofer\u0103 \u0219i un suport fiabil, f\u0103c\u00e2ndu-l un companion esen\u021bial pentru fiecare moment confortabil din ziua copilului dumneavoastr\u0103.<\/p>","protected":false},"featured_media":3304,"comment_status":"open","ping_status":"closed","template":"","meta":{"_uag_custom_page_level_css":"","site-sidebar-layout":"default","site-content-layout":"","ast-site-content-layout":"default","site-content-style":"default","site-sidebar-style":"default","ast-global-header-display":"","ast-banner-title-visibility":"","ast-main-header-display":"","ast-hfb-above-header-display":"","ast-hfb-below-header-display":"","ast-hfb-mobile-header-display":"","site-post-title":"","ast-breadcrumbs-content":"","ast-featured-img":"","footer-sml-layout":"","ast-disable-related-posts":"","theme-transparent-header-meta":"default","adv-header-id-meta":"","stick-header-meta":"","header-above-stick-meta":"","header-main-stick-meta":"","header-below-stick-meta":"","astra-migrate-meta-layouts":"set","ast-page-background-enabled":"default","ast-page-background-meta":{"desktop":{"background-color":"","background-image":"","background-repeat":"repeat","background-position":"center center","background-size":"auto","background-attachment":"scroll","background-type":"","background-media":"","overlay-type":"","overlay-color":"","overlay-opacity":"","overlay-gradient":""},"tablet":{"background-color":"","background-image":"","background-repeat":"repeat","background-position":"center center","background-size":"auto","background-attachment":"scroll","background-type":"","background-media":"","overlay-type":"","overlay-color":"","overlay-opacity":"","overlay-gradient":""},"mobile":{"background-color":"","background-image":"","background-repeat":"repeat","background-position":"center center","background-size":"auto","background-attachment":"scroll","background-type":"","background-media":"","overlay-type":"","overlay-color":"","overlay-opacity":"","overlay-gradient":""}},"ast-content-background-meta":{"desktop":{"background-color":"var(--ast-global-color-5)","background-image":"","background-repeat":"repeat","background-position":"center center","background-size":"auto","background-attachment":"scroll","background-type":"","background-media":"","overlay-type":"","overlay-color":"","overlay-opacity":"","overlay-gradient":""},"tablet":{"background-color":"var(--ast-global-color-5)","background-image":"","background-repeat":"repeat","background-position":"center center","background-size":"auto","background-attachment":"scroll","background-type":"","background-media":"","overlay-type":"","overlay-color":"","overlay-opacity":"","overlay-gradient":""},"mobile":{"background-color":"var(--ast-global-color-5)","background-image":"","background-repeat":"repeat","background-position":"center center","background-size":"auto","background-attachment":"scroll","background-type":"","background-media":"","overlay-type":"","overlay-color":"","overlay-opacity":"","overlay-gradient":""}}},"product_brand":[],"product_cat":[54,42],"product_tag":[70,68,71,69],"class_list":{"0":"post-3303","1":"product","2":"type-product","3":"status-publish","4":"has-post-thumbnail","6":"product_cat-0-to-6months","7":"product_cat-merchandise","8":"product_tag-babypillow","9":"product_tag-cuteanimalpillow","10":"product_tag-headshapesupport","11":"product_tag-kouniushapingpillow","12":"desktop-align-left","13":"tablet-align-left","14":"mobile-align-left","16":"first","17":"instock","18":"shipping-taxable","19":"product-type-simple"},"aioseo_notices":[],"uagb_featured_image_src":{"full":["https:\/\/babypillowwholesale.com\/wp-content\/uploads\/2025\/03\/1512.jpg",1000,1000,false],"thumbnail":["https:\/\/babypillowwholesale.com\/wp-content\/uploads\/2025\/03\/1512-150x150.jpg",150,150,true],"medium":["https:\/\/babypillowwholesale.com\/wp-content\/uploads\/2025\/03\/1512-300x300.jpg",300,300,true],"medium_large":["https:\/\/babypillowwholesale.com\/wp-content\/uploads\/2025\/03\/1512-768x768.jpg",768,768,true],"large":["https:\/\/babypillowwholesale.com\/wp-content\/uploads\/2025\/03\/1512.jpg",1000,1000,false],"1536x1536":["https:\/\/babypillowwholesale.com\/wp-content\/uploads\/2025\/03\/1512.jpg",1000,1000,false],"2048x2048":["https:\/\/babypillowwholesale.com\/wp-content\/uploads\/2025\/03\/1512.jpg",1000,1000,false],"trp-custom-language-flag":["https:\/\/babypillowwholesale.com\/wp-content\/uploads\/2025\/03\/1512.jpg",12,12,false],"woocommerce_thumbnail":["https:\/\/babypillowwholesale.com\/wp-content\/uploads\/2025\/03\/1512-300x300.jpg",300,300,true],"woocommerce_single":["https:\/\/babypillowwholesale.com\/wp-content\/uploads\/2025\/03\/1512-600x600.jpg",600,600,true],"woocommerce_gallery_thumbnail":["https:\/\/babypillowwholesale.com\/wp-content\/uploads\/2025\/03\/1512-100x100.jpg",100,100,true]},"uagb_author_info":{"display_name":"Etnen zhong","author_link":"https:\/\/babypillowwholesale.com\/ro\/author\/"},"uagb_comment_info":0,"uagb_excerpt":"The leopard cat Shaping Pillow is a delightful fusion of cuteness and practicality, tailored for infants aged 0 to 6 months. Its design, inspired by a leopard cat with perky ears and delicate whisker details, exudes charm. The ergonomic central cut - out gently supports the baby\u2019s head, helping maintain a healthy head shape during&hellip;","jetpack_sharing_enabled":true,"_links":{"self":[{"href":"https:\/\/babypillowwholesale.com\/ro\/wp-json\/wp\/v2\/product\/3303","targetHints":{"allow":["GET"]}}],"collection":[{"href":"https:\/\/babypillowwholesale.com\/ro\/wp-json\/wp\/v2\/product"}],"about":[{"href":"https:\/\/babypillowwholesale.com\/ro\/wp-json\/wp\/v2\/types\/product"}],"replies":[{"embeddable":true,"href":"https:\/\/babypillowwholesale.com\/ro\/wp-json\/wp\/v2\/comments?post=3303"}],"wp:featuredmedia":[{"embeddable":true,"href":"https:\/\/babypillowwholesale.com\/ro\/wp-json\/wp\/v2\/media\/3304"}],"wp:attachment":[{"href":"https:\/\/babypillowwholesale.com\/ro\/wp-json\/wp\/v2\/media?parent=3303"}],"wp:term":[{"taxonomy":"product_brand","embeddable":true,"href":"https:\/\/babypillowwholesale.com\/ro\/wp-json\/wp\/v2\/product_brand?post=3303"},{"taxonomy":"product_cat","embeddable":true,"href":"https:\/\/babypillowwholesale.com\/ro\/wp-json\/wp\/v2\/product_cat?post=3303"},{"taxonomy":"product_tag","embeddable":true,"href":"https:\/\/babypillowwholesale.com\/ro\/wp-json\/wp\/v2\/product_tag?post=3303"}],"curies":[{"name":"wp","href":"https:\/\/api.w.org\/{rel}","templated":true}]}}