{"id":3300,"date":"2025-03-22T02:53:38","date_gmt":"2025-03-22T02:53:38","guid":{"rendered":"https:\/\/babypillowwholesale.com\/?post_type=product&#038;p=3300"},"modified":"2025-06-08T15:41:34","modified_gmt":"2025-06-08T15:41:34","slug":"penguin-shaping-pillow","status":"publish","type":"product","link":"https:\/\/babypillowwholesale.com\/ro\/product\/penguin-shaping-pillow\/","title":{"rendered":"Pern\u0103 pentru modelarea pinguinilor"},"content":{"rendered":"<div class=\"auto-hide-last-sibling-br paragraph-qzbcQC paragraph-element br-paragraph-space\" data-immersive-translate-walked=\"8e61f2e7-6af2-46e5-9672-3b9e4f4033d9\" data-immersive-translate-paragraph=\"1\">\n<div class=\"auto-hide-last-sibling-br paragraph-qzbcQC paragraph-element br-paragraph-space\">\u00cembr\u0103\u021bi\u0219a\u021bi farmecul pur al pernei noastre Pinguin Shaping Pillow, un element esen\u021bial creat cu dragoste, conceput pentru cei mai mici aventurieri cu v\u00e2rsta cuprins\u0103 \u00eentre 0 \u0219i 6 luni. Sem\u0103n\u00e2nd cu un pinguin simpatic, cu corpul s\u0103u plinu\u021b, \u00eenot\u0103toare delicate \u0219i un cioc dr\u0103g\u0103la\u0219, aceast\u0103 pern\u0103 este un deliciu vizual care aduce o doz\u0103 instantanee de dr\u0103g\u0103l\u0103\u0219enie \u00een lumea copilului dumneavoastr\u0103. Func\u021bionalitatea \u00eent\u00e2lne\u0219te stilul cu aceast\u0103 pern\u0103. Decupajul central bine conturat ofer\u0103 o sus\u021binere delicat\u0103 capului delicat al bebelu\u0219ului dvs., ghid\u00e2ndu-l u\u0219or spre o form\u0103 perfect\u0103 pe m\u0103sur\u0103 ce c\u0103l\u0103tore\u0219te prin primele zile pre\u021bioase. Cu dimensiuni de 26,5*25*1,5CM, este incredibil de adaptabil. \u00cen serile lini\u0219tite de acas\u0103, pune\u021bi-l \u00een p\u0103tu\u021bul bebelu\u0219ului \u0219i privi\u021bi cum creeaz\u0103 un refugiu confortabil, cu tema pinguinului, care \u00eel culc\u0103 pe micu\u021bul dvs. \u00eentr-un somn lini\u0219tit. C\u00e2nd ie\u0219i\u021bi la o plimbare pe timp de iarn\u0103 sau la o vizit\u0103 la gr\u0103dina zoologic\u0103, perna se potrive\u0219te perfect \u00een c\u0103rucior, asigur\u00e2ndu-v\u0103 c\u0103 bebelu\u0219ul r\u0103m\u00e2ne confortabil \u00een timp ce este \u00eenconjurat de designul \u00eenc\u00e2nt\u0103tor al pinguinilor. P\u0103rin\u021bii sunt absolut \u00eendr\u0103gosti\u021bi de aceast\u0103 pern\u0103! O mam\u0103 a declarat: \"Copilul meu nu se mai satur\u0103 de aceast\u0103 pern\u0103 pinguin. Este at\u00e2t de moale, iar designul este pur \u0219i simplu adorabil. \u00cen plus, a fost foarte util\u0103 pentru a-i men\u021bine capul \u00eentr-o pozi\u021bie bun\u0103.\" Un tat\u0103 a ad\u0103ugat: \"A devenit accesoriul nostru pentru fiecare ie\u0219ire. Op\u021biunile de culori sunt grozave, iar bebelu\u0219ul nostru pare \u00eentotdeauna at\u00e2t de fericit c\u00e2nd vede pinguinul. Foarte recomandat!\" Disponibil\u0103 \u00een nuan\u021bele fermec\u0103toare de roz \u0219i albastru, perna Penguin Shaping este mai mult dec\u00e2t un accesoriu pentru bebelu\u0219i; este un companion drag, care promite confort, sprijin \u0219i mult\u0103 bucurie inspirat\u0103 de pinguini pentru primele luni de via\u021b\u0103 ale bebelu\u0219ului dumneavoastr\u0103.<\/div>\n<\/div>","protected":false},"excerpt":{"rendered":"<p>Perna Penguin Shaping Pillow este un produs irezistibil de dr\u0103gu\u021b \u0219i practic, adaptat sugarilor cu v\u00e2rste cuprinse \u00eentre 0 \u0219i 6 luni. Designul s\u0103u, modelat dup\u0103 un pinguin adorabil cu un corp dolofan, \u00eenot\u0103toare \u0219i un cioc dulce, cu siguran\u021b\u0103 va cuceri inimile la prima vedere. Decupajul central al pernei este proiectat cu aten\u021bie pentru a oferi un sprijin bl\u00e2nd \u0219i ergonomic pentru capul bebelu\u0219ului, ajut\u00e2nd la men\u021binerea unei forme corecte a capului \u00een timpul etapei cruciale de dezvoltare timpurie. M\u0103sur\u00e2nd 26,5*<em>25*<\/em>1,5CM, se potrive\u0219te perfect \u00een p\u0103tu\u021buri, c\u0103rucioare sau c\u0103rucioare pentru copii, oferind un loc de odihn\u0103 confortabil \u0219i familiar pentru micu\u021bul dvs. oriunde s-ar afla. Disponibil \u00een roz \u0219i albastru, permite p\u0103rin\u021bilor s\u0103 aleag\u0103 o culoare care se potrive\u0219te preferin\u021belor lor sau decorului camerei copilului, combin\u00e2nd at\u00e2t farmecul, c\u00e2t \u0219i func\u021bionalitatea pentru a \u00eembun\u0103t\u0103\u021bi \u00eengrijirea copilului.<\/p>","protected":false},"featured_media":3301,"comment_status":"open","ping_status":"closed","template":"","meta":{"_uag_custom_page_level_css":"","site-sidebar-layout":"default","site-content-layout":"","ast-site-content-layout":"default","site-content-style":"default","site-sidebar-style":"default","ast-global-header-display":"","ast-banner-title-visibility":"","ast-main-header-display":"","ast-hfb-above-header-display":"","ast-hfb-below-header-display":"","ast-hfb-mobile-header-display":"","site-post-title":"","ast-breadcrumbs-content":"","ast-featured-img":"","footer-sml-layout":"","ast-disable-related-posts":"","theme-transparent-header-meta":"default","adv-header-id-meta":"","stick-header-meta":"","header-above-stick-meta":"","header-main-stick-meta":"","header-below-stick-meta":"","astra-migrate-meta-layouts":"set","ast-page-background-enabled":"default","ast-page-background-meta":{"desktop":{"background-color":"","background-image":"","background-repeat":"repeat","background-position":"center center","background-size":"auto","background-attachment":"scroll","background-type":"","background-media":"","overlay-type":"","overlay-color":"","overlay-opacity":"","overlay-gradient":""},"tablet":{"background-color":"","background-image":"","background-repeat":"repeat","background-position":"center center","background-size":"auto","background-attachment":"scroll","background-type":"","background-media":"","overlay-type":"","overlay-color":"","overlay-opacity":"","overlay-gradient":""},"mobile":{"background-color":"","background-image":"","background-repeat":"repeat","background-position":"center center","background-size":"auto","background-attachment":"scroll","background-type":"","background-media":"","overlay-type":"","overlay-color":"","overlay-opacity":"","overlay-gradient":""}},"ast-content-background-meta":{"desktop":{"background-color":"var(--ast-global-color-5)","background-image":"","background-repeat":"repeat","background-position":"center center","background-size":"auto","background-attachment":"scroll","background-type":"","background-media":"","overlay-type":"","overlay-color":"","overlay-opacity":"","overlay-gradient":""},"tablet":{"background-color":"var(--ast-global-color-5)","background-image":"","background-repeat":"repeat","background-position":"center center","background-size":"auto","background-attachment":"scroll","background-type":"","background-media":"","overlay-type":"","overlay-color":"","overlay-opacity":"","overlay-gradient":""},"mobile":{"background-color":"var(--ast-global-color-5)","background-image":"","background-repeat":"repeat","background-position":"center center","background-size":"auto","background-attachment":"scroll","background-type":"","background-media":"","overlay-type":"","overlay-color":"","overlay-opacity":"","overlay-gradient":""}}},"product_brand":[],"product_cat":[54,42],"product_tag":[70,68,71,69],"class_list":{"0":"post-3300","1":"product","2":"type-product","3":"status-publish","4":"has-post-thumbnail","6":"product_cat-0-to-6months","7":"product_cat-merchandise","8":"product_tag-babypillow","9":"product_tag-cuteanimalpillow","10":"product_tag-headshapesupport","11":"product_tag-kouniushapingpillow","12":"desktop-align-left","13":"tablet-align-left","14":"mobile-align-left","16":"first","17":"instock","18":"shipping-taxable","19":"product-type-simple"},"aioseo_notices":[],"uagb_featured_image_src":{"full":["https:\/\/babypillowwholesale.com\/wp-content\/uploads\/2025\/03\/1511.jpg",1000,1000,false],"thumbnail":["https:\/\/babypillowwholesale.com\/wp-content\/uploads\/2025\/03\/1511-150x150.jpg",150,150,true],"medium":["https:\/\/babypillowwholesale.com\/wp-content\/uploads\/2025\/03\/1511-300x300.jpg",300,300,true],"medium_large":["https:\/\/babypillowwholesale.com\/wp-content\/uploads\/2025\/03\/1511-768x768.jpg",768,768,true],"large":["https:\/\/babypillowwholesale.com\/wp-content\/uploads\/2025\/03\/1511.jpg",1000,1000,false],"1536x1536":["https:\/\/babypillowwholesale.com\/wp-content\/uploads\/2025\/03\/1511.jpg",1000,1000,false],"2048x2048":["https:\/\/babypillowwholesale.com\/wp-content\/uploads\/2025\/03\/1511.jpg",1000,1000,false],"trp-custom-language-flag":["https:\/\/babypillowwholesale.com\/wp-content\/uploads\/2025\/03\/1511.jpg",12,12,false],"woocommerce_thumbnail":["https:\/\/babypillowwholesale.com\/wp-content\/uploads\/2025\/03\/1511-300x300.jpg",300,300,true],"woocommerce_single":["https:\/\/babypillowwholesale.com\/wp-content\/uploads\/2025\/03\/1511-600x600.jpg",600,600,true],"woocommerce_gallery_thumbnail":["https:\/\/babypillowwholesale.com\/wp-content\/uploads\/2025\/03\/1511-100x100.jpg",100,100,true]},"uagb_author_info":{"display_name":"Etnen zhong","author_link":"https:\/\/babypillowwholesale.com\/ro\/author\/"},"uagb_comment_info":0,"uagb_excerpt":"The Penguin Shaping Pillow is an irresistibly cute and practical product tailored for infants aged 0 to 6 months. Its design, modeled after an adorable penguin with a chubby body, flippers, and a sweet beak, is sure to win hearts at first sight. The central cut - out of the pillow is carefully engineered to&hellip;","jetpack_sharing_enabled":true,"_links":{"self":[{"href":"https:\/\/babypillowwholesale.com\/ro\/wp-json\/wp\/v2\/product\/3300","targetHints":{"allow":["GET"]}}],"collection":[{"href":"https:\/\/babypillowwholesale.com\/ro\/wp-json\/wp\/v2\/product"}],"about":[{"href":"https:\/\/babypillowwholesale.com\/ro\/wp-json\/wp\/v2\/types\/product"}],"replies":[{"embeddable":true,"href":"https:\/\/babypillowwholesale.com\/ro\/wp-json\/wp\/v2\/comments?post=3300"}],"wp:featuredmedia":[{"embeddable":true,"href":"https:\/\/babypillowwholesale.com\/ro\/wp-json\/wp\/v2\/media\/3301"}],"wp:attachment":[{"href":"https:\/\/babypillowwholesale.com\/ro\/wp-json\/wp\/v2\/media?parent=3300"}],"wp:term":[{"taxonomy":"product_brand","embeddable":true,"href":"https:\/\/babypillowwholesale.com\/ro\/wp-json\/wp\/v2\/product_brand?post=3300"},{"taxonomy":"product_cat","embeddable":true,"href":"https:\/\/babypillowwholesale.com\/ro\/wp-json\/wp\/v2\/product_cat?post=3300"},{"taxonomy":"product_tag","embeddable":true,"href":"https:\/\/babypillowwholesale.com\/ro\/wp-json\/wp\/v2\/product_tag?post=3300"}],"curies":[{"name":"wp","href":"https:\/\/api.w.org\/{rel}","templated":true}]}}