{"id":3297,"date":"2025-03-22T02:36:47","date_gmt":"2025-03-22T02:36:47","guid":{"rendered":"https:\/\/babypillowwholesale.com\/?post_type=product&#038;p=3297"},"modified":"2025-06-08T16:05:37","modified_gmt":"2025-06-08T16:05:37","slug":"snotty-elephant-shaping-pillow","status":"publish","type":"product","link":"https:\/\/babypillowwholesale.com\/ro\/product\/snotty-elephant-shaping-pillow\/","title":{"rendered":"Pern\u0103 de modelare Snotty Elephant"},"content":{"rendered":"<div class=\"auto-hide-last-sibling-br paragraph-qzbcQC paragraph-element br-paragraph-space\" data-immersive-translate-walked=\"8e61f2e7-6af2-46e5-9672-3b9e4f4033d9\" data-immersive-translate-paragraph=\"1\">\n<div class=\"auto-hide-last-sibling-br paragraph-qzbcQC paragraph-element br-paragraph-space\">Scufunda\u021bi-v\u0103 \u00eentr-o lume a confortului \u0219i a dr\u0103g\u0103l\u0103\u0219eniei cu perna noastr\u0103 Snotty Elephant Shaping Pillow, un esen\u021bial de vis conceput special pentru cele mai mici comori cu v\u00e2rsta cuprins\u0103 \u00eentre 0 \u0219i 6 luni. Designul s\u0103u \u00eenc\u00e2nt\u0103tor, inspirat de un elefant bl\u00e2nd Snotty, are urechi mari \u0219i flexibile \u0219i o fa\u021b\u0103 dulce \u0219i minimalist\u0103, ad\u0103ug\u00e2nd instantaneu un strop de farmec oceanic \u00een camera copilului dumneavoastr\u0103. Aceast\u0103 pern\u0103 nu se rezum\u0103 doar la aspectul s\u0103u adorabil; este o putere de sus\u021binere. Decupajul central precis conturat ofer\u0103 o \u00eembr\u0103\u021bi\u0219are tandr\u0103 \u0219i lini\u0219titoare capului delicat al bebelu\u0219ului, ghid\u00e2ndu-l gra\u021bios spre o form\u0103 perfect\u0103 \u00een timp ce exploreaz\u0103 minunile primelor zile. M\u0103sur\u00e2nd 26.5*25*1.5CM, este incredibil de versatil. \u00cen timpul acelor dup\u0103-amieze lini\u0219tite de acas\u0103, pune\u021bi-l \u00een p\u0103tu\u021bul bebelu\u0219ului \u0219i privi\u021bi cum transform\u0103 somnul \u00eentr-o aventur\u0103 oceanic\u0103 senin\u0103. Atunci c\u00e2nd ie\u0219i\u021bi \u00een excursie cu familia, fie c\u0103 este vorba de o excursie la plaj\u0103 sau de o vizit\u0103 la acvariu, perna se potrive\u0219te perfect \u00een c\u0103rucior, asigur\u00e2ndu-se c\u0103 micu\u021bul dvs. se bucur\u0103 de o c\u0103l\u0103torie confortabil\u0103 \u00eenconjurat de farmecul familiar al elefantului Snotty. P\u0103rin\u021bii sunt \u00eendr\u0103gosti\u021bi de aceast\u0103 pern\u0103! \"Copilul meu ador\u0103 s\u0103 se cuib\u0103reasc\u0103 \u00een aceast\u0103 pern\u0103 Snotty elephant. Este at\u00e2t de moale, iar designul este unic. De asemenea, am observat c\u0103 este grozav\u0103 pentru men\u021binerea unei forme bune a capului\", a declarat o mam\u0103 \u00eenc\u00e2ntat\u0103. Un tat\u0103 a declarat: \"A devenit un must - have pentru noi. Este u\u0219or de transportat, iar op\u021biunile de culoare sunt foarte frumoase. Bebelu\u0219ul nostru pare \u00eentotdeauna at\u00e2t de mul\u021bumit c\u00e2nd \u00eel folose\u0219te.\" Disponibil\u0103 \u00een nuan\u021bele fermec\u0103toare de roz \u0219i albastru, perna Ocean Elephant Shaping este mai mult dec\u00e2t un accesoriu pentru bebelu\u0219i; este un companion iubit, care promite confort, sus\u021binere \u0219i o mul\u021bime de farmec oceanic pentru primele luni pre\u021bioase ale bebelu\u0219ului dumneavoastr\u0103.<\/div>\n<\/div>","protected":false},"excerpt":{"rendered":"<p>Perna Snotty Elephant Shaping este o alegere atr\u0103g\u0103toare \u0219i practic\u0103 pentru bebelu\u0219ii cu v\u00e2rsta cuprins\u0103 \u00eentre 0 \u0219i 6 luni. Designul s\u0103u, modelat dup\u0103 un elefant cu tematic\u0103 oceanic\u0103, cu urechi mari \u0219i o fa\u021b\u0103 simpl\u0103 \u0219i dr\u0103gu\u021b\u0103, atrage privirile. Decupajul central al pernei este atent conturat pentru a oferi un sprijin u\u0219or pentru capul bebelu\u0219ului, ajut\u00e2nd la men\u021binerea unei forme corecte a capului \u00een timpul dezvolt\u0103rii timpurii. M\u0103sur\u00e2nd 26,5*<em>25*<\/em>1,5CM, se potrive\u0219te bine \u00een p\u0103tu\u021buri, c\u0103rucioare sau atunci c\u00e2nd bebelu\u0219ul se relaxeaz\u0103 pe un covor de joac\u0103. Disponibil \u00een roz \u0219i albastru, ofer\u0103 p\u0103rin\u021bilor op\u021biunea de a selecta o culoare care se potrive\u0219te gustului sau decorului camerei copilului, combin\u00e2nd at\u00e2t farmecul, c\u00e2t \u0219i func\u021bionalitatea pentru \u00eengrijirea bebelu\u0219ului.<\/p>","protected":false},"featured_media":3298,"comment_status":"open","ping_status":"closed","template":"","meta":{"_uag_custom_page_level_css":"","site-sidebar-layout":"default","site-content-layout":"","ast-site-content-layout":"default","site-content-style":"default","site-sidebar-style":"default","ast-global-header-display":"","ast-banner-title-visibility":"","ast-main-header-display":"","ast-hfb-above-header-display":"","ast-hfb-below-header-display":"","ast-hfb-mobile-header-display":"","site-post-title":"","ast-breadcrumbs-content":"","ast-featured-img":"","footer-sml-layout":"","ast-disable-related-posts":"","theme-transparent-header-meta":"default","adv-header-id-meta":"","stick-header-meta":"","header-above-stick-meta":"","header-main-stick-meta":"","header-below-stick-meta":"","astra-migrate-meta-layouts":"set","ast-page-background-enabled":"default","ast-page-background-meta":{"desktop":{"background-color":"","background-image":"","background-repeat":"repeat","background-position":"center center","background-size":"auto","background-attachment":"scroll","background-type":"","background-media":"","overlay-type":"","overlay-color":"","overlay-opacity":"","overlay-gradient":""},"tablet":{"background-color":"","background-image":"","background-repeat":"repeat","background-position":"center center","background-size":"auto","background-attachment":"scroll","background-type":"","background-media":"","overlay-type":"","overlay-color":"","overlay-opacity":"","overlay-gradient":""},"mobile":{"background-color":"","background-image":"","background-repeat":"repeat","background-position":"center center","background-size":"auto","background-attachment":"scroll","background-type":"","background-media":"","overlay-type":"","overlay-color":"","overlay-opacity":"","overlay-gradient":""}},"ast-content-background-meta":{"desktop":{"background-color":"var(--ast-global-color-5)","background-image":"","background-repeat":"repeat","background-position":"center center","background-size":"auto","background-attachment":"scroll","background-type":"","background-media":"","overlay-type":"","overlay-color":"","overlay-opacity":"","overlay-gradient":""},"tablet":{"background-color":"var(--ast-global-color-5)","background-image":"","background-repeat":"repeat","background-position":"center center","background-size":"auto","background-attachment":"scroll","background-type":"","background-media":"","overlay-type":"","overlay-color":"","overlay-opacity":"","overlay-gradient":""},"mobile":{"background-color":"var(--ast-global-color-5)","background-image":"","background-repeat":"repeat","background-position":"center center","background-size":"auto","background-attachment":"scroll","background-type":"","background-media":"","overlay-type":"","overlay-color":"","overlay-opacity":"","overlay-gradient":""}}},"product_brand":[],"product_cat":[54,42],"product_tag":[70,68,71,69],"class_list":{"0":"post-3297","1":"product","2":"type-product","3":"status-publish","4":"has-post-thumbnail","6":"product_cat-0-to-6months","7":"product_cat-merchandise","8":"product_tag-babypillow","9":"product_tag-cuteanimalpillow","10":"product_tag-headshapesupport","11":"product_tag-kouniushapingpillow","12":"desktop-align-left","13":"tablet-align-left","14":"mobile-align-left","16":"first","17":"instock","18":"shipping-taxable","19":"product-type-simple"},"aioseo_notices":[],"uagb_featured_image_src":{"full":["https:\/\/babypillowwholesale.com\/wp-content\/uploads\/2025\/03\/1510.jpg",1000,1000,false],"thumbnail":["https:\/\/babypillowwholesale.com\/wp-content\/uploads\/2025\/03\/1510-150x150.jpg",150,150,true],"medium":["https:\/\/babypillowwholesale.com\/wp-content\/uploads\/2025\/03\/1510-300x300.jpg",300,300,true],"medium_large":["https:\/\/babypillowwholesale.com\/wp-content\/uploads\/2025\/03\/1510-768x768.jpg",768,768,true],"large":["https:\/\/babypillowwholesale.com\/wp-content\/uploads\/2025\/03\/1510.jpg",1000,1000,false],"1536x1536":["https:\/\/babypillowwholesale.com\/wp-content\/uploads\/2025\/03\/1510.jpg",1000,1000,false],"2048x2048":["https:\/\/babypillowwholesale.com\/wp-content\/uploads\/2025\/03\/1510.jpg",1000,1000,false],"trp-custom-language-flag":["https:\/\/babypillowwholesale.com\/wp-content\/uploads\/2025\/03\/1510.jpg",12,12,false],"woocommerce_thumbnail":["https:\/\/babypillowwholesale.com\/wp-content\/uploads\/2025\/03\/1510-300x300.jpg",300,300,true],"woocommerce_single":["https:\/\/babypillowwholesale.com\/wp-content\/uploads\/2025\/03\/1510-600x600.jpg",600,600,true],"woocommerce_gallery_thumbnail":["https:\/\/babypillowwholesale.com\/wp-content\/uploads\/2025\/03\/1510-100x100.jpg",100,100,true]},"uagb_author_info":{"display_name":"Etnen zhong","author_link":"https:\/\/babypillowwholesale.com\/ro\/author\/"},"uagb_comment_info":1,"uagb_excerpt":"The Snotty Elephant Shaping Pillow is an appealing and practical choice for infants aged 0 to 6 months. Its design, modeled after an ocean - themed elephant with large ears and a simple, cute face, is eye - catching. The central cut - out of the pillow is carefully shaped to provide gentle support for&hellip;","jetpack_sharing_enabled":true,"_links":{"self":[{"href":"https:\/\/babypillowwholesale.com\/ro\/wp-json\/wp\/v2\/product\/3297","targetHints":{"allow":["GET"]}}],"collection":[{"href":"https:\/\/babypillowwholesale.com\/ro\/wp-json\/wp\/v2\/product"}],"about":[{"href":"https:\/\/babypillowwholesale.com\/ro\/wp-json\/wp\/v2\/types\/product"}],"replies":[{"embeddable":true,"href":"https:\/\/babypillowwholesale.com\/ro\/wp-json\/wp\/v2\/comments?post=3297"}],"wp:featuredmedia":[{"embeddable":true,"href":"https:\/\/babypillowwholesale.com\/ro\/wp-json\/wp\/v2\/media\/3298"}],"wp:attachment":[{"href":"https:\/\/babypillowwholesale.com\/ro\/wp-json\/wp\/v2\/media?parent=3297"}],"wp:term":[{"taxonomy":"product_brand","embeddable":true,"href":"https:\/\/babypillowwholesale.com\/ro\/wp-json\/wp\/v2\/product_brand?post=3297"},{"taxonomy":"product_cat","embeddable":true,"href":"https:\/\/babypillowwholesale.com\/ro\/wp-json\/wp\/v2\/product_cat?post=3297"},{"taxonomy":"product_tag","embeddable":true,"href":"https:\/\/babypillowwholesale.com\/ro\/wp-json\/wp\/v2\/product_tag?post=3297"}],"curies":[{"name":"wp","href":"https:\/\/api.w.org\/{rel}","templated":true}]}}