{"id":3291,"date":"2025-03-22T01:54:48","date_gmt":"2025-03-22T01:54:48","guid":{"rendered":"https:\/\/babypillowwholesale.com\/?post_type=product&#038;p=3291"},"modified":"2025-06-08T16:08:25","modified_gmt":"2025-06-08T16:08:25","slug":"kitten-shaping-pillow","status":"publish","type":"product","link":"https:\/\/babypillowwholesale.com\/ro\/product\/kitten-shaping-pillow\/","title":{"rendered":"Pern\u0103 de modelare pentru pisoi"},"content":{"rendered":"<div class=\"auto-hide-last-sibling-br paragraph-qzbcQC paragraph-element br-paragraph-space\" data-immersive-translate-walked=\"8e61f2e7-6af2-46e5-9672-3b9e4f4033d9\" data-immersive-translate-paragraph=\"1\">\n<div class=\"auto-hide-last-sibling-br paragraph-qzbcQC paragraph-element br-paragraph-space\">Ura\u021bi-i bun venit \u00eenc\u00e2nt\u0103toarei perne Kitten Shaping Pillow, un paradis al confortului f\u0103cut pe m\u0103sur\u0103 pentru cei mai mici buc\u0103\u021bele de bucurie cu v\u00e2rste cuprinse \u00eentre 0 \u0219i 6 luni. Designul s\u0103u, inspirat de o pisicu\u021b\u0103 adorabil\u0103 cu urechi zburdalnice \u0219i o expresie dulce \u0219i ata\u0219ant\u0103, este o \u00eenc\u00e2ntare vizual\u0103 care adaug\u0103 o not\u0103 de farmec felin \u00een lumea bebelu\u0219ului dumneavoastr\u0103. Aceast\u0103 pern\u0103 nu este doar o s\u0103rb\u0103toare pentru ochi; este o capodoper\u0103 a func\u021bionalit\u0103\u021bii. Decupajul central plasat strategic ofer\u0103 o \u00eembr\u0103\u021bi\u0219are bl\u00e2nd\u0103 \u0219i ergonomic\u0103 capului delicat al bebelu\u0219ului dumneavoastr\u0103, ghid\u00e2ndu-l gra\u021bios spre o form\u0103 perfect\u0103 pe m\u0103sur\u0103 ce experimenteaz\u0103 magia primelor zile. Cu dimensiuni de 26,5*25*1,5CM, este un companion versatil pentru diverse set\u0103ri. \u00cen timpul dimine\u021bilor lene\u0219e de acas\u0103, pune\u021bi-l \u00een p\u0103tu\u021bul bebelu\u0219ului \u0219i privi\u021bi cum transform\u0103 spa\u021biul \u00eentr-un paradis confortabil cu tema pisicu\u021bei, adormindu-l pe micu\u021bul dvs. \u00eentr-un somn lini\u0219tit. C\u00e2nd pleca\u021bi \u00eentr-o aventur\u0103 \u00een familie, fie c\u0103 este vorba de o excursie la acvariu sau o vizit\u0103 la bunici, perna se potrive\u0219te perfect \u00een c\u0103rucior, asigur\u00e2nd confortul bebelu\u0219ului pe tot parcursul c\u0103l\u0103toriei. P\u0103rin\u021bii sunt foarte \u00eenc\u00e2nta\u021bi de aceast\u0103 pern\u0103! O mam\u0103 a \u00eemp\u0103rt\u0103\u0219it: \"Copilul meu se lumineaz\u0103 de fiecare dat\u0103 c\u00e2nd vede aceast\u0103 pern\u0103 pisicu\u021b\u0103. Este foarte moale, iar designul este pur \u0219i simplu prea dr\u0103gu\u021b. \u00cen plus, a fost grozav\u0103 pentru a-i men\u021bine capul \u00eentr-o pozi\u021bie bun\u0103.\" Un tat\u0103 a ad\u0103ugat: \"\u00cemi place c\u00e2t de u\u0219or este de transportat. Op\u021biunile de culori diferite sunt un mare plus. A devenit o parte esen\u021bial\u0103 a rutinei zilnice a bebelu\u0219ului nostru.\" Disponibil\u0103 \u00een nuan\u021bele fermec\u0103toare de roz, albastru \u0219i verde \u00eenchis, perna Kitten Shaping este mai mult dec\u00e2t un simplu accesoriu pentru bebelu\u0219i; este un companion iubit, care promite confort, sus\u021binere \u0219i mult\u0103 dr\u0103g\u0103l\u0103\u0219enie pentru primele luni pre\u021bioase ale bebelu\u0219ului dumneavoastr\u0103.<\/div>\n<\/div>","protected":false},"excerpt":{"rendered":"<p>Perna Kitten Shaping Pillow este un produs fermec\u0103tor \u0219i func\u021bional conceput pentru bebelu\u0219ii cu v\u00e2rste cuprinse \u00eentre 0 \u0219i 6 luni. Designul s\u0103u dr\u0103gu\u021b inspirat de pisicu\u021b\u0103, cu urechi obraznice \u0219i o expresie dulce, este atr\u0103g\u0103tor din punct de vedere vizual \u0219i cu siguran\u021b\u0103 va cuceri inimile p\u0103rin\u021bilor \u0219i ale bebelu\u0219ilor. Decupajul central al pernei ofer\u0103 un sprijin u\u0219or \u0219i ergonomic pentru capul bebelu\u0219ului, ajut\u00e2nd la men\u021binerea unei forme corecte a capului \u00een timpul etapei cruciale de dezvoltare timpurie. M\u0103sur\u00e2nd 26,5*<em>25*<\/em>1,5CM, se potrive\u0219te confortabil \u00een p\u0103tu\u021buri, c\u0103rucioare sau scaune auto pentru copii, oferind un loc de odihn\u0103 confortabil pentru micu\u021bul dvs. oriunde s-ar afla. Disponibil \u00een roz, albastru \u0219i verde \u00eenchis, ofer\u0103 p\u0103rin\u021bilor op\u021biunea de a alege o culoare care se potrive\u0219te cu preferin\u021bele lor sau cu decorul camerei copilului, combin\u00e2nd dr\u0103g\u0103l\u0103\u0219enia \u0219i caracterul practic pentru a \u00eembun\u0103t\u0103\u021bi \u00eengrijirea copilului.<\/p>","protected":false},"featured_media":3292,"comment_status":"open","ping_status":"closed","template":"","meta":{"_uag_custom_page_level_css":"","site-sidebar-layout":"default","site-content-layout":"","ast-site-content-layout":"default","site-content-style":"default","site-sidebar-style":"default","ast-global-header-display":"","ast-banner-title-visibility":"","ast-main-header-display":"","ast-hfb-above-header-display":"","ast-hfb-below-header-display":"","ast-hfb-mobile-header-display":"","site-post-title":"","ast-breadcrumbs-content":"","ast-featured-img":"","footer-sml-layout":"","ast-disable-related-posts":"","theme-transparent-header-meta":"default","adv-header-id-meta":"","stick-header-meta":"","header-above-stick-meta":"","header-main-stick-meta":"","header-below-stick-meta":"","astra-migrate-meta-layouts":"set","ast-page-background-enabled":"default","ast-page-background-meta":{"desktop":{"background-color":"","background-image":"","background-repeat":"repeat","background-position":"center center","background-size":"auto","background-attachment":"scroll","background-type":"","background-media":"","overlay-type":"","overlay-color":"","overlay-opacity":"","overlay-gradient":""},"tablet":{"background-color":"","background-image":"","background-repeat":"repeat","background-position":"center center","background-size":"auto","background-attachment":"scroll","background-type":"","background-media":"","overlay-type":"","overlay-color":"","overlay-opacity":"","overlay-gradient":""},"mobile":{"background-color":"","background-image":"","background-repeat":"repeat","background-position":"center center","background-size":"auto","background-attachment":"scroll","background-type":"","background-media":"","overlay-type":"","overlay-color":"","overlay-opacity":"","overlay-gradient":""}},"ast-content-background-meta":{"desktop":{"background-color":"var(--ast-global-color-5)","background-image":"","background-repeat":"repeat","background-position":"center center","background-size":"auto","background-attachment":"scroll","background-type":"","background-media":"","overlay-type":"","overlay-color":"","overlay-opacity":"","overlay-gradient":""},"tablet":{"background-color":"var(--ast-global-color-5)","background-image":"","background-repeat":"repeat","background-position":"center center","background-size":"auto","background-attachment":"scroll","background-type":"","background-media":"","overlay-type":"","overlay-color":"","overlay-opacity":"","overlay-gradient":""},"mobile":{"background-color":"var(--ast-global-color-5)","background-image":"","background-repeat":"repeat","background-position":"center center","background-size":"auto","background-attachment":"scroll","background-type":"","background-media":"","overlay-type":"","overlay-color":"","overlay-opacity":"","overlay-gradient":""}}},"product_brand":[],"product_cat":[54,42],"product_tag":[70,68,71,69],"class_list":{"0":"post-3291","1":"product","2":"type-product","3":"status-publish","4":"has-post-thumbnail","6":"product_cat-0-to-6months","7":"product_cat-merchandise","8":"product_tag-babypillow","9":"product_tag-cuteanimalpillow","10":"product_tag-headshapesupport","11":"product_tag-kouniushapingpillow","12":"desktop-align-left","13":"tablet-align-left","14":"mobile-align-left","16":"first","17":"instock","18":"shipping-taxable","19":"product-type-simple"},"aioseo_notices":[],"uagb_featured_image_src":{"full":["https:\/\/babypillowwholesale.com\/wp-content\/uploads\/2025\/03\/1509.jpg",1000,1000,false],"thumbnail":["https:\/\/babypillowwholesale.com\/wp-content\/uploads\/2025\/03\/1509-150x150.jpg",150,150,true],"medium":["https:\/\/babypillowwholesale.com\/wp-content\/uploads\/2025\/03\/1509-300x300.jpg",300,300,true],"medium_large":["https:\/\/babypillowwholesale.com\/wp-content\/uploads\/2025\/03\/1509-768x768.jpg",768,768,true],"large":["https:\/\/babypillowwholesale.com\/wp-content\/uploads\/2025\/03\/1509.jpg",1000,1000,false],"1536x1536":["https:\/\/babypillowwholesale.com\/wp-content\/uploads\/2025\/03\/1509.jpg",1000,1000,false],"2048x2048":["https:\/\/babypillowwholesale.com\/wp-content\/uploads\/2025\/03\/1509.jpg",1000,1000,false],"trp-custom-language-flag":["https:\/\/babypillowwholesale.com\/wp-content\/uploads\/2025\/03\/1509.jpg",12,12,false],"woocommerce_thumbnail":["https:\/\/babypillowwholesale.com\/wp-content\/uploads\/2025\/03\/1509-300x300.jpg",300,300,true],"woocommerce_single":["https:\/\/babypillowwholesale.com\/wp-content\/uploads\/2025\/03\/1509-600x600.jpg",600,600,true],"woocommerce_gallery_thumbnail":["https:\/\/babypillowwholesale.com\/wp-content\/uploads\/2025\/03\/1509-100x100.jpg",100,100,true]},"uagb_author_info":{"display_name":"Etnen zhong","author_link":"https:\/\/babypillowwholesale.com\/ro\/author\/"},"uagb_comment_info":0,"uagb_excerpt":"The Kitten Shaping Pillow is a charming and functional product designed for infants aged 0 to 6 months. Its cute kitten - inspired design, with perky ears and a sweet - faced expression, is visually appealing and sure to capture the hearts of both parents and babies. The central cut - out of the pillow&hellip;","jetpack_sharing_enabled":true,"_links":{"self":[{"href":"https:\/\/babypillowwholesale.com\/ro\/wp-json\/wp\/v2\/product\/3291","targetHints":{"allow":["GET"]}}],"collection":[{"href":"https:\/\/babypillowwholesale.com\/ro\/wp-json\/wp\/v2\/product"}],"about":[{"href":"https:\/\/babypillowwholesale.com\/ro\/wp-json\/wp\/v2\/types\/product"}],"replies":[{"embeddable":true,"href":"https:\/\/babypillowwholesale.com\/ro\/wp-json\/wp\/v2\/comments?post=3291"}],"wp:featuredmedia":[{"embeddable":true,"href":"https:\/\/babypillowwholesale.com\/ro\/wp-json\/wp\/v2\/media\/3292"}],"wp:attachment":[{"href":"https:\/\/babypillowwholesale.com\/ro\/wp-json\/wp\/v2\/media?parent=3291"}],"wp:term":[{"taxonomy":"product_brand","embeddable":true,"href":"https:\/\/babypillowwholesale.com\/ro\/wp-json\/wp\/v2\/product_brand?post=3291"},{"taxonomy":"product_cat","embeddable":true,"href":"https:\/\/babypillowwholesale.com\/ro\/wp-json\/wp\/v2\/product_cat?post=3291"},{"taxonomy":"product_tag","embeddable":true,"href":"https:\/\/babypillowwholesale.com\/ro\/wp-json\/wp\/v2\/product_tag?post=3291"}],"curies":[{"name":"wp","href":"https:\/\/api.w.org\/{rel}","templated":true}]}}