{"id":3289,"date":"2025-03-20T08:23:07","date_gmt":"2025-03-20T08:23:07","guid":{"rendered":"https:\/\/babypillowwholesale.com\/?post_type=product&#038;p=3289"},"modified":"2025-06-08T16:10:06","modified_gmt":"2025-06-08T16:10:06","slug":"crown-shaping-pillow","status":"publish","type":"product","link":"https:\/\/babypillowwholesale.com\/ro\/product\/crown-shaping-pillow\/","title":{"rendered":"Pern\u0103 pentru modelarea coroanei"},"content":{"rendered":"<div class=\"auto-hide-last-sibling-br paragraph-qzbcQC paragraph-element br-paragraph-space\" data-immersive-translate-walked=\"8e61f2e7-6af2-46e5-9672-3b9e4f4033d9\" data-immersive-translate-paragraph=\"1\">\n<div class=\"auto-hide-last-sibling-br paragraph-qzbcQC paragraph-element br-paragraph-space\">V\u0103 prezent\u0103m perna Crown Shaping, un amestec perfect de elegan\u021b\u0103 \u0219i func\u021bionalitate, meticulos creat\u0103 pentru cea mai mic\u0103 regalitate cu v\u00e2rsta cuprins\u0103 \u00eentre 0 \u0219i 6 luni. Designul s\u0103u distinctiv, \u00eempodobit cu o coroan\u0103 delicat\u0103 \u00een partea de sus, confer\u0103 o not\u0103 de farmec regal, f\u0103c\u00e2ndu-l nu doar o pern\u0103, ci o pies\u0103 statement \u00een orice camer\u0103 pentru copii. Aceast\u0103 pern\u0103 este un sanctuar al confortului \u0219i suportului. Decupajul central precis conturat leag\u0103n\u0103 cu tandre\u021be capul delicat al bebelu\u0219ului dumneavoastr\u0103, ghid\u00e2ndu-l gra\u021bios spre o form\u0103 perfect\u0103 pe m\u0103sur\u0103 ce trece prin primele zile pre\u021bioase. Cu dimensiunile de 26,5*25*1,5CM, se potrive\u0219te perfect pentru diverse medii. Fie c\u0103 este cuib\u0103rit\u0103 \u00een moliciunea luxoas\u0103 a p\u0103tu\u021bului bebelu\u0219ului dvs., cre\u00e2nd un tron confortabil pentru somnul lor lini\u0219tit, fie c\u0103 \u00eel \u00eenso\u021be\u0219te \u00een c\u0103rucior \u00een timpul unei plimb\u0103ri \u00eensorite \u00een cartier, aceast\u0103 pern\u0103 asigur\u0103 un confort de neclintit. De asemenea, se potrive\u0219te perfect \u00een c\u0103rucioarele pentru copii, f\u0103c\u00e2nd ie\u0219irile o floare la ureche \u00een timp ce v\u0103 men\u021bine micu\u021bul confortabil sus\u021binut. P\u0103rin\u021bii sunt \u00eenc\u00e2nta\u021bi de aceast\u0103 pern\u0103! O mam\u0103 \u00eenc\u00e2ntat\u0103 a \u00eemp\u0103rt\u0103\u0219it: \"Copilul meu arat\u0103 ca un mic prin\u021b\/prin\u021bes\u0103 odihnindu-se pe aceast\u0103 pern\u0103 cu coroan\u0103. Este incredibil de moale \u0219i am observat o mare \u00eembun\u0103t\u0103\u021bire a formei capului s\u0103u. Culoarea albastr\u0103 pe care am ales-o este pur \u0219i simplu uimitoare \u00een camera copilului.\" Un tat\u0103 a ad\u0103ugat: \"Este at\u00e2t de convenabil s\u0103 o lu\u0103m cu noi peste tot. Designul este unic, iar bebelu\u0219ul meu pare s\u0103 \u00eel adore. Este un plus grozav pentru lucrurile noastre esen\u021biale pentru bebelu\u0219i.\" Disponibil\u0103 \u00een nuan\u021bele fermec\u0103toare de roz \u0219i albastru, perna Crown Shaping este mai mult dec\u00e2t un accesoriu pentru bebelu\u0219i; este un companion drag, care promite confort, sprijin \u0219i un strop de alur\u0103 regal\u0103 pentru primele luni pre\u021bioase ale bebelu\u0219ului dumneavoastr\u0103.<\/div>\n<\/div>","protected":false},"excerpt":{"rendered":"<p>Perna Crown Shaping este un produs fermec\u0103tor \u0219i practic conceput pentru bebelu\u0219ii cu v\u00e2rsta cuprins\u0103 \u00eentre 0 \u0219i 6 luni. Designul s\u0103u unic, cu o coroan\u0103 dr\u0103gu\u021b\u0103 deasupra, \u00eei confer\u0103 un aspect regal \u0219i adorabil. Decupajul central al pernei este realizat cu grij\u0103 pentru a oferi un sprijin u\u0219or pentru capul bebelu\u0219ului, ajut\u00e2nd la men\u021binerea unei forme corecte a capului \u00een timpul etapei cruciale de dezvoltare timpurie. M\u0103sur\u0103 26,5<em>25<\/em>1,5CM, se potrive\u0219te confortabil \u00een p\u0103tu\u021buri, c\u0103rucioare sau atunci c\u00e2nd bebelu\u0219ul se relaxeaz\u0103 pe o p\u0103tur\u0103. Disponibil \u00een roz \u0219i albastru, permite p\u0103rin\u021bilor s\u0103 aleag\u0103 o culoare care se potrive\u0219te gustului sau decorului camerei copilului, combin\u00e2nd at\u00e2t stilul, c\u00e2t \u0219i func\u021bionalitatea pentru \u00eengrijirea optim\u0103 a bebelu\u0219ului.<\/p>","protected":false},"featured_media":3290,"comment_status":"open","ping_status":"closed","template":"","meta":{"_uag_custom_page_level_css":"","site-sidebar-layout":"default","site-content-layout":"","ast-site-content-layout":"default","site-content-style":"default","site-sidebar-style":"default","ast-global-header-display":"","ast-banner-title-visibility":"","ast-main-header-display":"","ast-hfb-above-header-display":"","ast-hfb-below-header-display":"","ast-hfb-mobile-header-display":"","site-post-title":"","ast-breadcrumbs-content":"","ast-featured-img":"","footer-sml-layout":"","ast-disable-related-posts":"","theme-transparent-header-meta":"default","adv-header-id-meta":"","stick-header-meta":"","header-above-stick-meta":"","header-main-stick-meta":"","header-below-stick-meta":"","astra-migrate-meta-layouts":"set","ast-page-background-enabled":"default","ast-page-background-meta":{"desktop":{"background-color":"","background-image":"","background-repeat":"repeat","background-position":"center center","background-size":"auto","background-attachment":"scroll","background-type":"","background-media":"","overlay-type":"","overlay-color":"","overlay-opacity":"","overlay-gradient":""},"tablet":{"background-color":"","background-image":"","background-repeat":"repeat","background-position":"center center","background-size":"auto","background-attachment":"scroll","background-type":"","background-media":"","overlay-type":"","overlay-color":"","overlay-opacity":"","overlay-gradient":""},"mobile":{"background-color":"","background-image":"","background-repeat":"repeat","background-position":"center center","background-size":"auto","background-attachment":"scroll","background-type":"","background-media":"","overlay-type":"","overlay-color":"","overlay-opacity":"","overlay-gradient":""}},"ast-content-background-meta":{"desktop":{"background-color":"var(--ast-global-color-5)","background-image":"","background-repeat":"repeat","background-position":"center center","background-size":"auto","background-attachment":"scroll","background-type":"","background-media":"","overlay-type":"","overlay-color":"","overlay-opacity":"","overlay-gradient":""},"tablet":{"background-color":"var(--ast-global-color-5)","background-image":"","background-repeat":"repeat","background-position":"center center","background-size":"auto","background-attachment":"scroll","background-type":"","background-media":"","overlay-type":"","overlay-color":"","overlay-opacity":"","overlay-gradient":""},"mobile":{"background-color":"var(--ast-global-color-5)","background-image":"","background-repeat":"repeat","background-position":"center center","background-size":"auto","background-attachment":"scroll","background-type":"","background-media":"","overlay-type":"","overlay-color":"","overlay-opacity":"","overlay-gradient":""}}},"product_brand":[],"product_cat":[54,42],"product_tag":[70,68,71,69],"class_list":{"0":"post-3289","1":"product","2":"type-product","3":"status-publish","4":"has-post-thumbnail","6":"product_cat-0-to-6months","7":"product_cat-merchandise","8":"product_tag-babypillow","9":"product_tag-cuteanimalpillow","10":"product_tag-headshapesupport","11":"product_tag-kouniushapingpillow","12":"desktop-align-left","13":"tablet-align-left","14":"mobile-align-left","16":"first","17":"instock","18":"shipping-taxable","19":"product-type-simple"},"aioseo_notices":[],"uagb_featured_image_src":{"full":["https:\/\/babypillowwholesale.com\/wp-content\/uploads\/2025\/03\/1508.jpg",1000,1000,false],"thumbnail":["https:\/\/babypillowwholesale.com\/wp-content\/uploads\/2025\/03\/1508-150x150.jpg",150,150,true],"medium":["https:\/\/babypillowwholesale.com\/wp-content\/uploads\/2025\/03\/1508-300x300.jpg",300,300,true],"medium_large":["https:\/\/babypillowwholesale.com\/wp-content\/uploads\/2025\/03\/1508-768x768.jpg",768,768,true],"large":["https:\/\/babypillowwholesale.com\/wp-content\/uploads\/2025\/03\/1508.jpg",1000,1000,false],"1536x1536":["https:\/\/babypillowwholesale.com\/wp-content\/uploads\/2025\/03\/1508.jpg",1000,1000,false],"2048x2048":["https:\/\/babypillowwholesale.com\/wp-content\/uploads\/2025\/03\/1508.jpg",1000,1000,false],"trp-custom-language-flag":["https:\/\/babypillowwholesale.com\/wp-content\/uploads\/2025\/03\/1508.jpg",12,12,false],"woocommerce_thumbnail":["https:\/\/babypillowwholesale.com\/wp-content\/uploads\/2025\/03\/1508-300x300.jpg",300,300,true],"woocommerce_single":["https:\/\/babypillowwholesale.com\/wp-content\/uploads\/2025\/03\/1508-600x600.jpg",600,600,true],"woocommerce_gallery_thumbnail":["https:\/\/babypillowwholesale.com\/wp-content\/uploads\/2025\/03\/1508-100x100.jpg",100,100,true]},"uagb_author_info":{"display_name":"yangli","author_link":"https:\/\/babypillowwholesale.com\/ro\/author\/"},"uagb_comment_info":0,"uagb_excerpt":"The Crown Shaping Pillow is a charming and practical product designed for infants aged 0 to 6 months. Its unique design, featuring a cute crown on top, gives it a regal and adorable look. The central cut - out of the pillow is carefully crafted to provide gentle support for a baby's head, helping to&hellip;","jetpack_sharing_enabled":true,"_links":{"self":[{"href":"https:\/\/babypillowwholesale.com\/ro\/wp-json\/wp\/v2\/product\/3289","targetHints":{"allow":["GET"]}}],"collection":[{"href":"https:\/\/babypillowwholesale.com\/ro\/wp-json\/wp\/v2\/product"}],"about":[{"href":"https:\/\/babypillowwholesale.com\/ro\/wp-json\/wp\/v2\/types\/product"}],"replies":[{"embeddable":true,"href":"https:\/\/babypillowwholesale.com\/ro\/wp-json\/wp\/v2\/comments?post=3289"}],"wp:featuredmedia":[{"embeddable":true,"href":"https:\/\/babypillowwholesale.com\/ro\/wp-json\/wp\/v2\/media\/3290"}],"wp:attachment":[{"href":"https:\/\/babypillowwholesale.com\/ro\/wp-json\/wp\/v2\/media?parent=3289"}],"wp:term":[{"taxonomy":"product_brand","embeddable":true,"href":"https:\/\/babypillowwholesale.com\/ro\/wp-json\/wp\/v2\/product_brand?post=3289"},{"taxonomy":"product_cat","embeddable":true,"href":"https:\/\/babypillowwholesale.com\/ro\/wp-json\/wp\/v2\/product_cat?post=3289"},{"taxonomy":"product_tag","embeddable":true,"href":"https:\/\/babypillowwholesale.com\/ro\/wp-json\/wp\/v2\/product_tag?post=3289"}],"curies":[{"name":"wp","href":"https:\/\/api.w.org\/{rel}","templated":true}]}}