{"id":3286,"date":"2025-03-18T15:34:57","date_gmt":"2025-03-18T15:34:57","guid":{"rendered":"https:\/\/babypillowwholesale.com\/?post_type=product&#038;p=3286"},"modified":"2025-06-08T16:11:21","modified_gmt":"2025-06-08T16:11:21","slug":"monster-shaping-pillow","status":"publish","type":"product","link":"https:\/\/babypillowwholesale.com\/ro\/product\/monster-shaping-pillow\/","title":{"rendered":"Pern\u0103 Monster Shaping"},"content":{"rendered":"<div class=\"auto-hide-last-sibling-br paragraph-qzbcQC paragraph-element br-paragraph-space\" data-immersive-translate-walked=\"8e61f2e7-6af2-46e5-9672-3b9e4f4033d9\" data-immersive-translate-paragraph=\"1\">\n<div class=\"auto-hide-last-sibling-br paragraph-qzbcQC paragraph-element br-paragraph-space\">P\u0103\u0219i\u021bi \u00eentr-o lume a capriciilor \u0219i a confortului cu perna noastr\u0103 Monster Shaping, absolut esen\u021bial\u0103 pentru cei mai mici aventurieri cu v\u00e2rsta cuprins\u0103 \u00eentre 0 \u0219i 6 luni. Designul s\u0103u \u00eendr\u0103git inspirat de mon\u0219tri, cu ochi rotunzi mari \u0219i curio\u0219i, un nas mic \u0219i dr\u0103gu\u021b \u0219i urechi pline de via\u021b\u0103, este un accesoriu juc\u0103u\u0219 care \u00eenvesele\u0219te instantaneu orice camer\u0103 pentru copii. Aceast\u0103 pern\u0103 nu se rezum\u0103 doar la aspectul s\u0103u captivant; este un paradis de sus\u021binere. Decupajul central atent conturat ofer\u0103 o \u00eembr\u0103\u021bi\u0219are bl\u00e2nd\u0103 \u0219i lini\u0219titoare capului delicat al bebelu\u0219ului, ghid\u00e2ndu-l gra\u021bios spre o form\u0103 perfect\u0103 pe m\u0103sur\u0103 ce exploreaz\u0103 primele zile ale vie\u021bii sale. Cu dimensiuni de 26.5*25*1.5CM, este incredibil de versatil. \u00cen timpul acelor dup\u0103-amieze lene\u0219e de duminic\u0103 de acas\u0103, pune\u021bi-l \u00een p\u0103tu\u021bul bebelu\u0219ului \u0219i privi\u021bi cum transform\u0103 somnul \u00eentr-o experien\u021b\u0103 confortabil\u0103, plin\u0103 de vise. Atunci c\u00e2nd ie\u0219i\u021bi \u00een excursie cu familia, fie c\u0103 este vorba de o excursie la gr\u0103dina zoologic\u0103 sau de un picnic \u00een parc, perna se potrive\u0219te perfect \u00een c\u0103rucior, asigur\u00e2ndu-v\u0103 c\u0103 micu\u021bul dvs. se bucur\u0103 de o c\u0103l\u0103torie confortabil\u0103. P\u0103rin\u021bii sunt \u00eenc\u00e2nta\u021bi de aceast\u0103 pern\u0103 \u00eenc\u00e2nt\u0103toare! O mam\u0103 a spus: \"Copilul meu este obsedat de aceast\u0103 pern\u0103 monstru. Este at\u00e2t de moale, iar designul \u00eel face mereu s\u0103 chicoteasc\u0103. \u00cen plus, a fost grozav\u0103 pentru a le men\u021bine capul \u00eentr-o pozi\u021bie bun\u0103.\" Un tat\u0103 a \u00eemp\u0103rt\u0103\u0219it: \"\u00cemi place c\u00e2t de u\u0219or este de transportat. A devenit un element de baz\u0103 pentru c\u0103l\u0103toriile noastre, iar op\u021biunile de culoare sunt foarte frumoase. \u00cel recomand cu c\u0103ldur\u0103 altor p\u0103rin\u021bi\". Disponibil\u0103 \u00een nuan\u021bele fermec\u0103toare de roz \u0219i albastru, Monster Shaping Pillow este mai mult dec\u00e2t un accesoriu pentru bebelu\u0219i; este un companion iubit, care promite confort, sprijin \u0219i mult\u0103 distrac\u021bie pentru primele zile pre\u021bioase ale bebelu\u0219ului dumneavoastr\u0103.<\/div>\n<\/div>","protected":false},"excerpt":{"rendered":"<p>Perna Monster Shaping este un produs atractiv \u0219i practic, conceput pentru bebelu\u0219ii cu v\u00e2rsta cuprins\u0103 \u00eentre 0 \u0219i 6 luni. Aspectul s\u0103u dr\u0103gu\u021b de monstru, cu ochi rotunzi, un nas mic \u0219i urechi mici, o face interesant\u0103 din punct de vedere vizual. Decupajul central unic al pernei ofer\u0103 un sprijin u\u0219or pentru capul bebelu\u0219ului, ajut\u00e2nd la men\u021binerea unei forme corecte a capului \u00een timpul cre\u0219terii timpurii. M\u0103sur\u00e2nd 26,5<em>25<\/em>1,5CM, este potrivit pentru utilizare \u00een p\u0103tu\u021buri, c\u0103rucioare sau atunci c\u00e2nd bebelu\u0219ul este \u00eentins pe un covor de joac\u0103. Disponibil \u00een roz \u0219i albastru, ofer\u0103 p\u0103rin\u021bilor op\u021biunea de a alege o culoare care se potrive\u0219te preferin\u021belor lor sau decorului camerei copilului, combin\u00e2nd at\u00e2t distrac\u021bia, c\u00e2t \u0219i func\u021bionalitatea pentru \u00eengrijirea copilului.<\/p>","protected":false},"featured_media":3287,"comment_status":"open","ping_status":"closed","template":"","meta":{"_uag_custom_page_level_css":"","site-sidebar-layout":"default","site-content-layout":"","ast-site-content-layout":"default","site-content-style":"default","site-sidebar-style":"default","ast-global-header-display":"","ast-banner-title-visibility":"","ast-main-header-display":"","ast-hfb-above-header-display":"","ast-hfb-below-header-display":"","ast-hfb-mobile-header-display":"","site-post-title":"","ast-breadcrumbs-content":"","ast-featured-img":"","footer-sml-layout":"","ast-disable-related-posts":"","theme-transparent-header-meta":"default","adv-header-id-meta":"","stick-header-meta":"","header-above-stick-meta":"","header-main-stick-meta":"","header-below-stick-meta":"","astra-migrate-meta-layouts":"set","ast-page-background-enabled":"default","ast-page-background-meta":{"desktop":{"background-color":"","background-image":"","background-repeat":"repeat","background-position":"center center","background-size":"auto","background-attachment":"scroll","background-type":"","background-media":"","overlay-type":"","overlay-color":"","overlay-opacity":"","overlay-gradient":""},"tablet":{"background-color":"","background-image":"","background-repeat":"repeat","background-position":"center center","background-size":"auto","background-attachment":"scroll","background-type":"","background-media":"","overlay-type":"","overlay-color":"","overlay-opacity":"","overlay-gradient":""},"mobile":{"background-color":"","background-image":"","background-repeat":"repeat","background-position":"center center","background-size":"auto","background-attachment":"scroll","background-type":"","background-media":"","overlay-type":"","overlay-color":"","overlay-opacity":"","overlay-gradient":""}},"ast-content-background-meta":{"desktop":{"background-color":"var(--ast-global-color-5)","background-image":"","background-repeat":"repeat","background-position":"center center","background-size":"auto","background-attachment":"scroll","background-type":"","background-media":"","overlay-type":"","overlay-color":"","overlay-opacity":"","overlay-gradient":""},"tablet":{"background-color":"var(--ast-global-color-5)","background-image":"","background-repeat":"repeat","background-position":"center center","background-size":"auto","background-attachment":"scroll","background-type":"","background-media":"","overlay-type":"","overlay-color":"","overlay-opacity":"","overlay-gradient":""},"mobile":{"background-color":"var(--ast-global-color-5)","background-image":"","background-repeat":"repeat","background-position":"center center","background-size":"auto","background-attachment":"scroll","background-type":"","background-media":"","overlay-type":"","overlay-color":"","overlay-opacity":"","overlay-gradient":""}}},"product_brand":[],"product_cat":[54,42],"product_tag":[70,68,71,69],"class_list":{"0":"post-3286","1":"product","2":"type-product","3":"status-publish","4":"has-post-thumbnail","6":"product_cat-0-to-6months","7":"product_cat-merchandise","8":"product_tag-babypillow","9":"product_tag-cuteanimalpillow","10":"product_tag-headshapesupport","11":"product_tag-kouniushapingpillow","12":"desktop-align-left","13":"tablet-align-left","14":"mobile-align-left","16":"first","17":"instock","18":"shipping-taxable","19":"product-type-simple"},"aioseo_notices":[],"uagb_featured_image_src":{"full":["https:\/\/babypillowwholesale.com\/wp-content\/uploads\/2025\/03\/1507.jpg",1000,1000,false],"thumbnail":["https:\/\/babypillowwholesale.com\/wp-content\/uploads\/2025\/03\/1507-150x150.jpg",150,150,true],"medium":["https:\/\/babypillowwholesale.com\/wp-content\/uploads\/2025\/03\/1507-300x300.jpg",300,300,true],"medium_large":["https:\/\/babypillowwholesale.com\/wp-content\/uploads\/2025\/03\/1507-768x768.jpg",768,768,true],"large":["https:\/\/babypillowwholesale.com\/wp-content\/uploads\/2025\/03\/1507.jpg",1000,1000,false],"1536x1536":["https:\/\/babypillowwholesale.com\/wp-content\/uploads\/2025\/03\/1507.jpg",1000,1000,false],"2048x2048":["https:\/\/babypillowwholesale.com\/wp-content\/uploads\/2025\/03\/1507.jpg",1000,1000,false],"trp-custom-language-flag":["https:\/\/babypillowwholesale.com\/wp-content\/uploads\/2025\/03\/1507.jpg",12,12,false],"woocommerce_thumbnail":["https:\/\/babypillowwholesale.com\/wp-content\/uploads\/2025\/03\/1507-300x300.jpg",300,300,true],"woocommerce_single":["https:\/\/babypillowwholesale.com\/wp-content\/uploads\/2025\/03\/1507-600x600.jpg",600,600,true],"woocommerce_gallery_thumbnail":["https:\/\/babypillowwholesale.com\/wp-content\/uploads\/2025\/03\/1507-100x100.jpg",100,100,true]},"uagb_author_info":{"display_name":"Etnen zhong","author_link":"https:\/\/babypillowwholesale.com\/ro\/author\/"},"uagb_comment_info":0,"uagb_excerpt":"The Monster Shaping Pillow is an engaging and practical product designed for infants aged 0 to 6 months. Its cute monster - themed appearance, with round eyes, a small nose, and little ears, makes it visually interesting. The unique central cut - out of the pillow provides gentle support for a baby's head, helping to&hellip;","jetpack_sharing_enabled":true,"_links":{"self":[{"href":"https:\/\/babypillowwholesale.com\/ro\/wp-json\/wp\/v2\/product\/3286","targetHints":{"allow":["GET"]}}],"collection":[{"href":"https:\/\/babypillowwholesale.com\/ro\/wp-json\/wp\/v2\/product"}],"about":[{"href":"https:\/\/babypillowwholesale.com\/ro\/wp-json\/wp\/v2\/types\/product"}],"replies":[{"embeddable":true,"href":"https:\/\/babypillowwholesale.com\/ro\/wp-json\/wp\/v2\/comments?post=3286"}],"wp:featuredmedia":[{"embeddable":true,"href":"https:\/\/babypillowwholesale.com\/ro\/wp-json\/wp\/v2\/media\/3287"}],"wp:attachment":[{"href":"https:\/\/babypillowwholesale.com\/ro\/wp-json\/wp\/v2\/media?parent=3286"}],"wp:term":[{"taxonomy":"product_brand","embeddable":true,"href":"https:\/\/babypillowwholesale.com\/ro\/wp-json\/wp\/v2\/product_brand?post=3286"},{"taxonomy":"product_cat","embeddable":true,"href":"https:\/\/babypillowwholesale.com\/ro\/wp-json\/wp\/v2\/product_cat?post=3286"},{"taxonomy":"product_tag","embeddable":true,"href":"https:\/\/babypillowwholesale.com\/ro\/wp-json\/wp\/v2\/product_tag?post=3286"}],"curies":[{"name":"wp","href":"https:\/\/api.w.org\/{rel}","templated":true}]}}