{"id":3273,"date":"2025-03-18T07:02:19","date_gmt":"2025-03-18T07:02:19","guid":{"rendered":"https:\/\/babypillowwholesale.com\/?post_type=product&#038;p=3273"},"modified":"2025-06-08T16:12:27","modified_gmt":"2025-06-08T16:12:27","slug":"adorable-bunny-shaping-pillow","status":"publish","type":"product","link":"https:\/\/babypillowwholesale.com\/ro\/product\/adorable-bunny-shaping-pillow\/","title":{"rendered":"Pern\u0103 Adorabil Bunny Shaping"},"content":{"rendered":"<div class=\"auto-hide-last-sibling-br paragraph-qzbcQC paragraph-element br-paragraph-space\" data-immersive-translate-walked=\"8e61f2e7-6af2-46e5-9672-3b9e4f4033d9\" data-immersive-translate-paragraph=\"1\">\n<div class=\"auto-hide-last-sibling-br paragraph-qzbcQC paragraph-element br-paragraph-space\">R\u0103sf\u0103\u021ba\u021bi-v\u0103 micu\u021bul \u00een poala confortului cu perna noastr\u0103 Adorable Bunny Shaping Pillow, un must - have pentru sugari cu v\u00e2rsta cuprins\u0103 \u00eentre 0 \u0219i 6 luni. Realizat\u0103 pentru a imita un iepura\u0219 pre\u021bios, cu urechi c\u0103zute \u0219i o expresie senin\u0103, cu ochii pe jum\u0103tate \u00eenchi\u0219i, este o capodoper\u0103 vizual\u0103 care adaug\u0103 o not\u0103 de farmec de basm oric\u0103rei camere pentru copii. Aceast\u0103 pern\u0103 este un exemplu de func\u021bionalitate. Decupajul central plasat strategic ofer\u0103 un suport delicat, de leg\u0103nare a capului delicat al bebelu\u0219ului, ghid\u00e2ndu-l gra\u021bios spre o form\u0103 perfect\u0103 pe m\u0103sur\u0103 ce experimenteaz\u0103 minunile primelor luni. Cu dimensiuni de 26,5*25*1,5CM, este incredibil de versatil. Fie c\u0103 este cuib\u0103rit\u0103 \u00een \u00eembr\u0103\u021bi\u0219area moale a p\u0103tu\u021bului bebelu\u0219ului, transform\u00e2nd somnul \u00eentr-o evadare de vis, sau plasat\u0103 \u00een c\u0103rucior pentru o plimbare \u00een briz\u0103 de-a lungul plajei, aceast\u0103 pern\u0103 asigur\u0103 c\u0103 micul t\u0103u pachet de bucurie este \u00eentotdeauna confortabil. De asemenea, se potrive\u0219te perfect \u00een scaunele auto pentru bebelu\u0219i, f\u0103c\u00e2nd c\u0103l\u0103toriile lungi cu ma\u0219ina o afacere lini\u0219tit\u0103 pentru bebelu\u0219ul dvs. P\u0103rin\u021bii sunt \u00eendr\u0103gosti\u021bi de aceast\u0103 pern\u0103! \"\u00cen momentul \u00een care am a\u0219ezat aceast\u0103 pern\u0103 Adorable Bunny Shaping Pillow \u00een p\u0103tu\u021bul copilului meu, am \u0219tiut c\u0103 este un c\u00e2\u0219tig\u0103tor. Nu numai c\u0103 este super moale, dar a f\u0103cut \u0219i o diferen\u021b\u0103 vizibil\u0103 \u00een forma capului bebelu\u0219ului meu\", a exclamat o mam\u0103 fericit\u0103. Un tat\u0103 a \u00eemp\u0103rt\u0103\u0219it: \"\u00cel iau cu noi oriunde mergem. Op\u021biunile de culori diferite sunt grozave, iar designul de iepura\u0219 \u00eel face \u00eentotdeauna pe bebelu\u0219ul meu s\u0103 z\u00e2mbeasc\u0103. Este o achizi\u021bie obligatorie pentru noii p\u0103rin\u021bi\". Disponibil\u0103 \u00een nuan\u021bele fermec\u0103toare de roz, albastru \u0219i verde \u00eenchis, perna Adorable Bunny Shaping Pillow este mai mult dec\u00e2t un accesoriu pentru bebelu\u0219i; este un companion iubit, care promite confort, sus\u021binere \u0219i mult\u0103 dr\u0103g\u0103l\u0103\u0219enie pentru primele zile ale bebelu\u0219ului dumneavoastr\u0103.<\/div>\n<\/div>","protected":false},"excerpt":{"rendered":"<p>Perna Adorable Bunny Shaping Pillow este un produs \u00eenc\u00e2nt\u0103tor adaptat pentru bebelu\u0219ii cu v\u00e2rste cuprinse \u00eentre 0 \u0219i 6 luni. Designul s\u0103u, modelat dup\u0103 un iepura\u0219 adorabil cu urechi lungi \u0219i o expresie dulce, cu ochi somnoro\u0219i, este atr\u0103g\u0103tor din punct de vedere vizual \u0219i cu siguran\u021b\u0103 va \u00eenc\u00e2nta at\u00e2t p\u0103rin\u021bii, c\u00e2t \u0219i bebelu\u0219ii. Decupajul central al pernei este proiectat ergonomic pentru a sus\u021bine u\u0219or capul bebelu\u0219ului, ajut\u00e2nd la men\u021binerea unei forme corecte a capului \u00een timpul perioadei critice de dezvoltare timpurie. M\u0103sur\u00e2nd 26,5*<em>25*<\/em>1,5CM, se potrive\u0219te confortabil \u00een p\u0103tu\u021buri, c\u0103rucioare sau scaune auto pentru copii, oferind un loc de odihn\u0103 confortabil oriunde este bebelu\u0219ul dvs. Cu op\u021biuni de culoare roz, albastru \u0219i verde \u00eenchis, permite p\u0103rin\u021bilor s\u0103 aleag\u0103 o nuan\u021b\u0103 care se potrive\u0219te preferin\u021belor lor sau decorului camerei copilului, combin\u00e2nd dr\u0103g\u0103l\u0103\u0219enia \u0219i caracterul practic pentru \u00eengrijirea optim\u0103 a copilului.<\/p>","protected":false},"featured_media":3285,"comment_status":"open","ping_status":"closed","template":"","meta":{"_uag_custom_page_level_css":"","site-sidebar-layout":"default","site-content-layout":"","ast-site-content-layout":"default","site-content-style":"default","site-sidebar-style":"default","ast-global-header-display":"","ast-banner-title-visibility":"","ast-main-header-display":"","ast-hfb-above-header-display":"","ast-hfb-below-header-display":"","ast-hfb-mobile-header-display":"","site-post-title":"","ast-breadcrumbs-content":"","ast-featured-img":"","footer-sml-layout":"","ast-disable-related-posts":"","theme-transparent-header-meta":"default","adv-header-id-meta":"","stick-header-meta":"","header-above-stick-meta":"","header-main-stick-meta":"","header-below-stick-meta":"","astra-migrate-meta-layouts":"set","ast-page-background-enabled":"default","ast-page-background-meta":{"desktop":{"background-color":"","background-image":"","background-repeat":"repeat","background-position":"center center","background-size":"auto","background-attachment":"scroll","background-type":"","background-media":"","overlay-type":"","overlay-color":"","overlay-opacity":"","overlay-gradient":""},"tablet":{"background-color":"","background-image":"","background-repeat":"repeat","background-position":"center center","background-size":"auto","background-attachment":"scroll","background-type":"","background-media":"","overlay-type":"","overlay-color":"","overlay-opacity":"","overlay-gradient":""},"mobile":{"background-color":"","background-image":"","background-repeat":"repeat","background-position":"center center","background-size":"auto","background-attachment":"scroll","background-type":"","background-media":"","overlay-type":"","overlay-color":"","overlay-opacity":"","overlay-gradient":""}},"ast-content-background-meta":{"desktop":{"background-color":"var(--ast-global-color-5)","background-image":"","background-repeat":"repeat","background-position":"center center","background-size":"auto","background-attachment":"scroll","background-type":"","background-media":"","overlay-type":"","overlay-color":"","overlay-opacity":"","overlay-gradient":""},"tablet":{"background-color":"var(--ast-global-color-5)","background-image":"","background-repeat":"repeat","background-position":"center center","background-size":"auto","background-attachment":"scroll","background-type":"","background-media":"","overlay-type":"","overlay-color":"","overlay-opacity":"","overlay-gradient":""},"mobile":{"background-color":"var(--ast-global-color-5)","background-image":"","background-repeat":"repeat","background-position":"center center","background-size":"auto","background-attachment":"scroll","background-type":"","background-media":"","overlay-type":"","overlay-color":"","overlay-opacity":"","overlay-gradient":""}}},"product_brand":[],"product_cat":[54,42],"product_tag":[70,68,71,69],"class_list":{"0":"post-3273","1":"product","2":"type-product","3":"status-publish","4":"has-post-thumbnail","6":"product_cat-0-to-6months","7":"product_cat-merchandise","8":"product_tag-babypillow","9":"product_tag-cuteanimalpillow","10":"product_tag-headshapesupport","11":"product_tag-kouniushapingpillow","12":"desktop-align-left","13":"tablet-align-left","14":"mobile-align-left","16":"first","17":"instock","18":"shipping-taxable","19":"product-type-simple"},"aioseo_notices":[],"uagb_featured_image_src":{"full":["https:\/\/babypillowwholesale.com\/wp-content\/uploads\/2025\/03\/1506-1.jpg",1000,1000,false],"thumbnail":["https:\/\/babypillowwholesale.com\/wp-content\/uploads\/2025\/03\/1506-1-150x150.jpg",150,150,true],"medium":["https:\/\/babypillowwholesale.com\/wp-content\/uploads\/2025\/03\/1506-1-300x300.jpg",300,300,true],"medium_large":["https:\/\/babypillowwholesale.com\/wp-content\/uploads\/2025\/03\/1506-1-768x768.jpg",768,768,true],"large":["https:\/\/babypillowwholesale.com\/wp-content\/uploads\/2025\/03\/1506-1.jpg",1000,1000,false],"1536x1536":["https:\/\/babypillowwholesale.com\/wp-content\/uploads\/2025\/03\/1506-1.jpg",1000,1000,false],"2048x2048":["https:\/\/babypillowwholesale.com\/wp-content\/uploads\/2025\/03\/1506-1.jpg",1000,1000,false],"trp-custom-language-flag":["https:\/\/babypillowwholesale.com\/wp-content\/uploads\/2025\/03\/1506-1.jpg",12,12,false],"woocommerce_thumbnail":["https:\/\/babypillowwholesale.com\/wp-content\/uploads\/2025\/03\/1506-1-300x300.jpg",300,300,true],"woocommerce_single":["https:\/\/babypillowwholesale.com\/wp-content\/uploads\/2025\/03\/1506-1-600x600.jpg",600,600,true],"woocommerce_gallery_thumbnail":["https:\/\/babypillowwholesale.com\/wp-content\/uploads\/2025\/03\/1506-1-100x100.jpg",100,100,true]},"uagb_author_info":{"display_name":"Etnen zhong","author_link":"https:\/\/babypillowwholesale.com\/ro\/author\/"},"uagb_comment_info":1,"uagb_excerpt":"The Adorable Bunny Shaping Pillow is a delightful product tailored for infants aged 0 to 6 months. Its design, modeled after an adorable bunny with long ears and a sweet, sleepy - eyed expression, is visually appealing and sure to charm both parents and babies. The central cut - out of the pillow is ergonomically&hellip;","jetpack_sharing_enabled":true,"_links":{"self":[{"href":"https:\/\/babypillowwholesale.com\/ro\/wp-json\/wp\/v2\/product\/3273","targetHints":{"allow":["GET"]}}],"collection":[{"href":"https:\/\/babypillowwholesale.com\/ro\/wp-json\/wp\/v2\/product"}],"about":[{"href":"https:\/\/babypillowwholesale.com\/ro\/wp-json\/wp\/v2\/types\/product"}],"replies":[{"embeddable":true,"href":"https:\/\/babypillowwholesale.com\/ro\/wp-json\/wp\/v2\/comments?post=3273"}],"wp:featuredmedia":[{"embeddable":true,"href":"https:\/\/babypillowwholesale.com\/ro\/wp-json\/wp\/v2\/media\/3285"}],"wp:attachment":[{"href":"https:\/\/babypillowwholesale.com\/ro\/wp-json\/wp\/v2\/media?parent=3273"}],"wp:term":[{"taxonomy":"product_brand","embeddable":true,"href":"https:\/\/babypillowwholesale.com\/ro\/wp-json\/wp\/v2\/product_brand?post=3273"},{"taxonomy":"product_cat","embeddable":true,"href":"https:\/\/babypillowwholesale.com\/ro\/wp-json\/wp\/v2\/product_cat?post=3273"},{"taxonomy":"product_tag","embeddable":true,"href":"https:\/\/babypillowwholesale.com\/ro\/wp-json\/wp\/v2\/product_tag?post=3273"}],"curies":[{"name":"wp","href":"https:\/\/api.w.org\/{rel}","templated":true}]}}