{"id":3271,"date":"2025-03-18T06:30:20","date_gmt":"2025-03-18T06:30:20","guid":{"rendered":"https:\/\/babypillowwholesale.com\/?post_type=product&#038;p=3271"},"modified":"2025-06-08T16:13:28","modified_gmt":"2025-06-08T16:13:28","slug":"cute-one-shaping-pillow","status":"publish","type":"product","link":"https:\/\/babypillowwholesale.com\/ro\/product\/cute-one-shaping-pillow\/","title":{"rendered":"Dr\u0103gu\u021b O pern\u0103 de modelare"},"content":{"rendered":"<div class=\"auto-hide-last-sibling-br paragraph-qzbcQC paragraph-element br-paragraph-space\" data-immersive-translate-walked=\"8e61f2e7-6af2-46e5-9672-3b9e4f4033d9\" data-immersive-translate-paragraph=\"1\">\n<div class=\"auto-hide-last-sibling-br paragraph-qzbcQC paragraph-element br-paragraph-space\">Perna fermec\u0103toare Cute One Shaping Pillow, o pern\u0103 esen\u021bial\u0103 de vis, meticulos creat\u0103 pentru cei mai mici dragii cu v\u00e2rste \u00eentre 0 \u0219i 6 luni. Cu chipul s\u0103u fermec\u0103tor \u00eempodobit cu urechi adorabile inspirate de animale \u0219i cu o fa\u021b\u0103 dulce \u0219i atr\u0103g\u0103toare, este imposibil s\u0103 nu te \u00eendr\u0103goste\u0219ti de aceast\u0103 pern\u0103 la prima vedere.<\/div>\n<div class=\"auto-hide-last-sibling-br paragraph-qzbcQC paragraph-element br-paragraph-space\">Dincolo de exteriorul s\u0103u captivant, aceast\u0103 pern\u0103 este un exemplu de func\u021bionalitate. Decupajul central ingenios proiectat ofer\u0103 o \u00eembr\u0103\u021bi\u0219are tandr\u0103 \u0219i de sus\u021binere a capului delicat al bebelu\u0219ului dvs., ghid\u00e2ndu-l u\u0219or spre o form\u0103 perfect\u0103 pe m\u0103sur\u0103 ce c\u0103l\u0103tore\u0219te prin primele sale zile pre\u021bioase. M\u0103sur\u00e2nd 26,5*<em>25*<\/em>1.5CM, este perfect dimensionat pentru a se potrivi perfect \u00eentr-o varietate de set\u0103ri.<\/div>\n<div class=\"auto-hide-last-sibling-br paragraph-qzbcQC paragraph-element br-paragraph-space\">Fie c\u0103 este cuib\u0103rit\u0103 \u00een confortul de plu\u0219 al p\u0103tu\u021bului bebelu\u0219ului dvs., cre\u00e2nd un paradis de lini\u0219te pentru acele sieste lungi \u0219i odihnitoare, fie c\u0103 \u00eel \u00eenso\u021be\u0219te pe micu\u021bul dvs. \u00een c\u0103rucior \u00een timpul unei plimb\u0103ri lini\u0219tite \u00een parc, aceast\u0103 pern\u0103 asigur\u0103 un confort de nezdruncinat. Este, de asemenea, un companion ideal pentru acele dup\u0103-amieze confortabile acas\u0103, c\u00e2nd bebelu\u0219ul se relaxeaz\u0103 pe o p\u0103tur\u0103 moale, oferind un loc familiar \u0219i lini\u0219titor.<\/div>\n<div class=\"auto-hide-last-sibling-br paragraph-qzbcQC paragraph-element br-paragraph-space\">P\u0103rin\u021bii sunt absolut \u00eendr\u0103gosti\u021bi de perna Cute One Shaping Pillow! O mam\u0103 \u00eenc\u00e2ntat\u0103 a \u00eemp\u0103rt\u0103\u0219it: \"Aceast\u0103 pern\u0103 nu este doar incredibil de dr\u0103gu\u021b\u0103, ci face \u0219i minuni pentru forma capului copilului meu. Este at\u00e2t de moale, iar micu\u021bului meu pare s\u0103 \u00eei plac\u0103 s\u0103 se odihneasc\u0103 pe ea. \u00cen plus, op\u021biunile de culoare sunt grozave - am ales-o pe cea albastr\u0103 \u0219i arat\u0103 uimitor \u00een camera copilului.\" Un alt tat\u0103 a ad\u0103ugat: \"A devenit un element de baz\u0103 \u00een rutina noastr\u0103 zilnic\u0103. U\u0219or de transportat \u0219i aduce \u00eentotdeauna un z\u00e2mbet pe fa\u021ba copilului meu. Foarte recomandat!\"<\/div>\n<div class=\"auto-hide-last-sibling-br paragraph-qzbcQC paragraph-element br-paragraph-space\">Disponibil\u0103 \u00een nuan\u021bele fermec\u0103toare de roz, albastru \u0219i verde \u00eenchis, perna Cute One Shaping este mai mult dec\u00e2t un accesoriu pentru bebelu\u0219i; este un companion drag, \u00eembin\u00e2nd perfect dr\u0103g\u0103l\u0103\u0219enia, confortul \u0219i caracterul practic pentru primele luni pre\u021bioase ale bebelu\u0219ului dumneavoastr\u0103.<\/div>\n<\/div>","protected":false},"excerpt":{"rendered":"<p>Perna Cute One Shaping Pillow este un produs \u00eenc\u00e2nt\u0103tor \u0219i func\u021bional conceput pentru bebelu\u0219ii cu v\u00e2rsta cuprins\u0103 \u00eentre 0 \u0219i 6 luni. Aspectul s\u0103u fermec\u0103tor, cu urechi dr\u0103gu\u021be de animal \u0219i un design dulce, cu siguran\u021b\u0103 va cuceri inimile. Designul unic decupat al pernei din mijloc ofer\u0103 un sprijin u\u0219or pentru capul bebelu\u0219ului, ajut\u00e2nd la men\u021binerea unei forme s\u0103n\u0103toase a capului \u00een timpul etapei cruciale de dezvoltare timpurie. Cu o dimensiune de 26,5*<em>25*<\/em>1,5CM, se potrive\u0219te confortabil \u00eentr-un p\u0103tu\u021b, c\u0103rucior sau atunci c\u00e2nd bebelu\u0219ul se relaxeaz\u0103 pe o p\u0103tur\u0103. Disponibil \u00een roz, albastru \u0219i verde \u00eenchis, ofer\u0103 p\u0103rin\u021bilor op\u021biuni pentru a se potrivi cu preferin\u021bele lor sau cu decorul camerei copilului, combin\u00e2nd at\u00e2t dr\u0103g\u0103l\u0103\u0219enia, c\u00e2t \u0219i caracterul practic pentru \u00eengrijirea copilului.<\/p>","protected":false},"featured_media":3284,"comment_status":"open","ping_status":"closed","template":"","meta":{"_uag_custom_page_level_css":"","site-sidebar-layout":"default","site-content-layout":"","ast-site-content-layout":"default","site-content-style":"default","site-sidebar-style":"default","ast-global-header-display":"","ast-banner-title-visibility":"","ast-main-header-display":"","ast-hfb-above-header-display":"","ast-hfb-below-header-display":"","ast-hfb-mobile-header-display":"","site-post-title":"","ast-breadcrumbs-content":"","ast-featured-img":"","footer-sml-layout":"","ast-disable-related-posts":"","theme-transparent-header-meta":"default","adv-header-id-meta":"","stick-header-meta":"","header-above-stick-meta":"","header-main-stick-meta":"","header-below-stick-meta":"","astra-migrate-meta-layouts":"set","ast-page-background-enabled":"default","ast-page-background-meta":{"desktop":{"background-color":"","background-image":"","background-repeat":"repeat","background-position":"center center","background-size":"auto","background-attachment":"scroll","background-type":"","background-media":"","overlay-type":"","overlay-color":"","overlay-opacity":"","overlay-gradient":""},"tablet":{"background-color":"","background-image":"","background-repeat":"repeat","background-position":"center center","background-size":"auto","background-attachment":"scroll","background-type":"","background-media":"","overlay-type":"","overlay-color":"","overlay-opacity":"","overlay-gradient":""},"mobile":{"background-color":"","background-image":"","background-repeat":"repeat","background-position":"center center","background-size":"auto","background-attachment":"scroll","background-type":"","background-media":"","overlay-type":"","overlay-color":"","overlay-opacity":"","overlay-gradient":""}},"ast-content-background-meta":{"desktop":{"background-color":"var(--ast-global-color-5)","background-image":"","background-repeat":"repeat","background-position":"center center","background-size":"auto","background-attachment":"scroll","background-type":"","background-media":"","overlay-type":"","overlay-color":"","overlay-opacity":"","overlay-gradient":""},"tablet":{"background-color":"var(--ast-global-color-5)","background-image":"","background-repeat":"repeat","background-position":"center center","background-size":"auto","background-attachment":"scroll","background-type":"","background-media":"","overlay-type":"","overlay-color":"","overlay-opacity":"","overlay-gradient":""},"mobile":{"background-color":"var(--ast-global-color-5)","background-image":"","background-repeat":"repeat","background-position":"center center","background-size":"auto","background-attachment":"scroll","background-type":"","background-media":"","overlay-type":"","overlay-color":"","overlay-opacity":"","overlay-gradient":""}}},"product_brand":[],"product_cat":[54,42],"product_tag":[70,68,71,69],"class_list":{"0":"post-3271","1":"product","2":"type-product","3":"status-publish","4":"has-post-thumbnail","6":"product_cat-0-to-6months","7":"product_cat-merchandise","8":"product_tag-babypillow","9":"product_tag-cuteanimalpillow","10":"product_tag-headshapesupport","11":"product_tag-kouniushapingpillow","12":"desktop-align-left","13":"tablet-align-left","14":"mobile-align-left","16":"first","17":"instock","18":"shipping-taxable","19":"product-type-simple"},"aioseo_notices":[],"uagb_featured_image_src":{"full":["https:\/\/babypillowwholesale.com\/wp-content\/uploads\/2025\/03\/1167-1.jpg",1000,1000,false],"thumbnail":["https:\/\/babypillowwholesale.com\/wp-content\/uploads\/2025\/03\/1167-1-150x150.jpg",150,150,true],"medium":["https:\/\/babypillowwholesale.com\/wp-content\/uploads\/2025\/03\/1167-1-300x300.jpg",300,300,true],"medium_large":["https:\/\/babypillowwholesale.com\/wp-content\/uploads\/2025\/03\/1167-1-768x768.jpg",768,768,true],"large":["https:\/\/babypillowwholesale.com\/wp-content\/uploads\/2025\/03\/1167-1.jpg",1000,1000,false],"1536x1536":["https:\/\/babypillowwholesale.com\/wp-content\/uploads\/2025\/03\/1167-1.jpg",1000,1000,false],"2048x2048":["https:\/\/babypillowwholesale.com\/wp-content\/uploads\/2025\/03\/1167-1.jpg",1000,1000,false],"trp-custom-language-flag":["https:\/\/babypillowwholesale.com\/wp-content\/uploads\/2025\/03\/1167-1.jpg",12,12,false],"woocommerce_thumbnail":["https:\/\/babypillowwholesale.com\/wp-content\/uploads\/2025\/03\/1167-1-300x300.jpg",300,300,true],"woocommerce_single":["https:\/\/babypillowwholesale.com\/wp-content\/uploads\/2025\/03\/1167-1-600x600.jpg",600,600,true],"woocommerce_gallery_thumbnail":["https:\/\/babypillowwholesale.com\/wp-content\/uploads\/2025\/03\/1167-1-100x100.jpg",100,100,true]},"uagb_author_info":{"display_name":"Etnen zhong","author_link":"https:\/\/babypillowwholesale.com\/ro\/author\/"},"uagb_comment_info":0,"uagb_excerpt":"The Cute One Shaping Pillow is a delightful and functional product designed for infants aged 0 to 6 months. Its charming appearance, featuring cute animal - like ears and a sweet - faced design, is sure to capture hearts. The pillow's unique cut - out design in the middle provides gentle support for a baby's&hellip;","jetpack_sharing_enabled":true,"_links":{"self":[{"href":"https:\/\/babypillowwholesale.com\/ro\/wp-json\/wp\/v2\/product\/3271","targetHints":{"allow":["GET"]}}],"collection":[{"href":"https:\/\/babypillowwholesale.com\/ro\/wp-json\/wp\/v2\/product"}],"about":[{"href":"https:\/\/babypillowwholesale.com\/ro\/wp-json\/wp\/v2\/types\/product"}],"replies":[{"embeddable":true,"href":"https:\/\/babypillowwholesale.com\/ro\/wp-json\/wp\/v2\/comments?post=3271"}],"wp:featuredmedia":[{"embeddable":true,"href":"https:\/\/babypillowwholesale.com\/ro\/wp-json\/wp\/v2\/media\/3284"}],"wp:attachment":[{"href":"https:\/\/babypillowwholesale.com\/ro\/wp-json\/wp\/v2\/media?parent=3271"}],"wp:term":[{"taxonomy":"product_brand","embeddable":true,"href":"https:\/\/babypillowwholesale.com\/ro\/wp-json\/wp\/v2\/product_brand?post=3271"},{"taxonomy":"product_cat","embeddable":true,"href":"https:\/\/babypillowwholesale.com\/ro\/wp-json\/wp\/v2\/product_cat?post=3271"},{"taxonomy":"product_tag","embeddable":true,"href":"https:\/\/babypillowwholesale.com\/ro\/wp-json\/wp\/v2\/product_tag?post=3271"}],"curies":[{"name":"wp","href":"https:\/\/api.w.org\/{rel}","templated":true}]}}