{"id":3269,"date":"2025-03-17T15:47:20","date_gmt":"2025-03-17T15:47:20","guid":{"rendered":"https:\/\/babypillowwholesale.com\/?post_type=product&#038;p=3269"},"modified":"2025-06-08T16:14:39","modified_gmt":"2025-06-08T16:14:39","slug":"little-bear-crescent-pillow","status":"publish","type":"product","link":"https:\/\/babypillowwholesale.com\/ro\/product\/little-bear-crescent-pillow\/","title":{"rendered":"Perna Little Bear Crescent"},"content":{"rendered":"<div class=\"auto-hide-last-sibling-br paragraph-qzbcQC paragraph-element br-paragraph-space\" data-immersive-translate-walked=\"8e61f2e7-6af2-46e5-9672-3b9e4f4033d9\" data-immersive-translate-paragraph=\"1\">Face\u021bi cuno\u0219tin\u021b\u0103 cu fermec\u0103toarea pern\u0103 Little Bear Crescent, un amestec perfect de farmec \u0219i func\u021bionalitate, croit\u0103 pentru cei mai mici dormitori cu v\u00e2rste cuprinse \u00eentre 0 \u0219i 6 luni. Sem\u0103n\u00e2nd cu un ursule\u021b adorabil, cu urechile sale zburdalnice \u0219i cu o fa\u021b\u0103 care eman\u0103 c\u0103ldur\u0103, aceasta este un r\u0103pitor instantaneu de inimi, ad\u0103ug\u00e2nd o doz\u0103 de dr\u0103g\u0103l\u0103\u0219enie \u00een lumea bebelu\u0219ului dumneavoastr\u0103. Aceast\u0103 pern\u0103 nu este doar o \u00eenc\u00e2ntare vizual\u0103; este o putere de confort. Forma de semilun\u0103 atent conturat\u0103 ofer\u0103 o \u00eembr\u0103\u021bi\u0219are bl\u00e2nd\u0103 \u0219i ergonomic\u0103 capului delicat al bebelu\u0219ului dvs., ghid\u00e2ndu-l spre o form\u0103 frumoas\u0103 pe m\u0103sur\u0103 ce c\u0103l\u0103tore\u0219te prin pre\u021bioasele luni timpurii. M\u0103sur\u00e2nd 23\/20.5*0\/5CM, se potrive\u0219te ideal pentru diverse set\u0103ri. \u00cen timpul acelor dup\u0103-amieze lungi \u0219i lene\u0219e de acas\u0103, pune\u021bi-l \u00een p\u0103tu\u021bul bebelu\u0219ului \u0219i privi\u021bi cum transform\u0103 spa\u021biul \u00eentr-un paradis confortabil, adormindu-l pe micu\u021bul dvs. \u00eentr-un somn lini\u0219tit. Atunci c\u00e2nd sunte\u021bi \u00een mi\u0219care, fie c\u0103 este vorba de o c\u0103l\u0103torie rapid\u0103 la magazinul alimentar sau o escapad\u0103 de weekend, perna se potrive\u0219te perfect \u00een marsupiu, asigur\u00e2nd confortul bebelu\u0219ului pe tot parcursul c\u0103l\u0103toriei. P\u0103rin\u021bii sunt \u00eenc\u00e2nta\u021bi de aceast\u0103 mic\u0103 bijuterie! O mam\u0103 fericit\u0103 a \u00eemp\u0103rt\u0103\u0219it: \"Copilul meu a folosit aceast\u0103 pern\u0103 ursule\u021b de c\u00e2nd avea c\u00e2teva s\u0103pt\u0103m\u00e2ni. Este at\u00e2t de moale \u0219i \u00eemi place designul dr\u0103gu\u021b. \u00cen plus, pare s\u0103 ajute cu adev\u0103rat la men\u021binerea capului \u00eentr-o pozi\u021bie bun\u0103.\" Un alt tat\u0103 a completat: \"Op\u021biunile de culori diferite au fost un mare plus. Am luat-o pe cea verde \u00eenchis \u0219i arat\u0103 uimitor \u00een camera copilului. A devenit o parte esen\u021bial\u0103 a rutinei bebelu\u0219ului nostru.\" Disponibil\u0103 \u00een nuan\u021bele fermec\u0103toare de roz, albastru \u0219i verde \u00eenchis, perna Little Bear Crescent este mai mult dec\u00e2t un accesoriu pentru bebelu\u0219i; este un companion iubit, care promite confort, sus\u021binere \u0219i mult\u0103 dr\u0103g\u0103l\u0103\u0219enie pentru primele zile ale bebelu\u0219ului dumneavoastr\u0103.<\/div>","protected":false},"excerpt":{"rendered":"<p>Perna Little Bear Crescent este o alegere fermec\u0103toare \u0219i practic\u0103 pentru bebelu\u0219ii cu v\u00e2rsta cuprins\u0103 \u00eentre 0 \u0219i 6 luni. Av\u00e2nd forma unui ursule\u021b simpatic, are urechi dr\u0103gu\u021be \u0219i o fa\u021b\u0103 dulce, ceea ce o face atr\u0103g\u0103toare din punct de vedere vizual. Designul \u00een form\u0103 de semilun\u0103 al pernei ofer\u0103 sprijin bl\u00e2nd \u0219i ergonomic pentru capul bebelu\u0219ului, ajut\u00e2nd la men\u021binerea unei forme corecte a capului \u00een timpul dezvolt\u0103rii timpurii. Cu dimensiunile sale de 23\/20.5*0\/5CM, este potrivit\u0103 pentru utilizare \u00een p\u0103tu\u021buri, port-bebe sau atunci c\u00e2nd bebelu\u0219ul este \u00eentins pe un covora\u0219 de joac\u0103. Disponibil \u00een roz, albastru \u0219i verde \u00eenchis, permite p\u0103rin\u021bilor s\u0103 selecteze o culoare care s\u0103 se potriveasc\u0103 cu gusturile lor sau cu decorul camerei copilului, combin\u00e2nd at\u00e2t func\u021bionalitatea, c\u00e2t \u0219i dr\u0103g\u0103l\u0103\u0219enia pentru a spori confortul bebelu\u0219ului.<\/p>","protected":false},"featured_media":3283,"comment_status":"open","ping_status":"closed","template":"","meta":{"_uag_custom_page_level_css":"","site-sidebar-layout":"default","site-content-layout":"","ast-site-content-layout":"default","site-content-style":"default","site-sidebar-style":"default","ast-global-header-display":"","ast-banner-title-visibility":"","ast-main-header-display":"","ast-hfb-above-header-display":"","ast-hfb-below-header-display":"","ast-hfb-mobile-header-display":"","site-post-title":"","ast-breadcrumbs-content":"","ast-featured-img":"","footer-sml-layout":"","ast-disable-related-posts":"","theme-transparent-header-meta":"default","adv-header-id-meta":"","stick-header-meta":"","header-above-stick-meta":"","header-main-stick-meta":"","header-below-stick-meta":"","astra-migrate-meta-layouts":"set","ast-page-background-enabled":"default","ast-page-background-meta":{"desktop":{"background-color":"","background-image":"","background-repeat":"repeat","background-position":"center center","background-size":"auto","background-attachment":"scroll","background-type":"","background-media":"","overlay-type":"","overlay-color":"","overlay-opacity":"","overlay-gradient":""},"tablet":{"background-color":"","background-image":"","background-repeat":"repeat","background-position":"center center","background-size":"auto","background-attachment":"scroll","background-type":"","background-media":"","overlay-type":"","overlay-color":"","overlay-opacity":"","overlay-gradient":""},"mobile":{"background-color":"","background-image":"","background-repeat":"repeat","background-position":"center center","background-size":"auto","background-attachment":"scroll","background-type":"","background-media":"","overlay-type":"","overlay-color":"","overlay-opacity":"","overlay-gradient":""}},"ast-content-background-meta":{"desktop":{"background-color":"var(--ast-global-color-5)","background-image":"","background-repeat":"repeat","background-position":"center center","background-size":"auto","background-attachment":"scroll","background-type":"","background-media":"","overlay-type":"","overlay-color":"","overlay-opacity":"","overlay-gradient":""},"tablet":{"background-color":"var(--ast-global-color-5)","background-image":"","background-repeat":"repeat","background-position":"center center","background-size":"auto","background-attachment":"scroll","background-type":"","background-media":"","overlay-type":"","overlay-color":"","overlay-opacity":"","overlay-gradient":""},"mobile":{"background-color":"var(--ast-global-color-5)","background-image":"","background-repeat":"repeat","background-position":"center center","background-size":"auto","background-attachment":"scroll","background-type":"","background-media":"","overlay-type":"","overlay-color":"","overlay-opacity":"","overlay-gradient":""}}},"product_brand":[],"product_cat":[54,42],"product_tag":[70,68,71,69],"class_list":{"0":"post-3269","1":"product","2":"type-product","3":"status-publish","4":"has-post-thumbnail","6":"product_cat-0-to-6months","7":"product_cat-merchandise","8":"product_tag-babypillow","9":"product_tag-cuteanimalpillow","10":"product_tag-headshapesupport","11":"product_tag-kouniushapingpillow","12":"desktop-align-left","13":"tablet-align-left","14":"mobile-align-left","16":"first","17":"instock","18":"shipping-taxable","19":"product-type-simple"},"aioseo_notices":[],"uagb_featured_image_src":{"full":["https:\/\/babypillowwholesale.com\/wp-content\/uploads\/2025\/03\/1135-1.jpg",1000,1000,false],"thumbnail":["https:\/\/babypillowwholesale.com\/wp-content\/uploads\/2025\/03\/1135-1-150x150.jpg",150,150,true],"medium":["https:\/\/babypillowwholesale.com\/wp-content\/uploads\/2025\/03\/1135-1-300x300.jpg",300,300,true],"medium_large":["https:\/\/babypillowwholesale.com\/wp-content\/uploads\/2025\/03\/1135-1-768x768.jpg",768,768,true],"large":["https:\/\/babypillowwholesale.com\/wp-content\/uploads\/2025\/03\/1135-1.jpg",1000,1000,false],"1536x1536":["https:\/\/babypillowwholesale.com\/wp-content\/uploads\/2025\/03\/1135-1.jpg",1000,1000,false],"2048x2048":["https:\/\/babypillowwholesale.com\/wp-content\/uploads\/2025\/03\/1135-1.jpg",1000,1000,false],"trp-custom-language-flag":["https:\/\/babypillowwholesale.com\/wp-content\/uploads\/2025\/03\/1135-1.jpg",12,12,false],"woocommerce_thumbnail":["https:\/\/babypillowwholesale.com\/wp-content\/uploads\/2025\/03\/1135-1-300x300.jpg",300,300,true],"woocommerce_single":["https:\/\/babypillowwholesale.com\/wp-content\/uploads\/2025\/03\/1135-1-600x600.jpg",600,600,true],"woocommerce_gallery_thumbnail":["https:\/\/babypillowwholesale.com\/wp-content\/uploads\/2025\/03\/1135-1-100x100.jpg",100,100,true]},"uagb_author_info":{"display_name":"Etnen zhong","author_link":"https:\/\/babypillowwholesale.com\/ro\/author\/"},"uagb_comment_info":0,"uagb_excerpt":"The Little Bear Crescent Pillow is a charming and practical choice for infants aged 0 to 6 months. Shaped like an endearing little bear, it features cute ears and a sweet face, making it visually appealing. The crescent - shaped design of the pillow provides gentle and ergonomic support for a baby's head, helping to&hellip;","jetpack_sharing_enabled":true,"_links":{"self":[{"href":"https:\/\/babypillowwholesale.com\/ro\/wp-json\/wp\/v2\/product\/3269","targetHints":{"allow":["GET"]}}],"collection":[{"href":"https:\/\/babypillowwholesale.com\/ro\/wp-json\/wp\/v2\/product"}],"about":[{"href":"https:\/\/babypillowwholesale.com\/ro\/wp-json\/wp\/v2\/types\/product"}],"replies":[{"embeddable":true,"href":"https:\/\/babypillowwholesale.com\/ro\/wp-json\/wp\/v2\/comments?post=3269"}],"wp:featuredmedia":[{"embeddable":true,"href":"https:\/\/babypillowwholesale.com\/ro\/wp-json\/wp\/v2\/media\/3283"}],"wp:attachment":[{"href":"https:\/\/babypillowwholesale.com\/ro\/wp-json\/wp\/v2\/media?parent=3269"}],"wp:term":[{"taxonomy":"product_brand","embeddable":true,"href":"https:\/\/babypillowwholesale.com\/ro\/wp-json\/wp\/v2\/product_brand?post=3269"},{"taxonomy":"product_cat","embeddable":true,"href":"https:\/\/babypillowwholesale.com\/ro\/wp-json\/wp\/v2\/product_cat?post=3269"},{"taxonomy":"product_tag","embeddable":true,"href":"https:\/\/babypillowwholesale.com\/ro\/wp-json\/wp\/v2\/product_tag?post=3269"}],"curies":[{"name":"wp","href":"https:\/\/api.w.org\/{rel}","templated":true}]}}