{"id":3267,"date":"2025-03-17T15:38:34","date_gmt":"2025-03-17T15:38:34","guid":{"rendered":"https:\/\/babypillowwholesale.com\/?post_type=product&#038;p=3267"},"modified":"2025-06-08T16:15:31","modified_gmt":"2025-06-08T16:15:31","slug":"little-tiger-shaping-pillow","status":"publish","type":"product","link":"https:\/\/babypillowwholesale.com\/ro\/product\/little-tiger-shaping-pillow\/","title":{"rendered":"Micul tigru Shaping pern\u0103"},"content":{"rendered":"<div class=\"auto-hide-last-sibling-br paragraph-qzbcQC paragraph-element br-paragraph-space\" data-immersive-translate-walked=\"8e61f2e7-6af2-46e5-9672-3b9e4f4033d9\" data-immersive-translate-paragraph=\"1\">Perna Little Tiger Shaping, un amestec captivant de farmec \u0219i func\u021bionalitate, meticulos creat\u0103 pentru cele mai mici comori cu v\u00e2rsta cuprins\u0103 \u00eentre 0 \u0219i 6 luni. Designul s\u0103u adorabil inspirat de tigru, \u00eempodobit cu ochi rotunzi mari \u0219i inocen\u021bi \u0219i dungi caracteristice, este o \u00eenc\u00e2ntare absolut\u0103, ad\u0103ug\u00e2nd instantaneu o not\u0103 de fantezie s\u0103lbatic\u0103 \u00een lumea copilului dumneavoastr\u0103. Aceast\u0103 pern\u0103 nu se rezum\u0103 doar la aspectul s\u0103u atr\u0103g\u0103tor; este un paradis de confort \u0219i sus\u021binere. Conturat\u0103 cu \u00eendem\u00e2nare, aceasta leag\u0103n\u0103 u\u0219or capul delicat al bebelu\u0219ului, ghid\u00e2ndu-l cu grij\u0103 pentru a asigura o form\u0103 perfect\u0103 pe m\u0103sur\u0103 ce se \u00eembarc\u0103 \u00een c\u0103l\u0103toria lor timpurie de cre\u0219tere. M\u0103sur\u00e2nd 26*23*0\/3CM, este partenerul ideal pentru diverse set\u0103ri. \u00cen timpul acelor pui de somn lini\u0219ti\u021bi din cre\u0219\u0103, cuib\u0103rit \u00een moliciunea p\u0103tu\u021bului, perna de modelare Little Tiger creeaz\u0103 un spa\u021biu confortabil \u0219i sigur pentru micu\u021bul dvs. \u00cen timpul ie\u0219irilor \u00een familie, fie c\u0103 este vorba de un picnic \u00een parc sau de o zi la plaj\u0103, se potrive\u0219te perfect \u00een c\u0103rucior, oferind confortul familiar pe drum. P\u0103rin\u021bii sunt foarte \u00eenc\u00e2nta\u021bi de acest produs! O mam\u0103 a \u00eemp\u0103rt\u0103\u0219it: \"Copilul meu ador\u0103 s\u0103 se cuib\u0103reasc\u0103 \u00een aceast\u0103 mic\u0103 pern\u0103 tigru. Este at\u00e2t de moale \u0219i am observat o mare \u00eembun\u0103t\u0103\u021bire a formei capului lor. \u00cen plus, culoarea albastr\u0103 este pur \u0219i simplu superb\u0103\". Un alt tat\u0103 a men\u021bionat: \"A devenit un element esen\u021bial pentru c\u0103l\u0103toriile noastre. U\u0219or de transportat \u0219i aduce \u00eentotdeauna un z\u00e2mbet pe fa\u021ba copilului meu c\u00e2nd vede acel design dr\u0103gu\u021b de tigru.\" Disponibil\u0103 \u00een nuan\u021bele fermec\u0103toare de roz \u0219i albastru, perna Little Tiger Shaping este mai mult dec\u00e2t un accesoriu pentru bebelu\u0219i; este un prieten de \u00eencredere, care combin\u0103 dr\u0103g\u0103l\u0103\u0219enia, confortul \u0219i func\u021bionalitatea pentru primele zile pre\u021bioase ale bebelu\u0219ului dumneavoastr\u0103.<\/div>","protected":false},"excerpt":{"rendered":"<p>Perna Little Tiger Shaping Pillow este un produs fermec\u0103tor \u0219i func\u021bional conceput pentru copiii cu v\u00e2rste cuprinse \u00eentre 0 \u0219i 6 luni. Cu aspectul s\u0103u dr\u0103gu\u021b de tigru, cu ochi rotunzi mari \u0219i dungi distinctive, atrage imediat aten\u021bia. Designul pernei este atent conturat pentru a oferi sprijin delicat pentru capul delicat al bebelu\u0219ului, ajut\u00e2nd la promovarea unei forme corecte a capului \u00een timpul dezvolt\u0103rii sale timpurii cruciale. M\u0103sur\u00e2nd 26*<em data-immersive-translate-walked=\"af7bf617-a59f-4215-833d-5c6d97166ab5\">23*<\/em>0\/3CM, se potrive\u0219te bine \u00een p\u0103tu\u021buri, c\u0103rucioare sau atunci c\u00e2nd bebelu\u0219ul dvs. se relaxeaz\u0103 pe o p\u0103tur\u0103. Disponibil at\u00e2t \u00een roz, c\u00e2t \u0219i \u00een albastru, ofer\u0103 p\u0103rin\u021bilor op\u021biunea de a alege o culoare care se potrive\u0219te preferin\u021belor lor sau decorului camerei copilului, combin\u00e2nd dr\u0103g\u0103l\u0103\u0219enia cu caracterul practic pentru \u00eengrijirea bebelu\u0219ului.<\/p>","protected":false},"featured_media":3282,"comment_status":"open","ping_status":"closed","template":"","meta":{"_uag_custom_page_level_css":"","site-sidebar-layout":"default","site-content-layout":"","ast-site-content-layout":"default","site-content-style":"default","site-sidebar-style":"default","ast-global-header-display":"","ast-banner-title-visibility":"","ast-main-header-display":"","ast-hfb-above-header-display":"","ast-hfb-below-header-display":"","ast-hfb-mobile-header-display":"","site-post-title":"","ast-breadcrumbs-content":"","ast-featured-img":"","footer-sml-layout":"","ast-disable-related-posts":"","theme-transparent-header-meta":"default","adv-header-id-meta":"","stick-header-meta":"","header-above-stick-meta":"","header-main-stick-meta":"","header-below-stick-meta":"","astra-migrate-meta-layouts":"set","ast-page-background-enabled":"default","ast-page-background-meta":{"desktop":{"background-color":"","background-image":"","background-repeat":"repeat","background-position":"center center","background-size":"auto","background-attachment":"scroll","background-type":"","background-media":"","overlay-type":"","overlay-color":"","overlay-opacity":"","overlay-gradient":""},"tablet":{"background-color":"","background-image":"","background-repeat":"repeat","background-position":"center center","background-size":"auto","background-attachment":"scroll","background-type":"","background-media":"","overlay-type":"","overlay-color":"","overlay-opacity":"","overlay-gradient":""},"mobile":{"background-color":"","background-image":"","background-repeat":"repeat","background-position":"center center","background-size":"auto","background-attachment":"scroll","background-type":"","background-media":"","overlay-type":"","overlay-color":"","overlay-opacity":"","overlay-gradient":""}},"ast-content-background-meta":{"desktop":{"background-color":"var(--ast-global-color-5)","background-image":"","background-repeat":"repeat","background-position":"center center","background-size":"auto","background-attachment":"scroll","background-type":"","background-media":"","overlay-type":"","overlay-color":"","overlay-opacity":"","overlay-gradient":""},"tablet":{"background-color":"var(--ast-global-color-5)","background-image":"","background-repeat":"repeat","background-position":"center center","background-size":"auto","background-attachment":"scroll","background-type":"","background-media":"","overlay-type":"","overlay-color":"","overlay-opacity":"","overlay-gradient":""},"mobile":{"background-color":"var(--ast-global-color-5)","background-image":"","background-repeat":"repeat","background-position":"center center","background-size":"auto","background-attachment":"scroll","background-type":"","background-media":"","overlay-type":"","overlay-color":"","overlay-opacity":"","overlay-gradient":""}}},"product_brand":[],"product_cat":[54,42],"product_tag":[70,68,71,69],"class_list":{"0":"post-3267","1":"product","2":"type-product","3":"status-publish","4":"has-post-thumbnail","6":"product_cat-0-to-6months","7":"product_cat-merchandise","8":"product_tag-babypillow","9":"product_tag-cuteanimalpillow","10":"product_tag-headshapesupport","11":"product_tag-kouniushapingpillow","12":"desktop-align-left","13":"tablet-align-left","14":"mobile-align-left","16":"first","17":"instock","18":"shipping-taxable","19":"product-type-simple"},"aioseo_notices":[],"uagb_featured_image_src":{"full":["https:\/\/babypillowwholesale.com\/wp-content\/uploads\/2025\/03\/1131-1.jpg",1000,1000,false],"thumbnail":["https:\/\/babypillowwholesale.com\/wp-content\/uploads\/2025\/03\/1131-1-150x150.jpg",150,150,true],"medium":["https:\/\/babypillowwholesale.com\/wp-content\/uploads\/2025\/03\/1131-1-300x300.jpg",300,300,true],"medium_large":["https:\/\/babypillowwholesale.com\/wp-content\/uploads\/2025\/03\/1131-1-768x768.jpg",768,768,true],"large":["https:\/\/babypillowwholesale.com\/wp-content\/uploads\/2025\/03\/1131-1.jpg",1000,1000,false],"1536x1536":["https:\/\/babypillowwholesale.com\/wp-content\/uploads\/2025\/03\/1131-1.jpg",1000,1000,false],"2048x2048":["https:\/\/babypillowwholesale.com\/wp-content\/uploads\/2025\/03\/1131-1.jpg",1000,1000,false],"trp-custom-language-flag":["https:\/\/babypillowwholesale.com\/wp-content\/uploads\/2025\/03\/1131-1.jpg",12,12,false],"woocommerce_thumbnail":["https:\/\/babypillowwholesale.com\/wp-content\/uploads\/2025\/03\/1131-1-300x300.jpg",300,300,true],"woocommerce_single":["https:\/\/babypillowwholesale.com\/wp-content\/uploads\/2025\/03\/1131-1-600x600.jpg",600,600,true],"woocommerce_gallery_thumbnail":["https:\/\/babypillowwholesale.com\/wp-content\/uploads\/2025\/03\/1131-1-100x100.jpg",100,100,true]},"uagb_author_info":{"display_name":"Etnen zhong","author_link":"https:\/\/babypillowwholesale.com\/ro\/author\/"},"uagb_comment_info":0,"uagb_excerpt":"The Little Tiger Shaping Pillow is a charming and functional product designed for infants aged 0 to 6 months. With its cute tiger - themed appearance, featuring big round eyes and distinctive stripes, it instantly catches the eye. The pillow's design is carefully contoured to provide gentle support for a baby's delicate head, helping to&hellip;","jetpack_sharing_enabled":true,"_links":{"self":[{"href":"https:\/\/babypillowwholesale.com\/ro\/wp-json\/wp\/v2\/product\/3267","targetHints":{"allow":["GET"]}}],"collection":[{"href":"https:\/\/babypillowwholesale.com\/ro\/wp-json\/wp\/v2\/product"}],"about":[{"href":"https:\/\/babypillowwholesale.com\/ro\/wp-json\/wp\/v2\/types\/product"}],"replies":[{"embeddable":true,"href":"https:\/\/babypillowwholesale.com\/ro\/wp-json\/wp\/v2\/comments?post=3267"}],"wp:featuredmedia":[{"embeddable":true,"href":"https:\/\/babypillowwholesale.com\/ro\/wp-json\/wp\/v2\/media\/3282"}],"wp:attachment":[{"href":"https:\/\/babypillowwholesale.com\/ro\/wp-json\/wp\/v2\/media?parent=3267"}],"wp:term":[{"taxonomy":"product_brand","embeddable":true,"href":"https:\/\/babypillowwholesale.com\/ro\/wp-json\/wp\/v2\/product_brand?post=3267"},{"taxonomy":"product_cat","embeddable":true,"href":"https:\/\/babypillowwholesale.com\/ro\/wp-json\/wp\/v2\/product_cat?post=3267"},{"taxonomy":"product_tag","embeddable":true,"href":"https:\/\/babypillowwholesale.com\/ro\/wp-json\/wp\/v2\/product_tag?post=3267"}],"curies":[{"name":"wp","href":"https:\/\/api.w.org\/{rel}","templated":true}]}}