{"id":3265,"date":"2025-03-17T15:04:04","date_gmt":"2025-03-17T15:04:04","guid":{"rendered":"https:\/\/babypillowwholesale.com\/?post_type=product&#038;p=3265"},"modified":"2025-06-08T16:16:25","modified_gmt":"2025-06-08T16:16:25","slug":"naughty-bunny-shaping-pillow","status":"publish","type":"product","link":"https:\/\/babypillowwholesale.com\/ro\/product\/naughty-bunny-shaping-pillow\/","title":{"rendered":"Pern\u0103 de modelare Naughty Bunny"},"content":{"rendered":"<div class=\"auto-hide-last-sibling-br paragraph-qzbcQC paragraph-element br-paragraph-space\" data-immersive-translate-walked=\"8e61f2e7-6af2-46e5-9672-3b9e4f4033d9\" data-immersive-translate-paragraph=\"1\">Bine a\u021bi venit la perna Naughty Bunny Shaping Pillow, un paradis \u00eenc\u00e2nt\u0103tor de confort f\u0103cut pe m\u0103sur\u0103 pentru cei mai mici aventurieri cu v\u00e2rsta cuprins\u0103 \u00eentre 0 \u0219i 6 luni. Designul s\u0103u \u00eenc\u00e2nt\u0103tor inspirat de iepura\u0219, cu ochi mari \u0219i plini de suflet, un z\u00e2mbet care tope\u0219te inimile \u0219i urechi lungi \u0219i pline de via\u021b\u0103, \u00eembun\u0103t\u0103\u021be\u0219te instantaneu starea de spirit \u0219i adaug\u0103 un strop de magie \u00een lumea copilului dumneavoastr\u0103. Aceast\u0103 pern\u0103 nu este doar o pl\u0103cere vizual\u0103, ci \u0219i o putere a func\u021bionalit\u0103\u021bii. Proiectat\u0103 cu grij\u0103, forma sa unic\u0103 ofer\u0103 un suport delicat, care leag\u0103n\u0103 capul delicat al bebelu\u0219ului, ghid\u00e2ndu-l spre o form\u0103 perfect\u0103 pe m\u0103sur\u0103 ce c\u0103l\u0103tore\u0219te prin pre\u021bioasele luni de \u00eenceput. M\u0103sur\u00e2nd 26*23*0\/3CM, este dimensiunea ideal\u0103 pentru o integrare perfect\u0103 \u00een diverse contexte. \u00cen dup\u0103-amiezele lene\u0219e de acas\u0103, pune\u021bi-l \u00een p\u0103tu\u021bul bebelu\u0219ului \u0219i privi\u021bi-l cum adoarme \u00eentr-un somn lini\u0219tit, \u00eenv\u0103luit \u00een \u00eembr\u0103\u021bi\u0219area sa moale. Atunci c\u00e2nd explora\u021bi lumea, fie c\u0103 este vorba de o excursie \u00een parcul local sau de o vizit\u0103 la bunici, pune\u021bi-l \u00een c\u0103rucior. Acesta \u00eei asigur\u0103 micu\u021bului t\u0103u o c\u0103l\u0103torie confortabil\u0103, \u00eenconjurat de farmecul familiar al iepura\u0219ului. P\u0103rin\u021bii \u00eei c\u00e2nt\u0103 laudele! Un p\u0103rinte \u00eenc\u00e2ntat a \u00eemp\u0103rt\u0103\u0219it: \"Fa\u021ba copilului meu se lumineaz\u0103 de fiecare dat\u0103 c\u00e2nd vede aceast\u0103 pern\u0103 simpatic\u0103 cu iepura\u0219. Nu numai c\u0103 este foarte moale, dar a fost, de asemenea, foarte bun\u0103 pentru men\u021binerea unei forme frumoase a capului. \u00cemi place c\u0103 este disponibil\u0103 \u00een dou\u0103 culori minunate.\" O alt\u0103 mam\u0103 a ad\u0103ugat: \"Este at\u00e2t de comod de transportat. Fie c\u0103 suntem acas\u0103 sau \u00een deplasare, a devenit un element esen\u021bial pentru confortul copilului meu.\" Disponibil\u0103 \u00een nuan\u021bele fermec\u0103toare de roz \u0219i albastru, perna Naughty Bunny Shaping este mai mult dec\u00e2t un accesoriu pentru bebelu\u0219i; este un companion drag pentru primele zile ale micu\u021bului dumneavoastr\u0103.<\/div>","protected":false},"excerpt":{"rendered":"<p>Perna de modelare Naughty Bunny este un produs adorabil \u0219i practic conceput pentru bebelu\u0219ii cu v\u00e2rste cuprinse \u00eentre 0 \u0219i 6 luni. Aspectul s\u0103u dr\u0103gu\u021b de iepura\u0219, cu ochi mari, un z\u00e2mbet dulce \u0219i urechi lungi, este extrem de atr\u0103g\u0103tor. Designul special al pernei ofer\u0103 un sprijin delicat pentru capul bebelu\u0219ului, ajut\u00e2nd la promovarea unei forme s\u0103n\u0103toase a capului \u00een timpul etapei importante de cre\u0219tere timpurie. Cu o dimensiune de 26<em>23<\/em>0\/3CM, este potrivit pentru utilizarea \u00een p\u0103tu\u021buri, c\u0103rucioare sau atunci c\u00e2nd bebelu\u0219ul se odihne\u0219te pe un covora\u0219 de joac\u0103. Disponibil \u00een roz \u0219i albastru, acesta ofer\u0103 p\u0103rin\u021bilor op\u021biuni pentru a se potrivi cu preferin\u021bele lor sau cu decorul camerei bebelu\u0219ului, combin\u00e2nd at\u00e2t func\u021bionalitatea, c\u00e2t \u0219i farmecul pentru \u00eengrijirea bebelu\u0219ului.<\/p>","protected":false},"featured_media":3281,"comment_status":"open","ping_status":"closed","template":"","meta":{"_uag_custom_page_level_css":"","site-sidebar-layout":"default","site-content-layout":"","ast-site-content-layout":"default","site-content-style":"default","site-sidebar-style":"default","ast-global-header-display":"","ast-banner-title-visibility":"","ast-main-header-display":"","ast-hfb-above-header-display":"","ast-hfb-below-header-display":"","ast-hfb-mobile-header-display":"","site-post-title":"","ast-breadcrumbs-content":"","ast-featured-img":"","footer-sml-layout":"","ast-disable-related-posts":"","theme-transparent-header-meta":"default","adv-header-id-meta":"","stick-header-meta":"","header-above-stick-meta":"","header-main-stick-meta":"","header-below-stick-meta":"","astra-migrate-meta-layouts":"set","ast-page-background-enabled":"default","ast-page-background-meta":{"desktop":{"background-color":"","background-image":"","background-repeat":"repeat","background-position":"center center","background-size":"auto","background-attachment":"scroll","background-type":"","background-media":"","overlay-type":"","overlay-color":"","overlay-opacity":"","overlay-gradient":""},"tablet":{"background-color":"","background-image":"","background-repeat":"repeat","background-position":"center center","background-size":"auto","background-attachment":"scroll","background-type":"","background-media":"","overlay-type":"","overlay-color":"","overlay-opacity":"","overlay-gradient":""},"mobile":{"background-color":"","background-image":"","background-repeat":"repeat","background-position":"center center","background-size":"auto","background-attachment":"scroll","background-type":"","background-media":"","overlay-type":"","overlay-color":"","overlay-opacity":"","overlay-gradient":""}},"ast-content-background-meta":{"desktop":{"background-color":"var(--ast-global-color-5)","background-image":"","background-repeat":"repeat","background-position":"center center","background-size":"auto","background-attachment":"scroll","background-type":"","background-media":"","overlay-type":"","overlay-color":"","overlay-opacity":"","overlay-gradient":""},"tablet":{"background-color":"var(--ast-global-color-5)","background-image":"","background-repeat":"repeat","background-position":"center center","background-size":"auto","background-attachment":"scroll","background-type":"","background-media":"","overlay-type":"","overlay-color":"","overlay-opacity":"","overlay-gradient":""},"mobile":{"background-color":"var(--ast-global-color-5)","background-image":"","background-repeat":"repeat","background-position":"center center","background-size":"auto","background-attachment":"scroll","background-type":"","background-media":"","overlay-type":"","overlay-color":"","overlay-opacity":"","overlay-gradient":""}}},"product_brand":[],"product_cat":[54,42],"product_tag":[70,68,71,69],"class_list":{"0":"post-3265","1":"product","2":"type-product","3":"status-publish","4":"has-post-thumbnail","6":"product_cat-0-to-6months","7":"product_cat-merchandise","8":"product_tag-babypillow","9":"product_tag-cuteanimalpillow","10":"product_tag-headshapesupport","11":"product_tag-kouniushapingpillow","12":"desktop-align-left","13":"tablet-align-left","14":"mobile-align-left","16":"first","17":"instock","18":"shipping-taxable","19":"product-type-simple"},"aioseo_notices":[],"uagb_featured_image_src":{"full":["https:\/\/babypillowwholesale.com\/wp-content\/uploads\/2025\/03\/1130-1.jpg",1000,1000,false],"thumbnail":["https:\/\/babypillowwholesale.com\/wp-content\/uploads\/2025\/03\/1130-1-150x150.jpg",150,150,true],"medium":["https:\/\/babypillowwholesale.com\/wp-content\/uploads\/2025\/03\/1130-1-300x300.jpg",300,300,true],"medium_large":["https:\/\/babypillowwholesale.com\/wp-content\/uploads\/2025\/03\/1130-1-768x768.jpg",768,768,true],"large":["https:\/\/babypillowwholesale.com\/wp-content\/uploads\/2025\/03\/1130-1.jpg",1000,1000,false],"1536x1536":["https:\/\/babypillowwholesale.com\/wp-content\/uploads\/2025\/03\/1130-1.jpg",1000,1000,false],"2048x2048":["https:\/\/babypillowwholesale.com\/wp-content\/uploads\/2025\/03\/1130-1.jpg",1000,1000,false],"trp-custom-language-flag":["https:\/\/babypillowwholesale.com\/wp-content\/uploads\/2025\/03\/1130-1.jpg",12,12,false],"woocommerce_thumbnail":["https:\/\/babypillowwholesale.com\/wp-content\/uploads\/2025\/03\/1130-1-300x300.jpg",300,300,true],"woocommerce_single":["https:\/\/babypillowwholesale.com\/wp-content\/uploads\/2025\/03\/1130-1-600x600.jpg",600,600,true],"woocommerce_gallery_thumbnail":["https:\/\/babypillowwholesale.com\/wp-content\/uploads\/2025\/03\/1130-1-100x100.jpg",100,100,true]},"uagb_author_info":{"display_name":"Etnen zhong","author_link":"https:\/\/babypillowwholesale.com\/ro\/author\/"},"uagb_comment_info":0,"uagb_excerpt":"The Naughty Bunny Shaping Pillow is an adorable and practical product designed for infants aged 0 to 6 months. Its cute bunny - like appearance, with big eyes, a sweet smile, and long ears, is extremely appealing. The special design of the pillow provides gentle support for the baby's head, helping to promote a healthy&hellip;","jetpack_sharing_enabled":true,"_links":{"self":[{"href":"https:\/\/babypillowwholesale.com\/ro\/wp-json\/wp\/v2\/product\/3265","targetHints":{"allow":["GET"]}}],"collection":[{"href":"https:\/\/babypillowwholesale.com\/ro\/wp-json\/wp\/v2\/product"}],"about":[{"href":"https:\/\/babypillowwholesale.com\/ro\/wp-json\/wp\/v2\/types\/product"}],"replies":[{"embeddable":true,"href":"https:\/\/babypillowwholesale.com\/ro\/wp-json\/wp\/v2\/comments?post=3265"}],"wp:featuredmedia":[{"embeddable":true,"href":"https:\/\/babypillowwholesale.com\/ro\/wp-json\/wp\/v2\/media\/3281"}],"wp:attachment":[{"href":"https:\/\/babypillowwholesale.com\/ro\/wp-json\/wp\/v2\/media?parent=3265"}],"wp:term":[{"taxonomy":"product_brand","embeddable":true,"href":"https:\/\/babypillowwholesale.com\/ro\/wp-json\/wp\/v2\/product_brand?post=3265"},{"taxonomy":"product_cat","embeddable":true,"href":"https:\/\/babypillowwholesale.com\/ro\/wp-json\/wp\/v2\/product_cat?post=3265"},{"taxonomy":"product_tag","embeddable":true,"href":"https:\/\/babypillowwholesale.com\/ro\/wp-json\/wp\/v2\/product_tag?post=3265"}],"curies":[{"name":"wp","href":"https:\/\/api.w.org\/{rel}","templated":true}]}}