{"id":3263,"date":"2025-03-17T03:51:27","date_gmt":"2025-03-17T03:51:27","guid":{"rendered":"https:\/\/babypillowwholesale.com\/?post_type=product&#038;p=3263"},"modified":"2025-06-08T16:17:17","modified_gmt":"2025-06-08T16:17:17","slug":"cloud-washable-shaping-pillow","status":"publish","type":"product","link":"https:\/\/babypillowwholesale.com\/ro\/product\/cloud-washable-shaping-pillow\/","title":{"rendered":"Pern\u0103 de modelare lavabil\u0103 Cloud"},"content":{"rendered":"<div class=\"auto-hide-last-sibling-br paragraph-qzbcQC paragraph-element br-paragraph-space\" data-immersive-translate-walked=\"8e61f2e7-6af2-46e5-9672-3b9e4f4033d9\" data-immersive-translate-paragraph=\"1\">Plimba\u021bi-v\u0103 \u00eentr-o lume a confortului \u0219i a dr\u0103g\u0103l\u0103\u0219eniei cu perna noastr\u0103 Cloud Washable Shaping, un accesoriu de vis creat special pentru cei mai mici vis\u0103tori cu v\u00e2rste \u00eentre 0 \u0219i 6 luni. Sem\u0103n\u00e2nd cu un nor pufos desprins dintr-un basm, aceast\u0103 pern\u0103 este \u00eempodobit\u0103 cu \u00eenc\u00e2nt\u0103toare motive de pe\u0219ti imprimate aleatoriu, care adaug\u0103 un strop de fantezie spa\u021biului de somn al bebelu\u0219ului dvs. Designul ergonomic al pernei este o \u00eembr\u0103\u021bi\u0219are bl\u00e2nd\u0103 pentru capul delicat al bebelu\u0219ului dvs., leg\u0103n\u00e2ndu-l cu grij\u0103 pentru a \u00eencuraja o form\u0103 perfect\u0103 a capului \u00een timp ce acesta a\u021bipe\u0219te \u00een pre\u021bioasele sale prime zile. Cu dimensiuni de 35*22*3\/1.5CM, ofer\u0103 un suport generos, \u00een timp ce se potrive\u0219te perfect \u00een diverse set\u0103ri. Fie c\u0103 este cuib\u0103rit\u0103 \u00een ad\u00e2ncurile confortabile ale p\u0103tu\u021bului bebelu\u0219ului dvs., cre\u00e2nd un paradis ceresc pentru siestele lor lungi, sau plasat\u0103 \u00een c\u0103rucior pentru o plimbare lini\u0219tit\u0103 \u00een parc, aceast\u0103 pern\u0103 asigur\u0103 c\u0103 micu\u021bul dvs. este \u00eentotdeauna confortabil. Este, de asemenea, un companion de c\u0103l\u0103torie excelent pentru c\u0103l\u0103toriile de familie, oferind un loc familiar \u0219i lini\u0219titor pentru ca bebelu\u0219ul dvs. s\u0103 se odihneasc\u0103 \u00een timpul c\u0103l\u0103toriei. P\u0103rin\u021bii sunt \u00eenc\u00e2nta\u021bi de aceast\u0103 pern\u0103! O mam\u0103 mul\u021bumit\u0103 a \u00eemp\u0103rt\u0103\u0219it: \"Copilul meu ador\u0103 aceast\u0103 pern\u0103 \u00een form\u0103 de nor. Printurile aleatorii sunt o surpriz\u0103 at\u00e2t de distractiv\u0103 \u0219i este at\u00e2t de u\u0219or de sp\u0103lat atunci c\u00e2nd se murd\u0103re\u0219te pu\u021bin. A devenit un element de baz\u0103 pentru timpul de somn al copilului nostru.\" Un alt tat\u0103 a men\u021bionat: \"Am fost \u00eengrijorat de forma capului copilului meu, dar aceast\u0103 pern\u0103 a fost o schimbare de joc. Este moale, de sus\u021binere \u0219i arat\u0103 adorabil \u00een camera copilului.\" Disponibil\u0103 \u00een nuan\u021bele fermec\u0103toare de roz \u0219i albastru, fiecare cu propriul model aleatoriu unic, perna Cloud Washable Shaping Pillow nu este doar un accesoriu pentru somn, ci o surs\u0103 de bucurie \u0219i confort pentru bebelu\u0219ul dumneavoastr\u0103.<\/div>","protected":false},"excerpt":{"rendered":"<p>Perna de modelare lavabil\u0103 Cloud este un produs minunat conceput pentru bebelu\u0219ii cu v\u00e2rsta cuprins\u0103 \u00eentre 0 \u0219i 6 luni. Av\u00e2nd forma unui nor moale, are un aspect atr\u0103g\u0103tor, iar imprimeurile aleatorii cu tematic\u0103 pe\u0219te - adaug\u0103 o not\u0103 de distrac\u021bie. Designul s\u0103u unic ofer\u0103 sprijin u\u0219or pentru capul bebelu\u0219ului, ajut\u00e2nd la men\u021binerea unei forme bune a capului. M\u0103sur\u00e2nd 35*<em data-immersive-translate-walked=\"f7f4678a-e6ea-41bf-8db0-071fdda90f71\">22*<\/em>3\/1.5CM, este suficient de mare pentru a oferi un suport amplu, dar totu\u0219i potrivit pentru diverse set\u0103ri legate de copil. \u00cen plus, fiind lavabil, \u00eel face u\u0219or de p\u0103strat curat \u0219i igienic. Disponibil \u00een roz \u0219i albastru cu diferite modele aleatorii, acesta ofer\u0103 p\u0103rin\u021bilor un pic de surpriz\u0103, asigur\u00e2nd \u00een acela\u0219i timp func\u021bionalitatea pentru cei mici.<\/p>","protected":false},"featured_media":3280,"comment_status":"open","ping_status":"closed","template":"","meta":{"_uag_custom_page_level_css":"","site-sidebar-layout":"default","site-content-layout":"","ast-site-content-layout":"default","site-content-style":"default","site-sidebar-style":"default","ast-global-header-display":"","ast-banner-title-visibility":"","ast-main-header-display":"","ast-hfb-above-header-display":"","ast-hfb-below-header-display":"","ast-hfb-mobile-header-display":"","site-post-title":"","ast-breadcrumbs-content":"","ast-featured-img":"","footer-sml-layout":"","ast-disable-related-posts":"","theme-transparent-header-meta":"default","adv-header-id-meta":"","stick-header-meta":"","header-above-stick-meta":"","header-main-stick-meta":"","header-below-stick-meta":"","astra-migrate-meta-layouts":"set","ast-page-background-enabled":"default","ast-page-background-meta":{"desktop":{"background-color":"","background-image":"","background-repeat":"repeat","background-position":"center center","background-size":"auto","background-attachment":"scroll","background-type":"","background-media":"","overlay-type":"","overlay-color":"","overlay-opacity":"","overlay-gradient":""},"tablet":{"background-color":"","background-image":"","background-repeat":"repeat","background-position":"center center","background-size":"auto","background-attachment":"scroll","background-type":"","background-media":"","overlay-type":"","overlay-color":"","overlay-opacity":"","overlay-gradient":""},"mobile":{"background-color":"","background-image":"","background-repeat":"repeat","background-position":"center center","background-size":"auto","background-attachment":"scroll","background-type":"","background-media":"","overlay-type":"","overlay-color":"","overlay-opacity":"","overlay-gradient":""}},"ast-content-background-meta":{"desktop":{"background-color":"var(--ast-global-color-5)","background-image":"","background-repeat":"repeat","background-position":"center center","background-size":"auto","background-attachment":"scroll","background-type":"","background-media":"","overlay-type":"","overlay-color":"","overlay-opacity":"","overlay-gradient":""},"tablet":{"background-color":"var(--ast-global-color-5)","background-image":"","background-repeat":"repeat","background-position":"center center","background-size":"auto","background-attachment":"scroll","background-type":"","background-media":"","overlay-type":"","overlay-color":"","overlay-opacity":"","overlay-gradient":""},"mobile":{"background-color":"var(--ast-global-color-5)","background-image":"","background-repeat":"repeat","background-position":"center center","background-size":"auto","background-attachment":"scroll","background-type":"","background-media":"","overlay-type":"","overlay-color":"","overlay-opacity":"","overlay-gradient":""}}},"product_brand":[],"product_cat":[54,42],"product_tag":[70,68,71,69],"class_list":{"0":"post-3263","1":"product","2":"type-product","3":"status-publish","4":"has-post-thumbnail","6":"product_cat-0-to-6months","7":"product_cat-merchandise","8":"product_tag-babypillow","9":"product_tag-cuteanimalpillow","10":"product_tag-headshapesupport","11":"product_tag-kouniushapingpillow","12":"desktop-align-left","13":"tablet-align-left","14":"mobile-align-left","16":"first","17":"instock","18":"shipping-taxable","19":"product-type-simple"},"aioseo_notices":[],"uagb_featured_image_src":{"full":["https:\/\/babypillowwholesale.com\/wp-content\/uploads\/2025\/03\/1129-1.jpg",1000,1000,false],"thumbnail":["https:\/\/babypillowwholesale.com\/wp-content\/uploads\/2025\/03\/1129-1-150x150.jpg",150,150,true],"medium":["https:\/\/babypillowwholesale.com\/wp-content\/uploads\/2025\/03\/1129-1-300x300.jpg",300,300,true],"medium_large":["https:\/\/babypillowwholesale.com\/wp-content\/uploads\/2025\/03\/1129-1-768x768.jpg",768,768,true],"large":["https:\/\/babypillowwholesale.com\/wp-content\/uploads\/2025\/03\/1129-1.jpg",1000,1000,false],"1536x1536":["https:\/\/babypillowwholesale.com\/wp-content\/uploads\/2025\/03\/1129-1.jpg",1000,1000,false],"2048x2048":["https:\/\/babypillowwholesale.com\/wp-content\/uploads\/2025\/03\/1129-1.jpg",1000,1000,false],"trp-custom-language-flag":["https:\/\/babypillowwholesale.com\/wp-content\/uploads\/2025\/03\/1129-1.jpg",12,12,false],"woocommerce_thumbnail":["https:\/\/babypillowwholesale.com\/wp-content\/uploads\/2025\/03\/1129-1-300x300.jpg",300,300,true],"woocommerce_single":["https:\/\/babypillowwholesale.com\/wp-content\/uploads\/2025\/03\/1129-1-600x600.jpg",600,600,true],"woocommerce_gallery_thumbnail":["https:\/\/babypillowwholesale.com\/wp-content\/uploads\/2025\/03\/1129-1-100x100.jpg",100,100,true]},"uagb_author_info":{"display_name":"Etnen zhong","author_link":"https:\/\/babypillowwholesale.com\/ro\/author\/"},"uagb_comment_info":0,"uagb_excerpt":"The Cloud Washable Shaping Pillow is a wonderful product designed for infants aged 0 to 6 months. Shaped like a soft cloud, it has an appealing look, and the random fish - themed prints add a touch of fun. Its unique design provides gentle support to the baby's head, helping to maintain a good head&hellip;","jetpack_sharing_enabled":true,"_links":{"self":[{"href":"https:\/\/babypillowwholesale.com\/ro\/wp-json\/wp\/v2\/product\/3263","targetHints":{"allow":["GET"]}}],"collection":[{"href":"https:\/\/babypillowwholesale.com\/ro\/wp-json\/wp\/v2\/product"}],"about":[{"href":"https:\/\/babypillowwholesale.com\/ro\/wp-json\/wp\/v2\/types\/product"}],"replies":[{"embeddable":true,"href":"https:\/\/babypillowwholesale.com\/ro\/wp-json\/wp\/v2\/comments?post=3263"}],"wp:featuredmedia":[{"embeddable":true,"href":"https:\/\/babypillowwholesale.com\/ro\/wp-json\/wp\/v2\/media\/3280"}],"wp:attachment":[{"href":"https:\/\/babypillowwholesale.com\/ro\/wp-json\/wp\/v2\/media?parent=3263"}],"wp:term":[{"taxonomy":"product_brand","embeddable":true,"href":"https:\/\/babypillowwholesale.com\/ro\/wp-json\/wp\/v2\/product_brand?post=3263"},{"taxonomy":"product_cat","embeddable":true,"href":"https:\/\/babypillowwholesale.com\/ro\/wp-json\/wp\/v2\/product_cat?post=3263"},{"taxonomy":"product_tag","embeddable":true,"href":"https:\/\/babypillowwholesale.com\/ro\/wp-json\/wp\/v2\/product_tag?post=3263"}],"curies":[{"name":"wp","href":"https:\/\/api.w.org\/{rel}","templated":true}]}}