{"id":3259,"date":"2025-03-17T03:01:05","date_gmt":"2025-03-17T03:01:05","guid":{"rendered":"https:\/\/babypillowwholesale.com\/?post_type=product&#038;p=3259"},"modified":"2025-06-08T16:19:14","modified_gmt":"2025-06-08T16:19:14","slug":"hydrophilic-cotton-shaping-pillow","status":"publish","type":"product","link":"https:\/\/babypillowwholesale.com\/ro\/product\/hydrophilic-cotton-shaping-pillow\/","title":{"rendered":"Pern\u0103 de modelare din bumbac hidrofil"},"content":{"rendered":"<div class=\"auto-hide-last-sibling-br paragraph-qzbcQC paragraph-element br-paragraph-space\" data-immersive-translate-walked=\"8e61f2e7-6af2-46e5-9672-3b9e4f4033d9\" data-immersive-translate-paragraph=\"1\">V\u0103 prezent\u0103m perna Hydrophilic cotton Shaping Pillow, un amestec \u00eenc\u00e2nt\u0103tor de farmec \u0219i func\u021bionalitate, creat exclusiv pentru cei mai mici dormitori cu v\u00e2rste cuprinse \u00eentre 0 \u0219i 6 luni. \u00cempodobit\u0103 cu urechi adorabile \u0219i o fundi\u021b\u0103 delicat\u0103, aceast\u0103 pern\u0103 este o capodoper\u0103 vizual\u0103 care \u00eenvesele\u0219te instantaneu orice camer\u0103 de copil.<br \/>\nProiectat cu o precizie meticuloas\u0103, conturul s\u0103u unic ofer\u0103 o \u00eembr\u0103\u021bi\u0219are tandr\u0103 capului delicat al bebelu\u0219ului dvs., ghid\u00e2ndu-l u\u0219or spre o form\u0103 perfect\u0103 pe m\u0103sur\u0103 ce se angajeaz\u0103 \u00een c\u0103l\u0103toria de cre\u0219tere timpurie. M\u0103sur\u00e2nd 26230\/3CM, are dimensiunea ideal\u0103 pentru o integrare perfect\u0103 \u00een diverse contexte.<br \/>\nFie c\u0103 este a\u0219ezat\u0103 \u00een p\u0103tu\u021bul de plu\u0219 al bebelu\u0219ului dvs., oferind o oaz\u0103 confortabil\u0103 pentru somnul de la jum\u0103tatea zilei, fie c\u0103 \u00eel \u00eenso\u021be\u0219te \u00eentr-un marsupiu \u00een timpul unei ie\u0219iri \u00een familie la gr\u0103dina zoologic\u0103, aceast\u0103 pern\u0103 asigur\u0103 un confort constant. Este, de asemenea, un companion minunat pentru zborurile pe distan\u021be lungi, oferind un loc familiar \u0219i lini\u0219titor pentru ca micu\u021bul dvs. s\u0103 se odihneasc\u0103 \u00een mijlocul agita\u021biei \u0219i agita\u021biei.<br \/>\nDisponibil\u0103 \u00een nuan\u021bele \u00eenc\u00e2nt\u0103toare de roz moale \u0219i verde \u00eenchis bogat, pute\u021bi selecta nuan\u021ba care se potrive\u0219te cel mai bine cu sensibilit\u0103\u021bile dvs. estetice sau cu tema camerei copilului. \u00cembun\u0103t\u0103\u021bi\u021bi experien\u021ba de somn a bebelu\u0219ului dvs. cu perna Shaping din bumbac hidrofil, unde fiecare somn este un pas c\u0103tre un cap frumos conturat \u0219i vise pl\u0103cute.<\/div>","protected":false},"excerpt":{"rendered":"<p>Perna de modelare din bumbac hidrofil este un produs atr\u0103g\u0103tor \u0219i practic, conceput pentru sugari cu v\u00e2rste cuprinse \u00eentre 0 \u0219i 6 luni. Cu un aspect fermec\u0103tor care prezint\u0103 urechi dr\u0103gu\u021be \u0219i o fund\u0103 frumoas\u0103, este atractiv\u0103 din punct de vedere vizual. Designul pernei este realizat cu grij\u0103 pentru a oferi un suport delicat pentru capul bebelu\u0219ului, ajut\u00e2ndu-l s\u0103 men\u021bin\u0103 o form\u0103 adecvat\u0103 \u00een timpul dezvolt\u0103rii timpurii. M\u0103sur\u00e2nd 26230\/3CM, se potrive\u0219te bine \u00een p\u0103tu\u021buri sau \u00een c\u0103rucioare. Oferit\u0103 at\u00e2t \u00een roz dulce, c\u00e2t \u0219i \u00een verde \u00eenchis elegant, ofer\u0103 p\u0103rin\u021bilor op\u021biuni pentru a se potrivi cu preferin\u021bele lor sau cu decorul camerei copilului, combin\u00e2nd func\u021bionalitatea cu o not\u0103 de dr\u0103g\u0103l\u0103\u0219enie pentru \u00eengrijirea copilului.<\/p>","protected":false},"featured_media":3278,"comment_status":"open","ping_status":"closed","template":"","meta":{"_uag_custom_page_level_css":"","site-sidebar-layout":"default","site-content-layout":"","ast-site-content-layout":"default","site-content-style":"default","site-sidebar-style":"default","ast-global-header-display":"","ast-banner-title-visibility":"","ast-main-header-display":"","ast-hfb-above-header-display":"","ast-hfb-below-header-display":"","ast-hfb-mobile-header-display":"","site-post-title":"","ast-breadcrumbs-content":"","ast-featured-img":"","footer-sml-layout":"","ast-disable-related-posts":"","theme-transparent-header-meta":"default","adv-header-id-meta":"","stick-header-meta":"","header-above-stick-meta":"","header-main-stick-meta":"","header-below-stick-meta":"","astra-migrate-meta-layouts":"set","ast-page-background-enabled":"default","ast-page-background-meta":{"desktop":{"background-color":"","background-image":"","background-repeat":"repeat","background-position":"center center","background-size":"auto","background-attachment":"scroll","background-type":"","background-media":"","overlay-type":"","overlay-color":"","overlay-opacity":"","overlay-gradient":""},"tablet":{"background-color":"","background-image":"","background-repeat":"repeat","background-position":"center center","background-size":"auto","background-attachment":"scroll","background-type":"","background-media":"","overlay-type":"","overlay-color":"","overlay-opacity":"","overlay-gradient":""},"mobile":{"background-color":"","background-image":"","background-repeat":"repeat","background-position":"center center","background-size":"auto","background-attachment":"scroll","background-type":"","background-media":"","overlay-type":"","overlay-color":"","overlay-opacity":"","overlay-gradient":""}},"ast-content-background-meta":{"desktop":{"background-color":"var(--ast-global-color-5)","background-image":"","background-repeat":"repeat","background-position":"center center","background-size":"auto","background-attachment":"scroll","background-type":"","background-media":"","overlay-type":"","overlay-color":"","overlay-opacity":"","overlay-gradient":""},"tablet":{"background-color":"var(--ast-global-color-5)","background-image":"","background-repeat":"repeat","background-position":"center center","background-size":"auto","background-attachment":"scroll","background-type":"","background-media":"","overlay-type":"","overlay-color":"","overlay-opacity":"","overlay-gradient":""},"mobile":{"background-color":"var(--ast-global-color-5)","background-image":"","background-repeat":"repeat","background-position":"center center","background-size":"auto","background-attachment":"scroll","background-type":"","background-media":"","overlay-type":"","overlay-color":"","overlay-opacity":"","overlay-gradient":""}}},"product_brand":[],"product_cat":[54,42],"product_tag":[70,68,71,69],"class_list":{"0":"post-3259","1":"product","2":"type-product","3":"status-publish","4":"has-post-thumbnail","6":"product_cat-0-to-6months","7":"product_cat-merchandise","8":"product_tag-babypillow","9":"product_tag-cuteanimalpillow","10":"product_tag-headshapesupport","11":"product_tag-kouniushapingpillow","12":"desktop-align-left","13":"tablet-align-left","14":"mobile-align-left","16":"first","17":"instock","18":"shipping-taxable","19":"product-type-simple"},"aioseo_notices":[],"uagb_featured_image_src":{"full":["https:\/\/babypillowwholesale.com\/wp-content\/uploads\/2025\/03\/1125-1.jpg",1000,1000,false],"thumbnail":["https:\/\/babypillowwholesale.com\/wp-content\/uploads\/2025\/03\/1125-1-150x150.jpg",150,150,true],"medium":["https:\/\/babypillowwholesale.com\/wp-content\/uploads\/2025\/03\/1125-1-300x300.jpg",300,300,true],"medium_large":["https:\/\/babypillowwholesale.com\/wp-content\/uploads\/2025\/03\/1125-1-768x768.jpg",768,768,true],"large":["https:\/\/babypillowwholesale.com\/wp-content\/uploads\/2025\/03\/1125-1.jpg",1000,1000,false],"1536x1536":["https:\/\/babypillowwholesale.com\/wp-content\/uploads\/2025\/03\/1125-1.jpg",1000,1000,false],"2048x2048":["https:\/\/babypillowwholesale.com\/wp-content\/uploads\/2025\/03\/1125-1.jpg",1000,1000,false],"trp-custom-language-flag":["https:\/\/babypillowwholesale.com\/wp-content\/uploads\/2025\/03\/1125-1.jpg",12,12,false],"woocommerce_thumbnail":["https:\/\/babypillowwholesale.com\/wp-content\/uploads\/2025\/03\/1125-1-300x300.jpg",300,300,true],"woocommerce_single":["https:\/\/babypillowwholesale.com\/wp-content\/uploads\/2025\/03\/1125-1-600x600.jpg",600,600,true],"woocommerce_gallery_thumbnail":["https:\/\/babypillowwholesale.com\/wp-content\/uploads\/2025\/03\/1125-1-100x100.jpg",100,100,true]},"uagb_author_info":{"display_name":"Etnen zhong","author_link":"https:\/\/babypillowwholesale.com\/ro\/author\/"},"uagb_comment_info":0,"uagb_excerpt":"The Hydrophilic cotton Shaping Pillow is an appealing and practical product designed for infants between 0 and 6 months old. With a charming appearance featuring cute ears and a lovely bow, it's visually attractive. The pillow's design is carefully crafted to provide gentle support for a baby's head, helping to maintain a proper shape during&hellip;","jetpack_sharing_enabled":true,"_links":{"self":[{"href":"https:\/\/babypillowwholesale.com\/ro\/wp-json\/wp\/v2\/product\/3259","targetHints":{"allow":["GET"]}}],"collection":[{"href":"https:\/\/babypillowwholesale.com\/ro\/wp-json\/wp\/v2\/product"}],"about":[{"href":"https:\/\/babypillowwholesale.com\/ro\/wp-json\/wp\/v2\/types\/product"}],"replies":[{"embeddable":true,"href":"https:\/\/babypillowwholesale.com\/ro\/wp-json\/wp\/v2\/comments?post=3259"}],"wp:featuredmedia":[{"embeddable":true,"href":"https:\/\/babypillowwholesale.com\/ro\/wp-json\/wp\/v2\/media\/3278"}],"wp:attachment":[{"href":"https:\/\/babypillowwholesale.com\/ro\/wp-json\/wp\/v2\/media?parent=3259"}],"wp:term":[{"taxonomy":"product_brand","embeddable":true,"href":"https:\/\/babypillowwholesale.com\/ro\/wp-json\/wp\/v2\/product_brand?post=3259"},{"taxonomy":"product_cat","embeddable":true,"href":"https:\/\/babypillowwholesale.com\/ro\/wp-json\/wp\/v2\/product_cat?post=3259"},{"taxonomy":"product_tag","embeddable":true,"href":"https:\/\/babypillowwholesale.com\/ro\/wp-json\/wp\/v2\/product_tag?post=3259"}],"curies":[{"name":"wp","href":"https:\/\/api.w.org\/{rel}","templated":true}]}}