{"id":1199,"date":"2025-02-17T16:07:49","date_gmt":"2025-02-17T16:07:49","guid":{"rendered":"http:\/\/babypillowwholesale.com\/product\/boho-bangle-bracelet-2\/"},"modified":"2025-06-08T16:23:33","modified_gmt":"2025-06-08T16:23:33","slug":"boho-bangle-bracelet-2","status":"publish","type":"product","link":"https:\/\/babypillowwholesale.com\/ro\/product\/boho-bangle-bracelet-2\/","title":{"rendered":"Mickey Bear Pern\u0103 de modelare"},"content":{"rendered":"<p>V\u0103 prezent\u0103m \u00eenc\u00e2nt\u0103toarea pern\u0103 Mickey Bear Shaping Pillow, un companion ideal conceput cu rafinament pentru copiii pre\u021bio\u0219i cu v\u00e2rsta cuprins\u0103 \u00eentre 0 \u0219i 6 luni. Aspectul s\u0103u de ursule\u021b irezistibil de dr\u0103gu\u021b nu este doar o \u00eenc\u00e2ntare vizual\u0103, ci serve\u0219te \u0219i unui scop vital \u00een modelarea delicat\u0103 a capului delicat al bebelu\u0219ului dvs. M\u0103sur\u00e2nd 26*23*0\/3CM, se potrive\u0219te perfect de-a lungul curbelor corpului bebelu\u0219ului, asigur\u00e2nd confort maxim. Disponibil\u0103 \u00een roz fermec\u0103tor \u0219i albastru lini\u0219titor, satisface diverse preferin\u021be estetice. Aceast\u0103 pern\u0103 modelatoare este versatil\u0103 \u00een utilizarea sa. \u00cen timpul somnului de zi \u00een camera copilului, textura sa moale \u0219i designul de sus\u021binere \u00eel ajut\u0103 pe bebelu\u0219 s\u0103 se relaxeze \u0219i s\u0103 doarm\u0103 profund. Atunci c\u00e2nd v\u0103 afla\u021bi \u00eentr-o c\u0103l\u0103torie cu familia, aceasta poate fi plasat\u0103 \u00een scaunul auto pentru bebelu\u0219i, oferind un loc familiar \u0219i confortabil pentru ca micu\u021bul dvs. s\u0103 se odihneasc\u0103. Chiar \u0219i \u00een timpul unei vizite scurte la casa bunicilor, pur \u0219i simplu aduce\u021bi aceast\u0103 pern\u0103 compact\u0103 pentru a recrea un mediu de somn reconfortant pentru bebelu\u0219ul dvs. Mai mult dec\u00e2t un simplu accesoriu de somn, perna modelatoare cu ursule\u021bul Mickey este un amestec de func\u021bionalitate, farmec \u0219i comoditate, un accesoriu indispensabil pentru \u00eengrijirea bebelu\u0219ului t\u0103u, care combin\u0103 caracterul practic cu un strop de magie.<\/p>","protected":false},"excerpt":{"rendered":"<p>Aceast\u0103 pern\u0103 Mickey Bear Shaping este special conceput\u0103 pentru bebelu\u0219ii cu v\u00e2rsta cuprins\u0103 \u00eentre 0 \u0219i 6 luni. Cu aspectul s\u0103u dr\u0103gu\u021b \u00een form\u0103 de urs, este foarte atractiv\u0103. Designul unic ajut\u0103 la modelarea capului bebelu\u0219ului. Dimensiunea potrivit\u0103 de 26\/<em>3<\/em>0\/3CM se potrive\u0219te curbei corpului bebelu\u0219ului. Disponibil \u00een dou\u0103 culori, roz \u0219i albastru, poate satisface diferite preferin\u021be. Este un produs practic \u0219i frumos pentru \u00eengrijirea bebelu\u0219ului.<\/p>","protected":false},"featured_media":3275,"comment_status":"open","ping_status":"closed","template":"","meta":{"_uag_custom_page_level_css":"","site-sidebar-layout":"default","site-content-layout":"","ast-site-content-layout":"default","site-content-style":"default","site-sidebar-style":"default","ast-global-header-display":"","ast-banner-title-visibility":"","ast-main-header-display":"","ast-hfb-above-header-display":"","ast-hfb-below-header-display":"","ast-hfb-mobile-header-display":"","site-post-title":"","ast-breadcrumbs-content":"","ast-featured-img":"","footer-sml-layout":"","ast-disable-related-posts":"","theme-transparent-header-meta":"default","adv-header-id-meta":"","stick-header-meta":"","header-above-stick-meta":"","header-main-stick-meta":"","header-below-stick-meta":"","astra-migrate-meta-layouts":"set","ast-page-background-enabled":"default","ast-page-background-meta":{"desktop":{"background-color":"","background-image":"","background-repeat":"repeat","background-position":"center center","background-size":"auto","background-attachment":"scroll","background-type":"","background-media":"","overlay-type":"","overlay-color":"","overlay-opacity":"","overlay-gradient":""},"tablet":{"background-color":"","background-image":"","background-repeat":"repeat","background-position":"center center","background-size":"auto","background-attachment":"scroll","background-type":"","background-media":"","overlay-type":"","overlay-color":"","overlay-opacity":"","overlay-gradient":""},"mobile":{"background-color":"","background-image":"","background-repeat":"repeat","background-position":"center center","background-size":"auto","background-attachment":"scroll","background-type":"","background-media":"","overlay-type":"","overlay-color":"","overlay-opacity":"","overlay-gradient":""}},"ast-content-background-meta":{"desktop":{"background-color":"var(--ast-global-color-5)","background-image":"","background-repeat":"repeat","background-position":"center center","background-size":"auto","background-attachment":"scroll","background-type":"","background-media":"","overlay-type":"","overlay-color":"","overlay-opacity":"","overlay-gradient":""},"tablet":{"background-color":"var(--ast-global-color-5)","background-image":"","background-repeat":"repeat","background-position":"center center","background-size":"auto","background-attachment":"scroll","background-type":"","background-media":"","overlay-type":"","overlay-color":"","overlay-opacity":"","overlay-gradient":""},"mobile":{"background-color":"var(--ast-global-color-5)","background-image":"","background-repeat":"repeat","background-position":"center center","background-size":"auto","background-attachment":"scroll","background-type":"","background-media":"","overlay-type":"","overlay-color":"","overlay-opacity":"","overlay-gradient":""}}},"product_brand":[],"product_cat":[54,42],"product_tag":[70,68,71,69],"class_list":{"0":"post-1199","1":"product","2":"type-product","3":"status-publish","4":"has-post-thumbnail","6":"product_cat-0-to-6months","7":"product_cat-merchandise","8":"product_tag-babypillow","9":"product_tag-cuteanimalpillow","10":"product_tag-headshapesupport","11":"product_tag-kouniushapingpillow","12":"desktop-align-left","13":"tablet-align-left","14":"mobile-align-left","16":"first","17":"instock","18":"shipping-taxable","19":"product-type-simple"},"aioseo_notices":[],"uagb_featured_image_src":{"full":["https:\/\/babypillowwholesale.com\/wp-content\/uploads\/2025\/02\/1119.jpg",1000,1000,false],"thumbnail":["https:\/\/babypillowwholesale.com\/wp-content\/uploads\/2025\/02\/1119-150x150.jpg",150,150,true],"medium":["https:\/\/babypillowwholesale.com\/wp-content\/uploads\/2025\/02\/1119-300x300.jpg",300,300,true],"medium_large":["https:\/\/babypillowwholesale.com\/wp-content\/uploads\/2025\/02\/1119-768x768.jpg",768,768,true],"large":["https:\/\/babypillowwholesale.com\/wp-content\/uploads\/2025\/02\/1119.jpg",1000,1000,false],"1536x1536":["https:\/\/babypillowwholesale.com\/wp-content\/uploads\/2025\/02\/1119.jpg",1000,1000,false],"2048x2048":["https:\/\/babypillowwholesale.com\/wp-content\/uploads\/2025\/02\/1119.jpg",1000,1000,false],"trp-custom-language-flag":["https:\/\/babypillowwholesale.com\/wp-content\/uploads\/2025\/02\/1119.jpg",12,12,false],"woocommerce_thumbnail":["https:\/\/babypillowwholesale.com\/wp-content\/uploads\/2025\/02\/1119-300x300.jpg",300,300,true],"woocommerce_single":["https:\/\/babypillowwholesale.com\/wp-content\/uploads\/2025\/02\/1119-600x600.jpg",600,600,true],"woocommerce_gallery_thumbnail":["https:\/\/babypillowwholesale.com\/wp-content\/uploads\/2025\/02\/1119-100x100.jpg",100,100,true]},"uagb_author_info":{"display_name":"Etnen zhong","author_link":"https:\/\/babypillowwholesale.com\/ro\/author\/"},"uagb_comment_info":0,"uagb_excerpt":"This Mickey Bear Shaping Pillow is specially designed for babies aged 0 to 6 months. With its cute bear - shaped appearance, it's very attractive. The unique design helps to shape the baby's head. The appropriate size of 26\/30\/3CM fits the baby's body curve. Available in two colors, pink and blue, it can meet different&hellip;","jetpack_sharing_enabled":true,"_links":{"self":[{"href":"https:\/\/babypillowwholesale.com\/ro\/wp-json\/wp\/v2\/product\/1199","targetHints":{"allow":["GET"]}}],"collection":[{"href":"https:\/\/babypillowwholesale.com\/ro\/wp-json\/wp\/v2\/product"}],"about":[{"href":"https:\/\/babypillowwholesale.com\/ro\/wp-json\/wp\/v2\/types\/product"}],"replies":[{"embeddable":true,"href":"https:\/\/babypillowwholesale.com\/ro\/wp-json\/wp\/v2\/comments?post=1199"}],"wp:featuredmedia":[{"embeddable":true,"href":"https:\/\/babypillowwholesale.com\/ro\/wp-json\/wp\/v2\/media\/3275"}],"wp:attachment":[{"href":"https:\/\/babypillowwholesale.com\/ro\/wp-json\/wp\/v2\/media?parent=1199"}],"wp:term":[{"taxonomy":"product_brand","embeddable":true,"href":"https:\/\/babypillowwholesale.com\/ro\/wp-json\/wp\/v2\/product_brand?post=1199"},{"taxonomy":"product_cat","embeddable":true,"href":"https:\/\/babypillowwholesale.com\/ro\/wp-json\/wp\/v2\/product_cat?post=1199"},{"taxonomy":"product_tag","embeddable":true,"href":"https:\/\/babypillowwholesale.com\/ro\/wp-json\/wp\/v2\/product_tag?post=1199"}],"curies":[{"name":"wp","href":"https:\/\/api.w.org\/{rel}","templated":true}]}}